{"id":2361,"date":"2026-02-09T14:20:23","date_gmt":"2026-02-09T12:20:23","guid":{"rendered":"https:\/\/omega-bakery.com\/sk\/?post_type=product&#038;p=2361"},"modified":"2026-02-16T15:48:06","modified_gmt":"2026-02-16T13:48:06","slug":"debag-dila-105-pro","status":"publish","type":"product","link":"https:\/\/omega-bakery.com\/sk\/produkt\/debag-dila-105-pro\/","title":{"rendered":"Debag Dila 10+5 PRO"},"content":{"rendered":"","protected":false},"excerpt":{"rendered":"<p>Elektrick\u00e1 teplovzdu\u0161n\u00e1 pec Dila 10 + 5, spodn\u00e1 aj horn\u00e1 pec samostatne ovl\u00e1dan\u00e1. Ide\u00e1lne pre men\u0161ie prev\u00e1dzky av predajniach. Minim\u00e1lne priestorov\u00e9 n\u00e1roky s osved\u010denou technikou a \u013eahk\u00fdm ovl\u00e1dan\u00edm, zais\u0165uje v\u00fdborn\u00e9 v\u00fdsledky pe\u010denia aj pri nepretr\u017eitej prev\u00e1dzke.<\/p>\n<p>M\u00f4\u017ee by\u0165 aj v preveden\u00ed Dila 10, alebo Dila 5.<\/p>\n<p>Viac inform\u00e1ci\u00ed o tejto rozpekacej peci n\u00e1jdete v prilo\u017eenom let\u00e1ku <a href=\"http:\/\/omega-bakery.com\/sk\/wp-content\/uploads\/2026\/02\/Debag-Dila-105-PRO-0226.pdf\" target=\"_blank\" rel=\"noopener\">TU<\/a> [&#8230;]<\/p>\n<p><a class=\"btn btn-secondary understrap-read-more-link\" href=\"https:\/\/omega-bakery.com\/sk\/produkt\/debag-dila-105-pro\/\">Read More&#8230;<\/a><\/p>\n","protected":false},"featured_media":2362,"template":"","meta":[],"yoast_head":"<!-- This site is optimized with the Yoast SEO plugin v17.1 - https:\/\/yoast.com\/wordpress\/plugins\/seo\/ -->\n<title>Debag Dila 10+5 PRO - Omega Bakery<\/title>\n<meta name=\"robots\" content=\"index, follow, max-snippet:-1, max-image-preview:large, max-video-preview:-1\" \/>\n<link rel=\"canonical\" href=\"https:\/\/omega-bakery.com\/sk\/produkt\/debag-dila-105-pro\/\" \/>\n<meta property=\"og:locale\" content=\"sk_SK\" \/>\n<meta property=\"og:type\" content=\"article\" \/>\n<meta property=\"og:title\" content=\"Debag Dila 10+5 PRO - Omega Bakery\" \/>\n<meta property=\"og:description\" content=\"Elektrick\u00e1 teplovzdu\u0161n\u00e1 pec Dila 10 + 5, spodn\u00e1 aj horn\u00e1 pec samostatne ovl\u00e1dan\u00e1. Ide\u00e1lne pre men\u0161ie prev\u00e1dzky av predajniach. Minim\u00e1lne priestorov\u00e9 n\u00e1roky s osved\u010denou technikou a \u013eahk\u00fdm ovl\u00e1dan\u00edm, zais\u0165uje v\u00fdborn\u00e9 v\u00fdsledky pe\u010denia aj pri nepretr\u017eitej prev\u00e1dzke.  M\u00f4\u017ee by\u0165 aj v preveden\u00ed Dila 10, alebo Dila 5.  Viac inform\u00e1ci\u00ed o tejto rozpekacej peci n\u00e1jdete v prilo\u017eenom let\u00e1ku TU [...]Read More...\" \/>\n<meta property=\"og:url\" content=\"https:\/\/omega-bakery.com\/sk\/produkt\/debag-dila-105-pro\/\" \/>\n<meta property=\"og:site_name\" content=\"Omega Bakery\" \/>\n<meta property=\"article:modified_time\" content=\"2026-02-16T13:48:06+00:00\" \/>\n<meta property=\"og:image\" content=\"http:\/\/omega-bakery.com\/sk\/wp-content\/uploads\/2026\/02\/dila-prod.png\" \/>\n\t<meta property=\"og:image:width\" content=\"338\" \/>\n\t<meta property=\"og:image:height\" content=\"608\" \/>\n<meta name=\"twitter:card\" content=\"summary_large_image\" \/>\n<script type=\"application\/ld+json\" class=\"yoast-schema-graph\">{\"@context\":\"https:\/\/schema.org\",\"@graph\":[{\"@type\":\"WebSite\",\"@id\":\"https:\/\/omega-bakery.com\/sk\/#website\",\"url\":\"https:\/\/omega-bakery.com\/sk\/\",\"name\":\"Omega Bakery\",\"description\":\"Dodavatel stroj\\u016f a za\\u0159\\u00edzen\\u00ed pro pek\\u00e1rny\",\"potentialAction\":[{\"@type\":\"SearchAction\",\"target\":{\"@type\":\"EntryPoint\",\"urlTemplate\":\"https:\/\/omega-bakery.com\/sk\/?s={search_term_string}\"},\"query-input\":\"required name=search_term_string\"}],\"inLanguage\":\"sk-SK\"},{\"@type\":\"ImageObject\",\"@id\":\"https:\/\/omega-bakery.com\/sk\/produkt\/debag-dila-105-pro\/#primaryimage\",\"inLanguage\":\"sk-SK\",\"url\":\"https:\/\/omega-bakery.com\/sk\/wp-content\/uploads\/2026\/02\/dila-prod.png\",\"contentUrl\":\"https:\/\/omega-bakery.com\/sk\/wp-content\/uploads\/2026\/02\/dila-prod.png\",\"width\":338,\"height\":608},{\"@type\":\"WebPage\",\"@id\":\"https:\/\/omega-bakery.com\/sk\/produkt\/debag-dila-105-pro\/#webpage\",\"url\":\"https:\/\/omega-bakery.com\/sk\/produkt\/debag-dila-105-pro\/\",\"name\":\"Debag Dila 10+5 PRO - Omega Bakery\",\"isPartOf\":{\"@id\":\"https:\/\/omega-bakery.com\/sk\/#website\"},\"primaryImageOfPage\":{\"@id\":\"https:\/\/omega-bakery.com\/sk\/produkt\/debag-dila-105-pro\/#primaryimage\"},\"datePublished\":\"2026-02-09T12:20:23+00:00\",\"dateModified\":\"2026-02-16T13:48:06+00:00\",\"breadcrumb\":{\"@id\":\"https:\/\/omega-bakery.com\/sk\/produkt\/debag-dila-105-pro\/#breadcrumb\"},\"inLanguage\":\"sk-SK\",\"potentialAction\":[{\"@type\":\"ReadAction\",\"target\":[\"https:\/\/omega-bakery.com\/sk\/produkt\/debag-dila-105-pro\/\"]}]},{\"@type\":\"BreadcrumbList\",\"@id\":\"https:\/\/omega-bakery.com\/sk\/produkt\/debag-dila-105-pro\/#breadcrumb\",\"itemListElement\":[{\"@type\":\"ListItem\",\"position\":1,\"name\":\"Dom\\u016f\",\"item\":\"https:\/\/omega-bakery.com\/sk\/\"},{\"@type\":\"ListItem\",\"position\":2,\"name\":\"Stroje a zariadenia\",\"item\":\"https:\/\/omega-bakery.com\/sk\/stroje-a-zariadenia\/\"},{\"@type\":\"ListItem\",\"position\":3,\"name\":\"Pece\",\"item\":\"https:\/\/omega-bakery.com\/sk\/stroje-a-zarizeni\/pece\/\"},{\"@type\":\"ListItem\",\"position\":4,\"name\":\"Pece rozpekacie\",\"item\":\"http:\/\/omega-bakery.com\/sk\/stroje-a-zarizeni\/pece\/pece-rozpekacie\/\"},{\"@type\":\"ListItem\",\"position\":5,\"name\":\"Debag Dila 10+5 PRO\"}]}]}<\/script>\n<!-- \/ Yoast SEO plugin. -->","yoast_head_json":{"title":"Debag Dila 10+5 PRO - Omega Bakery","robots":{"index":"index","follow":"follow","max-snippet":"max-snippet:-1","max-image-preview":"max-image-preview:large","max-video-preview":"max-video-preview:-1"},"canonical":"https:\/\/omega-bakery.com\/sk\/produkt\/debag-dila-105-pro\/","og_locale":"sk_SK","og_type":"article","og_title":"Debag Dila 10+5 PRO - Omega Bakery","og_description":"Elektrick\u00e1 teplovzdu\u0161n\u00e1 pec Dila 10 + 5, spodn\u00e1 aj horn\u00e1 pec samostatne ovl\u00e1dan\u00e1. Ide\u00e1lne pre men\u0161ie prev\u00e1dzky av predajniach. Minim\u00e1lne priestorov\u00e9 n\u00e1roky s osved\u010denou technikou a \u013eahk\u00fdm ovl\u00e1dan\u00edm, zais\u0165uje v\u00fdborn\u00e9 v\u00fdsledky pe\u010denia aj pri nepretr\u017eitej prev\u00e1dzke.  M\u00f4\u017ee by\u0165 aj v preveden\u00ed Dila 10, alebo Dila 5.  Viac inform\u00e1ci\u00ed o tejto rozpekacej peci n\u00e1jdete v prilo\u017eenom let\u00e1ku TU [...]Read More...","og_url":"https:\/\/omega-bakery.com\/sk\/produkt\/debag-dila-105-pro\/","og_site_name":"Omega Bakery","article_modified_time":"2026-02-16T13:48:06+00:00","og_image":[{"width":338,"height":608,"url":"http:\/\/omega-bakery.com\/sk\/wp-content\/uploads\/2026\/02\/dila-prod.png","path":"\/data\/web\/virtuals\/278194\/virtual\/www\/domains\/omega-bakery.com\/sk\/wp-content\/uploads\/2026\/02\/dila-prod.png","size":"full","id":2362,"alt":"","pixels":205504,"type":"image\/png"}],"twitter_card":"summary_large_image","schema":{"@context":"https:\/\/schema.org","@graph":[{"@type":"WebSite","@id":"https:\/\/omega-bakery.com\/sk\/#website","url":"https:\/\/omega-bakery.com\/sk\/","name":"Omega Bakery","description":"Dodavatel stroj\u016f a za\u0159\u00edzen\u00ed pro pek\u00e1rny","potentialAction":[{"@type":"SearchAction","target":{"@type":"EntryPoint","urlTemplate":"https:\/\/omega-bakery.com\/sk\/?s={search_term_string}"},"query-input":"required name=search_term_string"}],"inLanguage":"sk-SK"},{"@type":"ImageObject","@id":"https:\/\/omega-bakery.com\/sk\/produkt\/debag-dila-105-pro\/#primaryimage","inLanguage":"sk-SK","url":"https:\/\/omega-bakery.com\/sk\/wp-content\/uploads\/2026\/02\/dila-prod.png","contentUrl":"https:\/\/omega-bakery.com\/sk\/wp-content\/uploads\/2026\/02\/dila-prod.png","width":338,"height":608},{"@type":"WebPage","@id":"https:\/\/omega-bakery.com\/sk\/produkt\/debag-dila-105-pro\/#webpage","url":"https:\/\/omega-bakery.com\/sk\/produkt\/debag-dila-105-pro\/","name":"Debag Dila 10+5 PRO - Omega Bakery","isPartOf":{"@id":"https:\/\/omega-bakery.com\/sk\/#website"},"primaryImageOfPage":{"@id":"https:\/\/omega-bakery.com\/sk\/produkt\/debag-dila-105-pro\/#primaryimage"},"datePublished":"2026-02-09T12:20:23+00:00","dateModified":"2026-02-16T13:48:06+00:00","breadcrumb":{"@id":"https:\/\/omega-bakery.com\/sk\/produkt\/debag-dila-105-pro\/#breadcrumb"},"inLanguage":"sk-SK","potentialAction":[{"@type":"ReadAction","target":["https:\/\/omega-bakery.com\/sk\/produkt\/debag-dila-105-pro\/"]}]},{"@type":"BreadcrumbList","@id":"https:\/\/omega-bakery.com\/sk\/produkt\/debag-dila-105-pro\/#breadcrumb","itemListElement":[{"@type":"ListItem","position":1,"name":"Dom\u016f","item":"https:\/\/omega-bakery.com\/sk\/"},{"@type":"ListItem","position":2,"name":"Stroje a zariadenia","item":"https:\/\/omega-bakery.com\/sk\/stroje-a-zariadenia\/"},{"@type":"ListItem","position":3,"name":"Pece","item":"https:\/\/omega-bakery.com\/sk\/stroje-a-zarizeni\/pece\/"},{"@type":"ListItem","position":4,"name":"Pece rozpekacie","item":"http:\/\/omega-bakery.com\/sk\/stroje-a-zarizeni\/pece\/pece-rozpekacie\/"},{"@type":"ListItem","position":5,"name":"Debag Dila 10+5 PRO"}]}]}},"_links":{"self":[{"href":"https:\/\/omega-bakery.com\/sk\/wp-json\/wp\/v2\/product\/2361"}],"collection":[{"href":"https:\/\/omega-bakery.com\/sk\/wp-json\/wp\/v2\/product"}],"about":[{"href":"https:\/\/omega-bakery.com\/sk\/wp-json\/wp\/v2\/types\/product"}],"wp:featuredmedia":[{"embeddable":true,"href":"https:\/\/omega-bakery.com\/sk\/wp-json\/wp\/v2\/media\/2362"}],"wp:attachment":[{"href":"https:\/\/omega-bakery.com\/sk\/wp-json\/wp\/v2\/media?parent=2361"}],"curies":[{"name":"wp","href":"https:\/\/api.w.org\/{rel}","templated":true}]}}