{"id":2364,"date":"2026-02-10T12:55:32","date_gmt":"2026-02-10T10:55:32","guid":{"rendered":"https:\/\/omega-bakery.com\/sk\/?post_type=product&#038;p=2364"},"modified":"2026-02-10T13:01:11","modified_gmt":"2026-02-10T11:01:11","slug":"rezaci-stol-z-matik","status":"publish","type":"product","link":"https:\/\/omega-bakery.com\/sk\/produkt\/rezaci-stol-z-matik\/","title":{"rendered":"Rezac\u00ed st\u00f4l Z.MATIK"},"content":{"rendered":"","protected":false},"excerpt":{"rendered":"<p>Praktick\u00fd rezac\u00ed st\u00f4l na v\u00fdrobu jemn\u00e9ho pe\u010diva.<\/p>\n<p><strong>V\u00fdhody stroja:<\/strong><\/p>\n<ul>\n<li>d\u013a\u017eka 2000 mm a\u017e 6000 mm pod\u013ea priania z\u00e1kazn\u00edka (po 500 mm)<\/li>\n<li>\u013eahk\u00e1 \u00fadr\u017eba a \u010distenie<\/li>\n<\/ul>\n<p><strong>Volite\u013en\u00e1 v\u00fdbava:<\/strong><\/p>\n<ul>\n<li>valce na pozd\u013a\u017ene a prie\u010dne alebo trojuholn\u00edkov\u00e9 rezanie pod\u013ea v\u00fdberu z\u00e1kazn\u00edka<\/li>\n<\/ul>\n<div><strong>Pr\u00edkon\/pripojenie:<\/strong>\u00a0 pod\u013ea d\u013a\u017eky stroje \/ 230V<\/div>\n<div><strong>Rozmery (d x \u0161 x v):<\/strong> \u00a0 vi\u010f. prilo\u017een\u00fd let\u00e1k<\/div>\n<div><strong>Hmotnos\u0165: <\/strong>\u00a0 pod\u013ea d\u013a\u017eky stroja<\/div>\n<p>&nbsp;<\/p>\n<div>\n<p>Viac inform\u00e1ci\u00ed o tejto linke n\u00e1jdete v prilo\u017eenom let\u00e1ku <a href=\"http:\/\/omega-bakery.com\/sk\/wp-content\/uploads\/2026\/02\/krajeci-stul-Z.MATIK-0226.pdf\" target=\"_blank\" rel=\"noopener\">TU<\/a><\/p>\n<\/div>\n<p> [&#8230;]<\/p>\n<p><a class=\"btn btn-secondary understrap-read-more-link\" href=\"https:\/\/omega-bakery.com\/sk\/produkt\/rezaci-stol-z-matik\/\">Read More&#8230;<\/a><\/p>\n","protected":false},"featured_media":2365,"template":"","meta":[],"yoast_head":"<!-- This site is optimized with the Yoast SEO plugin v17.1 - https:\/\/yoast.com\/wordpress\/plugins\/seo\/ -->\n<title>Rezac\u00ed st\u00f4l Z.MATIK - Omega Bakery<\/title>\n<meta name=\"robots\" content=\"index, follow, max-snippet:-1, max-image-preview:large, max-video-preview:-1\" \/>\n<link rel=\"canonical\" href=\"https:\/\/omega-bakery.com\/sk\/produkt\/rezaci-stol-z-matik\/\" \/>\n<meta property=\"og:locale\" content=\"sk_SK\" \/>\n<meta property=\"og:type\" content=\"article\" \/>\n<meta property=\"og:title\" content=\"Rezac\u00ed st\u00f4l Z.MATIK - Omega Bakery\" \/>\n<meta property=\"og:description\" content=\"Praktick\u00fd rezac\u00ed st\u00f4l na v\u00fdrobu jemn\u00e9ho pe\u010diva.  V\u00fdhody stroja:   d\u013a\u017eka 2000 mm a\u017e 6000 mm pod\u013ea priania z\u00e1kazn\u00edka (po 500 mm)  \u013eahk\u00e1 \u00fadr\u017eba a \u010distenie  Volite\u013en\u00e1 v\u00fdbava:   valce na pozd\u013a\u017ene a prie\u010dne alebo trojuholn\u00edkov\u00e9 rezanie pod\u013ea v\u00fdberu z\u00e1kazn\u00edka  Pr\u00edkon\/pripojenie:\u00a0 pod\u013ea d\u013a\u017eky stroje \/ 230V Rozmery (d x \u0161 x v): \u00a0 vi\u010f. prilo\u017een\u00fd let\u00e1k Hmotnos\u0165: \u00a0 pod\u013ea d\u013a\u017eky stroja &nbsp;   Viac inform\u00e1ci\u00ed o tejto linke n\u00e1jdete v prilo\u017eenom let\u00e1ku TU   [...]Read More...\" \/>\n<meta property=\"og:url\" content=\"https:\/\/omega-bakery.com\/sk\/produkt\/rezaci-stol-z-matik\/\" \/>\n<meta property=\"og:site_name\" content=\"Omega Bakery\" \/>\n<meta property=\"article:modified_time\" content=\"2026-02-10T11:01:11+00:00\" \/>\n<meta property=\"og:image\" content=\"http:\/\/omega-bakery.com\/sk\/wp-content\/uploads\/2026\/02\/krajeci-stul.jpg\" \/>\n\t<meta property=\"og:image:width\" content=\"2176\" \/>\n\t<meta property=\"og:image:height\" content=\"1160\" \/>\n<meta name=\"twitter:card\" content=\"summary_large_image\" \/>\n<script type=\"application\/ld+json\" class=\"yoast-schema-graph\">{\"@context\":\"https:\/\/schema.org\",\"@graph\":[{\"@type\":\"WebSite\",\"@id\":\"https:\/\/omega-bakery.com\/sk\/#website\",\"url\":\"https:\/\/omega-bakery.com\/sk\/\",\"name\":\"Omega Bakery\",\"description\":\"Dodavatel stroj\\u016f a za\\u0159\\u00edzen\\u00ed pro pek\\u00e1rny\",\"potentialAction\":[{\"@type\":\"SearchAction\",\"target\":{\"@type\":\"EntryPoint\",\"urlTemplate\":\"https:\/\/omega-bakery.com\/sk\/?s={search_term_string}\"},\"query-input\":\"required name=search_term_string\"}],\"inLanguage\":\"sk-SK\"},{\"@type\":\"ImageObject\",\"@id\":\"https:\/\/omega-bakery.com\/sk\/produkt\/rezaci-stol-z-matik\/#primaryimage\",\"inLanguage\":\"sk-SK\",\"url\":\"https:\/\/omega-bakery.com\/sk\/wp-content\/uploads\/2026\/02\/krajeci-stul.jpg\",\"contentUrl\":\"https:\/\/omega-bakery.com\/sk\/wp-content\/uploads\/2026\/02\/krajeci-stul.jpg\",\"width\":2176,\"height\":1160},{\"@type\":\"WebPage\",\"@id\":\"https:\/\/omega-bakery.com\/sk\/produkt\/rezaci-stol-z-matik\/#webpage\",\"url\":\"https:\/\/omega-bakery.com\/sk\/produkt\/rezaci-stol-z-matik\/\",\"name\":\"Rezac\\u00ed st\\u00f4l Z.MATIK - Omega Bakery\",\"isPartOf\":{\"@id\":\"https:\/\/omega-bakery.com\/sk\/#website\"},\"primaryImageOfPage\":{\"@id\":\"https:\/\/omega-bakery.com\/sk\/produkt\/rezaci-stol-z-matik\/#primaryimage\"},\"datePublished\":\"2026-02-10T10:55:32+00:00\",\"dateModified\":\"2026-02-10T11:01:11+00:00\",\"breadcrumb\":{\"@id\":\"https:\/\/omega-bakery.com\/sk\/produkt\/rezaci-stol-z-matik\/#breadcrumb\"},\"inLanguage\":\"sk-SK\",\"potentialAction\":[{\"@type\":\"ReadAction\",\"target\":[\"https:\/\/omega-bakery.com\/sk\/produkt\/rezaci-stol-z-matik\/\"]}]},{\"@type\":\"BreadcrumbList\",\"@id\":\"https:\/\/omega-bakery.com\/sk\/produkt\/rezaci-stol-z-matik\/#breadcrumb\",\"itemListElement\":[{\"@type\":\"ListItem\",\"position\":1,\"name\":\"Dom\\u016f\",\"item\":\"https:\/\/omega-bakery.com\/sk\/\"},{\"@type\":\"ListItem\",\"position\":2,\"name\":\"Stroje a zariadenia\",\"item\":\"https:\/\/omega-bakery.com\/sk\/stroje-a-zariadenia\/\"},{\"@type\":\"ListItem\",\"position\":3,\"name\":\"Stroje a linky na spracovanie cesta\",\"item\":\"https:\/\/omega-bakery.com\/sk\/stroje-a-zarizeni\/stroje-a-linky-na-spracovanie-cesta\/\"},{\"@type\":\"ListItem\",\"position\":4,\"name\":\"V\\u00fdrobn\\u00e9 linky\",\"item\":\"https:\/\/omega-bakery.com\/sk\/stroje-a-zarizeni\/stroje-a-linky-na-spracovanie-cesta\/vyrobnr-linky\/\"},{\"@type\":\"ListItem\",\"position\":5,\"name\":\"Rezac\\u00ed st\\u00f4l Z.MATIK\"}]}]}<\/script>\n<!-- \/ Yoast SEO plugin. -->","yoast_head_json":{"title":"Rezac\u00ed st\u00f4l Z.MATIK - Omega Bakery","robots":{"index":"index","follow":"follow","max-snippet":"max-snippet:-1","max-image-preview":"max-image-preview:large","max-video-preview":"max-video-preview:-1"},"canonical":"https:\/\/omega-bakery.com\/sk\/produkt\/rezaci-stol-z-matik\/","og_locale":"sk_SK","og_type":"article","og_title":"Rezac\u00ed st\u00f4l Z.MATIK - Omega Bakery","og_description":"Praktick\u00fd rezac\u00ed st\u00f4l na v\u00fdrobu jemn\u00e9ho pe\u010diva.  V\u00fdhody stroja:   d\u013a\u017eka 2000 mm a\u017e 6000 mm pod\u013ea priania z\u00e1kazn\u00edka (po 500 mm)  \u013eahk\u00e1 \u00fadr\u017eba a \u010distenie  Volite\u013en\u00e1 v\u00fdbava:   valce na pozd\u013a\u017ene a prie\u010dne alebo trojuholn\u00edkov\u00e9 rezanie pod\u013ea v\u00fdberu z\u00e1kazn\u00edka  Pr\u00edkon\/pripojenie:\u00a0 pod\u013ea d\u013a\u017eky stroje \/ 230V Rozmery (d x \u0161 x v): \u00a0 vi\u010f. prilo\u017een\u00fd let\u00e1k Hmotnos\u0165: \u00a0 pod\u013ea d\u013a\u017eky stroja &nbsp;   Viac inform\u00e1ci\u00ed o tejto linke n\u00e1jdete v prilo\u017eenom let\u00e1ku TU   [...]Read More...","og_url":"https:\/\/omega-bakery.com\/sk\/produkt\/rezaci-stol-z-matik\/","og_site_name":"Omega Bakery","article_modified_time":"2026-02-10T11:01:11+00:00","og_image":[{"width":2176,"height":1160,"url":"http:\/\/omega-bakery.com\/sk\/wp-content\/uploads\/2026\/02\/krajeci-stul.jpg","path":"\/data\/web\/virtuals\/278194\/virtual\/www\/domains\/omega-bakery.com\/sk\/wp-content\/uploads\/2026\/02\/krajeci-stul.jpg","size":"full","id":2365,"alt":"","pixels":2524160,"type":"image\/jpeg"}],"twitter_card":"summary_large_image","schema":{"@context":"https:\/\/schema.org","@graph":[{"@type":"WebSite","@id":"https:\/\/omega-bakery.com\/sk\/#website","url":"https:\/\/omega-bakery.com\/sk\/","name":"Omega Bakery","description":"Dodavatel stroj\u016f a za\u0159\u00edzen\u00ed pro pek\u00e1rny","potentialAction":[{"@type":"SearchAction","target":{"@type":"EntryPoint","urlTemplate":"https:\/\/omega-bakery.com\/sk\/?s={search_term_string}"},"query-input":"required name=search_term_string"}],"inLanguage":"sk-SK"},{"@type":"ImageObject","@id":"https:\/\/omega-bakery.com\/sk\/produkt\/rezaci-stol-z-matik\/#primaryimage","inLanguage":"sk-SK","url":"https:\/\/omega-bakery.com\/sk\/wp-content\/uploads\/2026\/02\/krajeci-stul.jpg","contentUrl":"https:\/\/omega-bakery.com\/sk\/wp-content\/uploads\/2026\/02\/krajeci-stul.jpg","width":2176,"height":1160},{"@type":"WebPage","@id":"https:\/\/omega-bakery.com\/sk\/produkt\/rezaci-stol-z-matik\/#webpage","url":"https:\/\/omega-bakery.com\/sk\/produkt\/rezaci-stol-z-matik\/","name":"Rezac\u00ed st\u00f4l Z.MATIK - Omega Bakery","isPartOf":{"@id":"https:\/\/omega-bakery.com\/sk\/#website"},"primaryImageOfPage":{"@id":"https:\/\/omega-bakery.com\/sk\/produkt\/rezaci-stol-z-matik\/#primaryimage"},"datePublished":"2026-02-10T10:55:32+00:00","dateModified":"2026-02-10T11:01:11+00:00","breadcrumb":{"@id":"https:\/\/omega-bakery.com\/sk\/produkt\/rezaci-stol-z-matik\/#breadcrumb"},"inLanguage":"sk-SK","potentialAction":[{"@type":"ReadAction","target":["https:\/\/omega-bakery.com\/sk\/produkt\/rezaci-stol-z-matik\/"]}]},{"@type":"BreadcrumbList","@id":"https:\/\/omega-bakery.com\/sk\/produkt\/rezaci-stol-z-matik\/#breadcrumb","itemListElement":[{"@type":"ListItem","position":1,"name":"Dom\u016f","item":"https:\/\/omega-bakery.com\/sk\/"},{"@type":"ListItem","position":2,"name":"Stroje a zariadenia","item":"https:\/\/omega-bakery.com\/sk\/stroje-a-zariadenia\/"},{"@type":"ListItem","position":3,"name":"Stroje a linky na spracovanie cesta","item":"https:\/\/omega-bakery.com\/sk\/stroje-a-zarizeni\/stroje-a-linky-na-spracovanie-cesta\/"},{"@type":"ListItem","position":4,"name":"V\u00fdrobn\u00e9 linky","item":"https:\/\/omega-bakery.com\/sk\/stroje-a-zarizeni\/stroje-a-linky-na-spracovanie-cesta\/vyrobnr-linky\/"},{"@type":"ListItem","position":5,"name":"Rezac\u00ed st\u00f4l Z.MATIK"}]}]}},"_links":{"self":[{"href":"https:\/\/omega-bakery.com\/sk\/wp-json\/wp\/v2\/product\/2364"}],"collection":[{"href":"https:\/\/omega-bakery.com\/sk\/wp-json\/wp\/v2\/product"}],"about":[{"href":"https:\/\/omega-bakery.com\/sk\/wp-json\/wp\/v2\/types\/product"}],"wp:featuredmedia":[{"embeddable":true,"href":"https:\/\/omega-bakery.com\/sk\/wp-json\/wp\/v2\/media\/2365"}],"wp:attachment":[{"href":"https:\/\/omega-bakery.com\/sk\/wp-json\/wp\/v2\/media?parent=2364"}],"curies":[{"name":"wp","href":"https:\/\/api.w.org\/{rel}","templated":true}]}}