{"id":2367,"date":"2026-02-10T14:21:07","date_gmt":"2026-02-10T12:21:07","guid":{"rendered":"https:\/\/omega-bakery.com\/sk\/?post_type=product&#038;p=2367"},"modified":"2026-02-10T14:36:46","modified_gmt":"2026-02-10T12:36:46","slug":"elektricka-pec-friedrich","status":"publish","type":"product","link":"https:\/\/omega-bakery.com\/sk\/produkt\/elektricka-pec-friedrich\/","title":{"rendered":"Elektrick\u00e1 pec Friedrich"},"content":{"rendered":"","protected":false},"excerpt":{"rendered":"<p>Et\u00e1\u017eov\u00e9 elektrick\u00e9 pece Friedrich \u2013 pe\u010denie na kamenn\u00fdch dosk\u00e1ch ako v remeselnej peci.<br \/>\nIndividu\u00e1lne ovl\u00e1danie ka\u017edej et\u00e1\u017ee dotykov\u00fdm displejom \u201eFriedrich Touch\u201c, kde je mo\u017en\u00e9 samostatne nastavi\u0165 horn\u00fd a spodn\u00fd ohrev, dobu pe\u010denia, zaparovania, otvorenia klapky. Viac ve\u013ekost\u00ed a po\u010dtu et\u00e1\u017e\u00ed &#8211; vi\u010f let\u00e1k.<\/p>\n<p>Viac inform\u00e1cie o tejto rozpiekacej peci n\u00e1jdete v prilo\u017eenom let\u00e1ku <a href=\"http:\/\/omega-bakery.com\/sk\/wp-content\/uploads\/2026\/02\/Pec-Friedrich-Solingen-Touch-0625.pdf\" target=\"_blank\" rel=\"noopener\">TU<\/a> [&#8230;]<\/p>\n<p><a class=\"btn btn-secondary understrap-read-more-link\" href=\"https:\/\/omega-bakery.com\/sk\/produkt\/elektricka-pec-friedrich\/\">Read More&#8230;<\/a><\/p>\n","protected":false},"featured_media":2368,"template":"","meta":[],"yoast_head":"<!-- This site is optimized with the Yoast SEO plugin v17.1 - https:\/\/yoast.com\/wordpress\/plugins\/seo\/ -->\n<title>Elektrick\u00e1 pec Friedrich - Omega Bakery<\/title>\n<meta name=\"robots\" content=\"index, follow, max-snippet:-1, max-image-preview:large, max-video-preview:-1\" \/>\n<link rel=\"canonical\" href=\"https:\/\/omega-bakery.com\/sk\/produkt\/elektricka-pec-friedrich\/\" \/>\n<meta property=\"og:locale\" content=\"sk_SK\" \/>\n<meta property=\"og:type\" content=\"article\" \/>\n<meta property=\"og:title\" content=\"Elektrick\u00e1 pec Friedrich - Omega Bakery\" \/>\n<meta property=\"og:description\" content=\"Et\u00e1\u017eov\u00e9 elektrick\u00e9 pece Friedrich \u2013 pe\u010denie na kamenn\u00fdch dosk\u00e1ch ako v remeselnej peci. Individu\u00e1lne ovl\u00e1danie ka\u017edej et\u00e1\u017ee dotykov\u00fdm displejom \u201eFriedrich Touch\u201c, kde je mo\u017en\u00e9 samostatne nastavi\u0165 horn\u00fd a spodn\u00fd ohrev, dobu pe\u010denia, zaparovania, otvorenia klapky. Viac ve\u013ekost\u00ed a po\u010dtu et\u00e1\u017e\u00ed - vi\u010f let\u00e1k.  Viac inform\u00e1cie o tejto rozpiekacej peci n\u00e1jdete v prilo\u017eenom let\u00e1ku TU [...]Read More...\" \/>\n<meta property=\"og:url\" content=\"https:\/\/omega-bakery.com\/sk\/produkt\/elektricka-pec-friedrich\/\" \/>\n<meta property=\"og:site_name\" content=\"Omega Bakery\" \/>\n<meta property=\"article:modified_time\" content=\"2026-02-10T12:36:46+00:00\" \/>\n<meta property=\"og:image\" content=\"http:\/\/omega-bakery.com\/sk\/wp-content\/uploads\/2026\/02\/Friedrich.png\" \/>\n\t<meta property=\"og:image:width\" content=\"276\" \/>\n\t<meta property=\"og:image:height\" content=\"390\" \/>\n<meta name=\"twitter:card\" content=\"summary_large_image\" \/>\n<script type=\"application\/ld+json\" class=\"yoast-schema-graph\">{\"@context\":\"https:\/\/schema.org\",\"@graph\":[{\"@type\":\"WebSite\",\"@id\":\"https:\/\/omega-bakery.com\/sk\/#website\",\"url\":\"https:\/\/omega-bakery.com\/sk\/\",\"name\":\"Omega Bakery\",\"description\":\"Dodavatel stroj\\u016f a za\\u0159\\u00edzen\\u00ed pro pek\\u00e1rny\",\"potentialAction\":[{\"@type\":\"SearchAction\",\"target\":{\"@type\":\"EntryPoint\",\"urlTemplate\":\"https:\/\/omega-bakery.com\/sk\/?s={search_term_string}\"},\"query-input\":\"required name=search_term_string\"}],\"inLanguage\":\"sk-SK\"},{\"@type\":\"ImageObject\",\"@id\":\"https:\/\/omega-bakery.com\/sk\/produkt\/elektricka-pec-friedrich\/#primaryimage\",\"inLanguage\":\"sk-SK\",\"url\":\"https:\/\/omega-bakery.com\/sk\/wp-content\/uploads\/2026\/02\/Friedrich.png\",\"contentUrl\":\"https:\/\/omega-bakery.com\/sk\/wp-content\/uploads\/2026\/02\/Friedrich.png\",\"width\":276,\"height\":390},{\"@type\":\"WebPage\",\"@id\":\"https:\/\/omega-bakery.com\/sk\/produkt\/elektricka-pec-friedrich\/#webpage\",\"url\":\"https:\/\/omega-bakery.com\/sk\/produkt\/elektricka-pec-friedrich\/\",\"name\":\"Elektrick\\u00e1 pec Friedrich - Omega Bakery\",\"isPartOf\":{\"@id\":\"https:\/\/omega-bakery.com\/sk\/#website\"},\"primaryImageOfPage\":{\"@id\":\"https:\/\/omega-bakery.com\/sk\/produkt\/elektricka-pec-friedrich\/#primaryimage\"},\"datePublished\":\"2026-02-10T12:21:07+00:00\",\"dateModified\":\"2026-02-10T12:36:46+00:00\",\"breadcrumb\":{\"@id\":\"https:\/\/omega-bakery.com\/sk\/produkt\/elektricka-pec-friedrich\/#breadcrumb\"},\"inLanguage\":\"sk-SK\",\"potentialAction\":[{\"@type\":\"ReadAction\",\"target\":[\"https:\/\/omega-bakery.com\/sk\/produkt\/elektricka-pec-friedrich\/\"]}]},{\"@type\":\"BreadcrumbList\",\"@id\":\"https:\/\/omega-bakery.com\/sk\/produkt\/elektricka-pec-friedrich\/#breadcrumb\",\"itemListElement\":[{\"@type\":\"ListItem\",\"position\":1,\"name\":\"Dom\\u016f\",\"item\":\"https:\/\/omega-bakery.com\/sk\/\"},{\"@type\":\"ListItem\",\"position\":2,\"name\":\"Stroje a zariadenia\",\"item\":\"https:\/\/omega-bakery.com\/sk\/stroje-a-zariadenia\/\"},{\"@type\":\"ListItem\",\"position\":3,\"name\":\"Pece\",\"item\":\"https:\/\/omega-bakery.com\/sk\/stroje-a-zarizeni\/pece\/\"},{\"@type\":\"ListItem\",\"position\":4,\"name\":\"Pece rozpekacie\",\"item\":\"http:\/\/omega-bakery.com\/sk\/stroje-a-zarizeni\/pece\/pece-rozpekacie\/\"},{\"@type\":\"ListItem\",\"position\":5,\"name\":\"Elektrick\\u00e1 pec Friedrich\"}]}]}<\/script>\n<!-- \/ Yoast SEO plugin. -->","yoast_head_json":{"title":"Elektrick\u00e1 pec Friedrich - Omega Bakery","robots":{"index":"index","follow":"follow","max-snippet":"max-snippet:-1","max-image-preview":"max-image-preview:large","max-video-preview":"max-video-preview:-1"},"canonical":"https:\/\/omega-bakery.com\/sk\/produkt\/elektricka-pec-friedrich\/","og_locale":"sk_SK","og_type":"article","og_title":"Elektrick\u00e1 pec Friedrich - Omega Bakery","og_description":"Et\u00e1\u017eov\u00e9 elektrick\u00e9 pece Friedrich \u2013 pe\u010denie na kamenn\u00fdch dosk\u00e1ch ako v remeselnej peci. Individu\u00e1lne ovl\u00e1danie ka\u017edej et\u00e1\u017ee dotykov\u00fdm displejom \u201eFriedrich Touch\u201c, kde je mo\u017en\u00e9 samostatne nastavi\u0165 horn\u00fd a spodn\u00fd ohrev, dobu pe\u010denia, zaparovania, otvorenia klapky. Viac ve\u013ekost\u00ed a po\u010dtu et\u00e1\u017e\u00ed - vi\u010f let\u00e1k.  Viac inform\u00e1cie o tejto rozpiekacej peci n\u00e1jdete v prilo\u017eenom let\u00e1ku TU [...]Read More...","og_url":"https:\/\/omega-bakery.com\/sk\/produkt\/elektricka-pec-friedrich\/","og_site_name":"Omega Bakery","article_modified_time":"2026-02-10T12:36:46+00:00","og_image":[{"width":276,"height":390,"url":"http:\/\/omega-bakery.com\/sk\/wp-content\/uploads\/2026\/02\/Friedrich.png","path":"\/data\/web\/virtuals\/278194\/virtual\/www\/domains\/omega-bakery.com\/sk\/wp-content\/uploads\/2026\/02\/Friedrich.png","size":"full","id":2368,"alt":"","pixels":107640,"type":"image\/png"}],"twitter_card":"summary_large_image","schema":{"@context":"https:\/\/schema.org","@graph":[{"@type":"WebSite","@id":"https:\/\/omega-bakery.com\/sk\/#website","url":"https:\/\/omega-bakery.com\/sk\/","name":"Omega Bakery","description":"Dodavatel stroj\u016f a za\u0159\u00edzen\u00ed pro pek\u00e1rny","potentialAction":[{"@type":"SearchAction","target":{"@type":"EntryPoint","urlTemplate":"https:\/\/omega-bakery.com\/sk\/?s={search_term_string}"},"query-input":"required name=search_term_string"}],"inLanguage":"sk-SK"},{"@type":"ImageObject","@id":"https:\/\/omega-bakery.com\/sk\/produkt\/elektricka-pec-friedrich\/#primaryimage","inLanguage":"sk-SK","url":"https:\/\/omega-bakery.com\/sk\/wp-content\/uploads\/2026\/02\/Friedrich.png","contentUrl":"https:\/\/omega-bakery.com\/sk\/wp-content\/uploads\/2026\/02\/Friedrich.png","width":276,"height":390},{"@type":"WebPage","@id":"https:\/\/omega-bakery.com\/sk\/produkt\/elektricka-pec-friedrich\/#webpage","url":"https:\/\/omega-bakery.com\/sk\/produkt\/elektricka-pec-friedrich\/","name":"Elektrick\u00e1 pec Friedrich - Omega Bakery","isPartOf":{"@id":"https:\/\/omega-bakery.com\/sk\/#website"},"primaryImageOfPage":{"@id":"https:\/\/omega-bakery.com\/sk\/produkt\/elektricka-pec-friedrich\/#primaryimage"},"datePublished":"2026-02-10T12:21:07+00:00","dateModified":"2026-02-10T12:36:46+00:00","breadcrumb":{"@id":"https:\/\/omega-bakery.com\/sk\/produkt\/elektricka-pec-friedrich\/#breadcrumb"},"inLanguage":"sk-SK","potentialAction":[{"@type":"ReadAction","target":["https:\/\/omega-bakery.com\/sk\/produkt\/elektricka-pec-friedrich\/"]}]},{"@type":"BreadcrumbList","@id":"https:\/\/omega-bakery.com\/sk\/produkt\/elektricka-pec-friedrich\/#breadcrumb","itemListElement":[{"@type":"ListItem","position":1,"name":"Dom\u016f","item":"https:\/\/omega-bakery.com\/sk\/"},{"@type":"ListItem","position":2,"name":"Stroje a zariadenia","item":"https:\/\/omega-bakery.com\/sk\/stroje-a-zariadenia\/"},{"@type":"ListItem","position":3,"name":"Pece","item":"https:\/\/omega-bakery.com\/sk\/stroje-a-zarizeni\/pece\/"},{"@type":"ListItem","position":4,"name":"Pece rozpekacie","item":"http:\/\/omega-bakery.com\/sk\/stroje-a-zarizeni\/pece\/pece-rozpekacie\/"},{"@type":"ListItem","position":5,"name":"Elektrick\u00e1 pec Friedrich"}]}]}},"_links":{"self":[{"href":"https:\/\/omega-bakery.com\/sk\/wp-json\/wp\/v2\/product\/2367"}],"collection":[{"href":"https:\/\/omega-bakery.com\/sk\/wp-json\/wp\/v2\/product"}],"about":[{"href":"https:\/\/omega-bakery.com\/sk\/wp-json\/wp\/v2\/types\/product"}],"wp:featuredmedia":[{"embeddable":true,"href":"https:\/\/omega-bakery.com\/sk\/wp-json\/wp\/v2\/media\/2368"}],"wp:attachment":[{"href":"https:\/\/omega-bakery.com\/sk\/wp-json\/wp\/v2\/media?parent=2367"}],"curies":[{"name":"wp","href":"https:\/\/api.w.org\/{rel}","templated":true}]}}