{"id":2372,"date":"2026-02-19T11:59:15","date_gmt":"2026-02-19T09:59:15","guid":{"rendered":"https:\/\/omega-bakery.com\/sk\/?post_type=product&#038;p=2372"},"modified":"2026-02-19T12:02:35","modified_gmt":"2026-02-19T10:02:35","slug":"etazova-pec-mondial-forni-domino","status":"publish","type":"product","link":"https:\/\/omega-bakery.com\/sk\/produkt\/etazova-pec-mondial-forni-domino\/","title":{"rendered":"et\u00e1\u017eov\u00e1 pec Mondial Forni &#8211; DOMINO"},"content":{"rendered":"","protected":false},"excerpt":{"rendered":"<p>Elektrick\u00e1 s\u00e1zec\u00ed pec modul\u00e1rn\u00ed konstrukce se samostatn\u00fdm ovl\u00e1d\u00e1n\u00edm ka\u017ed\u00e9 et\u00e1\u017ee \u201eTOUCH electronic control\u201c. Pe\u010den\u00ed na kamenn\u00fdch desk\u00e1ch zaji\u0161\u0165uje vysokou kvalitu v\u00fdrobk\u016f.<\/p>\n<p>Viac inform\u00e1cie o tejto rozpiekacej peci n\u00e1jdete v prilo\u017eenom let\u00e1ku <a href=\"http:\/\/omega-bakery.com\/sk\/wp-content\/uploads\/2026\/02\/MF-etaz.-pec-Domino-Touch-0126.pdf\" target=\"_blank\" rel=\"noopener\">TU<\/a> [&#8230;]<\/p>\n<p><a class=\"btn btn-secondary understrap-read-more-link\" href=\"https:\/\/omega-bakery.com\/sk\/produkt\/etazova-pec-mondial-forni-domino\/\">Read More&#8230;<\/a><\/p>\n","protected":false},"featured_media":2374,"template":"","meta":[],"yoast_head":"<!-- This site is optimized with the Yoast SEO plugin v17.1 - https:\/\/yoast.com\/wordpress\/plugins\/seo\/ -->\n<title>et\u00e1\u017eov\u00e1 pec Mondial Forni - DOMINO - Omega Bakery<\/title>\n<meta name=\"robots\" content=\"index, follow, max-snippet:-1, max-image-preview:large, max-video-preview:-1\" \/>\n<link rel=\"canonical\" href=\"https:\/\/omega-bakery.com\/sk\/produkt\/etazova-pec-mondial-forni-domino\/\" \/>\n<meta property=\"og:locale\" content=\"sk_SK\" \/>\n<meta property=\"og:type\" content=\"article\" \/>\n<meta property=\"og:title\" content=\"et\u00e1\u017eov\u00e1 pec Mondial Forni - DOMINO - Omega Bakery\" \/>\n<meta property=\"og:description\" content=\"Elektrick\u00e1 s\u00e1zec\u00ed pec modul\u00e1rn\u00ed konstrukce se samostatn\u00fdm ovl\u00e1d\u00e1n\u00edm ka\u017ed\u00e9 et\u00e1\u017ee \u201eTOUCH electronic control\u201c. Pe\u010den\u00ed na kamenn\u00fdch desk\u00e1ch zaji\u0161\u0165uje vysokou kvalitu v\u00fdrobk\u016f.  Viac inform\u00e1cie o tejto rozpiekacej peci n\u00e1jdete v prilo\u017eenom let\u00e1ku TU [...]Read More...\" \/>\n<meta property=\"og:url\" content=\"https:\/\/omega-bakery.com\/sk\/produkt\/etazova-pec-mondial-forni-domino\/\" \/>\n<meta property=\"og:site_name\" content=\"Omega Bakery\" \/>\n<meta property=\"article:modified_time\" content=\"2026-02-19T10:02:35+00:00\" \/>\n<meta property=\"og:image\" content=\"http:\/\/omega-bakery.com\/sk\/wp-content\/uploads\/2026\/02\/DOMINO.png\" \/>\n\t<meta property=\"og:image:width\" content=\"286\" \/>\n\t<meta property=\"og:image:height\" content=\"363\" \/>\n<meta name=\"twitter:card\" content=\"summary_large_image\" \/>\n<script type=\"application\/ld+json\" class=\"yoast-schema-graph\">{\"@context\":\"https:\/\/schema.org\",\"@graph\":[{\"@type\":\"WebSite\",\"@id\":\"https:\/\/omega-bakery.com\/sk\/#website\",\"url\":\"https:\/\/omega-bakery.com\/sk\/\",\"name\":\"Omega Bakery\",\"description\":\"Dodavatel stroj\\u016f a za\\u0159\\u00edzen\\u00ed pro pek\\u00e1rny\",\"potentialAction\":[{\"@type\":\"SearchAction\",\"target\":{\"@type\":\"EntryPoint\",\"urlTemplate\":\"https:\/\/omega-bakery.com\/sk\/?s={search_term_string}\"},\"query-input\":\"required name=search_term_string\"}],\"inLanguage\":\"sk-SK\"},{\"@type\":\"ImageObject\",\"@id\":\"https:\/\/omega-bakery.com\/sk\/produkt\/etazova-pec-mondial-forni-domino\/#primaryimage\",\"inLanguage\":\"sk-SK\",\"url\":\"https:\/\/omega-bakery.com\/sk\/wp-content\/uploads\/2026\/02\/DOMINO.png\",\"contentUrl\":\"https:\/\/omega-bakery.com\/sk\/wp-content\/uploads\/2026\/02\/DOMINO.png\",\"width\":286,\"height\":363},{\"@type\":\"WebPage\",\"@id\":\"https:\/\/omega-bakery.com\/sk\/produkt\/etazova-pec-mondial-forni-domino\/#webpage\",\"url\":\"https:\/\/omega-bakery.com\/sk\/produkt\/etazova-pec-mondial-forni-domino\/\",\"name\":\"et\\u00e1\\u017eov\\u00e1 pec Mondial Forni - DOMINO - Omega Bakery\",\"isPartOf\":{\"@id\":\"https:\/\/omega-bakery.com\/sk\/#website\"},\"primaryImageOfPage\":{\"@id\":\"https:\/\/omega-bakery.com\/sk\/produkt\/etazova-pec-mondial-forni-domino\/#primaryimage\"},\"datePublished\":\"2026-02-19T09:59:15+00:00\",\"dateModified\":\"2026-02-19T10:02:35+00:00\",\"breadcrumb\":{\"@id\":\"https:\/\/omega-bakery.com\/sk\/produkt\/etazova-pec-mondial-forni-domino\/#breadcrumb\"},\"inLanguage\":\"sk-SK\",\"potentialAction\":[{\"@type\":\"ReadAction\",\"target\":[\"https:\/\/omega-bakery.com\/sk\/produkt\/etazova-pec-mondial-forni-domino\/\"]}]},{\"@type\":\"BreadcrumbList\",\"@id\":\"https:\/\/omega-bakery.com\/sk\/produkt\/etazova-pec-mondial-forni-domino\/#breadcrumb\",\"itemListElement\":[{\"@type\":\"ListItem\",\"position\":1,\"name\":\"Dom\\u016f\",\"item\":\"https:\/\/omega-bakery.com\/sk\/\"},{\"@type\":\"ListItem\",\"position\":2,\"name\":\"Stroje a zariadenia\",\"item\":\"https:\/\/omega-bakery.com\/sk\/stroje-a-zariadenia\/\"},{\"@type\":\"ListItem\",\"position\":3,\"name\":\"Pece\",\"item\":\"https:\/\/omega-bakery.com\/sk\/stroje-a-zarizeni\/pece\/\"},{\"@type\":\"ListItem\",\"position\":4,\"name\":\"Pece rozpekacie\",\"item\":\"http:\/\/omega-bakery.com\/sk\/stroje-a-zarizeni\/pece\/pece-rozpekacie\/\"},{\"@type\":\"ListItem\",\"position\":5,\"name\":\"et\\u00e1\\u017eov\\u00e1 pec Mondial Forni &#8211; DOMINO\"}]}]}<\/script>\n<!-- \/ Yoast SEO plugin. -->","yoast_head_json":{"title":"et\u00e1\u017eov\u00e1 pec Mondial Forni - DOMINO - Omega Bakery","robots":{"index":"index","follow":"follow","max-snippet":"max-snippet:-1","max-image-preview":"max-image-preview:large","max-video-preview":"max-video-preview:-1"},"canonical":"https:\/\/omega-bakery.com\/sk\/produkt\/etazova-pec-mondial-forni-domino\/","og_locale":"sk_SK","og_type":"article","og_title":"et\u00e1\u017eov\u00e1 pec Mondial Forni - DOMINO - Omega Bakery","og_description":"Elektrick\u00e1 s\u00e1zec\u00ed pec modul\u00e1rn\u00ed konstrukce se samostatn\u00fdm ovl\u00e1d\u00e1n\u00edm ka\u017ed\u00e9 et\u00e1\u017ee \u201eTOUCH electronic control\u201c. Pe\u010den\u00ed na kamenn\u00fdch desk\u00e1ch zaji\u0161\u0165uje vysokou kvalitu v\u00fdrobk\u016f.  Viac inform\u00e1cie o tejto rozpiekacej peci n\u00e1jdete v prilo\u017eenom let\u00e1ku TU [...]Read More...","og_url":"https:\/\/omega-bakery.com\/sk\/produkt\/etazova-pec-mondial-forni-domino\/","og_site_name":"Omega Bakery","article_modified_time":"2026-02-19T10:02:35+00:00","og_image":[{"width":286,"height":363,"url":"http:\/\/omega-bakery.com\/sk\/wp-content\/uploads\/2026\/02\/DOMINO.png","path":"\/data\/web\/virtuals\/278194\/virtual\/www\/domains\/omega-bakery.com\/sk\/wp-content\/uploads\/2026\/02\/DOMINO.png","size":"full","id":2374,"alt":"","pixels":103818,"type":"image\/png"}],"twitter_card":"summary_large_image","schema":{"@context":"https:\/\/schema.org","@graph":[{"@type":"WebSite","@id":"https:\/\/omega-bakery.com\/sk\/#website","url":"https:\/\/omega-bakery.com\/sk\/","name":"Omega Bakery","description":"Dodavatel stroj\u016f a za\u0159\u00edzen\u00ed pro pek\u00e1rny","potentialAction":[{"@type":"SearchAction","target":{"@type":"EntryPoint","urlTemplate":"https:\/\/omega-bakery.com\/sk\/?s={search_term_string}"},"query-input":"required name=search_term_string"}],"inLanguage":"sk-SK"},{"@type":"ImageObject","@id":"https:\/\/omega-bakery.com\/sk\/produkt\/etazova-pec-mondial-forni-domino\/#primaryimage","inLanguage":"sk-SK","url":"https:\/\/omega-bakery.com\/sk\/wp-content\/uploads\/2026\/02\/DOMINO.png","contentUrl":"https:\/\/omega-bakery.com\/sk\/wp-content\/uploads\/2026\/02\/DOMINO.png","width":286,"height":363},{"@type":"WebPage","@id":"https:\/\/omega-bakery.com\/sk\/produkt\/etazova-pec-mondial-forni-domino\/#webpage","url":"https:\/\/omega-bakery.com\/sk\/produkt\/etazova-pec-mondial-forni-domino\/","name":"et\u00e1\u017eov\u00e1 pec Mondial Forni - DOMINO - Omega Bakery","isPartOf":{"@id":"https:\/\/omega-bakery.com\/sk\/#website"},"primaryImageOfPage":{"@id":"https:\/\/omega-bakery.com\/sk\/produkt\/etazova-pec-mondial-forni-domino\/#primaryimage"},"datePublished":"2026-02-19T09:59:15+00:00","dateModified":"2026-02-19T10:02:35+00:00","breadcrumb":{"@id":"https:\/\/omega-bakery.com\/sk\/produkt\/etazova-pec-mondial-forni-domino\/#breadcrumb"},"inLanguage":"sk-SK","potentialAction":[{"@type":"ReadAction","target":["https:\/\/omega-bakery.com\/sk\/produkt\/etazova-pec-mondial-forni-domino\/"]}]},{"@type":"BreadcrumbList","@id":"https:\/\/omega-bakery.com\/sk\/produkt\/etazova-pec-mondial-forni-domino\/#breadcrumb","itemListElement":[{"@type":"ListItem","position":1,"name":"Dom\u016f","item":"https:\/\/omega-bakery.com\/sk\/"},{"@type":"ListItem","position":2,"name":"Stroje a zariadenia","item":"https:\/\/omega-bakery.com\/sk\/stroje-a-zariadenia\/"},{"@type":"ListItem","position":3,"name":"Pece","item":"https:\/\/omega-bakery.com\/sk\/stroje-a-zarizeni\/pece\/"},{"@type":"ListItem","position":4,"name":"Pece rozpekacie","item":"http:\/\/omega-bakery.com\/sk\/stroje-a-zarizeni\/pece\/pece-rozpekacie\/"},{"@type":"ListItem","position":5,"name":"et\u00e1\u017eov\u00e1 pec Mondial Forni &#8211; DOMINO"}]}]}},"_links":{"self":[{"href":"https:\/\/omega-bakery.com\/sk\/wp-json\/wp\/v2\/product\/2372"}],"collection":[{"href":"https:\/\/omega-bakery.com\/sk\/wp-json\/wp\/v2\/product"}],"about":[{"href":"https:\/\/omega-bakery.com\/sk\/wp-json\/wp\/v2\/types\/product"}],"wp:featuredmedia":[{"embeddable":true,"href":"https:\/\/omega-bakery.com\/sk\/wp-json\/wp\/v2\/media\/2374"}],"wp:attachment":[{"href":"https:\/\/omega-bakery.com\/sk\/wp-json\/wp\/v2\/media?parent=2372"}],"curies":[{"name":"wp","href":"https:\/\/api.w.org\/{rel}","templated":true}]}}