{"id":2376,"date":"2026-02-19T12:40:32","date_gmt":"2026-02-19T10:40:32","guid":{"rendered":"https:\/\/omega-bakery.com\/sk\/?post_type=product&#038;p=2376"},"modified":"2026-02-19T12:51:04","modified_gmt":"2026-02-19T10:51:04","slug":"rotacna-pec-konig-roto-passat-se","status":"publish","type":"product","link":"https:\/\/omega-bakery.com\/sk\/produkt\/rotacna-pec-konig-roto-passat-se\/","title":{"rendered":"Rota\u010dn\u00e1 pec K\u00f6nig Roto Passat SE"},"content":{"rendered":"","protected":false},"excerpt":{"rendered":"<p>Voz\u00edkov\u00e1 rota\u010dn\u00e1 pec K\u00f6nig Roto Passat SE (SAVE ENERGY) je re\u0161enie vysokej energetickej \u00fa\u010dinnosti na malej ploche. Roto Passat SE pon\u00faka v porovnan\u00ed so svojim predchodcom v\u00fdrazn\u00e9 \u00faspory energie. Navy\u0161e aj mo\u017enos\u0165 jednoduch\u00e9ho rozmrazovania mrazen\u00fdch produktov pomocou novej funkcie rozmrazovania.<\/p>\n<p>Pre plechy velkosti 580 x 980 mm pri minim\u00e1lnej zastavanej ploche.<\/p>\n<p>Viac inform\u00e1ci\u00ed o t\u00fdchto peciach n\u00e1jdete v prilo\u017eenom let\u00e1ku <a href=\"http:\/\/omega-bakery.com\/sk\/wp-content\/uploads\/2026\/02\/Konig-Roto-Passat-SE-0525.pdf\" target=\"_blank\" rel=\"noopener\">TU<\/a> [&#8230;]<\/p>\n<p><a class=\"btn btn-secondary understrap-read-more-link\" href=\"https:\/\/omega-bakery.com\/sk\/produkt\/rotacna-pec-konig-roto-passat-se\/\">Read More&#8230;<\/a><\/p>\n","protected":false},"featured_media":2378,"template":"","meta":[],"yoast_head":"<!-- This site is optimized with the Yoast SEO plugin v17.1 - https:\/\/yoast.com\/wordpress\/plugins\/seo\/ -->\n<title>Rota\u010dn\u00e1 pec K\u00f6nig Roto Passat SE - Omega Bakery<\/title>\n<meta name=\"robots\" content=\"index, follow, max-snippet:-1, max-image-preview:large, max-video-preview:-1\" \/>\n<link rel=\"canonical\" href=\"https:\/\/omega-bakery.com\/sk\/produkt\/rotacna-pec-konig-roto-passat-se\/\" \/>\n<meta property=\"og:locale\" content=\"sk_SK\" \/>\n<meta property=\"og:type\" content=\"article\" \/>\n<meta property=\"og:title\" content=\"Rota\u010dn\u00e1 pec K\u00f6nig Roto Passat SE - Omega Bakery\" \/>\n<meta property=\"og:description\" content=\"Voz\u00edkov\u00e1 rota\u010dn\u00e1 pec K\u00f6nig Roto Passat SE (SAVE ENERGY) je re\u0161enie vysokej energetickej \u00fa\u010dinnosti na malej ploche. Roto Passat SE pon\u00faka v porovnan\u00ed so svojim predchodcom v\u00fdrazn\u00e9 \u00faspory energie. Navy\u0161e aj mo\u017enos\u0165 jednoduch\u00e9ho rozmrazovania mrazen\u00fdch produktov pomocou novej funkcie rozmrazovania.  Pre plechy velkosti 580 x 980 mm pri minim\u00e1lnej zastavanej ploche.  Viac inform\u00e1ci\u00ed o t\u00fdchto peciach n\u00e1jdete v prilo\u017eenom let\u00e1ku TU [...]Read More...\" \/>\n<meta property=\"og:url\" content=\"https:\/\/omega-bakery.com\/sk\/produkt\/rotacna-pec-konig-roto-passat-se\/\" \/>\n<meta property=\"og:site_name\" content=\"Omega Bakery\" \/>\n<meta property=\"article:modified_time\" content=\"2026-02-19T10:51:04+00:00\" \/>\n<meta property=\"og:image\" content=\"http:\/\/omega-bakery.com\/sk\/wp-content\/uploads\/2026\/02\/Rotopassat.png\" \/>\n\t<meta property=\"og:image:width\" content=\"477\" \/>\n\t<meta property=\"og:image:height\" content=\"706\" \/>\n<meta name=\"twitter:card\" content=\"summary_large_image\" \/>\n<script type=\"application\/ld+json\" class=\"yoast-schema-graph\">{\"@context\":\"https:\/\/schema.org\",\"@graph\":[{\"@type\":\"WebSite\",\"@id\":\"https:\/\/omega-bakery.com\/sk\/#website\",\"url\":\"https:\/\/omega-bakery.com\/sk\/\",\"name\":\"Omega Bakery\",\"description\":\"Dodavatel stroj\\u016f a za\\u0159\\u00edzen\\u00ed pro pek\\u00e1rny\",\"potentialAction\":[{\"@type\":\"SearchAction\",\"target\":{\"@type\":\"EntryPoint\",\"urlTemplate\":\"https:\/\/omega-bakery.com\/sk\/?s={search_term_string}\"},\"query-input\":\"required name=search_term_string\"}],\"inLanguage\":\"sk-SK\"},{\"@type\":\"ImageObject\",\"@id\":\"https:\/\/omega-bakery.com\/sk\/produkt\/rotacna-pec-konig-roto-passat-se\/#primaryimage\",\"inLanguage\":\"sk-SK\",\"url\":\"https:\/\/omega-bakery.com\/sk\/wp-content\/uploads\/2026\/02\/Rotopassat.png\",\"contentUrl\":\"https:\/\/omega-bakery.com\/sk\/wp-content\/uploads\/2026\/02\/Rotopassat.png\",\"width\":477,\"height\":706},{\"@type\":\"WebPage\",\"@id\":\"https:\/\/omega-bakery.com\/sk\/produkt\/rotacna-pec-konig-roto-passat-se\/#webpage\",\"url\":\"https:\/\/omega-bakery.com\/sk\/produkt\/rotacna-pec-konig-roto-passat-se\/\",\"name\":\"Rota\\u010dn\\u00e1 pec K\\u00f6nig Roto Passat SE - Omega Bakery\",\"isPartOf\":{\"@id\":\"https:\/\/omega-bakery.com\/sk\/#website\"},\"primaryImageOfPage\":{\"@id\":\"https:\/\/omega-bakery.com\/sk\/produkt\/rotacna-pec-konig-roto-passat-se\/#primaryimage\"},\"datePublished\":\"2026-02-19T10:40:32+00:00\",\"dateModified\":\"2026-02-19T10:51:04+00:00\",\"breadcrumb\":{\"@id\":\"https:\/\/omega-bakery.com\/sk\/produkt\/rotacna-pec-konig-roto-passat-se\/#breadcrumb\"},\"inLanguage\":\"sk-SK\",\"potentialAction\":[{\"@type\":\"ReadAction\",\"target\":[\"https:\/\/omega-bakery.com\/sk\/produkt\/rotacna-pec-konig-roto-passat-se\/\"]}]},{\"@type\":\"BreadcrumbList\",\"@id\":\"https:\/\/omega-bakery.com\/sk\/produkt\/rotacna-pec-konig-roto-passat-se\/#breadcrumb\",\"itemListElement\":[{\"@type\":\"ListItem\",\"position\":1,\"name\":\"Dom\\u016f\",\"item\":\"https:\/\/omega-bakery.com\/sk\/\"},{\"@type\":\"ListItem\",\"position\":2,\"name\":\"Stroje a zariadenia\",\"item\":\"https:\/\/omega-bakery.com\/sk\/stroje-a-zariadenia\/\"},{\"@type\":\"ListItem\",\"position\":3,\"name\":\"Pece\",\"item\":\"https:\/\/omega-bakery.com\/sk\/stroje-a-zarizeni\/pece\/\"},{\"@type\":\"ListItem\",\"position\":4,\"name\":\"Pece rota\\u010dn\\u00e9\",\"item\":\"https:\/\/omega-bakery.com\/sk\/stroje-a-zarizeni\/pece\/pece-rotacne\/\"},{\"@type\":\"ListItem\",\"position\":5,\"name\":\"Rota\\u010dn\\u00e1 pec K\\u00f6nig Roto Passat SE\"}]}]}<\/script>\n<!-- \/ Yoast SEO plugin. -->","yoast_head_json":{"title":"Rota\u010dn\u00e1 pec K\u00f6nig Roto Passat SE - Omega Bakery","robots":{"index":"index","follow":"follow","max-snippet":"max-snippet:-1","max-image-preview":"max-image-preview:large","max-video-preview":"max-video-preview:-1"},"canonical":"https:\/\/omega-bakery.com\/sk\/produkt\/rotacna-pec-konig-roto-passat-se\/","og_locale":"sk_SK","og_type":"article","og_title":"Rota\u010dn\u00e1 pec K\u00f6nig Roto Passat SE - Omega Bakery","og_description":"Voz\u00edkov\u00e1 rota\u010dn\u00e1 pec K\u00f6nig Roto Passat SE (SAVE ENERGY) je re\u0161enie vysokej energetickej \u00fa\u010dinnosti na malej ploche. Roto Passat SE pon\u00faka v porovnan\u00ed so svojim predchodcom v\u00fdrazn\u00e9 \u00faspory energie. Navy\u0161e aj mo\u017enos\u0165 jednoduch\u00e9ho rozmrazovania mrazen\u00fdch produktov pomocou novej funkcie rozmrazovania.  Pre plechy velkosti 580 x 980 mm pri minim\u00e1lnej zastavanej ploche.  Viac inform\u00e1ci\u00ed o t\u00fdchto peciach n\u00e1jdete v prilo\u017eenom let\u00e1ku TU [...]Read More...","og_url":"https:\/\/omega-bakery.com\/sk\/produkt\/rotacna-pec-konig-roto-passat-se\/","og_site_name":"Omega Bakery","article_modified_time":"2026-02-19T10:51:04+00:00","og_image":[{"width":477,"height":706,"url":"http:\/\/omega-bakery.com\/sk\/wp-content\/uploads\/2026\/02\/Rotopassat.png","path":"\/data\/web\/virtuals\/278194\/virtual\/www\/domains\/omega-bakery.com\/sk\/wp-content\/uploads\/2026\/02\/Rotopassat.png","size":"full","id":2378,"alt":"","pixels":336762,"type":"image\/png"}],"twitter_card":"summary_large_image","schema":{"@context":"https:\/\/schema.org","@graph":[{"@type":"WebSite","@id":"https:\/\/omega-bakery.com\/sk\/#website","url":"https:\/\/omega-bakery.com\/sk\/","name":"Omega Bakery","description":"Dodavatel stroj\u016f a za\u0159\u00edzen\u00ed pro pek\u00e1rny","potentialAction":[{"@type":"SearchAction","target":{"@type":"EntryPoint","urlTemplate":"https:\/\/omega-bakery.com\/sk\/?s={search_term_string}"},"query-input":"required name=search_term_string"}],"inLanguage":"sk-SK"},{"@type":"ImageObject","@id":"https:\/\/omega-bakery.com\/sk\/produkt\/rotacna-pec-konig-roto-passat-se\/#primaryimage","inLanguage":"sk-SK","url":"https:\/\/omega-bakery.com\/sk\/wp-content\/uploads\/2026\/02\/Rotopassat.png","contentUrl":"https:\/\/omega-bakery.com\/sk\/wp-content\/uploads\/2026\/02\/Rotopassat.png","width":477,"height":706},{"@type":"WebPage","@id":"https:\/\/omega-bakery.com\/sk\/produkt\/rotacna-pec-konig-roto-passat-se\/#webpage","url":"https:\/\/omega-bakery.com\/sk\/produkt\/rotacna-pec-konig-roto-passat-se\/","name":"Rota\u010dn\u00e1 pec K\u00f6nig Roto Passat SE - Omega Bakery","isPartOf":{"@id":"https:\/\/omega-bakery.com\/sk\/#website"},"primaryImageOfPage":{"@id":"https:\/\/omega-bakery.com\/sk\/produkt\/rotacna-pec-konig-roto-passat-se\/#primaryimage"},"datePublished":"2026-02-19T10:40:32+00:00","dateModified":"2026-02-19T10:51:04+00:00","breadcrumb":{"@id":"https:\/\/omega-bakery.com\/sk\/produkt\/rotacna-pec-konig-roto-passat-se\/#breadcrumb"},"inLanguage":"sk-SK","potentialAction":[{"@type":"ReadAction","target":["https:\/\/omega-bakery.com\/sk\/produkt\/rotacna-pec-konig-roto-passat-se\/"]}]},{"@type":"BreadcrumbList","@id":"https:\/\/omega-bakery.com\/sk\/produkt\/rotacna-pec-konig-roto-passat-se\/#breadcrumb","itemListElement":[{"@type":"ListItem","position":1,"name":"Dom\u016f","item":"https:\/\/omega-bakery.com\/sk\/"},{"@type":"ListItem","position":2,"name":"Stroje a zariadenia","item":"https:\/\/omega-bakery.com\/sk\/stroje-a-zariadenia\/"},{"@type":"ListItem","position":3,"name":"Pece","item":"https:\/\/omega-bakery.com\/sk\/stroje-a-zarizeni\/pece\/"},{"@type":"ListItem","position":4,"name":"Pece rota\u010dn\u00e9","item":"https:\/\/omega-bakery.com\/sk\/stroje-a-zarizeni\/pece\/pece-rotacne\/"},{"@type":"ListItem","position":5,"name":"Rota\u010dn\u00e1 pec K\u00f6nig Roto Passat SE"}]}]}},"_links":{"self":[{"href":"https:\/\/omega-bakery.com\/sk\/wp-json\/wp\/v2\/product\/2376"}],"collection":[{"href":"https:\/\/omega-bakery.com\/sk\/wp-json\/wp\/v2\/product"}],"about":[{"href":"https:\/\/omega-bakery.com\/sk\/wp-json\/wp\/v2\/types\/product"}],"wp:featuredmedia":[{"embeddable":true,"href":"https:\/\/omega-bakery.com\/sk\/wp-json\/wp\/v2\/media\/2378"}],"wp:attachment":[{"href":"https:\/\/omega-bakery.com\/sk\/wp-json\/wp\/v2\/media?parent=2376"}],"curies":[{"name":"wp","href":"https:\/\/api.w.org\/{rel}","templated":true}]}}