{"id":2379,"date":"2026-02-19T12:58:48","date_gmt":"2026-02-19T10:58:48","guid":{"rendered":"https:\/\/omega-bakery.com\/sk\/?post_type=product&#038;p=2379"},"modified":"2026-02-19T13:02:17","modified_gmt":"2026-02-19T11:02:17","slug":"rotacna-pec-mondial-forni-basic-3-0","status":"publish","type":"product","link":"https:\/\/omega-bakery.com\/sk\/produkt\/rotacna-pec-mondial-forni-basic-3-0\/","title":{"rendered":"Rota\u010dn\u00e1 pec Mondial Forni BASIC 3.0"},"content":{"rendered":"","protected":false},"excerpt":{"rendered":"<p>Rad pec\u00ed Basic sp\u013a\u0148a potreby t\u00fdch, ktor\u00ed h\u013eadaj\u00fa jednoduch\u00e9 pou\u017eitie, \u00fasporu energie a optimaliz\u00e1ciu priestoru. Unik\u00e1tny syst\u00e9m pr\u00fadenia vzduchu MondialForni BTT (Bottom to Top \u2013 zdola &#8211; hore)<\/p>\n<p>Na plechy ve\u013ekosti 400 x 600 mm a\u017e 600 x 800 mm<\/p>\n<p>Viac inform\u00e1ci\u00ed o t\u00fdchto peciach n\u00e1jdete v prilo\u017eenom let\u00e1ku <a href=\"http:\/\/omega-bakery.com\/sk\/wp-content\/uploads\/2026\/02\/rotacni-pec-MF-Basic-3.0-0226.pdf\" target=\"_blank\" rel=\"noopener\">TU<\/a> [&#8230;]<\/p>\n<p><a class=\"btn btn-secondary understrap-read-more-link\" href=\"https:\/\/omega-bakery.com\/sk\/produkt\/rotacna-pec-mondial-forni-basic-3-0\/\">Read More&#8230;<\/a><\/p>\n","protected":false},"featured_media":2381,"template":"","meta":[],"yoast_head":"<!-- This site is optimized with the Yoast SEO plugin v17.1 - https:\/\/yoast.com\/wordpress\/plugins\/seo\/ -->\n<title>Rota\u010dn\u00e1 pec Mondial Forni BASIC 3.0 - Omega Bakery<\/title>\n<meta name=\"robots\" content=\"index, follow, max-snippet:-1, max-image-preview:large, max-video-preview:-1\" \/>\n<link rel=\"canonical\" href=\"https:\/\/omega-bakery.com\/sk\/produkt\/rotacna-pec-mondial-forni-basic-3-0\/\" \/>\n<meta property=\"og:locale\" content=\"sk_SK\" \/>\n<meta property=\"og:type\" content=\"article\" \/>\n<meta property=\"og:title\" content=\"Rota\u010dn\u00e1 pec Mondial Forni BASIC 3.0 - Omega Bakery\" \/>\n<meta property=\"og:description\" content=\"Rad pec\u00ed Basic sp\u013a\u0148a potreby t\u00fdch, ktor\u00ed h\u013eadaj\u00fa jednoduch\u00e9 pou\u017eitie, \u00fasporu energie a optimaliz\u00e1ciu priestoru. Unik\u00e1tny syst\u00e9m pr\u00fadenia vzduchu MondialForni BTT (Bottom to Top \u2013 zdola - hore)  Na plechy ve\u013ekosti 400 x 600 mm a\u017e 600 x 800 mm  Viac inform\u00e1ci\u00ed o t\u00fdchto peciach n\u00e1jdete v prilo\u017eenom let\u00e1ku TU [...]Read More...\" \/>\n<meta property=\"og:url\" content=\"https:\/\/omega-bakery.com\/sk\/produkt\/rotacna-pec-mondial-forni-basic-3-0\/\" \/>\n<meta property=\"og:site_name\" content=\"Omega Bakery\" \/>\n<meta property=\"article:modified_time\" content=\"2026-02-19T11:02:17+00:00\" \/>\n<meta property=\"og:image\" content=\"http:\/\/omega-bakery.com\/sk\/wp-content\/uploads\/2026\/02\/MF-Basic.png\" \/>\n\t<meta property=\"og:image:width\" content=\"273\" \/>\n\t<meta property=\"og:image:height\" content=\"425\" \/>\n<meta name=\"twitter:card\" content=\"summary_large_image\" \/>\n<script type=\"application\/ld+json\" class=\"yoast-schema-graph\">{\"@context\":\"https:\/\/schema.org\",\"@graph\":[{\"@type\":\"WebSite\",\"@id\":\"https:\/\/omega-bakery.com\/sk\/#website\",\"url\":\"https:\/\/omega-bakery.com\/sk\/\",\"name\":\"Omega Bakery\",\"description\":\"Dodavatel stroj\\u016f a za\\u0159\\u00edzen\\u00ed pro pek\\u00e1rny\",\"potentialAction\":[{\"@type\":\"SearchAction\",\"target\":{\"@type\":\"EntryPoint\",\"urlTemplate\":\"https:\/\/omega-bakery.com\/sk\/?s={search_term_string}\"},\"query-input\":\"required name=search_term_string\"}],\"inLanguage\":\"sk-SK\"},{\"@type\":\"ImageObject\",\"@id\":\"https:\/\/omega-bakery.com\/sk\/produkt\/rotacna-pec-mondial-forni-basic-3-0\/#primaryimage\",\"inLanguage\":\"sk-SK\",\"url\":\"https:\/\/omega-bakery.com\/sk\/wp-content\/uploads\/2026\/02\/MF-Basic.png\",\"contentUrl\":\"https:\/\/omega-bakery.com\/sk\/wp-content\/uploads\/2026\/02\/MF-Basic.png\",\"width\":273,\"height\":425},{\"@type\":\"WebPage\",\"@id\":\"https:\/\/omega-bakery.com\/sk\/produkt\/rotacna-pec-mondial-forni-basic-3-0\/#webpage\",\"url\":\"https:\/\/omega-bakery.com\/sk\/produkt\/rotacna-pec-mondial-forni-basic-3-0\/\",\"name\":\"Rota\\u010dn\\u00e1 pec Mondial Forni BASIC 3.0 - Omega Bakery\",\"isPartOf\":{\"@id\":\"https:\/\/omega-bakery.com\/sk\/#website\"},\"primaryImageOfPage\":{\"@id\":\"https:\/\/omega-bakery.com\/sk\/produkt\/rotacna-pec-mondial-forni-basic-3-0\/#primaryimage\"},\"datePublished\":\"2026-02-19T10:58:48+00:00\",\"dateModified\":\"2026-02-19T11:02:17+00:00\",\"breadcrumb\":{\"@id\":\"https:\/\/omega-bakery.com\/sk\/produkt\/rotacna-pec-mondial-forni-basic-3-0\/#breadcrumb\"},\"inLanguage\":\"sk-SK\",\"potentialAction\":[{\"@type\":\"ReadAction\",\"target\":[\"https:\/\/omega-bakery.com\/sk\/produkt\/rotacna-pec-mondial-forni-basic-3-0\/\"]}]},{\"@type\":\"BreadcrumbList\",\"@id\":\"https:\/\/omega-bakery.com\/sk\/produkt\/rotacna-pec-mondial-forni-basic-3-0\/#breadcrumb\",\"itemListElement\":[{\"@type\":\"ListItem\",\"position\":1,\"name\":\"Dom\\u016f\",\"item\":\"https:\/\/omega-bakery.com\/sk\/\"},{\"@type\":\"ListItem\",\"position\":2,\"name\":\"Stroje a zariadenia\",\"item\":\"https:\/\/omega-bakery.com\/sk\/stroje-a-zariadenia\/\"},{\"@type\":\"ListItem\",\"position\":3,\"name\":\"Pece\",\"item\":\"https:\/\/omega-bakery.com\/sk\/stroje-a-zarizeni\/pece\/\"},{\"@type\":\"ListItem\",\"position\":4,\"name\":\"Pece rota\\u010dn\\u00e9\",\"item\":\"https:\/\/omega-bakery.com\/sk\/stroje-a-zarizeni\/pece\/pece-rotacne\/\"},{\"@type\":\"ListItem\",\"position\":5,\"name\":\"Rota\\u010dn\\u00e1 pec Mondial Forni BASIC 3.0\"}]}]}<\/script>\n<!-- \/ Yoast SEO plugin. -->","yoast_head_json":{"title":"Rota\u010dn\u00e1 pec Mondial Forni BASIC 3.0 - Omega Bakery","robots":{"index":"index","follow":"follow","max-snippet":"max-snippet:-1","max-image-preview":"max-image-preview:large","max-video-preview":"max-video-preview:-1"},"canonical":"https:\/\/omega-bakery.com\/sk\/produkt\/rotacna-pec-mondial-forni-basic-3-0\/","og_locale":"sk_SK","og_type":"article","og_title":"Rota\u010dn\u00e1 pec Mondial Forni BASIC 3.0 - Omega Bakery","og_description":"Rad pec\u00ed Basic sp\u013a\u0148a potreby t\u00fdch, ktor\u00ed h\u013eadaj\u00fa jednoduch\u00e9 pou\u017eitie, \u00fasporu energie a optimaliz\u00e1ciu priestoru. Unik\u00e1tny syst\u00e9m pr\u00fadenia vzduchu MondialForni BTT (Bottom to Top \u2013 zdola - hore)  Na plechy ve\u013ekosti 400 x 600 mm a\u017e 600 x 800 mm  Viac inform\u00e1ci\u00ed o t\u00fdchto peciach n\u00e1jdete v prilo\u017eenom let\u00e1ku TU [...]Read More...","og_url":"https:\/\/omega-bakery.com\/sk\/produkt\/rotacna-pec-mondial-forni-basic-3-0\/","og_site_name":"Omega Bakery","article_modified_time":"2026-02-19T11:02:17+00:00","og_image":[{"width":273,"height":425,"url":"http:\/\/omega-bakery.com\/sk\/wp-content\/uploads\/2026\/02\/MF-Basic.png","path":"\/data\/web\/virtuals\/278194\/virtual\/www\/domains\/omega-bakery.com\/sk\/wp-content\/uploads\/2026\/02\/MF-Basic.png","size":"full","id":2381,"alt":"","pixels":116025,"type":"image\/png"}],"twitter_card":"summary_large_image","schema":{"@context":"https:\/\/schema.org","@graph":[{"@type":"WebSite","@id":"https:\/\/omega-bakery.com\/sk\/#website","url":"https:\/\/omega-bakery.com\/sk\/","name":"Omega Bakery","description":"Dodavatel stroj\u016f a za\u0159\u00edzen\u00ed pro pek\u00e1rny","potentialAction":[{"@type":"SearchAction","target":{"@type":"EntryPoint","urlTemplate":"https:\/\/omega-bakery.com\/sk\/?s={search_term_string}"},"query-input":"required name=search_term_string"}],"inLanguage":"sk-SK"},{"@type":"ImageObject","@id":"https:\/\/omega-bakery.com\/sk\/produkt\/rotacna-pec-mondial-forni-basic-3-0\/#primaryimage","inLanguage":"sk-SK","url":"https:\/\/omega-bakery.com\/sk\/wp-content\/uploads\/2026\/02\/MF-Basic.png","contentUrl":"https:\/\/omega-bakery.com\/sk\/wp-content\/uploads\/2026\/02\/MF-Basic.png","width":273,"height":425},{"@type":"WebPage","@id":"https:\/\/omega-bakery.com\/sk\/produkt\/rotacna-pec-mondial-forni-basic-3-0\/#webpage","url":"https:\/\/omega-bakery.com\/sk\/produkt\/rotacna-pec-mondial-forni-basic-3-0\/","name":"Rota\u010dn\u00e1 pec Mondial Forni BASIC 3.0 - Omega Bakery","isPartOf":{"@id":"https:\/\/omega-bakery.com\/sk\/#website"},"primaryImageOfPage":{"@id":"https:\/\/omega-bakery.com\/sk\/produkt\/rotacna-pec-mondial-forni-basic-3-0\/#primaryimage"},"datePublished":"2026-02-19T10:58:48+00:00","dateModified":"2026-02-19T11:02:17+00:00","breadcrumb":{"@id":"https:\/\/omega-bakery.com\/sk\/produkt\/rotacna-pec-mondial-forni-basic-3-0\/#breadcrumb"},"inLanguage":"sk-SK","potentialAction":[{"@type":"ReadAction","target":["https:\/\/omega-bakery.com\/sk\/produkt\/rotacna-pec-mondial-forni-basic-3-0\/"]}]},{"@type":"BreadcrumbList","@id":"https:\/\/omega-bakery.com\/sk\/produkt\/rotacna-pec-mondial-forni-basic-3-0\/#breadcrumb","itemListElement":[{"@type":"ListItem","position":1,"name":"Dom\u016f","item":"https:\/\/omega-bakery.com\/sk\/"},{"@type":"ListItem","position":2,"name":"Stroje a zariadenia","item":"https:\/\/omega-bakery.com\/sk\/stroje-a-zariadenia\/"},{"@type":"ListItem","position":3,"name":"Pece","item":"https:\/\/omega-bakery.com\/sk\/stroje-a-zarizeni\/pece\/"},{"@type":"ListItem","position":4,"name":"Pece rota\u010dn\u00e9","item":"https:\/\/omega-bakery.com\/sk\/stroje-a-zarizeni\/pece\/pece-rotacne\/"},{"@type":"ListItem","position":5,"name":"Rota\u010dn\u00e1 pec Mondial Forni BASIC 3.0"}]}]}},"_links":{"self":[{"href":"https:\/\/omega-bakery.com\/sk\/wp-json\/wp\/v2\/product\/2379"}],"collection":[{"href":"https:\/\/omega-bakery.com\/sk\/wp-json\/wp\/v2\/product"}],"about":[{"href":"https:\/\/omega-bakery.com\/sk\/wp-json\/wp\/v2\/types\/product"}],"wp:featuredmedia":[{"embeddable":true,"href":"https:\/\/omega-bakery.com\/sk\/wp-json\/wp\/v2\/media\/2381"}],"wp:attachment":[{"href":"https:\/\/omega-bakery.com\/sk\/wp-json\/wp\/v2\/media?parent=2379"}],"curies":[{"name":"wp","href":"https:\/\/api.w.org\/{rel}","templated":true}]}}