{"id":2386,"date":"2026-04-02T12:29:15","date_gmt":"2026-04-02T10:29:15","guid":{"rendered":"https:\/\/omega-bakery.com\/sk\/?post_type=product&#038;p=2386"},"modified":"2026-04-02T12:36:28","modified_gmt":"2026-04-02T10:36:28","slug":"lp-group-eco-star-30","status":"publish","type":"product","link":"https:\/\/omega-bakery.com\/sk\/produkt\/lp-group-eco-star-30\/","title":{"rendered":"LP Group ECO STAR 30"},"content":{"rendered":"","protected":false},"excerpt":{"rendered":"<p>S v\u00fd\u0161kou iba 85 cm, mal\u00fdm p\u00f4dorysom a schopnos\u0165ou mie\u0161a\u0165 aj mal\u00e9 d\u00e1vky (u\u017e od 1 kg m\u00faky) je ide\u00e1lnou vo\u013ebou pre mal\u00e9 pek\u00e1rne a pizz\u00e9rie, kde je priestor obmedzen\u00fd.<\/p>\n<p><strong>Hlavn\u00e9 znaky<\/strong><\/p>\n<ul>\n<li>mal\u00fd, kompaktn\u00fd s tich\u00fdm chodom<\/li>\n<li>jednoduch\u00fd ovl\u00e1dac\u00ed panel<\/li>\n<li>vhodn\u00fd na cest\u00e1 s obsahom vody vy\u0161\u0161\u00edm ako 60%<\/li>\n<\/ul>\n<div><strong>Objem die\u017ee:\u00a0 \u00a040<\/strong>\u00a0L<\/div>\n<div><strong>Pr\u00edkon:<\/strong> \u00a0 1,6 kW<\/div>\n<div><strong>Rozmery (d x \u0161 x v):<\/strong> \u00a0 vi\u010f let\u00e1k<\/div>\n<div><strong>Hmotnos\u0165 cesta: <\/strong>\u00a0 30 kg<\/div>\n<p>&nbsp;<\/p>\n<div>\n<p>Viac inform\u00e1ci\u00ed o tomto hneta\u010di n\u00e1jdete v prilo\u017eenom let\u00e1ku <a href=\"http:\/\/omega-bakery.com\/sk\/wp-content\/uploads\/2026\/04\/hnetac-s-pevnou-dizi-ECO-STAR-30-0625.pdf\" target=\"_blank\" rel=\"noopener\">TU<\/a><\/p>\n<p>&nbsp;<\/p>\n<\/div>\n<p> [&#8230;]<\/p>\n<p><a class=\"btn btn-secondary understrap-read-more-link\" href=\"https:\/\/omega-bakery.com\/sk\/produkt\/lp-group-eco-star-30\/\">Read More&#8230;<\/a><\/p>\n","protected":false},"featured_media":2388,"template":"","meta":[],"yoast_head":"<!-- This site is optimized with the Yoast SEO plugin v17.1 - https:\/\/yoast.com\/wordpress\/plugins\/seo\/ -->\n<title>LP Group ECO STAR 30 - Omega Bakery<\/title>\n<meta name=\"robots\" content=\"index, follow, max-snippet:-1, max-image-preview:large, max-video-preview:-1\" \/>\n<link rel=\"canonical\" href=\"https:\/\/omega-bakery.com\/sk\/produkt\/lp-group-eco-star-30\/\" \/>\n<meta property=\"og:locale\" content=\"sk_SK\" \/>\n<meta property=\"og:type\" content=\"article\" \/>\n<meta property=\"og:title\" content=\"LP Group ECO STAR 30 - Omega Bakery\" \/>\n<meta property=\"og:description\" content=\"S v\u00fd\u0161kou iba 85 cm, mal\u00fdm p\u00f4dorysom a schopnos\u0165ou mie\u0161a\u0165 aj mal\u00e9 d\u00e1vky (u\u017e od 1 kg m\u00faky) je ide\u00e1lnou vo\u013ebou pre mal\u00e9 pek\u00e1rne a pizz\u00e9rie, kde je priestor obmedzen\u00fd.  Hlavn\u00e9 znaky   mal\u00fd, kompaktn\u00fd s tich\u00fdm chodom  jednoduch\u00fd ovl\u00e1dac\u00ed panel  vhodn\u00fd na cest\u00e1 s obsahom vody vy\u0161\u0161\u00edm ako 60%  Objem die\u017ee:\u00a0 \u00a040\u00a0L Pr\u00edkon: \u00a0 1,6 kW Rozmery (d x \u0161 x v): \u00a0 vi\u010f let\u00e1k Hmotnos\u0165 cesta: \u00a0 30 kg &nbsp;   Viac inform\u00e1ci\u00ed o tomto hneta\u010di n\u00e1jdete v prilo\u017eenom let\u00e1ku TU  &nbsp;   [...]Read More...\" \/>\n<meta property=\"og:url\" content=\"https:\/\/omega-bakery.com\/sk\/produkt\/lp-group-eco-star-30\/\" \/>\n<meta property=\"og:site_name\" content=\"Omega Bakery\" \/>\n<meta property=\"article:modified_time\" content=\"2026-04-02T10:36:28+00:00\" \/>\n<meta name=\"twitter:card\" content=\"summary_large_image\" \/>\n<meta name=\"twitter:image\" content=\"https:\/\/omega-bakery.com\/sk\/wp-content\/uploads\/2026\/04\/ecostar-30-foto_flip_horizontal-695x1024-1.webp\" \/>\n<script type=\"application\/ld+json\" class=\"yoast-schema-graph\">{\"@context\":\"https:\/\/schema.org\",\"@graph\":[{\"@type\":\"WebSite\",\"@id\":\"https:\/\/omega-bakery.com\/sk\/#website\",\"url\":\"https:\/\/omega-bakery.com\/sk\/\",\"name\":\"Omega Bakery\",\"description\":\"Dodavatel stroj\\u016f a za\\u0159\\u00edzen\\u00ed pro pek\\u00e1rny\",\"potentialAction\":[{\"@type\":\"SearchAction\",\"target\":{\"@type\":\"EntryPoint\",\"urlTemplate\":\"https:\/\/omega-bakery.com\/sk\/?s={search_term_string}\"},\"query-input\":\"required name=search_term_string\"}],\"inLanguage\":\"sk-SK\"},{\"@type\":\"ImageObject\",\"@id\":\"https:\/\/omega-bakery.com\/sk\/produkt\/lp-group-eco-star-30\/#primaryimage\",\"inLanguage\":\"sk-SK\",\"url\":\"https:\/\/omega-bakery.com\/sk\/wp-content\/uploads\/2026\/04\/ecostar-30-foto_flip_horizontal-695x1024-1.webp\",\"contentUrl\":\"https:\/\/omega-bakery.com\/sk\/wp-content\/uploads\/2026\/04\/ecostar-30-foto_flip_horizontal-695x1024-1.webp\",\"width\":695,\"height\":1024},{\"@type\":\"WebPage\",\"@id\":\"https:\/\/omega-bakery.com\/sk\/produkt\/lp-group-eco-star-30\/#webpage\",\"url\":\"https:\/\/omega-bakery.com\/sk\/produkt\/lp-group-eco-star-30\/\",\"name\":\"LP Group ECO STAR 30 - Omega Bakery\",\"isPartOf\":{\"@id\":\"https:\/\/omega-bakery.com\/sk\/#website\"},\"primaryImageOfPage\":{\"@id\":\"https:\/\/omega-bakery.com\/sk\/produkt\/lp-group-eco-star-30\/#primaryimage\"},\"datePublished\":\"2026-04-02T10:29:15+00:00\",\"dateModified\":\"2026-04-02T10:36:28+00:00\",\"breadcrumb\":{\"@id\":\"https:\/\/omega-bakery.com\/sk\/produkt\/lp-group-eco-star-30\/#breadcrumb\"},\"inLanguage\":\"sk-SK\",\"potentialAction\":[{\"@type\":\"ReadAction\",\"target\":[\"https:\/\/omega-bakery.com\/sk\/produkt\/lp-group-eco-star-30\/\"]}]},{\"@type\":\"BreadcrumbList\",\"@id\":\"https:\/\/omega-bakery.com\/sk\/produkt\/lp-group-eco-star-30\/#breadcrumb\",\"itemListElement\":[{\"@type\":\"ListItem\",\"position\":1,\"name\":\"Dom\\u016f\",\"item\":\"https:\/\/omega-bakery.com\/sk\/\"},{\"@type\":\"ListItem\",\"position\":2,\"name\":\"Stroje a zariadenia\",\"item\":\"https:\/\/omega-bakery.com\/sk\/stroje-a-zariadenia\/\"},{\"@type\":\"ListItem\",\"position\":3,\"name\":\"\\u0160\\u013eaha\\u010de, hneta\\u010de\",\"item\":\"https:\/\/omega-bakery.com\/sk\/stroje-a-zarizeni\/slahace-hnetace\/\"},{\"@type\":\"ListItem\",\"position\":4,\"name\":\"Hneta\\u010de s pevnou die\\u017eou\",\"item\":\"https:\/\/omega-bakery.com\/sk\/stroje-a-zarizeni\/slahace-hnetace\/hnetace-s-pevnou-diezou\/\"},{\"@type\":\"ListItem\",\"position\":5,\"name\":\"LP Group ECO STAR 30\"}]}]}<\/script>\n<!-- \/ Yoast SEO plugin. -->","yoast_head_json":{"title":"LP Group ECO STAR 30 - Omega Bakery","robots":{"index":"index","follow":"follow","max-snippet":"max-snippet:-1","max-image-preview":"max-image-preview:large","max-video-preview":"max-video-preview:-1"},"canonical":"https:\/\/omega-bakery.com\/sk\/produkt\/lp-group-eco-star-30\/","og_locale":"sk_SK","og_type":"article","og_title":"LP Group ECO STAR 30 - Omega Bakery","og_description":"S v\u00fd\u0161kou iba 85 cm, mal\u00fdm p\u00f4dorysom a schopnos\u0165ou mie\u0161a\u0165 aj mal\u00e9 d\u00e1vky (u\u017e od 1 kg m\u00faky) je ide\u00e1lnou vo\u013ebou pre mal\u00e9 pek\u00e1rne a pizz\u00e9rie, kde je priestor obmedzen\u00fd.  Hlavn\u00e9 znaky   mal\u00fd, kompaktn\u00fd s tich\u00fdm chodom  jednoduch\u00fd ovl\u00e1dac\u00ed panel  vhodn\u00fd na cest\u00e1 s obsahom vody vy\u0161\u0161\u00edm ako 60%  Objem die\u017ee:\u00a0 \u00a040\u00a0L Pr\u00edkon: \u00a0 1,6 kW Rozmery (d x \u0161 x v): \u00a0 vi\u010f let\u00e1k Hmotnos\u0165 cesta: \u00a0 30 kg &nbsp;   Viac inform\u00e1ci\u00ed o tomto hneta\u010di n\u00e1jdete v prilo\u017eenom let\u00e1ku TU  &nbsp;   [...]Read More...","og_url":"https:\/\/omega-bakery.com\/sk\/produkt\/lp-group-eco-star-30\/","og_site_name":"Omega Bakery","article_modified_time":"2026-04-02T10:36:28+00:00","twitter_card":"summary_large_image","twitter_image":"https:\/\/omega-bakery.com\/sk\/wp-content\/uploads\/2026\/04\/ecostar-30-foto_flip_horizontal-695x1024-1.webp","schema":{"@context":"https:\/\/schema.org","@graph":[{"@type":"WebSite","@id":"https:\/\/omega-bakery.com\/sk\/#website","url":"https:\/\/omega-bakery.com\/sk\/","name":"Omega Bakery","description":"Dodavatel stroj\u016f a za\u0159\u00edzen\u00ed pro pek\u00e1rny","potentialAction":[{"@type":"SearchAction","target":{"@type":"EntryPoint","urlTemplate":"https:\/\/omega-bakery.com\/sk\/?s={search_term_string}"},"query-input":"required name=search_term_string"}],"inLanguage":"sk-SK"},{"@type":"ImageObject","@id":"https:\/\/omega-bakery.com\/sk\/produkt\/lp-group-eco-star-30\/#primaryimage","inLanguage":"sk-SK","url":"https:\/\/omega-bakery.com\/sk\/wp-content\/uploads\/2026\/04\/ecostar-30-foto_flip_horizontal-695x1024-1.webp","contentUrl":"https:\/\/omega-bakery.com\/sk\/wp-content\/uploads\/2026\/04\/ecostar-30-foto_flip_horizontal-695x1024-1.webp","width":695,"height":1024},{"@type":"WebPage","@id":"https:\/\/omega-bakery.com\/sk\/produkt\/lp-group-eco-star-30\/#webpage","url":"https:\/\/omega-bakery.com\/sk\/produkt\/lp-group-eco-star-30\/","name":"LP Group ECO STAR 30 - Omega Bakery","isPartOf":{"@id":"https:\/\/omega-bakery.com\/sk\/#website"},"primaryImageOfPage":{"@id":"https:\/\/omega-bakery.com\/sk\/produkt\/lp-group-eco-star-30\/#primaryimage"},"datePublished":"2026-04-02T10:29:15+00:00","dateModified":"2026-04-02T10:36:28+00:00","breadcrumb":{"@id":"https:\/\/omega-bakery.com\/sk\/produkt\/lp-group-eco-star-30\/#breadcrumb"},"inLanguage":"sk-SK","potentialAction":[{"@type":"ReadAction","target":["https:\/\/omega-bakery.com\/sk\/produkt\/lp-group-eco-star-30\/"]}]},{"@type":"BreadcrumbList","@id":"https:\/\/omega-bakery.com\/sk\/produkt\/lp-group-eco-star-30\/#breadcrumb","itemListElement":[{"@type":"ListItem","position":1,"name":"Dom\u016f","item":"https:\/\/omega-bakery.com\/sk\/"},{"@type":"ListItem","position":2,"name":"Stroje a zariadenia","item":"https:\/\/omega-bakery.com\/sk\/stroje-a-zariadenia\/"},{"@type":"ListItem","position":3,"name":"\u0160\u013eaha\u010de, hneta\u010de","item":"https:\/\/omega-bakery.com\/sk\/stroje-a-zarizeni\/slahace-hnetace\/"},{"@type":"ListItem","position":4,"name":"Hneta\u010de s pevnou die\u017eou","item":"https:\/\/omega-bakery.com\/sk\/stroje-a-zarizeni\/slahace-hnetace\/hnetace-s-pevnou-diezou\/"},{"@type":"ListItem","position":5,"name":"LP Group ECO STAR 30"}]}]}},"_links":{"self":[{"href":"https:\/\/omega-bakery.com\/sk\/wp-json\/wp\/v2\/product\/2386"}],"collection":[{"href":"https:\/\/omega-bakery.com\/sk\/wp-json\/wp\/v2\/product"}],"about":[{"href":"https:\/\/omega-bakery.com\/sk\/wp-json\/wp\/v2\/types\/product"}],"wp:featuredmedia":[{"embeddable":true,"href":"https:\/\/omega-bakery.com\/sk\/wp-json\/wp\/v2\/media\/2388"}],"wp:attachment":[{"href":"https:\/\/omega-bakery.com\/sk\/wp-json\/wp\/v2\/media?parent=2386"}],"curies":[{"name":"wp","href":"https:\/\/api.w.org\/{rel}","templated":true}]}}