{"id":2390,"date":"2026-04-02T12:41:14","date_gmt":"2026-04-02T10:41:14","guid":{"rendered":"https:\/\/omega-bakery.com\/sk\/?post_type=product&#038;p=2390"},"modified":"2026-04-02T12:45:39","modified_gmt":"2026-04-02T10:45:39","slug":"alba-re-22-univerzalni-slehaci-a-hnetaci-stroj","status":"publish","type":"product","link":"https:\/\/omega-bakery.com\/sk\/produkt\/alba-re-22-univerzalni-slehaci-a-hnetaci-stroj\/","title":{"rendered":"Alba RE 22 univerz\u00e1ln\u00ed \u0161lehac\u00ed a hn\u011btac\u00ed stroj"},"content":{"rendered":"","protected":false},"excerpt":{"rendered":"<p><strong>Legenda sa vracia !!!<\/strong> Nov\u00e1 gener\u00e1cia kuchynsk\u00e9ho robota RE 22 m\u00e1 celokovov\u00fa kon\u0161trukciu s nerezov\u00fdmi krytmi a modern\u00fd tvar.<\/p>\n<p><strong>Daj\u00fa sa pou\u017ei\u0165 aj kotl\u00edky a n\u00e1stroje zo star\u00fdch strojov ALBA !!<\/strong><\/p>\n<p>Univerz\u00e1lny \u0161\u013eahac\u00ed a hnetac\u00ed stroj RE 22 umo\u017e\u0148uje miesenie \u013eahk\u00fdch i \u0165a\u017ek\u00fdch ciest, mie\u0161anie zemiakovej ka\u0161e a r\u00f4znych kr\u00e9mov, \u0161\u013eahanie smotany, bielkov a majon\u00e9zy.<\/p>\n<p>&nbsp;<\/p>\n<div>\n<p>Viac inform\u00e1ci\u00ed o tomto stroji n\u00e1jdete v prilo\u017eenom let\u00e1ku <a href=\"http:\/\/omega-bakery.com\/sk\/wp-content\/uploads\/2026\/04\/Alba-RE-22-0326.pdf\" target=\"_blank\" rel=\"noopener\">TU<\/a><\/p>\n<\/div>\n<p> [&#8230;]<\/p>\n<p><a class=\"btn btn-secondary understrap-read-more-link\" href=\"https:\/\/omega-bakery.com\/sk\/produkt\/alba-re-22-univerzalni-slehaci-a-hnetaci-stroj\/\">Read More&#8230;<\/a><\/p>\n","protected":false},"featured_media":2391,"template":"","meta":[],"yoast_head":"<!-- This site is optimized with the Yoast SEO plugin v17.1 - https:\/\/yoast.com\/wordpress\/plugins\/seo\/ -->\n<title>Alba RE 22 univerz\u00e1ln\u00ed \u0161lehac\u00ed a hn\u011btac\u00ed stroj - Omega Bakery<\/title>\n<meta name=\"robots\" content=\"index, follow, max-snippet:-1, max-image-preview:large, max-video-preview:-1\" \/>\n<link rel=\"canonical\" href=\"https:\/\/omega-bakery.com\/sk\/produkt\/alba-re-22-univerzalni-slehaci-a-hnetaci-stroj\/\" \/>\n<meta property=\"og:locale\" content=\"sk_SK\" \/>\n<meta property=\"og:type\" content=\"article\" \/>\n<meta property=\"og:title\" content=\"Alba RE 22 univerz\u00e1ln\u00ed \u0161lehac\u00ed a hn\u011btac\u00ed stroj - Omega Bakery\" \/>\n<meta property=\"og:description\" content=\"Legenda sa vracia !!! Nov\u00e1 gener\u00e1cia kuchynsk\u00e9ho robota RE 22 m\u00e1 celokovov\u00fa kon\u0161trukciu s nerezov\u00fdmi krytmi a modern\u00fd tvar.  Daj\u00fa sa pou\u017ei\u0165 aj kotl\u00edky a n\u00e1stroje zo star\u00fdch strojov ALBA !!  Univerz\u00e1lny \u0161\u013eahac\u00ed a hnetac\u00ed stroj RE 22 umo\u017e\u0148uje miesenie \u013eahk\u00fdch i \u0165a\u017ek\u00fdch ciest, mie\u0161anie zemiakovej ka\u0161e a r\u00f4znych kr\u00e9mov, \u0161\u013eahanie smotany, bielkov a majon\u00e9zy.  &nbsp;   Viac inform\u00e1ci\u00ed o tomto stroji n\u00e1jdete v prilo\u017eenom let\u00e1ku TU   [...]Read More...\" \/>\n<meta property=\"og:url\" content=\"https:\/\/omega-bakery.com\/sk\/produkt\/alba-re-22-univerzalni-slehaci-a-hnetaci-stroj\/\" \/>\n<meta property=\"og:site_name\" content=\"Omega Bakery\" \/>\n<meta property=\"article:modified_time\" content=\"2026-04-02T10:45:39+00:00\" \/>\n<meta property=\"og:image\" content=\"http:\/\/omega-bakery.com\/sk\/wp-content\/uploads\/2026\/04\/1269_l.jpg\" \/>\n\t<meta property=\"og:image:width\" content=\"566\" \/>\n\t<meta property=\"og:image:height\" content=\"800\" \/>\n<meta name=\"twitter:card\" content=\"summary_large_image\" \/>\n<script type=\"application\/ld+json\" class=\"yoast-schema-graph\">{\"@context\":\"https:\/\/schema.org\",\"@graph\":[{\"@type\":\"WebSite\",\"@id\":\"https:\/\/omega-bakery.com\/sk\/#website\",\"url\":\"https:\/\/omega-bakery.com\/sk\/\",\"name\":\"Omega Bakery\",\"description\":\"Dodavatel stroj\\u016f a za\\u0159\\u00edzen\\u00ed pro pek\\u00e1rny\",\"potentialAction\":[{\"@type\":\"SearchAction\",\"target\":{\"@type\":\"EntryPoint\",\"urlTemplate\":\"https:\/\/omega-bakery.com\/sk\/?s={search_term_string}\"},\"query-input\":\"required name=search_term_string\"}],\"inLanguage\":\"sk-SK\"},{\"@type\":\"ImageObject\",\"@id\":\"https:\/\/omega-bakery.com\/sk\/produkt\/alba-re-22-univerzalni-slehaci-a-hnetaci-stroj\/#primaryimage\",\"inLanguage\":\"sk-SK\",\"url\":\"https:\/\/omega-bakery.com\/sk\/wp-content\/uploads\/2026\/04\/1269_l.jpg\",\"contentUrl\":\"https:\/\/omega-bakery.com\/sk\/wp-content\/uploads\/2026\/04\/1269_l.jpg\",\"width\":566,\"height\":800},{\"@type\":\"WebPage\",\"@id\":\"https:\/\/omega-bakery.com\/sk\/produkt\/alba-re-22-univerzalni-slehaci-a-hnetaci-stroj\/#webpage\",\"url\":\"https:\/\/omega-bakery.com\/sk\/produkt\/alba-re-22-univerzalni-slehaci-a-hnetaci-stroj\/\",\"name\":\"Alba RE 22 univerz\\u00e1ln\\u00ed \\u0161lehac\\u00ed a hn\\u011btac\\u00ed stroj - Omega Bakery\",\"isPartOf\":{\"@id\":\"https:\/\/omega-bakery.com\/sk\/#website\"},\"primaryImageOfPage\":{\"@id\":\"https:\/\/omega-bakery.com\/sk\/produkt\/alba-re-22-univerzalni-slehaci-a-hnetaci-stroj\/#primaryimage\"},\"datePublished\":\"2026-04-02T10:41:14+00:00\",\"dateModified\":\"2026-04-02T10:45:39+00:00\",\"breadcrumb\":{\"@id\":\"https:\/\/omega-bakery.com\/sk\/produkt\/alba-re-22-univerzalni-slehaci-a-hnetaci-stroj\/#breadcrumb\"},\"inLanguage\":\"sk-SK\",\"potentialAction\":[{\"@type\":\"ReadAction\",\"target\":[\"https:\/\/omega-bakery.com\/sk\/produkt\/alba-re-22-univerzalni-slehaci-a-hnetaci-stroj\/\"]}]},{\"@type\":\"BreadcrumbList\",\"@id\":\"https:\/\/omega-bakery.com\/sk\/produkt\/alba-re-22-univerzalni-slehaci-a-hnetaci-stroj\/#breadcrumb\",\"itemListElement\":[{\"@type\":\"ListItem\",\"position\":1,\"name\":\"Dom\\u016f\",\"item\":\"https:\/\/omega-bakery.com\/sk\/\"},{\"@type\":\"ListItem\",\"position\":2,\"name\":\"Stroje a zariadenia\",\"item\":\"https:\/\/omega-bakery.com\/sk\/stroje-a-zariadenia\/\"},{\"@type\":\"ListItem\",\"position\":3,\"name\":\"\\u0160\\u013eaha\\u010de, hneta\\u010de\",\"item\":\"https:\/\/omega-bakery.com\/sk\/stroje-a-zarizeni\/slahace-hnetace\/\"},{\"@type\":\"ListItem\",\"position\":4,\"name\":\"\\u0160\\u013eaha\\u010de\",\"item\":\"https:\/\/omega-bakery.com\/sk\/stroje-a-zarizeni\/slahace-hnetace\/slahace\/\"},{\"@type\":\"ListItem\",\"position\":5,\"name\":\"Alba RE 22 univerz\\u00e1ln\\u00ed \\u0161lehac\\u00ed a hn\\u011btac\\u00ed stroj\"}]}]}<\/script>\n<!-- \/ Yoast SEO plugin. -->","yoast_head_json":{"title":"Alba RE 22 univerz\u00e1ln\u00ed \u0161lehac\u00ed a hn\u011btac\u00ed stroj - Omega Bakery","robots":{"index":"index","follow":"follow","max-snippet":"max-snippet:-1","max-image-preview":"max-image-preview:large","max-video-preview":"max-video-preview:-1"},"canonical":"https:\/\/omega-bakery.com\/sk\/produkt\/alba-re-22-univerzalni-slehaci-a-hnetaci-stroj\/","og_locale":"sk_SK","og_type":"article","og_title":"Alba RE 22 univerz\u00e1ln\u00ed \u0161lehac\u00ed a hn\u011btac\u00ed stroj - Omega Bakery","og_description":"Legenda sa vracia !!! Nov\u00e1 gener\u00e1cia kuchynsk\u00e9ho robota RE 22 m\u00e1 celokovov\u00fa kon\u0161trukciu s nerezov\u00fdmi krytmi a modern\u00fd tvar.  Daj\u00fa sa pou\u017ei\u0165 aj kotl\u00edky a n\u00e1stroje zo star\u00fdch strojov ALBA !!  Univerz\u00e1lny \u0161\u013eahac\u00ed a hnetac\u00ed stroj RE 22 umo\u017e\u0148uje miesenie \u013eahk\u00fdch i \u0165a\u017ek\u00fdch ciest, mie\u0161anie zemiakovej ka\u0161e a r\u00f4znych kr\u00e9mov, \u0161\u013eahanie smotany, bielkov a majon\u00e9zy.  &nbsp;   Viac inform\u00e1ci\u00ed o tomto stroji n\u00e1jdete v prilo\u017eenom let\u00e1ku TU   [...]Read More...","og_url":"https:\/\/omega-bakery.com\/sk\/produkt\/alba-re-22-univerzalni-slehaci-a-hnetaci-stroj\/","og_site_name":"Omega Bakery","article_modified_time":"2026-04-02T10:45:39+00:00","og_image":[{"width":566,"height":800,"url":"http:\/\/omega-bakery.com\/sk\/wp-content\/uploads\/2026\/04\/1269_l.jpg","path":"\/data\/web\/virtuals\/278194\/virtual\/www\/domains\/omega-bakery.com\/sk\/wp-content\/uploads\/2026\/04\/1269_l.jpg","size":"full","id":2391,"alt":"","pixels":452800,"type":"image\/jpeg"}],"twitter_card":"summary_large_image","schema":{"@context":"https:\/\/schema.org","@graph":[{"@type":"WebSite","@id":"https:\/\/omega-bakery.com\/sk\/#website","url":"https:\/\/omega-bakery.com\/sk\/","name":"Omega Bakery","description":"Dodavatel stroj\u016f a za\u0159\u00edzen\u00ed pro pek\u00e1rny","potentialAction":[{"@type":"SearchAction","target":{"@type":"EntryPoint","urlTemplate":"https:\/\/omega-bakery.com\/sk\/?s={search_term_string}"},"query-input":"required name=search_term_string"}],"inLanguage":"sk-SK"},{"@type":"ImageObject","@id":"https:\/\/omega-bakery.com\/sk\/produkt\/alba-re-22-univerzalni-slehaci-a-hnetaci-stroj\/#primaryimage","inLanguage":"sk-SK","url":"https:\/\/omega-bakery.com\/sk\/wp-content\/uploads\/2026\/04\/1269_l.jpg","contentUrl":"https:\/\/omega-bakery.com\/sk\/wp-content\/uploads\/2026\/04\/1269_l.jpg","width":566,"height":800},{"@type":"WebPage","@id":"https:\/\/omega-bakery.com\/sk\/produkt\/alba-re-22-univerzalni-slehaci-a-hnetaci-stroj\/#webpage","url":"https:\/\/omega-bakery.com\/sk\/produkt\/alba-re-22-univerzalni-slehaci-a-hnetaci-stroj\/","name":"Alba RE 22 univerz\u00e1ln\u00ed \u0161lehac\u00ed a hn\u011btac\u00ed stroj - Omega Bakery","isPartOf":{"@id":"https:\/\/omega-bakery.com\/sk\/#website"},"primaryImageOfPage":{"@id":"https:\/\/omega-bakery.com\/sk\/produkt\/alba-re-22-univerzalni-slehaci-a-hnetaci-stroj\/#primaryimage"},"datePublished":"2026-04-02T10:41:14+00:00","dateModified":"2026-04-02T10:45:39+00:00","breadcrumb":{"@id":"https:\/\/omega-bakery.com\/sk\/produkt\/alba-re-22-univerzalni-slehaci-a-hnetaci-stroj\/#breadcrumb"},"inLanguage":"sk-SK","potentialAction":[{"@type":"ReadAction","target":["https:\/\/omega-bakery.com\/sk\/produkt\/alba-re-22-univerzalni-slehaci-a-hnetaci-stroj\/"]}]},{"@type":"BreadcrumbList","@id":"https:\/\/omega-bakery.com\/sk\/produkt\/alba-re-22-univerzalni-slehaci-a-hnetaci-stroj\/#breadcrumb","itemListElement":[{"@type":"ListItem","position":1,"name":"Dom\u016f","item":"https:\/\/omega-bakery.com\/sk\/"},{"@type":"ListItem","position":2,"name":"Stroje a zariadenia","item":"https:\/\/omega-bakery.com\/sk\/stroje-a-zariadenia\/"},{"@type":"ListItem","position":3,"name":"\u0160\u013eaha\u010de, hneta\u010de","item":"https:\/\/omega-bakery.com\/sk\/stroje-a-zarizeni\/slahace-hnetace\/"},{"@type":"ListItem","position":4,"name":"\u0160\u013eaha\u010de","item":"https:\/\/omega-bakery.com\/sk\/stroje-a-zarizeni\/slahace-hnetace\/slahace\/"},{"@type":"ListItem","position":5,"name":"Alba RE 22 univerz\u00e1ln\u00ed \u0161lehac\u00ed a hn\u011btac\u00ed stroj"}]}]}},"_links":{"self":[{"href":"https:\/\/omega-bakery.com\/sk\/wp-json\/wp\/v2\/product\/2390"}],"collection":[{"href":"https:\/\/omega-bakery.com\/sk\/wp-json\/wp\/v2\/product"}],"about":[{"href":"https:\/\/omega-bakery.com\/sk\/wp-json\/wp\/v2\/types\/product"}],"wp:featuredmedia":[{"embeddable":true,"href":"https:\/\/omega-bakery.com\/sk\/wp-json\/wp\/v2\/media\/2391"}],"wp:attachment":[{"href":"https:\/\/omega-bakery.com\/sk\/wp-json\/wp\/v2\/media?parent=2390"}],"curies":[{"name":"wp","href":"https:\/\/api.w.org\/{rel}","templated":true}]}}