{"id":253,"date":"2021-04-23T15:59:11","date_gmt":"2021-04-23T13:59:11","guid":{"rendered":"http:\/\/omega-bakery.com\/sk\/?post_type=product&#038;p=253"},"modified":"2024-01-08T14:55:59","modified_gmt":"2024-01-08T12:55:59","slug":"artezen-calybra","status":"publish","type":"product","link":"https:\/\/omega-bakery.com\/sk\/produkt\/artezen-calybra\/","title":{"rendered":"Artezen Calybra"},"content":{"rendered":"","protected":false},"excerpt":{"rendered":"<p>Deli\u010dka chlebov\u00fdch ciest.<\/p>\n<p><strong>Hlavn\u00e9 znaky<\/strong><\/p>\n<ul>\n<li>bezolejov\u00e9 delenie<\/li>\n<li>spracov\u00e1va v\u0161etky typy ciest<\/li>\n<li>v\u00e1kuov\u00fd princ\u00edp delenia<\/li>\n<li>mobiln\u00e9 prevedenie na kolieskach<\/li>\n<li>jedno alebo dvojriadkov\u00e9 delenie<\/li>\n<\/ul>\n<p><strong>Rozmedzie hmotnosti klonkov: <\/strong>50 &#8211; 2800 g\u00a0 pod\u013ea typu deli\u010dky<\/p>\n<div><strong>Pr\u00edkon:<\/strong> \u00a0 2,3 kW<\/div>\n<div><strong>Rozmery (d x \u0161 x v):<\/strong>\u00a0 1800 x 660 x 1740 mm<\/div>\n<div><strong>Hmotnos\u0165: \u00a0 <\/strong>560 kg<\/div>\n<p>&nbsp;<\/p>\n<p>Viac inform\u00e1ci\u00ed o tejto deli\u010dke n\u00e1jdete v prilo\u017eenom let\u00e1ku <a href=\"http:\/\/omega-bakery.com\/sk\/wp-content\/uploads\/2024\/01\/Artezen-Calybra-0124.pdf\" target=\"_blank\" rel=\"noopener\">TU<\/a><\/p>\n<div>\n<p><a href=\"https:\/\/www.youtube.com\/watch?v=ol1QfaqvA_s\" target=\"newtab\" rel=\"noopener\">Video k zhliadnutiu<\/a><\/p>\n<\/div>\n<p> [&#8230;]<\/p>\n<p><a class=\"btn btn-secondary understrap-read-more-link\" href=\"https:\/\/omega-bakery.com\/sk\/produkt\/artezen-calybra\/\">Read More&#8230;<\/a><\/p>\n","protected":false},"featured_media":2153,"template":"","meta":[],"yoast_head":"<!-- This site is optimized with the Yoast SEO plugin v17.1 - https:\/\/yoast.com\/wordpress\/plugins\/seo\/ -->\n<title>Artezen Calybra - Omega Bakery<\/title>\n<meta name=\"robots\" content=\"index, follow, max-snippet:-1, max-image-preview:large, max-video-preview:-1\" \/>\n<link rel=\"canonical\" href=\"https:\/\/omega-bakery.com\/sk\/produkt\/artezen-calybra\/\" \/>\n<meta property=\"og:locale\" content=\"sk_SK\" \/>\n<meta property=\"og:type\" content=\"article\" \/>\n<meta property=\"og:title\" content=\"Artezen Calybra - Omega Bakery\" \/>\n<meta property=\"og:description\" content=\"Deli\u010dka chlebov\u00fdch ciest.  Hlavn\u00e9 znaky   bezolejov\u00e9 delenie  spracov\u00e1va v\u0161etky typy ciest  v\u00e1kuov\u00fd princ\u00edp delenia  mobiln\u00e9 prevedenie na kolieskach  jedno alebo dvojriadkov\u00e9 delenie  Rozmedzie hmotnosti klonkov: 50 - 2800 g\u00a0 pod\u013ea typu deli\u010dky Pr\u00edkon: \u00a0 2,3 kW Rozmery (d x \u0161 x v):\u00a0 1800 x 660 x 1740 mm Hmotnos\u0165: \u00a0 560 kg &nbsp;  Viac inform\u00e1ci\u00ed o tejto deli\u010dke n\u00e1jdete v prilo\u017eenom let\u00e1ku TU   Video k zhliadnutiu   [...]Read More...\" \/>\n<meta property=\"og:url\" content=\"https:\/\/omega-bakery.com\/sk\/produkt\/artezen-calybra\/\" \/>\n<meta property=\"og:site_name\" content=\"Omega Bakery\" \/>\n<meta property=\"article:modified_time\" content=\"2024-01-08T12:55:59+00:00\" \/>\n<meta property=\"og:image\" content=\"http:\/\/omega-bakery.com\/sk\/wp-content\/uploads\/2024\/01\/Calybra-new.jpg\" \/>\n\t<meta property=\"og:image:width\" content=\"1192\" \/>\n\t<meta property=\"og:image:height\" content=\"1047\" \/>\n<meta name=\"twitter:card\" content=\"summary_large_image\" \/>\n<script type=\"application\/ld+json\" class=\"yoast-schema-graph\">{\"@context\":\"https:\/\/schema.org\",\"@graph\":[{\"@type\":\"WebSite\",\"@id\":\"https:\/\/omega-bakery.com\/sk\/#website\",\"url\":\"https:\/\/omega-bakery.com\/sk\/\",\"name\":\"Omega Bakery\",\"description\":\"Dodavatel stroj\\u016f a za\\u0159\\u00edzen\\u00ed pro pek\\u00e1rny\",\"potentialAction\":[{\"@type\":\"SearchAction\",\"target\":{\"@type\":\"EntryPoint\",\"urlTemplate\":\"https:\/\/omega-bakery.com\/sk\/?s={search_term_string}\"},\"query-input\":\"required name=search_term_string\"}],\"inLanguage\":\"sk-SK\"},{\"@type\":\"ImageObject\",\"@id\":\"https:\/\/omega-bakery.com\/sk\/produkt\/artezen-calybra\/#primaryimage\",\"inLanguage\":\"sk-SK\",\"url\":\"https:\/\/omega-bakery.com\/sk\/wp-content\/uploads\/2024\/01\/Calybra-new.jpg\",\"contentUrl\":\"https:\/\/omega-bakery.com\/sk\/wp-content\/uploads\/2024\/01\/Calybra-new.jpg\",\"width\":1192,\"height\":1047},{\"@type\":\"WebPage\",\"@id\":\"https:\/\/omega-bakery.com\/sk\/produkt\/artezen-calybra\/#webpage\",\"url\":\"https:\/\/omega-bakery.com\/sk\/produkt\/artezen-calybra\/\",\"name\":\"Artezen Calybra - Omega Bakery\",\"isPartOf\":{\"@id\":\"https:\/\/omega-bakery.com\/sk\/#website\"},\"primaryImageOfPage\":{\"@id\":\"https:\/\/omega-bakery.com\/sk\/produkt\/artezen-calybra\/#primaryimage\"},\"datePublished\":\"2021-04-23T13:59:11+00:00\",\"dateModified\":\"2024-01-08T12:55:59+00:00\",\"breadcrumb\":{\"@id\":\"https:\/\/omega-bakery.com\/sk\/produkt\/artezen-calybra\/#breadcrumb\"},\"inLanguage\":\"sk-SK\",\"potentialAction\":[{\"@type\":\"ReadAction\",\"target\":[\"https:\/\/omega-bakery.com\/sk\/produkt\/artezen-calybra\/\"]}]},{\"@type\":\"BreadcrumbList\",\"@id\":\"https:\/\/omega-bakery.com\/sk\/produkt\/artezen-calybra\/#breadcrumb\",\"itemListElement\":[{\"@type\":\"ListItem\",\"position\":1,\"name\":\"Dom\\u016f\",\"item\":\"https:\/\/omega-bakery.com\/sk\/\"},{\"@type\":\"ListItem\",\"position\":2,\"name\":\"Stroje a zariadenia\",\"item\":\"https:\/\/omega-bakery.com\/sk\/stroje-a-zariadenia\/\"},{\"@type\":\"ListItem\",\"position\":3,\"name\":\"Deli\\u010dky\",\"item\":\"http:\/\/omega-bakery.com\/sk\/stroje-a-zarizeni\/delicky\/\"},{\"@type\":\"ListItem\",\"position\":4,\"name\":\"Chlebov\\u00e9 deli\\u010dky\",\"item\":\"http:\/\/omega-bakery.com\/sk\/stroje-a-zarizeni\/delicky\/chlebove-delicky\/\"},{\"@type\":\"ListItem\",\"position\":5,\"name\":\"Artezen Calybra\"}]}]}<\/script>\n<!-- \/ Yoast SEO plugin. -->","yoast_head_json":{"title":"Artezen Calybra - Omega Bakery","robots":{"index":"index","follow":"follow","max-snippet":"max-snippet:-1","max-image-preview":"max-image-preview:large","max-video-preview":"max-video-preview:-1"},"canonical":"https:\/\/omega-bakery.com\/sk\/produkt\/artezen-calybra\/","og_locale":"sk_SK","og_type":"article","og_title":"Artezen Calybra - Omega Bakery","og_description":"Deli\u010dka chlebov\u00fdch ciest.  Hlavn\u00e9 znaky   bezolejov\u00e9 delenie  spracov\u00e1va v\u0161etky typy ciest  v\u00e1kuov\u00fd princ\u00edp delenia  mobiln\u00e9 prevedenie na kolieskach  jedno alebo dvojriadkov\u00e9 delenie  Rozmedzie hmotnosti klonkov: 50 - 2800 g\u00a0 pod\u013ea typu deli\u010dky Pr\u00edkon: \u00a0 2,3 kW Rozmery (d x \u0161 x v):\u00a0 1800 x 660 x 1740 mm Hmotnos\u0165: \u00a0 560 kg &nbsp;  Viac inform\u00e1ci\u00ed o tejto deli\u010dke n\u00e1jdete v prilo\u017eenom let\u00e1ku TU   Video k zhliadnutiu   [...]Read More...","og_url":"https:\/\/omega-bakery.com\/sk\/produkt\/artezen-calybra\/","og_site_name":"Omega Bakery","article_modified_time":"2024-01-08T12:55:59+00:00","og_image":[{"width":1192,"height":1047,"url":"http:\/\/omega-bakery.com\/sk\/wp-content\/uploads\/2024\/01\/Calybra-new.jpg","path":"\/data\/web\/virtuals\/278194\/virtual\/www\/domains\/omega-bakery.com\/sk\/wp-content\/uploads\/2024\/01\/Calybra-new.jpg","size":"full","id":2153,"alt":"","pixels":1248024,"type":"image\/jpeg"}],"twitter_card":"summary_large_image","schema":{"@context":"https:\/\/schema.org","@graph":[{"@type":"WebSite","@id":"https:\/\/omega-bakery.com\/sk\/#website","url":"https:\/\/omega-bakery.com\/sk\/","name":"Omega Bakery","description":"Dodavatel stroj\u016f a za\u0159\u00edzen\u00ed pro pek\u00e1rny","potentialAction":[{"@type":"SearchAction","target":{"@type":"EntryPoint","urlTemplate":"https:\/\/omega-bakery.com\/sk\/?s={search_term_string}"},"query-input":"required name=search_term_string"}],"inLanguage":"sk-SK"},{"@type":"ImageObject","@id":"https:\/\/omega-bakery.com\/sk\/produkt\/artezen-calybra\/#primaryimage","inLanguage":"sk-SK","url":"https:\/\/omega-bakery.com\/sk\/wp-content\/uploads\/2024\/01\/Calybra-new.jpg","contentUrl":"https:\/\/omega-bakery.com\/sk\/wp-content\/uploads\/2024\/01\/Calybra-new.jpg","width":1192,"height":1047},{"@type":"WebPage","@id":"https:\/\/omega-bakery.com\/sk\/produkt\/artezen-calybra\/#webpage","url":"https:\/\/omega-bakery.com\/sk\/produkt\/artezen-calybra\/","name":"Artezen Calybra - Omega Bakery","isPartOf":{"@id":"https:\/\/omega-bakery.com\/sk\/#website"},"primaryImageOfPage":{"@id":"https:\/\/omega-bakery.com\/sk\/produkt\/artezen-calybra\/#primaryimage"},"datePublished":"2021-04-23T13:59:11+00:00","dateModified":"2024-01-08T12:55:59+00:00","breadcrumb":{"@id":"https:\/\/omega-bakery.com\/sk\/produkt\/artezen-calybra\/#breadcrumb"},"inLanguage":"sk-SK","potentialAction":[{"@type":"ReadAction","target":["https:\/\/omega-bakery.com\/sk\/produkt\/artezen-calybra\/"]}]},{"@type":"BreadcrumbList","@id":"https:\/\/omega-bakery.com\/sk\/produkt\/artezen-calybra\/#breadcrumb","itemListElement":[{"@type":"ListItem","position":1,"name":"Dom\u016f","item":"https:\/\/omega-bakery.com\/sk\/"},{"@type":"ListItem","position":2,"name":"Stroje a zariadenia","item":"https:\/\/omega-bakery.com\/sk\/stroje-a-zariadenia\/"},{"@type":"ListItem","position":3,"name":"Deli\u010dky","item":"http:\/\/omega-bakery.com\/sk\/stroje-a-zarizeni\/delicky\/"},{"@type":"ListItem","position":4,"name":"Chlebov\u00e9 deli\u010dky","item":"http:\/\/omega-bakery.com\/sk\/stroje-a-zarizeni\/delicky\/chlebove-delicky\/"},{"@type":"ListItem","position":5,"name":"Artezen Calybra"}]}]}},"_links":{"self":[{"href":"https:\/\/omega-bakery.com\/sk\/wp-json\/wp\/v2\/product\/253"}],"collection":[{"href":"https:\/\/omega-bakery.com\/sk\/wp-json\/wp\/v2\/product"}],"about":[{"href":"https:\/\/omega-bakery.com\/sk\/wp-json\/wp\/v2\/types\/product"}],"wp:featuredmedia":[{"embeddable":true,"href":"https:\/\/omega-bakery.com\/sk\/wp-json\/wp\/v2\/media\/2153"}],"wp:attachment":[{"href":"https:\/\/omega-bakery.com\/sk\/wp-json\/wp\/v2\/media?parent=253"}],"curies":[{"name":"wp","href":"https:\/\/api.w.org\/{rel}","templated":true}]}}