{"id":254,"date":"2021-04-23T15:59:24","date_gmt":"2021-04-23T13:59:24","guid":{"rendered":"http:\/\/omega-bakery.com\/sk\/?post_type=product&#038;p=254"},"modified":"2023-11-16T11:15:33","modified_gmt":"2023-11-16T09:15:33","slug":"artezen-calybra-hd","status":"publish","type":"product","link":"https:\/\/omega-bakery.com\/sk\/produkt\/artezen-calybra-hd\/","title":{"rendered":"Artezen Calybra HD"},"content":{"rendered":"","protected":false},"excerpt":{"rendered":"<p>Deli\u010dka chlebov\u00fdch ciest do priemyseln\u00fdch prev\u00e1dzok 24 \/ 7.<\/p>\n<div>Vysokokapacitn\u00fd hydraulick\u00fd syst\u00e9m s dvojit\u00fdm trval\u00fdm chladen\u00edm zais\u0165uje pr\u00e1cu v trojsmennej prev\u00e1dzke.<\/div>\n<div><\/div>\n<p><strong>Hlavn\u00e9 znaky<\/strong><\/p>\n<ul>\n<li>bezolejov\u00e9 delenie<\/li>\n<li>spracuje v\u0161etky typy ciest<\/li>\n<li>v\u00e1kuov\u00fd princ\u00edp delenia<\/li>\n<li>jedno alebo dvojriadkov\u00e9 delenie<\/li>\n<li>mobiln\u00e9 prevedenie na kolieskach<\/li>\n<li>po\u010d\u00edtadlo vyroben\u00fdch kusov s automatick\u00fdm vyp\u00ednan\u00edm<\/li>\n<li>programovanie, mo\u017enos\u0165 vzdialen\u00e9ho spravovania<\/li>\n<\/ul>\n<p><strong>Rozmedzie hmotnosti klonkov: <\/strong>50 &#8211; 2800 g\u00a0 pod\u013ea typu deli\u010dky<\/p>\n<div><strong>Pr\u00edkon:<\/strong>\u00a0 \u00a03\u00a0kW<\/div>\n<div><strong>Rozmery (d x \u0161 x v):<\/strong>\u00a0 1826 x 1523 x 1750 mm<\/div>\n<div><strong>Hmotnos\u0165: \u00a0 <\/strong>660 kg<\/div>\n<p>&nbsp;<\/p>\n<p>Viac inform\u00e1ci\u00ed o tejto deli\u010dke n\u00e1jdete v prilo\u017eenom let\u00e1ku <a href=\"http:\/\/omega-bakery.com\/sk\/wp-content\/uploads\/2021\/04\/Artezen-Calybra-HD-0823.pdf\" target=\"newtab\" rel=\"noopener\">TU<\/a><\/p>\n<p><a href=\"https:\/\/youtu.be\/wP_h1a0TeDA\" target=\"_blank\" rel=\"noopener\">video k zhliadnutiu<\/a> [&#8230;]<\/p>\n<p><a class=\"btn btn-secondary understrap-read-more-link\" href=\"https:\/\/omega-bakery.com\/sk\/produkt\/artezen-calybra-hd\/\">Read More&#8230;<\/a><\/p>\n","protected":false},"featured_media":1986,"template":"","meta":[],"yoast_head":"<!-- This site is optimized with the Yoast SEO plugin v17.1 - https:\/\/yoast.com\/wordpress\/plugins\/seo\/ -->\n<title>Artezen Calybra HD - Omega Bakery<\/title>\n<meta name=\"robots\" content=\"index, follow, max-snippet:-1, max-image-preview:large, max-video-preview:-1\" \/>\n<link rel=\"canonical\" href=\"https:\/\/omega-bakery.com\/sk\/produkt\/artezen-calybra-hd\/\" \/>\n<meta property=\"og:locale\" content=\"sk_SK\" \/>\n<meta property=\"og:type\" content=\"article\" \/>\n<meta property=\"og:title\" content=\"Artezen Calybra HD - Omega Bakery\" \/>\n<meta property=\"og:description\" content=\"Deli\u010dka chlebov\u00fdch ciest do priemyseln\u00fdch prev\u00e1dzok 24 \/ 7. Vysokokapacitn\u00fd hydraulick\u00fd syst\u00e9m s dvojit\u00fdm trval\u00fdm chladen\u00edm zais\u0165uje pr\u00e1cu v trojsmennej prev\u00e1dzke.  Hlavn\u00e9 znaky   bezolejov\u00e9 delenie  spracuje v\u0161etky typy ciest  v\u00e1kuov\u00fd princ\u00edp delenia  jedno alebo dvojriadkov\u00e9 delenie  mobiln\u00e9 prevedenie na kolieskach  po\u010d\u00edtadlo vyroben\u00fdch kusov s automatick\u00fdm vyp\u00ednan\u00edm  programovanie, mo\u017enos\u0165 vzdialen\u00e9ho spravovania  Rozmedzie hmotnosti klonkov: 50 - 2800 g\u00a0 pod\u013ea typu deli\u010dky Pr\u00edkon:\u00a0 \u00a03\u00a0kW Rozmery (d x \u0161 x v):\u00a0 1826 x 1523 x 1750 mm Hmotnos\u0165: \u00a0 660 kg &nbsp;  Viac inform\u00e1ci\u00ed o tejto deli\u010dke n\u00e1jdete v prilo\u017eenom let\u00e1ku TU  video k zhliadnutiu [...]Read More...\" \/>\n<meta property=\"og:url\" content=\"https:\/\/omega-bakery.com\/sk\/produkt\/artezen-calybra-hd\/\" \/>\n<meta property=\"og:site_name\" content=\"Omega Bakery\" \/>\n<meta property=\"article:modified_time\" content=\"2023-11-16T09:15:33+00:00\" \/>\n<meta property=\"og:image\" content=\"http:\/\/omega-bakery.com\/sk\/wp-content\/uploads\/2021\/04\/HD1.png\" \/>\n\t<meta property=\"og:image:width\" content=\"612\" \/>\n\t<meta property=\"og:image:height\" content=\"587\" \/>\n<meta name=\"twitter:card\" content=\"summary_large_image\" \/>\n<script type=\"application\/ld+json\" class=\"yoast-schema-graph\">{\"@context\":\"https:\/\/schema.org\",\"@graph\":[{\"@type\":\"WebSite\",\"@id\":\"https:\/\/omega-bakery.com\/sk\/#website\",\"url\":\"https:\/\/omega-bakery.com\/sk\/\",\"name\":\"Omega Bakery\",\"description\":\"Dodavatel stroj\\u016f a za\\u0159\\u00edzen\\u00ed pro pek\\u00e1rny\",\"potentialAction\":[{\"@type\":\"SearchAction\",\"target\":{\"@type\":\"EntryPoint\",\"urlTemplate\":\"https:\/\/omega-bakery.com\/sk\/?s={search_term_string}\"},\"query-input\":\"required name=search_term_string\"}],\"inLanguage\":\"sk-SK\"},{\"@type\":\"ImageObject\",\"@id\":\"https:\/\/omega-bakery.com\/sk\/produkt\/artezen-calybra-hd\/#primaryimage\",\"inLanguage\":\"sk-SK\",\"url\":\"https:\/\/omega-bakery.com\/sk\/wp-content\/uploads\/2021\/04\/HD1.png\",\"contentUrl\":\"https:\/\/omega-bakery.com\/sk\/wp-content\/uploads\/2021\/04\/HD1.png\",\"width\":612,\"height\":587},{\"@type\":\"WebPage\",\"@id\":\"https:\/\/omega-bakery.com\/sk\/produkt\/artezen-calybra-hd\/#webpage\",\"url\":\"https:\/\/omega-bakery.com\/sk\/produkt\/artezen-calybra-hd\/\",\"name\":\"Artezen Calybra HD - Omega Bakery\",\"isPartOf\":{\"@id\":\"https:\/\/omega-bakery.com\/sk\/#website\"},\"primaryImageOfPage\":{\"@id\":\"https:\/\/omega-bakery.com\/sk\/produkt\/artezen-calybra-hd\/#primaryimage\"},\"datePublished\":\"2021-04-23T13:59:24+00:00\",\"dateModified\":\"2023-11-16T09:15:33+00:00\",\"breadcrumb\":{\"@id\":\"https:\/\/omega-bakery.com\/sk\/produkt\/artezen-calybra-hd\/#breadcrumb\"},\"inLanguage\":\"sk-SK\",\"potentialAction\":[{\"@type\":\"ReadAction\",\"target\":[\"https:\/\/omega-bakery.com\/sk\/produkt\/artezen-calybra-hd\/\"]}]},{\"@type\":\"BreadcrumbList\",\"@id\":\"https:\/\/omega-bakery.com\/sk\/produkt\/artezen-calybra-hd\/#breadcrumb\",\"itemListElement\":[{\"@type\":\"ListItem\",\"position\":1,\"name\":\"Dom\\u016f\",\"item\":\"https:\/\/omega-bakery.com\/sk\/\"},{\"@type\":\"ListItem\",\"position\":2,\"name\":\"Stroje a zariadenia\",\"item\":\"https:\/\/omega-bakery.com\/sk\/stroje-a-zariadenia\/\"},{\"@type\":\"ListItem\",\"position\":3,\"name\":\"Deli\\u010dky\",\"item\":\"http:\/\/omega-bakery.com\/sk\/stroje-a-zarizeni\/delicky\/\"},{\"@type\":\"ListItem\",\"position\":4,\"name\":\"Chlebov\\u00e9 deli\\u010dky\",\"item\":\"http:\/\/omega-bakery.com\/sk\/stroje-a-zarizeni\/delicky\/chlebove-delicky\/\"},{\"@type\":\"ListItem\",\"position\":5,\"name\":\"Artezen Calybra HD\"}]}]}<\/script>\n<!-- \/ Yoast SEO plugin. -->","yoast_head_json":{"title":"Artezen Calybra HD - Omega Bakery","robots":{"index":"index","follow":"follow","max-snippet":"max-snippet:-1","max-image-preview":"max-image-preview:large","max-video-preview":"max-video-preview:-1"},"canonical":"https:\/\/omega-bakery.com\/sk\/produkt\/artezen-calybra-hd\/","og_locale":"sk_SK","og_type":"article","og_title":"Artezen Calybra HD - Omega Bakery","og_description":"Deli\u010dka chlebov\u00fdch ciest do priemyseln\u00fdch prev\u00e1dzok 24 \/ 7. Vysokokapacitn\u00fd hydraulick\u00fd syst\u00e9m s dvojit\u00fdm trval\u00fdm chladen\u00edm zais\u0165uje pr\u00e1cu v trojsmennej prev\u00e1dzke.  Hlavn\u00e9 znaky   bezolejov\u00e9 delenie  spracuje v\u0161etky typy ciest  v\u00e1kuov\u00fd princ\u00edp delenia  jedno alebo dvojriadkov\u00e9 delenie  mobiln\u00e9 prevedenie na kolieskach  po\u010d\u00edtadlo vyroben\u00fdch kusov s automatick\u00fdm vyp\u00ednan\u00edm  programovanie, mo\u017enos\u0165 vzdialen\u00e9ho spravovania  Rozmedzie hmotnosti klonkov: 50 - 2800 g\u00a0 pod\u013ea typu deli\u010dky Pr\u00edkon:\u00a0 \u00a03\u00a0kW Rozmery (d x \u0161 x v):\u00a0 1826 x 1523 x 1750 mm Hmotnos\u0165: \u00a0 660 kg &nbsp;  Viac inform\u00e1ci\u00ed o tejto deli\u010dke n\u00e1jdete v prilo\u017eenom let\u00e1ku TU  video k zhliadnutiu [...]Read More...","og_url":"https:\/\/omega-bakery.com\/sk\/produkt\/artezen-calybra-hd\/","og_site_name":"Omega Bakery","article_modified_time":"2023-11-16T09:15:33+00:00","og_image":[{"width":612,"height":587,"url":"http:\/\/omega-bakery.com\/sk\/wp-content\/uploads\/2021\/04\/HD1.png","path":"\/data\/web\/virtuals\/278194\/virtual\/www\/domains\/omega-bakery.com\/sk\/wp-content\/uploads\/2021\/04\/HD1.png","size":"full","id":1986,"alt":"","pixels":359244,"type":"image\/png"}],"twitter_card":"summary_large_image","schema":{"@context":"https:\/\/schema.org","@graph":[{"@type":"WebSite","@id":"https:\/\/omega-bakery.com\/sk\/#website","url":"https:\/\/omega-bakery.com\/sk\/","name":"Omega Bakery","description":"Dodavatel stroj\u016f a za\u0159\u00edzen\u00ed pro pek\u00e1rny","potentialAction":[{"@type":"SearchAction","target":{"@type":"EntryPoint","urlTemplate":"https:\/\/omega-bakery.com\/sk\/?s={search_term_string}"},"query-input":"required name=search_term_string"}],"inLanguage":"sk-SK"},{"@type":"ImageObject","@id":"https:\/\/omega-bakery.com\/sk\/produkt\/artezen-calybra-hd\/#primaryimage","inLanguage":"sk-SK","url":"https:\/\/omega-bakery.com\/sk\/wp-content\/uploads\/2021\/04\/HD1.png","contentUrl":"https:\/\/omega-bakery.com\/sk\/wp-content\/uploads\/2021\/04\/HD1.png","width":612,"height":587},{"@type":"WebPage","@id":"https:\/\/omega-bakery.com\/sk\/produkt\/artezen-calybra-hd\/#webpage","url":"https:\/\/omega-bakery.com\/sk\/produkt\/artezen-calybra-hd\/","name":"Artezen Calybra HD - Omega Bakery","isPartOf":{"@id":"https:\/\/omega-bakery.com\/sk\/#website"},"primaryImageOfPage":{"@id":"https:\/\/omega-bakery.com\/sk\/produkt\/artezen-calybra-hd\/#primaryimage"},"datePublished":"2021-04-23T13:59:24+00:00","dateModified":"2023-11-16T09:15:33+00:00","breadcrumb":{"@id":"https:\/\/omega-bakery.com\/sk\/produkt\/artezen-calybra-hd\/#breadcrumb"},"inLanguage":"sk-SK","potentialAction":[{"@type":"ReadAction","target":["https:\/\/omega-bakery.com\/sk\/produkt\/artezen-calybra-hd\/"]}]},{"@type":"BreadcrumbList","@id":"https:\/\/omega-bakery.com\/sk\/produkt\/artezen-calybra-hd\/#breadcrumb","itemListElement":[{"@type":"ListItem","position":1,"name":"Dom\u016f","item":"https:\/\/omega-bakery.com\/sk\/"},{"@type":"ListItem","position":2,"name":"Stroje a zariadenia","item":"https:\/\/omega-bakery.com\/sk\/stroje-a-zariadenia\/"},{"@type":"ListItem","position":3,"name":"Deli\u010dky","item":"http:\/\/omega-bakery.com\/sk\/stroje-a-zarizeni\/delicky\/"},{"@type":"ListItem","position":4,"name":"Chlebov\u00e9 deli\u010dky","item":"http:\/\/omega-bakery.com\/sk\/stroje-a-zarizeni\/delicky\/chlebove-delicky\/"},{"@type":"ListItem","position":5,"name":"Artezen Calybra HD"}]}]}},"_links":{"self":[{"href":"https:\/\/omega-bakery.com\/sk\/wp-json\/wp\/v2\/product\/254"}],"collection":[{"href":"https:\/\/omega-bakery.com\/sk\/wp-json\/wp\/v2\/product"}],"about":[{"href":"https:\/\/omega-bakery.com\/sk\/wp-json\/wp\/v2\/types\/product"}],"wp:featuredmedia":[{"embeddable":true,"href":"https:\/\/omega-bakery.com\/sk\/wp-json\/wp\/v2\/media\/1986"}],"wp:attachment":[{"href":"https:\/\/omega-bakery.com\/sk\/wp-json\/wp\/v2\/media?parent=254"}],"curies":[{"name":"wp","href":"https:\/\/api.w.org\/{rel}","templated":true}]}}