{"id":255,"date":"2021-04-23T15:59:38","date_gmt":"2021-04-23T13:59:38","guid":{"rendered":"http:\/\/omega-bakery.com\/sk\/?post_type=product&#038;p=255"},"modified":"2023-11-16T11:20:04","modified_gmt":"2023-11-16T09:20:04","slug":"glimek-sd-180","status":"publish","type":"product","link":"https:\/\/omega-bakery.com\/sk\/produkt\/glimek-sd-180\/","title":{"rendered":"Glimek SD 180"},"content":{"rendered":"","protected":false},"excerpt":{"rendered":"<p><strong>Hlavn\u00e9 znaky<\/strong><\/p>\n<ul>\n<li>kombin\u00e1cia podtlaku a jemn\u00e9ho tlaku pri delen\u00ed<\/li>\n<li>olejovac\u00ed mechanizmus<\/li>\n<li>jednoduch\u00e9 ovl\u00e1danie<\/li>\n<li>nerezov\u00e9 opl\u00e1\u0161tenie<\/li>\n<li>stabiln\u00e1 a pevn\u00e1 kon\u0161trukcia<\/li>\n<\/ul>\n<div><strong>Doporu\u010den\u00e1 v\u00fdbava:<\/strong><\/div>\n<ul>\n<li>automatick\u00e9 zapra\u0161ovanie v\u00fdjazdn\u00e9ho dopravn\u00edka<\/li>\n<\/ul>\n<p><strong>Rozmedzie hmotnosti klonkov: <\/strong>50 &#8211; 2300 g\u00a0 pod\u013ea typu deli\u010dky<\/p>\n<p>s minipiestom ( pre SD 180 a SD 180XL ) od 35 g<\/p>\n<div><strong>Pr\u00edkon:<\/strong>\u00a0\u00a0 1,1\u00a0kW<\/div>\n<div><strong>Rozmery (d x \u0161 x v):<\/strong> \u00a0 1510 x 666 x 1599 mm<\/div>\n<div>\n<div><strong>Priemer horn\u00e9ho kraja n\u00e1sypky: <\/strong>\u00a0 1155 mm<\/div>\n<div><strong>Hmotnos\u0165: <\/strong>\u00a0 540 kg<\/div>\n<\/div>\n<p>&nbsp;<\/p>\n<p>Viac inform\u00e1ci\u00ed o tejto deli\u010dke n\u00e1jdete v prilo\u017eenom let\u00e1ku <a href=\"http:\/\/omega-bakery.com\/sk\/wp-content\/uploads\/2021\/04\/Glimek-SD-180-0823.pdf\" target=\"_blank\" rel=\"noopener\">TU<\/a><\/p>\n<div><a href=\"https:\/\/www.youtube.com\/watch?v=E-58Yalfak0\" target=\"_blank\" rel=\"noopener\">Video k zhliadnutiu<\/a><\/div>\n<p> [&#8230;]<\/p>\n<p><a class=\"btn btn-secondary understrap-read-more-link\" href=\"https:\/\/omega-bakery.com\/sk\/produkt\/glimek-sd-180\/\">Read More&#8230;<\/a><\/p>\n","protected":false},"featured_media":934,"template":"","meta":[],"yoast_head":"<!-- This site is optimized with the Yoast SEO plugin v17.1 - https:\/\/yoast.com\/wordpress\/plugins\/seo\/ -->\n<title>Glimek SD 180 - Omega Bakery<\/title>\n<meta name=\"robots\" content=\"index, follow, max-snippet:-1, max-image-preview:large, max-video-preview:-1\" \/>\n<link rel=\"canonical\" href=\"http:\/\/omega-bakery.com\/sk\/produkt\/glimek-sd-180\/\" \/>\n<meta property=\"og:locale\" content=\"sk_SK\" \/>\n<meta property=\"og:type\" content=\"article\" \/>\n<meta property=\"og:title\" content=\"Glimek SD 180 - Omega Bakery\" \/>\n<meta property=\"og:description\" content=\"Hlavn\u00e9 znaky   kombin\u00e1cia podtlaku a jemn\u00e9ho tlaku pri delen\u00ed  olejovac\u00ed mechanizmus  jednoduch\u00e9 ovl\u00e1danie  nerezov\u00e9 opl\u00e1\u0161tenie  stabiln\u00e1 a pevn\u00e1 kon\u0161trukcia  Doporu\u010den\u00e1 v\u00fdbava:   automatick\u00e9 zapra\u0161ovanie v\u00fdjazdn\u00e9ho dopravn\u00edka  Rozmedzie hmotnosti klonkov: 50 - 2300 g\u00a0 pod\u013ea typu deli\u010dky  s minipiestom ( pre SD 180 a SD 180XL ) od 35 g Pr\u00edkon:\u00a0\u00a0 1,1\u00a0kW Rozmery (d x \u0161 x v): \u00a0 1510 x 666 x 1599 mm  Priemer horn\u00e9ho kraja n\u00e1sypky: \u00a0 1155 mm Hmotnos\u0165: \u00a0 540 kg  &nbsp;  Viac inform\u00e1ci\u00ed o tejto deli\u010dke n\u00e1jdete v prilo\u017eenom let\u00e1ku TU Video k zhliadnutiu [...]Read More...\" \/>\n<meta property=\"og:url\" content=\"http:\/\/omega-bakery.com\/sk\/produkt\/glimek-sd-180\/\" \/>\n<meta property=\"og:site_name\" content=\"Omega Bakery\" \/>\n<meta property=\"article:modified_time\" content=\"2023-11-16T09:20:04+00:00\" \/>\n<meta property=\"og:image\" content=\"http:\/\/omega-bakery.com\/sk\/wp-content\/uploads\/2021\/04\/Glimek-SD-180-3.png\" \/>\n\t<meta property=\"og:image:width\" content=\"533\" \/>\n\t<meta property=\"og:image:height\" content=\"700\" \/>\n<meta name=\"twitter:card\" content=\"summary_large_image\" \/>\n<script type=\"application\/ld+json\" class=\"yoast-schema-graph\">{\"@context\":\"https:\/\/schema.org\",\"@graph\":[{\"@type\":\"WebSite\",\"@id\":\"https:\/\/omega-bakery.com\/sk\/#website\",\"url\":\"https:\/\/omega-bakery.com\/sk\/\",\"name\":\"Omega Bakery\",\"description\":\"Dodavatel stroj\\u016f a za\\u0159\\u00edzen\\u00ed pro pek\\u00e1rny\",\"potentialAction\":[{\"@type\":\"SearchAction\",\"target\":{\"@type\":\"EntryPoint\",\"urlTemplate\":\"https:\/\/omega-bakery.com\/sk\/?s={search_term_string}\"},\"query-input\":\"required name=search_term_string\"}],\"inLanguage\":\"sk-SK\"},{\"@type\":\"ImageObject\",\"@id\":\"http:\/\/omega-bakery.com\/sk\/produkt\/glimek-sd-180\/#primaryimage\",\"inLanguage\":\"sk-SK\",\"url\":\"https:\/\/omega-bakery.com\/sk\/wp-content\/uploads\/2021\/04\/Glimek-SD-180-3.png\",\"contentUrl\":\"https:\/\/omega-bakery.com\/sk\/wp-content\/uploads\/2021\/04\/Glimek-SD-180-3.png\",\"width\":533,\"height\":700},{\"@type\":\"WebPage\",\"@id\":\"http:\/\/omega-bakery.com\/sk\/produkt\/glimek-sd-180\/#webpage\",\"url\":\"http:\/\/omega-bakery.com\/sk\/produkt\/glimek-sd-180\/\",\"name\":\"Glimek SD 180 - Omega Bakery\",\"isPartOf\":{\"@id\":\"https:\/\/omega-bakery.com\/sk\/#website\"},\"primaryImageOfPage\":{\"@id\":\"http:\/\/omega-bakery.com\/sk\/produkt\/glimek-sd-180\/#primaryimage\"},\"datePublished\":\"2021-04-23T13:59:38+00:00\",\"dateModified\":\"2023-11-16T09:20:04+00:00\",\"breadcrumb\":{\"@id\":\"http:\/\/omega-bakery.com\/sk\/produkt\/glimek-sd-180\/#breadcrumb\"},\"inLanguage\":\"sk-SK\",\"potentialAction\":[{\"@type\":\"ReadAction\",\"target\":[\"http:\/\/omega-bakery.com\/sk\/produkt\/glimek-sd-180\/\"]}]},{\"@type\":\"BreadcrumbList\",\"@id\":\"http:\/\/omega-bakery.com\/sk\/produkt\/glimek-sd-180\/#breadcrumb\",\"itemListElement\":[{\"@type\":\"ListItem\",\"position\":1,\"name\":\"Dom\\u016f\",\"item\":\"https:\/\/omega-bakery.com\/sk\/\"},{\"@type\":\"ListItem\",\"position\":2,\"name\":\"Stroje a zariadenia\",\"item\":\"https:\/\/omega-bakery.com\/sk\/stroje-a-zariadenia\/\"},{\"@type\":\"ListItem\",\"position\":3,\"name\":\"Deli\\u010dky\",\"item\":\"http:\/\/omega-bakery.com\/sk\/stroje-a-zarizeni\/delicky\/\"},{\"@type\":\"ListItem\",\"position\":4,\"name\":\"Chlebov\\u00e9 deli\\u010dky\",\"item\":\"http:\/\/omega-bakery.com\/sk\/stroje-a-zarizeni\/delicky\/chlebove-delicky\/\"},{\"@type\":\"ListItem\",\"position\":5,\"name\":\"Glimek SD 180\"}]}]}<\/script>\n<!-- \/ Yoast SEO plugin. -->","yoast_head_json":{"title":"Glimek SD 180 - Omega Bakery","robots":{"index":"index","follow":"follow","max-snippet":"max-snippet:-1","max-image-preview":"max-image-preview:large","max-video-preview":"max-video-preview:-1"},"canonical":"http:\/\/omega-bakery.com\/sk\/produkt\/glimek-sd-180\/","og_locale":"sk_SK","og_type":"article","og_title":"Glimek SD 180 - Omega Bakery","og_description":"Hlavn\u00e9 znaky   kombin\u00e1cia podtlaku a jemn\u00e9ho tlaku pri delen\u00ed  olejovac\u00ed mechanizmus  jednoduch\u00e9 ovl\u00e1danie  nerezov\u00e9 opl\u00e1\u0161tenie  stabiln\u00e1 a pevn\u00e1 kon\u0161trukcia  Doporu\u010den\u00e1 v\u00fdbava:   automatick\u00e9 zapra\u0161ovanie v\u00fdjazdn\u00e9ho dopravn\u00edka  Rozmedzie hmotnosti klonkov: 50 - 2300 g\u00a0 pod\u013ea typu deli\u010dky  s minipiestom ( pre SD 180 a SD 180XL ) od 35 g Pr\u00edkon:\u00a0\u00a0 1,1\u00a0kW Rozmery (d x \u0161 x v): \u00a0 1510 x 666 x 1599 mm  Priemer horn\u00e9ho kraja n\u00e1sypky: \u00a0 1155 mm Hmotnos\u0165: \u00a0 540 kg  &nbsp;  Viac inform\u00e1ci\u00ed o tejto deli\u010dke n\u00e1jdete v prilo\u017eenom let\u00e1ku TU Video k zhliadnutiu [...]Read More...","og_url":"http:\/\/omega-bakery.com\/sk\/produkt\/glimek-sd-180\/","og_site_name":"Omega Bakery","article_modified_time":"2023-11-16T09:20:04+00:00","og_image":[{"width":533,"height":700,"url":"http:\/\/omega-bakery.com\/sk\/wp-content\/uploads\/2021\/04\/Glimek-SD-180-3.png","path":"\/data\/web\/virtuals\/278194\/virtual\/www\/domains\/omega-bakery.com\/sk\/wp-content\/uploads\/2021\/04\/Glimek-SD-180-3.png","size":"full","id":934,"alt":"","pixels":373100,"type":"image\/png"}],"twitter_card":"summary_large_image","schema":{"@context":"https:\/\/schema.org","@graph":[{"@type":"WebSite","@id":"https:\/\/omega-bakery.com\/sk\/#website","url":"https:\/\/omega-bakery.com\/sk\/","name":"Omega Bakery","description":"Dodavatel stroj\u016f a za\u0159\u00edzen\u00ed pro pek\u00e1rny","potentialAction":[{"@type":"SearchAction","target":{"@type":"EntryPoint","urlTemplate":"https:\/\/omega-bakery.com\/sk\/?s={search_term_string}"},"query-input":"required name=search_term_string"}],"inLanguage":"sk-SK"},{"@type":"ImageObject","@id":"http:\/\/omega-bakery.com\/sk\/produkt\/glimek-sd-180\/#primaryimage","inLanguage":"sk-SK","url":"https:\/\/omega-bakery.com\/sk\/wp-content\/uploads\/2021\/04\/Glimek-SD-180-3.png","contentUrl":"https:\/\/omega-bakery.com\/sk\/wp-content\/uploads\/2021\/04\/Glimek-SD-180-3.png","width":533,"height":700},{"@type":"WebPage","@id":"http:\/\/omega-bakery.com\/sk\/produkt\/glimek-sd-180\/#webpage","url":"http:\/\/omega-bakery.com\/sk\/produkt\/glimek-sd-180\/","name":"Glimek SD 180 - Omega Bakery","isPartOf":{"@id":"https:\/\/omega-bakery.com\/sk\/#website"},"primaryImageOfPage":{"@id":"http:\/\/omega-bakery.com\/sk\/produkt\/glimek-sd-180\/#primaryimage"},"datePublished":"2021-04-23T13:59:38+00:00","dateModified":"2023-11-16T09:20:04+00:00","breadcrumb":{"@id":"http:\/\/omega-bakery.com\/sk\/produkt\/glimek-sd-180\/#breadcrumb"},"inLanguage":"sk-SK","potentialAction":[{"@type":"ReadAction","target":["http:\/\/omega-bakery.com\/sk\/produkt\/glimek-sd-180\/"]}]},{"@type":"BreadcrumbList","@id":"http:\/\/omega-bakery.com\/sk\/produkt\/glimek-sd-180\/#breadcrumb","itemListElement":[{"@type":"ListItem","position":1,"name":"Dom\u016f","item":"https:\/\/omega-bakery.com\/sk\/"},{"@type":"ListItem","position":2,"name":"Stroje a zariadenia","item":"https:\/\/omega-bakery.com\/sk\/stroje-a-zariadenia\/"},{"@type":"ListItem","position":3,"name":"Deli\u010dky","item":"http:\/\/omega-bakery.com\/sk\/stroje-a-zarizeni\/delicky\/"},{"@type":"ListItem","position":4,"name":"Chlebov\u00e9 deli\u010dky","item":"http:\/\/omega-bakery.com\/sk\/stroje-a-zarizeni\/delicky\/chlebove-delicky\/"},{"@type":"ListItem","position":5,"name":"Glimek SD 180"}]}]}},"_links":{"self":[{"href":"https:\/\/omega-bakery.com\/sk\/wp-json\/wp\/v2\/product\/255"}],"collection":[{"href":"https:\/\/omega-bakery.com\/sk\/wp-json\/wp\/v2\/product"}],"about":[{"href":"https:\/\/omega-bakery.com\/sk\/wp-json\/wp\/v2\/types\/product"}],"wp:featuredmedia":[{"embeddable":true,"href":"https:\/\/omega-bakery.com\/sk\/wp-json\/wp\/v2\/media\/934"}],"wp:attachment":[{"href":"https:\/\/omega-bakery.com\/sk\/wp-json\/wp\/v2\/media?parent=255"}],"curies":[{"name":"wp","href":"https:\/\/api.w.org\/{rel}","templated":true}]}}