{"id":256,"date":"2021-04-23T15:59:51","date_gmt":"2021-04-23T13:59:51","guid":{"rendered":"http:\/\/omega-bakery.com\/sk\/?post_type=product&#038;p=256"},"modified":"2023-11-16T11:22:26","modified_gmt":"2023-11-16T09:22:26","slug":"glimek-sd-300","status":"publish","type":"product","link":"https:\/\/omega-bakery.com\/sk\/produkt\/glimek-sd-300\/","title":{"rendered":"Glimek SD 300"},"content":{"rendered":"","protected":false},"excerpt":{"rendered":"<p><strong>Hlavn\u00e9 znaky<\/strong><\/p>\n<ul>\n<li>automatick\u00e1 piestov\u00e1 deli\u010dka SD300 vynikaj\u00facim sp\u00f4sobom spracov\u00e1va chlebov\u00e9 a p\u0161eni\u010dn\u00e9 cest\u00e1<\/li>\n<li>pomocou kombin\u00e1cie podtlaku a minim\u00e1lneho tlaku na cesto sa dosahuje v\u00fdsledok porovnate\u013en\u00fd s ru\u010dn\u00fdm delen\u00edm cesta<\/li>\n<li>svojou kon\u0161trukciou a sp\u00f4sobom spracovania je vhodn\u00e1 na pou\u017eitie v priemyseln\u00fdch prev\u00e1dzkach<\/li>\n<li>mo\u017enos\u0165 jednoriadkov\u00e9ho a dvojriadkov\u00e9ho prevedenia v\u00fdmenou deliacich k\u00e1ps<\/li>\n<li>\u0161irok\u00fd rozsah delenia pod\u013ea typu deli\u010dky\u00a0 &#8211; jednoriadkov\u00e9 prevedenie 100 \u20132300 g, dvojriadkov\u00e9 prevedenie 40 \u2013 1150 g<\/li>\n<li>dotykov\u00fd ovl\u00e1dac\u00ed panel<\/li>\n<li>nerezov\u00e9 prevedenie<\/li>\n<\/ul>\n<p><strong>Rozmedzie hmotnosti klonkov pod\u013ea typu deli\u010dky:\u00a0 \u00a0<\/strong>vi\u010f let\u00e1k<\/p>\n<p><strong>V\u00fdkon:<\/strong>\u00a0 \u00a0750 &#8211; 1500 resp. 1500 &#8211; 3000 ks \/ hod<\/p>\n<div><strong>Rozmery (d x \u0161 x v):<\/strong>\u00a0\u00a0 1370 x 1800 x 1650 mm<\/div>\n<div><strong>Pr\u00edkon:\u00a0\u00a0 <\/strong>1,62 kW<\/div>\n<div><strong>Hmotnos\u0165: <\/strong>\u00a0 685 kg<\/div>\n<p>&nbsp;<\/p>\n<div>Viac inform\u00e1ci\u00ed o tejto deli\u010dke n\u00e1jdete v prilo\u017eenom let\u00e1ku <a href=\"http:\/\/omega-bakery.com\/sk\/wp-content\/uploads\/2021\/04\/Glimek-SD-300-0823.pdf\" target=\"newtab\" rel=\"noopener\">TU<\/a><\/div>\n<p> [&#8230;]<\/p>\n<p><a class=\"btn btn-secondary understrap-read-more-link\" href=\"https:\/\/omega-bakery.com\/sk\/produkt\/glimek-sd-300\/\">Read More&#8230;<\/a><\/p>\n","protected":false},"featured_media":679,"template":"","meta":[],"yoast_head":"<!-- This site is optimized with the Yoast SEO plugin v17.1 - https:\/\/yoast.com\/wordpress\/plugins\/seo\/ -->\n<title>Glimek SD 300 - Omega Bakery<\/title>\n<meta name=\"robots\" content=\"index, follow, max-snippet:-1, max-image-preview:large, max-video-preview:-1\" \/>\n<link rel=\"canonical\" href=\"https:\/\/omega-bakery.com\/sk\/produkt\/glimek-sd-300\/\" \/>\n<meta property=\"og:locale\" content=\"sk_SK\" \/>\n<meta property=\"og:type\" content=\"article\" \/>\n<meta property=\"og:title\" content=\"Glimek SD 300 - Omega Bakery\" \/>\n<meta property=\"og:description\" content=\"Hlavn\u00e9 znaky   automatick\u00e1 piestov\u00e1 deli\u010dka SD300 vynikaj\u00facim sp\u00f4sobom spracov\u00e1va chlebov\u00e9 a p\u0161eni\u010dn\u00e9 cest\u00e1  pomocou kombin\u00e1cie podtlaku a minim\u00e1lneho tlaku na cesto sa dosahuje v\u00fdsledok porovnate\u013en\u00fd s ru\u010dn\u00fdm delen\u00edm cesta  svojou kon\u0161trukciou a sp\u00f4sobom spracovania je vhodn\u00e1 na pou\u017eitie v priemyseln\u00fdch prev\u00e1dzkach  mo\u017enos\u0165 jednoriadkov\u00e9ho a dvojriadkov\u00e9ho prevedenia v\u00fdmenou deliacich k\u00e1ps  \u0161irok\u00fd rozsah delenia pod\u013ea typu deli\u010dky\u00a0 - jednoriadkov\u00e9 prevedenie 100 \u20132300 g, dvojriadkov\u00e9 prevedenie 40 \u2013 1150 g  dotykov\u00fd ovl\u00e1dac\u00ed panel  nerezov\u00e9 prevedenie  Rozmedzie hmotnosti klonkov pod\u013ea typu deli\u010dky:\u00a0 \u00a0vi\u010f let\u00e1k  V\u00fdkon:\u00a0 \u00a0750 - 1500 resp. 1500 - 3000 ks \/ hod Rozmery (d x \u0161 x v):\u00a0\u00a0 1370 x 1800 x 1650 mm Pr\u00edkon:\u00a0\u00a0 1,62 kW Hmotnos\u0165: \u00a0 685 kg &nbsp; Viac inform\u00e1ci\u00ed o tejto deli\u010dke n\u00e1jdete v prilo\u017eenom let\u00e1ku TU [...]Read More...\" \/>\n<meta property=\"og:url\" content=\"https:\/\/omega-bakery.com\/sk\/produkt\/glimek-sd-300\/\" \/>\n<meta property=\"og:site_name\" content=\"Omega Bakery\" \/>\n<meta property=\"article:modified_time\" content=\"2023-11-16T09:22:26+00:00\" \/>\n<meta property=\"og:image\" content=\"http:\/\/omega-bakery.com\/sk\/wp-content\/uploads\/2021\/04\/Glimek-SD-300.png\" \/>\n\t<meta property=\"og:image:width\" content=\"533\" \/>\n\t<meta property=\"og:image:height\" content=\"700\" \/>\n<meta name=\"twitter:card\" content=\"summary_large_image\" \/>\n<script type=\"application\/ld+json\" class=\"yoast-schema-graph\">{\"@context\":\"https:\/\/schema.org\",\"@graph\":[{\"@type\":\"WebSite\",\"@id\":\"https:\/\/omega-bakery.com\/sk\/#website\",\"url\":\"https:\/\/omega-bakery.com\/sk\/\",\"name\":\"Omega Bakery\",\"description\":\"Dodavatel stroj\\u016f a za\\u0159\\u00edzen\\u00ed pro pek\\u00e1rny\",\"potentialAction\":[{\"@type\":\"SearchAction\",\"target\":{\"@type\":\"EntryPoint\",\"urlTemplate\":\"https:\/\/omega-bakery.com\/sk\/?s={search_term_string}\"},\"query-input\":\"required name=search_term_string\"}],\"inLanguage\":\"sk-SK\"},{\"@type\":\"ImageObject\",\"@id\":\"https:\/\/omega-bakery.com\/sk\/produkt\/glimek-sd-300\/#primaryimage\",\"inLanguage\":\"sk-SK\",\"url\":\"https:\/\/omega-bakery.com\/sk\/wp-content\/uploads\/2021\/04\/Glimek-SD-300.png\",\"contentUrl\":\"https:\/\/omega-bakery.com\/sk\/wp-content\/uploads\/2021\/04\/Glimek-SD-300.png\",\"width\":533,\"height\":700},{\"@type\":\"WebPage\",\"@id\":\"https:\/\/omega-bakery.com\/sk\/produkt\/glimek-sd-300\/#webpage\",\"url\":\"https:\/\/omega-bakery.com\/sk\/produkt\/glimek-sd-300\/\",\"name\":\"Glimek SD 300 - Omega Bakery\",\"isPartOf\":{\"@id\":\"https:\/\/omega-bakery.com\/sk\/#website\"},\"primaryImageOfPage\":{\"@id\":\"https:\/\/omega-bakery.com\/sk\/produkt\/glimek-sd-300\/#primaryimage\"},\"datePublished\":\"2021-04-23T13:59:51+00:00\",\"dateModified\":\"2023-11-16T09:22:26+00:00\",\"breadcrumb\":{\"@id\":\"https:\/\/omega-bakery.com\/sk\/produkt\/glimek-sd-300\/#breadcrumb\"},\"inLanguage\":\"sk-SK\",\"potentialAction\":[{\"@type\":\"ReadAction\",\"target\":[\"https:\/\/omega-bakery.com\/sk\/produkt\/glimek-sd-300\/\"]}]},{\"@type\":\"BreadcrumbList\",\"@id\":\"https:\/\/omega-bakery.com\/sk\/produkt\/glimek-sd-300\/#breadcrumb\",\"itemListElement\":[{\"@type\":\"ListItem\",\"position\":1,\"name\":\"Dom\\u016f\",\"item\":\"https:\/\/omega-bakery.com\/sk\/\"},{\"@type\":\"ListItem\",\"position\":2,\"name\":\"Stroje a zariadenia\",\"item\":\"https:\/\/omega-bakery.com\/sk\/stroje-a-zariadenia\/\"},{\"@type\":\"ListItem\",\"position\":3,\"name\":\"Deli\\u010dky\",\"item\":\"http:\/\/omega-bakery.com\/sk\/stroje-a-zarizeni\/delicky\/\"},{\"@type\":\"ListItem\",\"position\":4,\"name\":\"Chlebov\\u00e9 deli\\u010dky\",\"item\":\"http:\/\/omega-bakery.com\/sk\/stroje-a-zarizeni\/delicky\/chlebove-delicky\/\"},{\"@type\":\"ListItem\",\"position\":5,\"name\":\"Glimek SD 300\"}]}]}<\/script>\n<!-- \/ Yoast SEO plugin. -->","yoast_head_json":{"title":"Glimek SD 300 - Omega Bakery","robots":{"index":"index","follow":"follow","max-snippet":"max-snippet:-1","max-image-preview":"max-image-preview:large","max-video-preview":"max-video-preview:-1"},"canonical":"https:\/\/omega-bakery.com\/sk\/produkt\/glimek-sd-300\/","og_locale":"sk_SK","og_type":"article","og_title":"Glimek SD 300 - Omega Bakery","og_description":"Hlavn\u00e9 znaky   automatick\u00e1 piestov\u00e1 deli\u010dka SD300 vynikaj\u00facim sp\u00f4sobom spracov\u00e1va chlebov\u00e9 a p\u0161eni\u010dn\u00e9 cest\u00e1  pomocou kombin\u00e1cie podtlaku a minim\u00e1lneho tlaku na cesto sa dosahuje v\u00fdsledok porovnate\u013en\u00fd s ru\u010dn\u00fdm delen\u00edm cesta  svojou kon\u0161trukciou a sp\u00f4sobom spracovania je vhodn\u00e1 na pou\u017eitie v priemyseln\u00fdch prev\u00e1dzkach  mo\u017enos\u0165 jednoriadkov\u00e9ho a dvojriadkov\u00e9ho prevedenia v\u00fdmenou deliacich k\u00e1ps  \u0161irok\u00fd rozsah delenia pod\u013ea typu deli\u010dky\u00a0 - jednoriadkov\u00e9 prevedenie 100 \u20132300 g, dvojriadkov\u00e9 prevedenie 40 \u2013 1150 g  dotykov\u00fd ovl\u00e1dac\u00ed panel  nerezov\u00e9 prevedenie  Rozmedzie hmotnosti klonkov pod\u013ea typu deli\u010dky:\u00a0 \u00a0vi\u010f let\u00e1k  V\u00fdkon:\u00a0 \u00a0750 - 1500 resp. 1500 - 3000 ks \/ hod Rozmery (d x \u0161 x v):\u00a0\u00a0 1370 x 1800 x 1650 mm Pr\u00edkon:\u00a0\u00a0 1,62 kW Hmotnos\u0165: \u00a0 685 kg &nbsp; Viac inform\u00e1ci\u00ed o tejto deli\u010dke n\u00e1jdete v prilo\u017eenom let\u00e1ku TU [...]Read More...","og_url":"https:\/\/omega-bakery.com\/sk\/produkt\/glimek-sd-300\/","og_site_name":"Omega Bakery","article_modified_time":"2023-11-16T09:22:26+00:00","og_image":[{"width":533,"height":700,"url":"http:\/\/omega-bakery.com\/sk\/wp-content\/uploads\/2021\/04\/Glimek-SD-300.png","path":"\/data\/web\/virtuals\/278194\/virtual\/www\/domains\/omega-bakery.com\/sk\/wp-content\/uploads\/2021\/04\/Glimek-SD-300.png","size":"full","id":679,"alt":"","pixels":373100,"type":"image\/png"}],"twitter_card":"summary_large_image","schema":{"@context":"https:\/\/schema.org","@graph":[{"@type":"WebSite","@id":"https:\/\/omega-bakery.com\/sk\/#website","url":"https:\/\/omega-bakery.com\/sk\/","name":"Omega Bakery","description":"Dodavatel stroj\u016f a za\u0159\u00edzen\u00ed pro pek\u00e1rny","potentialAction":[{"@type":"SearchAction","target":{"@type":"EntryPoint","urlTemplate":"https:\/\/omega-bakery.com\/sk\/?s={search_term_string}"},"query-input":"required name=search_term_string"}],"inLanguage":"sk-SK"},{"@type":"ImageObject","@id":"https:\/\/omega-bakery.com\/sk\/produkt\/glimek-sd-300\/#primaryimage","inLanguage":"sk-SK","url":"https:\/\/omega-bakery.com\/sk\/wp-content\/uploads\/2021\/04\/Glimek-SD-300.png","contentUrl":"https:\/\/omega-bakery.com\/sk\/wp-content\/uploads\/2021\/04\/Glimek-SD-300.png","width":533,"height":700},{"@type":"WebPage","@id":"https:\/\/omega-bakery.com\/sk\/produkt\/glimek-sd-300\/#webpage","url":"https:\/\/omega-bakery.com\/sk\/produkt\/glimek-sd-300\/","name":"Glimek SD 300 - Omega Bakery","isPartOf":{"@id":"https:\/\/omega-bakery.com\/sk\/#website"},"primaryImageOfPage":{"@id":"https:\/\/omega-bakery.com\/sk\/produkt\/glimek-sd-300\/#primaryimage"},"datePublished":"2021-04-23T13:59:51+00:00","dateModified":"2023-11-16T09:22:26+00:00","breadcrumb":{"@id":"https:\/\/omega-bakery.com\/sk\/produkt\/glimek-sd-300\/#breadcrumb"},"inLanguage":"sk-SK","potentialAction":[{"@type":"ReadAction","target":["https:\/\/omega-bakery.com\/sk\/produkt\/glimek-sd-300\/"]}]},{"@type":"BreadcrumbList","@id":"https:\/\/omega-bakery.com\/sk\/produkt\/glimek-sd-300\/#breadcrumb","itemListElement":[{"@type":"ListItem","position":1,"name":"Dom\u016f","item":"https:\/\/omega-bakery.com\/sk\/"},{"@type":"ListItem","position":2,"name":"Stroje a zariadenia","item":"https:\/\/omega-bakery.com\/sk\/stroje-a-zariadenia\/"},{"@type":"ListItem","position":3,"name":"Deli\u010dky","item":"http:\/\/omega-bakery.com\/sk\/stroje-a-zarizeni\/delicky\/"},{"@type":"ListItem","position":4,"name":"Chlebov\u00e9 deli\u010dky","item":"http:\/\/omega-bakery.com\/sk\/stroje-a-zarizeni\/delicky\/chlebove-delicky\/"},{"@type":"ListItem","position":5,"name":"Glimek SD 300"}]}]}},"_links":{"self":[{"href":"https:\/\/omega-bakery.com\/sk\/wp-json\/wp\/v2\/product\/256"}],"collection":[{"href":"https:\/\/omega-bakery.com\/sk\/wp-json\/wp\/v2\/product"}],"about":[{"href":"https:\/\/omega-bakery.com\/sk\/wp-json\/wp\/v2\/types\/product"}],"wp:featuredmedia":[{"embeddable":true,"href":"https:\/\/omega-bakery.com\/sk\/wp-json\/wp\/v2\/media\/679"}],"wp:attachment":[{"href":"https:\/\/omega-bakery.com\/sk\/wp-json\/wp\/v2\/media?parent=256"}],"curies":[{"name":"wp","href":"https:\/\/api.w.org\/{rel}","templated":true}]}}