{"id":257,"date":"2021-04-23T16:00:02","date_gmt":"2021-04-23T14:00:02","guid":{"rendered":"http:\/\/omega-bakery.com\/sk\/?post_type=product&#038;p=257"},"modified":"2023-11-16T11:23:47","modified_gmt":"2023-11-16T09:23:47","slug":"glimek-sd-600","status":"publish","type":"product","link":"https:\/\/omega-bakery.com\/sk\/produkt\/glimek-sd-600\/","title":{"rendered":"Glimek SD 600"},"content":{"rendered":"","protected":false},"excerpt":{"rendered":"<p><strong>Hlavn\u00e9 znaky<\/strong><\/p>\n<ul>\n<li>priemyseln\u00e1 kontinu\u00e1lna deli\u010dka cesta<\/li>\n<li>vynikaj\u00facim sp\u00f4sobom spracov\u00e1va chlebov\u00e9 a p\u0161eni\u010dn\u00e9 cest\u00e1<\/li>\n<li>pomocou kombin\u00e1cie podtlaku a minim\u00e1lneho tlaku na cesto sa dosahuje v\u00fdsledok zrovnate\u013en\u00fd s ru\u010dn\u00fdm delen\u00edm cesta<\/li>\n<li>mo\u017enos\u0165 2\/4 riadkov\u00e9ho alebo trojriadkov\u00e9ho prevedenia v\u00fdmenou deliacich k\u00e1ps<\/li>\n<li>\u0161irok\u00fd rozsah delenia : dvojriadkov\u00e9 prevedenie 250 \u2013 1700 g, trojriadkov\u00e9 prevedenie 150 \u2013 1000 g, \u0161tvorriadkov\u00e9 prevedenie 100 \u2013 700 g<\/li>\n<li>dotykov\u00fd ovl\u00e1dac\u00ed panel<\/li>\n<li>nerezov\u00e9 prevedenie<\/li>\n<\/ul>\n<p><strong>Rozmedzie hmotnosti klonkov: <\/strong>pod\u013ea typu deli\u010dky<\/p>\n<p><strong>V\u00fdkon:<\/strong> \u00a0 pod\u013ea typu deli\u010dky 1000 &#8211; 6000 ks \/ hod<\/p>\n<div><strong>Pr\u00edkon:<\/strong>\u00a0\u00a0 2,2 kW<\/div>\n<div><strong>Rozmery (\u0161 x d x v):<\/strong>\u00a0 \u00a01694 x 1910 x 1690 mm<\/div>\n<div><strong>Hmotnos\u0165: \u00a0 <\/strong>1100\u00a0kg<\/div>\n<p>&nbsp;<\/p>\n<p>Viac inform\u00e1ci\u00ed o tejto deli\u010dke n\u00e1jdete v prilo\u017eenom let\u00e1ku <a href=\"http:\/\/omega-bakery.com\/sk\/wp-content\/uploads\/2021\/04\/Glimek-SD-600-0823.pdf\" target=\"newtab\" rel=\"noopener\">TU<\/a> [&#8230;]<\/p>\n<p><a class=\"btn btn-secondary understrap-read-more-link\" href=\"https:\/\/omega-bakery.com\/sk\/produkt\/glimek-sd-600\/\">Read More&#8230;<\/a><\/p>\n","protected":false},"featured_media":484,"template":"","meta":[],"yoast_head":"<!-- This site is optimized with the Yoast SEO plugin v17.1 - https:\/\/yoast.com\/wordpress\/plugins\/seo\/ -->\n<title>Glimek SD 600 - Omega Bakery<\/title>\n<meta name=\"robots\" content=\"index, follow, max-snippet:-1, max-image-preview:large, max-video-preview:-1\" \/>\n<link rel=\"canonical\" href=\"https:\/\/omega-bakery.com\/sk\/produkt\/glimek-sd-600\/\" \/>\n<meta property=\"og:locale\" content=\"sk_SK\" \/>\n<meta property=\"og:type\" content=\"article\" \/>\n<meta property=\"og:title\" content=\"Glimek SD 600 - Omega Bakery\" \/>\n<meta property=\"og:description\" content=\"Hlavn\u00e9 znaky   priemyseln\u00e1 kontinu\u00e1lna deli\u010dka cesta  vynikaj\u00facim sp\u00f4sobom spracov\u00e1va chlebov\u00e9 a p\u0161eni\u010dn\u00e9 cest\u00e1  pomocou kombin\u00e1cie podtlaku a minim\u00e1lneho tlaku na cesto sa dosahuje v\u00fdsledok zrovnate\u013en\u00fd s ru\u010dn\u00fdm delen\u00edm cesta  mo\u017enos\u0165 2\/4 riadkov\u00e9ho alebo trojriadkov\u00e9ho prevedenia v\u00fdmenou deliacich k\u00e1ps  \u0161irok\u00fd rozsah delenia : dvojriadkov\u00e9 prevedenie 250 \u2013 1700 g, trojriadkov\u00e9 prevedenie 150 \u2013 1000 g, \u0161tvorriadkov\u00e9 prevedenie 100 \u2013 700 g  dotykov\u00fd ovl\u00e1dac\u00ed panel  nerezov\u00e9 prevedenie  Rozmedzie hmotnosti klonkov: pod\u013ea typu deli\u010dky  V\u00fdkon: \u00a0 pod\u013ea typu deli\u010dky 1000 - 6000 ks \/ hod Pr\u00edkon:\u00a0\u00a0 2,2 kW Rozmery (\u0161 x d x v):\u00a0 \u00a01694 x 1910 x 1690 mm Hmotnos\u0165: \u00a0 1100\u00a0kg &nbsp;  Viac inform\u00e1ci\u00ed o tejto deli\u010dke n\u00e1jdete v prilo\u017eenom let\u00e1ku TU [...]Read More...\" \/>\n<meta property=\"og:url\" content=\"https:\/\/omega-bakery.com\/sk\/produkt\/glimek-sd-600\/\" \/>\n<meta property=\"og:site_name\" content=\"Omega Bakery\" \/>\n<meta property=\"article:modified_time\" content=\"2023-11-16T09:23:47+00:00\" \/>\n<meta property=\"og:image\" content=\"http:\/\/omega-bakery.com\/sk\/wp-content\/uploads\/2021\/04\/Glimek-SD-600.png\" \/>\n\t<meta property=\"og:image:width\" content=\"533\" \/>\n\t<meta property=\"og:image:height\" content=\"700\" \/>\n<meta name=\"twitter:card\" content=\"summary_large_image\" \/>\n<script type=\"application\/ld+json\" class=\"yoast-schema-graph\">{\"@context\":\"https:\/\/schema.org\",\"@graph\":[{\"@type\":\"WebSite\",\"@id\":\"https:\/\/omega-bakery.com\/sk\/#website\",\"url\":\"https:\/\/omega-bakery.com\/sk\/\",\"name\":\"Omega Bakery\",\"description\":\"Dodavatel stroj\\u016f a za\\u0159\\u00edzen\\u00ed pro pek\\u00e1rny\",\"potentialAction\":[{\"@type\":\"SearchAction\",\"target\":{\"@type\":\"EntryPoint\",\"urlTemplate\":\"https:\/\/omega-bakery.com\/sk\/?s={search_term_string}\"},\"query-input\":\"required name=search_term_string\"}],\"inLanguage\":\"sk-SK\"},{\"@type\":\"ImageObject\",\"@id\":\"https:\/\/omega-bakery.com\/sk\/produkt\/glimek-sd-600\/#primaryimage\",\"inLanguage\":\"sk-SK\",\"url\":\"https:\/\/omega-bakery.com\/sk\/wp-content\/uploads\/2021\/04\/Glimek-SD-600.png\",\"contentUrl\":\"https:\/\/omega-bakery.com\/sk\/wp-content\/uploads\/2021\/04\/Glimek-SD-600.png\",\"width\":533,\"height\":700},{\"@type\":\"WebPage\",\"@id\":\"https:\/\/omega-bakery.com\/sk\/produkt\/glimek-sd-600\/#webpage\",\"url\":\"https:\/\/omega-bakery.com\/sk\/produkt\/glimek-sd-600\/\",\"name\":\"Glimek SD 600 - Omega Bakery\",\"isPartOf\":{\"@id\":\"https:\/\/omega-bakery.com\/sk\/#website\"},\"primaryImageOfPage\":{\"@id\":\"https:\/\/omega-bakery.com\/sk\/produkt\/glimek-sd-600\/#primaryimage\"},\"datePublished\":\"2021-04-23T14:00:02+00:00\",\"dateModified\":\"2023-11-16T09:23:47+00:00\",\"breadcrumb\":{\"@id\":\"https:\/\/omega-bakery.com\/sk\/produkt\/glimek-sd-600\/#breadcrumb\"},\"inLanguage\":\"sk-SK\",\"potentialAction\":[{\"@type\":\"ReadAction\",\"target\":[\"https:\/\/omega-bakery.com\/sk\/produkt\/glimek-sd-600\/\"]}]},{\"@type\":\"BreadcrumbList\",\"@id\":\"https:\/\/omega-bakery.com\/sk\/produkt\/glimek-sd-600\/#breadcrumb\",\"itemListElement\":[{\"@type\":\"ListItem\",\"position\":1,\"name\":\"Dom\\u016f\",\"item\":\"https:\/\/omega-bakery.com\/sk\/\"},{\"@type\":\"ListItem\",\"position\":2,\"name\":\"Stroje a zariadenia\",\"item\":\"https:\/\/omega-bakery.com\/sk\/stroje-a-zariadenia\/\"},{\"@type\":\"ListItem\",\"position\":3,\"name\":\"Deli\\u010dky\",\"item\":\"http:\/\/omega-bakery.com\/sk\/stroje-a-zarizeni\/delicky\/\"},{\"@type\":\"ListItem\",\"position\":4,\"name\":\"Chlebov\\u00e9 deli\\u010dky\",\"item\":\"http:\/\/omega-bakery.com\/sk\/stroje-a-zarizeni\/delicky\/chlebove-delicky\/\"},{\"@type\":\"ListItem\",\"position\":5,\"name\":\"Glimek SD 600\"}]}]}<\/script>\n<!-- \/ Yoast SEO plugin. -->","yoast_head_json":{"title":"Glimek SD 600 - Omega Bakery","robots":{"index":"index","follow":"follow","max-snippet":"max-snippet:-1","max-image-preview":"max-image-preview:large","max-video-preview":"max-video-preview:-1"},"canonical":"https:\/\/omega-bakery.com\/sk\/produkt\/glimek-sd-600\/","og_locale":"sk_SK","og_type":"article","og_title":"Glimek SD 600 - Omega Bakery","og_description":"Hlavn\u00e9 znaky   priemyseln\u00e1 kontinu\u00e1lna deli\u010dka cesta  vynikaj\u00facim sp\u00f4sobom spracov\u00e1va chlebov\u00e9 a p\u0161eni\u010dn\u00e9 cest\u00e1  pomocou kombin\u00e1cie podtlaku a minim\u00e1lneho tlaku na cesto sa dosahuje v\u00fdsledok zrovnate\u013en\u00fd s ru\u010dn\u00fdm delen\u00edm cesta  mo\u017enos\u0165 2\/4 riadkov\u00e9ho alebo trojriadkov\u00e9ho prevedenia v\u00fdmenou deliacich k\u00e1ps  \u0161irok\u00fd rozsah delenia : dvojriadkov\u00e9 prevedenie 250 \u2013 1700 g, trojriadkov\u00e9 prevedenie 150 \u2013 1000 g, \u0161tvorriadkov\u00e9 prevedenie 100 \u2013 700 g  dotykov\u00fd ovl\u00e1dac\u00ed panel  nerezov\u00e9 prevedenie  Rozmedzie hmotnosti klonkov: pod\u013ea typu deli\u010dky  V\u00fdkon: \u00a0 pod\u013ea typu deli\u010dky 1000 - 6000 ks \/ hod Pr\u00edkon:\u00a0\u00a0 2,2 kW Rozmery (\u0161 x d x v):\u00a0 \u00a01694 x 1910 x 1690 mm Hmotnos\u0165: \u00a0 1100\u00a0kg &nbsp;  Viac inform\u00e1ci\u00ed o tejto deli\u010dke n\u00e1jdete v prilo\u017eenom let\u00e1ku TU [...]Read More...","og_url":"https:\/\/omega-bakery.com\/sk\/produkt\/glimek-sd-600\/","og_site_name":"Omega Bakery","article_modified_time":"2023-11-16T09:23:47+00:00","og_image":[{"width":533,"height":700,"url":"http:\/\/omega-bakery.com\/sk\/wp-content\/uploads\/2021\/04\/Glimek-SD-600.png","path":"\/data\/web\/virtuals\/278194\/virtual\/www\/domains\/omega-bakery.com\/sk\/wp-content\/uploads\/2021\/04\/Glimek-SD-600.png","size":"full","id":484,"alt":"","pixels":373100,"type":"image\/png"}],"twitter_card":"summary_large_image","schema":{"@context":"https:\/\/schema.org","@graph":[{"@type":"WebSite","@id":"https:\/\/omega-bakery.com\/sk\/#website","url":"https:\/\/omega-bakery.com\/sk\/","name":"Omega Bakery","description":"Dodavatel stroj\u016f a za\u0159\u00edzen\u00ed pro pek\u00e1rny","potentialAction":[{"@type":"SearchAction","target":{"@type":"EntryPoint","urlTemplate":"https:\/\/omega-bakery.com\/sk\/?s={search_term_string}"},"query-input":"required name=search_term_string"}],"inLanguage":"sk-SK"},{"@type":"ImageObject","@id":"https:\/\/omega-bakery.com\/sk\/produkt\/glimek-sd-600\/#primaryimage","inLanguage":"sk-SK","url":"https:\/\/omega-bakery.com\/sk\/wp-content\/uploads\/2021\/04\/Glimek-SD-600.png","contentUrl":"https:\/\/omega-bakery.com\/sk\/wp-content\/uploads\/2021\/04\/Glimek-SD-600.png","width":533,"height":700},{"@type":"WebPage","@id":"https:\/\/omega-bakery.com\/sk\/produkt\/glimek-sd-600\/#webpage","url":"https:\/\/omega-bakery.com\/sk\/produkt\/glimek-sd-600\/","name":"Glimek SD 600 - Omega Bakery","isPartOf":{"@id":"https:\/\/omega-bakery.com\/sk\/#website"},"primaryImageOfPage":{"@id":"https:\/\/omega-bakery.com\/sk\/produkt\/glimek-sd-600\/#primaryimage"},"datePublished":"2021-04-23T14:00:02+00:00","dateModified":"2023-11-16T09:23:47+00:00","breadcrumb":{"@id":"https:\/\/omega-bakery.com\/sk\/produkt\/glimek-sd-600\/#breadcrumb"},"inLanguage":"sk-SK","potentialAction":[{"@type":"ReadAction","target":["https:\/\/omega-bakery.com\/sk\/produkt\/glimek-sd-600\/"]}]},{"@type":"BreadcrumbList","@id":"https:\/\/omega-bakery.com\/sk\/produkt\/glimek-sd-600\/#breadcrumb","itemListElement":[{"@type":"ListItem","position":1,"name":"Dom\u016f","item":"https:\/\/omega-bakery.com\/sk\/"},{"@type":"ListItem","position":2,"name":"Stroje a zariadenia","item":"https:\/\/omega-bakery.com\/sk\/stroje-a-zariadenia\/"},{"@type":"ListItem","position":3,"name":"Deli\u010dky","item":"http:\/\/omega-bakery.com\/sk\/stroje-a-zarizeni\/delicky\/"},{"@type":"ListItem","position":4,"name":"Chlebov\u00e9 deli\u010dky","item":"http:\/\/omega-bakery.com\/sk\/stroje-a-zarizeni\/delicky\/chlebove-delicky\/"},{"@type":"ListItem","position":5,"name":"Glimek SD 600"}]}]}},"_links":{"self":[{"href":"https:\/\/omega-bakery.com\/sk\/wp-json\/wp\/v2\/product\/257"}],"collection":[{"href":"https:\/\/omega-bakery.com\/sk\/wp-json\/wp\/v2\/product"}],"about":[{"href":"https:\/\/omega-bakery.com\/sk\/wp-json\/wp\/v2\/types\/product"}],"wp:featuredmedia":[{"embeddable":true,"href":"https:\/\/omega-bakery.com\/sk\/wp-json\/wp\/v2\/media\/484"}],"wp:attachment":[{"href":"https:\/\/omega-bakery.com\/sk\/wp-json\/wp\/v2\/media?parent=257"}],"curies":[{"name":"wp","href":"https:\/\/api.w.org\/{rel}","templated":true}]}}