{"id":258,"date":"2021-04-23T16:00:59","date_gmt":"2021-04-23T14:00:59","guid":{"rendered":"http:\/\/omega-bakery.com\/sk\/?post_type=product&#038;p=258"},"modified":"2024-09-04T14:20:58","modified_gmt":"2024-09-04T12:20:58","slug":"konig-ceres-2-2","status":"publish","type":"product","link":"https:\/\/omega-bakery.com\/sk\/produkt\/konig-ceres-2-2\/","title":{"rendered":"K\u00f6nig Ceres 2.2"},"content":{"rendered":"","protected":false},"excerpt":{"rendered":"<p><strong>Hlavn\u00e9 znaky<\/strong><\/p>\n<ul>\n<li>unik\u00e1tny syst\u00e9m bez-stresov\u00e9ho delenia cesta gravita\u010dnou met\u00f3dou<\/li>\n<li>gilot\u00edna s elektronickou v\u00e1hou del\u00ed p\u00e1s cesta na presn\u00e9 kusy<\/li>\n<li>mo\u017enos\u0165 spracov\u00e1va\u0165 cest\u00e1 s vysok\u00fdm obsahom \u017eitnej m\u00faky a s dlhou dobou kysnutia<\/li>\n<li>pomaly sa ot\u00e1\u010daj\u00faca n\u00e1sypka na 300 l cesta s vn\u00fatorn\u00fdm ku\u017eelom, automatick\u00e9 olejovanie<\/li>\n<li>cesto samovo\u013ene &#8222;vytek\u00e1&#8220; na kruhov\u00fd dopravn\u00edk s vlastn\u00fdm zapra\u0161ovan\u00edm<\/li>\n<li>nastavite\u013en\u00e1 \u0161\u00edrka p\u00e1su cesta 60 \u2013150 mm<\/li>\n<li>dotykov\u00fd ovl\u00e1dac\u00ed panel<\/li>\n<\/ul>\n<p><strong>Rozmedzie hmotnosti klonkov: <\/strong>100 &#8211; 2000 g<\/p>\n<p><strong>Po\u010det sekov gilot\u00edny:<\/strong>\u00a0 \u00a06 a\u017e 30 \/ min<\/p>\n<p><strong>Pr\u00edkon:<\/strong>\u00a0 \u00a02 kW<br \/>\n<strong>Rozmery (d x \u0161 x v):<\/strong> \u00a0 2991 x 1360 x 1848-2452 mm<br \/>\n<strong>Hmotnos\u0165: \u00a0 <\/strong>1000\u00a0kg<\/p>\n<p>&nbsp;<\/p>\n<p>Viac inform\u00e1ci\u00ed o tejto deli\u010dke n\u00e1jdete v prilo\u017eenom let\u00e1ku <a href=\"http:\/\/omega-bakery.com\/sk\/wp-content\/uploads\/2021\/04\/Konig-Ceres-2.2-0824.pdf\" target=\"_blank\" rel=\"noopener\">TU<\/a><\/p>\n<div><a href=\"https:\/\/www.koenig-rex.com\/wp-content\/uploads\/2021\/11\/Ceres2.2_Koernerbrot_830g_Jan23_web.mp4\" target=\"_blank\" rel=\"noopener\">Video k zhliadnutiu<\/a><\/div>\n<p> [&#8230;]<\/p>\n<p><a class=\"btn btn-secondary understrap-read-more-link\" href=\"https:\/\/omega-bakery.com\/sk\/produkt\/konig-ceres-2-2\/\">Read More&#8230;<\/a><\/p>\n","protected":false},"featured_media":2198,"template":"","meta":[],"yoast_head":"<!-- This site is optimized with the Yoast SEO plugin v17.1 - https:\/\/yoast.com\/wordpress\/plugins\/seo\/ -->\n<title>K\u00f6nig Ceres 2.2 - Omega Bakery<\/title>\n<meta name=\"robots\" content=\"index, follow, max-snippet:-1, max-image-preview:large, max-video-preview:-1\" \/>\n<link rel=\"canonical\" href=\"https:\/\/omega-bakery.com\/sk\/produkt\/konig-ceres-2-2\/\" \/>\n<meta property=\"og:locale\" content=\"sk_SK\" \/>\n<meta property=\"og:type\" content=\"article\" \/>\n<meta property=\"og:title\" content=\"K\u00f6nig Ceres 2.2 - Omega Bakery\" \/>\n<meta property=\"og:description\" content=\"Hlavn\u00e9 znaky   unik\u00e1tny syst\u00e9m bez-stresov\u00e9ho delenia cesta gravita\u010dnou met\u00f3dou  gilot\u00edna s elektronickou v\u00e1hou del\u00ed p\u00e1s cesta na presn\u00e9 kusy  mo\u017enos\u0165 spracov\u00e1va\u0165 cest\u00e1 s vysok\u00fdm obsahom \u017eitnej m\u00faky a s dlhou dobou kysnutia  pomaly sa ot\u00e1\u010daj\u00faca n\u00e1sypka na 300 l cesta s vn\u00fatorn\u00fdm ku\u017eelom, automatick\u00e9 olejovanie  cesto samovo\u013ene &quot;vytek\u00e1&quot; na kruhov\u00fd dopravn\u00edk s vlastn\u00fdm zapra\u0161ovan\u00edm  nastavite\u013en\u00e1 \u0161\u00edrka p\u00e1su cesta 60 \u2013150 mm  dotykov\u00fd ovl\u00e1dac\u00ed panel  Rozmedzie hmotnosti klonkov: 100 - 2000 g  Po\u010det sekov gilot\u00edny:\u00a0 \u00a06 a\u017e 30 \/ min  Pr\u00edkon:\u00a0 \u00a02 kW Rozmery (d x \u0161 x v): \u00a0 2991 x 1360 x 1848-2452 mm Hmotnos\u0165: \u00a0 1000\u00a0kg  &nbsp;  Viac inform\u00e1ci\u00ed o tejto deli\u010dke n\u00e1jdete v prilo\u017eenom let\u00e1ku TU Video k zhliadnutiu [...]Read More...\" \/>\n<meta property=\"og:url\" content=\"https:\/\/omega-bakery.com\/sk\/produkt\/konig-ceres-2-2\/\" \/>\n<meta property=\"og:site_name\" content=\"Omega Bakery\" \/>\n<meta property=\"article:modified_time\" content=\"2024-09-04T12:20:58+00:00\" \/>\n<meta property=\"og:image\" content=\"http:\/\/omega-bakery.com\/sk\/wp-content\/uploads\/2021\/04\/Ceres2.2_Ansicht_web-1024x682-1.png\" \/>\n\t<meta property=\"og:image:width\" content=\"1024\" \/>\n\t<meta property=\"og:image:height\" content=\"682\" \/>\n<meta name=\"twitter:card\" content=\"summary_large_image\" \/>\n<script type=\"application\/ld+json\" class=\"yoast-schema-graph\">{\"@context\":\"https:\/\/schema.org\",\"@graph\":[{\"@type\":\"WebSite\",\"@id\":\"https:\/\/omega-bakery.com\/sk\/#website\",\"url\":\"https:\/\/omega-bakery.com\/sk\/\",\"name\":\"Omega Bakery\",\"description\":\"Dodavatel stroj\\u016f a za\\u0159\\u00edzen\\u00ed pro pek\\u00e1rny\",\"potentialAction\":[{\"@type\":\"SearchAction\",\"target\":{\"@type\":\"EntryPoint\",\"urlTemplate\":\"https:\/\/omega-bakery.com\/sk\/?s={search_term_string}\"},\"query-input\":\"required name=search_term_string\"}],\"inLanguage\":\"sk-SK\"},{\"@type\":\"ImageObject\",\"@id\":\"https:\/\/omega-bakery.com\/sk\/produkt\/konig-ceres-2-2\/#primaryimage\",\"inLanguage\":\"sk-SK\",\"url\":\"https:\/\/omega-bakery.com\/sk\/wp-content\/uploads\/2021\/04\/Ceres2.2_Ansicht_web-1024x682-1.png\",\"contentUrl\":\"https:\/\/omega-bakery.com\/sk\/wp-content\/uploads\/2021\/04\/Ceres2.2_Ansicht_web-1024x682-1.png\",\"width\":1024,\"height\":682},{\"@type\":\"WebPage\",\"@id\":\"https:\/\/omega-bakery.com\/sk\/produkt\/konig-ceres-2-2\/#webpage\",\"url\":\"https:\/\/omega-bakery.com\/sk\/produkt\/konig-ceres-2-2\/\",\"name\":\"K\\u00f6nig Ceres 2.2 - Omega Bakery\",\"isPartOf\":{\"@id\":\"https:\/\/omega-bakery.com\/sk\/#website\"},\"primaryImageOfPage\":{\"@id\":\"https:\/\/omega-bakery.com\/sk\/produkt\/konig-ceres-2-2\/#primaryimage\"},\"datePublished\":\"2021-04-23T14:00:59+00:00\",\"dateModified\":\"2024-09-04T12:20:58+00:00\",\"breadcrumb\":{\"@id\":\"https:\/\/omega-bakery.com\/sk\/produkt\/konig-ceres-2-2\/#breadcrumb\"},\"inLanguage\":\"sk-SK\",\"potentialAction\":[{\"@type\":\"ReadAction\",\"target\":[\"https:\/\/omega-bakery.com\/sk\/produkt\/konig-ceres-2-2\/\"]}]},{\"@type\":\"BreadcrumbList\",\"@id\":\"https:\/\/omega-bakery.com\/sk\/produkt\/konig-ceres-2-2\/#breadcrumb\",\"itemListElement\":[{\"@type\":\"ListItem\",\"position\":1,\"name\":\"Dom\\u016f\",\"item\":\"https:\/\/omega-bakery.com\/sk\/\"},{\"@type\":\"ListItem\",\"position\":2,\"name\":\"Stroje a zariadenia\",\"item\":\"https:\/\/omega-bakery.com\/sk\/stroje-a-zariadenia\/\"},{\"@type\":\"ListItem\",\"position\":3,\"name\":\"Deli\\u010dky\",\"item\":\"http:\/\/omega-bakery.com\/sk\/stroje-a-zarizeni\/delicky\/\"},{\"@type\":\"ListItem\",\"position\":4,\"name\":\"Chlebov\\u00e9 deli\\u010dky\",\"item\":\"http:\/\/omega-bakery.com\/sk\/stroje-a-zarizeni\/delicky\/chlebove-delicky\/\"},{\"@type\":\"ListItem\",\"position\":5,\"name\":\"K\\u00f6nig Ceres 2.2\"}]}]}<\/script>\n<!-- \/ Yoast SEO plugin. -->","yoast_head_json":{"title":"K\u00f6nig Ceres 2.2 - Omega Bakery","robots":{"index":"index","follow":"follow","max-snippet":"max-snippet:-1","max-image-preview":"max-image-preview:large","max-video-preview":"max-video-preview:-1"},"canonical":"https:\/\/omega-bakery.com\/sk\/produkt\/konig-ceres-2-2\/","og_locale":"sk_SK","og_type":"article","og_title":"K\u00f6nig Ceres 2.2 - Omega Bakery","og_description":"Hlavn\u00e9 znaky   unik\u00e1tny syst\u00e9m bez-stresov\u00e9ho delenia cesta gravita\u010dnou met\u00f3dou  gilot\u00edna s elektronickou v\u00e1hou del\u00ed p\u00e1s cesta na presn\u00e9 kusy  mo\u017enos\u0165 spracov\u00e1va\u0165 cest\u00e1 s vysok\u00fdm obsahom \u017eitnej m\u00faky a s dlhou dobou kysnutia  pomaly sa ot\u00e1\u010daj\u00faca n\u00e1sypka na 300 l cesta s vn\u00fatorn\u00fdm ku\u017eelom, automatick\u00e9 olejovanie  cesto samovo\u013ene \"vytek\u00e1\" na kruhov\u00fd dopravn\u00edk s vlastn\u00fdm zapra\u0161ovan\u00edm  nastavite\u013en\u00e1 \u0161\u00edrka p\u00e1su cesta 60 \u2013150 mm  dotykov\u00fd ovl\u00e1dac\u00ed panel  Rozmedzie hmotnosti klonkov: 100 - 2000 g  Po\u010det sekov gilot\u00edny:\u00a0 \u00a06 a\u017e 30 \/ min  Pr\u00edkon:\u00a0 \u00a02 kW Rozmery (d x \u0161 x v): \u00a0 2991 x 1360 x 1848-2452 mm Hmotnos\u0165: \u00a0 1000\u00a0kg  &nbsp;  Viac inform\u00e1ci\u00ed o tejto deli\u010dke n\u00e1jdete v prilo\u017eenom let\u00e1ku TU Video k zhliadnutiu [...]Read More...","og_url":"https:\/\/omega-bakery.com\/sk\/produkt\/konig-ceres-2-2\/","og_site_name":"Omega Bakery","article_modified_time":"2024-09-04T12:20:58+00:00","og_image":[{"width":1024,"height":682,"url":"http:\/\/omega-bakery.com\/sk\/wp-content\/uploads\/2021\/04\/Ceres2.2_Ansicht_web-1024x682-1.png","path":"\/data\/web\/virtuals\/278194\/virtual\/www\/domains\/omega-bakery.com\/sk\/wp-content\/uploads\/2021\/04\/Ceres2.2_Ansicht_web-1024x682-1.png","size":"full","id":2198,"alt":"","pixels":698368,"type":"image\/png"}],"twitter_card":"summary_large_image","schema":{"@context":"https:\/\/schema.org","@graph":[{"@type":"WebSite","@id":"https:\/\/omega-bakery.com\/sk\/#website","url":"https:\/\/omega-bakery.com\/sk\/","name":"Omega Bakery","description":"Dodavatel stroj\u016f a za\u0159\u00edzen\u00ed pro pek\u00e1rny","potentialAction":[{"@type":"SearchAction","target":{"@type":"EntryPoint","urlTemplate":"https:\/\/omega-bakery.com\/sk\/?s={search_term_string}"},"query-input":"required name=search_term_string"}],"inLanguage":"sk-SK"},{"@type":"ImageObject","@id":"https:\/\/omega-bakery.com\/sk\/produkt\/konig-ceres-2-2\/#primaryimage","inLanguage":"sk-SK","url":"https:\/\/omega-bakery.com\/sk\/wp-content\/uploads\/2021\/04\/Ceres2.2_Ansicht_web-1024x682-1.png","contentUrl":"https:\/\/omega-bakery.com\/sk\/wp-content\/uploads\/2021\/04\/Ceres2.2_Ansicht_web-1024x682-1.png","width":1024,"height":682},{"@type":"WebPage","@id":"https:\/\/omega-bakery.com\/sk\/produkt\/konig-ceres-2-2\/#webpage","url":"https:\/\/omega-bakery.com\/sk\/produkt\/konig-ceres-2-2\/","name":"K\u00f6nig Ceres 2.2 - Omega Bakery","isPartOf":{"@id":"https:\/\/omega-bakery.com\/sk\/#website"},"primaryImageOfPage":{"@id":"https:\/\/omega-bakery.com\/sk\/produkt\/konig-ceres-2-2\/#primaryimage"},"datePublished":"2021-04-23T14:00:59+00:00","dateModified":"2024-09-04T12:20:58+00:00","breadcrumb":{"@id":"https:\/\/omega-bakery.com\/sk\/produkt\/konig-ceres-2-2\/#breadcrumb"},"inLanguage":"sk-SK","potentialAction":[{"@type":"ReadAction","target":["https:\/\/omega-bakery.com\/sk\/produkt\/konig-ceres-2-2\/"]}]},{"@type":"BreadcrumbList","@id":"https:\/\/omega-bakery.com\/sk\/produkt\/konig-ceres-2-2\/#breadcrumb","itemListElement":[{"@type":"ListItem","position":1,"name":"Dom\u016f","item":"https:\/\/omega-bakery.com\/sk\/"},{"@type":"ListItem","position":2,"name":"Stroje a zariadenia","item":"https:\/\/omega-bakery.com\/sk\/stroje-a-zariadenia\/"},{"@type":"ListItem","position":3,"name":"Deli\u010dky","item":"http:\/\/omega-bakery.com\/sk\/stroje-a-zarizeni\/delicky\/"},{"@type":"ListItem","position":4,"name":"Chlebov\u00e9 deli\u010dky","item":"http:\/\/omega-bakery.com\/sk\/stroje-a-zarizeni\/delicky\/chlebove-delicky\/"},{"@type":"ListItem","position":5,"name":"K\u00f6nig Ceres 2.2"}]}]}},"_links":{"self":[{"href":"https:\/\/omega-bakery.com\/sk\/wp-json\/wp\/v2\/product\/258"}],"collection":[{"href":"https:\/\/omega-bakery.com\/sk\/wp-json\/wp\/v2\/product"}],"about":[{"href":"https:\/\/omega-bakery.com\/sk\/wp-json\/wp\/v2\/types\/product"}],"wp:featuredmedia":[{"embeddable":true,"href":"https:\/\/omega-bakery.com\/sk\/wp-json\/wp\/v2\/media\/2198"}],"wp:attachment":[{"href":"https:\/\/omega-bakery.com\/sk\/wp-json\/wp\/v2\/media?parent=258"}],"curies":[{"name":"wp","href":"https:\/\/api.w.org\/{rel}","templated":true}]}}