{"id":259,"date":"2021-04-23T16:01:12","date_gmt":"2021-04-23T14:01:12","guid":{"rendered":"http:\/\/omega-bakery.com\/sk\/?post_type=product&#038;p=259"},"modified":"2023-11-16T11:53:40","modified_gmt":"2023-11-16T09:53:40","slug":"konig-basic-rex","status":"publish","type":"product","link":"https:\/\/omega-bakery.com\/sk\/produkt\/konig-basic-rex\/","title":{"rendered":"K\u00f6nig Basic Rex"},"content":{"rendered":"","protected":false},"excerpt":{"rendered":"<p><strong>Hlavn\u00e9 znaky<\/strong><\/p>\n<ul>\n<li>\u0161etrn\u00e9 spracovanie cesta syst\u00e9mom Rex<\/li>\n<li>4 riadkov\u00e9 (alebo 5 alebo 6) prevedenie stroja<\/li>\n<li>plynule nastavite\u013en\u00fd v\u00fdkon od 12 do 25 taktov za min\u00fatu<\/li>\n<li>jednoduch\u00e9 mechanick\u00e9 ovl\u00e1danie<\/li>\n<li>nerezov\u00e9 opl\u00e1\u0161tenie<\/li>\n<\/ul>\n<div><strong>Rozsah gram\u00e1\u017e\u00ed klonkov: \u00a0 <\/strong>15 &#8211; 135 g\u00a0 pod\u013ea v\u00fdberu bubna<\/div>\n<div><strong>Pr\u00edkon:<\/strong> \u00a0 1,5 kW<\/div>\n<div><strong>Rozmery (\u0161 x d x v):<\/strong>\u00a0\u00a0 1050 x 2020\u00a0x 1665 mm<\/div>\n<div><strong>V\u00e1ha: <\/strong>\u00a0 800\u00a0kg<\/div>\n<p>&nbsp;<\/p>\n<div>Viac inform\u00e1ci\u00ed o tejto deli\u010dke n\u00e1jdete v prilo\u017eenom let\u00e1ku <a href=\"http:\/\/omega-bakery.com\/sk\/wp-content\/uploads\/2021\/04\/Konig-Basic-Rex-0823.pdf\" target=\"newtab\" rel=\"noopener\">TU<\/a><\/div>\n<p> [&#8230;]<\/p>\n<p><a class=\"btn btn-secondary understrap-read-more-link\" href=\"https:\/\/omega-bakery.com\/sk\/produkt\/konig-basic-rex\/\">Read More&#8230;<\/a><\/p>\n","protected":false},"featured_media":690,"template":"","meta":[],"yoast_head":"<!-- This site is optimized with the Yoast SEO plugin v17.1 - https:\/\/yoast.com\/wordpress\/plugins\/seo\/ -->\n<title>K\u00f6nig Basic Rex - Omega Bakery<\/title>\n<meta name=\"robots\" content=\"index, follow, max-snippet:-1, max-image-preview:large, max-video-preview:-1\" \/>\n<link rel=\"canonical\" href=\"https:\/\/omega-bakery.com\/sk\/produkt\/konig-basic-rex\/\" \/>\n<meta property=\"og:locale\" content=\"sk_SK\" \/>\n<meta property=\"og:type\" content=\"article\" \/>\n<meta property=\"og:title\" content=\"K\u00f6nig Basic Rex - Omega Bakery\" \/>\n<meta property=\"og:description\" content=\"Hlavn\u00e9 znaky   \u0161etrn\u00e9 spracovanie cesta syst\u00e9mom Rex  4 riadkov\u00e9 (alebo 5 alebo 6) prevedenie stroja  plynule nastavite\u013en\u00fd v\u00fdkon od 12 do 25 taktov za min\u00fatu  jednoduch\u00e9 mechanick\u00e9 ovl\u00e1danie  nerezov\u00e9 opl\u00e1\u0161tenie  Rozsah gram\u00e1\u017e\u00ed klonkov: \u00a0 15 - 135 g\u00a0 pod\u013ea v\u00fdberu bubna Pr\u00edkon: \u00a0 1,5 kW Rozmery (\u0161 x d x v):\u00a0\u00a0 1050 x 2020\u00a0x 1665 mm V\u00e1ha: \u00a0 800\u00a0kg &nbsp; Viac inform\u00e1ci\u00ed o tejto deli\u010dke n\u00e1jdete v prilo\u017eenom let\u00e1ku TU [...]Read More...\" \/>\n<meta property=\"og:url\" content=\"https:\/\/omega-bakery.com\/sk\/produkt\/konig-basic-rex\/\" \/>\n<meta property=\"og:site_name\" content=\"Omega Bakery\" \/>\n<meta property=\"article:modified_time\" content=\"2023-11-16T09:53:40+00:00\" \/>\n<meta property=\"og:image\" content=\"http:\/\/omega-bakery.com\/sk\/wp-content\/uploads\/2021\/04\/Ko\u0308nig-Basic-Rex.png\" \/>\n\t<meta property=\"og:image:width\" content=\"533\" \/>\n\t<meta property=\"og:image:height\" content=\"700\" \/>\n<meta name=\"twitter:card\" content=\"summary_large_image\" \/>\n<script type=\"application\/ld+json\" class=\"yoast-schema-graph\">{\"@context\":\"https:\/\/schema.org\",\"@graph\":[{\"@type\":\"WebSite\",\"@id\":\"https:\/\/omega-bakery.com\/sk\/#website\",\"url\":\"https:\/\/omega-bakery.com\/sk\/\",\"name\":\"Omega Bakery\",\"description\":\"Dodavatel stroj\\u016f a za\\u0159\\u00edzen\\u00ed pro pek\\u00e1rny\",\"potentialAction\":[{\"@type\":\"SearchAction\",\"target\":{\"@type\":\"EntryPoint\",\"urlTemplate\":\"https:\/\/omega-bakery.com\/sk\/?s={search_term_string}\"},\"query-input\":\"required name=search_term_string\"}],\"inLanguage\":\"sk-SK\"},{\"@type\":\"ImageObject\",\"@id\":\"https:\/\/omega-bakery.com\/sk\/produkt\/konig-basic-rex\/#primaryimage\",\"inLanguage\":\"sk-SK\",\"url\":\"https:\/\/omega-bakery.com\/sk\/wp-content\/uploads\/2021\/04\/Ko\\u0308nig-Basic-Rex.png\",\"contentUrl\":\"https:\/\/omega-bakery.com\/sk\/wp-content\/uploads\/2021\/04\/Ko\\u0308nig-Basic-Rex.png\",\"width\":533,\"height\":700},{\"@type\":\"WebPage\",\"@id\":\"https:\/\/omega-bakery.com\/sk\/produkt\/konig-basic-rex\/#webpage\",\"url\":\"https:\/\/omega-bakery.com\/sk\/produkt\/konig-basic-rex\/\",\"name\":\"K\\u00f6nig Basic Rex - Omega Bakery\",\"isPartOf\":{\"@id\":\"https:\/\/omega-bakery.com\/sk\/#website\"},\"primaryImageOfPage\":{\"@id\":\"https:\/\/omega-bakery.com\/sk\/produkt\/konig-basic-rex\/#primaryimage\"},\"datePublished\":\"2021-04-23T14:01:12+00:00\",\"dateModified\":\"2023-11-16T09:53:40+00:00\",\"breadcrumb\":{\"@id\":\"https:\/\/omega-bakery.com\/sk\/produkt\/konig-basic-rex\/#breadcrumb\"},\"inLanguage\":\"sk-SK\",\"potentialAction\":[{\"@type\":\"ReadAction\",\"target\":[\"https:\/\/omega-bakery.com\/sk\/produkt\/konig-basic-rex\/\"]}]},{\"@type\":\"BreadcrumbList\",\"@id\":\"https:\/\/omega-bakery.com\/sk\/produkt\/konig-basic-rex\/#breadcrumb\",\"itemListElement\":[{\"@type\":\"ListItem\",\"position\":1,\"name\":\"Dom\\u016f\",\"item\":\"https:\/\/omega-bakery.com\/sk\/\"},{\"@type\":\"ListItem\",\"position\":2,\"name\":\"Stroje a zariadenia\",\"item\":\"https:\/\/omega-bakery.com\/sk\/stroje-a-zariadenia\/\"},{\"@type\":\"ListItem\",\"position\":3,\"name\":\"Deli\\u010dky\",\"item\":\"http:\/\/omega-bakery.com\/sk\/stroje-a-zarizeni\/delicky\/\"},{\"@type\":\"ListItem\",\"position\":4,\"name\":\"Kontinu\\u00e1lne deli\\u010dky na drobn\\u00e9 pe\\u010divo\",\"item\":\"https:\/\/omega-bakery.com\/sk\/stroje-a-zarizeni\/delicky\/kontinualne-delicky-na-drobne-pecivo\/\"},{\"@type\":\"ListItem\",\"position\":5,\"name\":\"K\\u00f6nig Basic Rex\"}]}]}<\/script>\n<!-- \/ Yoast SEO plugin. -->","yoast_head_json":{"title":"K\u00f6nig Basic Rex - Omega Bakery","robots":{"index":"index","follow":"follow","max-snippet":"max-snippet:-1","max-image-preview":"max-image-preview:large","max-video-preview":"max-video-preview:-1"},"canonical":"https:\/\/omega-bakery.com\/sk\/produkt\/konig-basic-rex\/","og_locale":"sk_SK","og_type":"article","og_title":"K\u00f6nig Basic Rex - Omega Bakery","og_description":"Hlavn\u00e9 znaky   \u0161etrn\u00e9 spracovanie cesta syst\u00e9mom Rex  4 riadkov\u00e9 (alebo 5 alebo 6) prevedenie stroja  plynule nastavite\u013en\u00fd v\u00fdkon od 12 do 25 taktov za min\u00fatu  jednoduch\u00e9 mechanick\u00e9 ovl\u00e1danie  nerezov\u00e9 opl\u00e1\u0161tenie  Rozsah gram\u00e1\u017e\u00ed klonkov: \u00a0 15 - 135 g\u00a0 pod\u013ea v\u00fdberu bubna Pr\u00edkon: \u00a0 1,5 kW Rozmery (\u0161 x d x v):\u00a0\u00a0 1050 x 2020\u00a0x 1665 mm V\u00e1ha: \u00a0 800\u00a0kg &nbsp; Viac inform\u00e1ci\u00ed o tejto deli\u010dke n\u00e1jdete v prilo\u017eenom let\u00e1ku TU [...]Read More...","og_url":"https:\/\/omega-bakery.com\/sk\/produkt\/konig-basic-rex\/","og_site_name":"Omega Bakery","article_modified_time":"2023-11-16T09:53:40+00:00","og_image":[{"width":533,"height":700,"url":"http:\/\/omega-bakery.com\/sk\/wp-content\/uploads\/2021\/04\/Ko\u0308nig-Basic-Rex.png","path":"\/data\/web\/virtuals\/278194\/virtual\/www\/domains\/omega-bakery.com\/sk\/wp-content\/uploads\/2021\/04\/Ko\u0308nig-Basic-Rex.png","size":"full","id":690,"alt":"","pixels":373100,"type":"image\/png"}],"twitter_card":"summary_large_image","schema":{"@context":"https:\/\/schema.org","@graph":[{"@type":"WebSite","@id":"https:\/\/omega-bakery.com\/sk\/#website","url":"https:\/\/omega-bakery.com\/sk\/","name":"Omega Bakery","description":"Dodavatel stroj\u016f a za\u0159\u00edzen\u00ed pro pek\u00e1rny","potentialAction":[{"@type":"SearchAction","target":{"@type":"EntryPoint","urlTemplate":"https:\/\/omega-bakery.com\/sk\/?s={search_term_string}"},"query-input":"required name=search_term_string"}],"inLanguage":"sk-SK"},{"@type":"ImageObject","@id":"https:\/\/omega-bakery.com\/sk\/produkt\/konig-basic-rex\/#primaryimage","inLanguage":"sk-SK","url":"https:\/\/omega-bakery.com\/sk\/wp-content\/uploads\/2021\/04\/Ko\u0308nig-Basic-Rex.png","contentUrl":"https:\/\/omega-bakery.com\/sk\/wp-content\/uploads\/2021\/04\/Ko\u0308nig-Basic-Rex.png","width":533,"height":700},{"@type":"WebPage","@id":"https:\/\/omega-bakery.com\/sk\/produkt\/konig-basic-rex\/#webpage","url":"https:\/\/omega-bakery.com\/sk\/produkt\/konig-basic-rex\/","name":"K\u00f6nig Basic Rex - Omega Bakery","isPartOf":{"@id":"https:\/\/omega-bakery.com\/sk\/#website"},"primaryImageOfPage":{"@id":"https:\/\/omega-bakery.com\/sk\/produkt\/konig-basic-rex\/#primaryimage"},"datePublished":"2021-04-23T14:01:12+00:00","dateModified":"2023-11-16T09:53:40+00:00","breadcrumb":{"@id":"https:\/\/omega-bakery.com\/sk\/produkt\/konig-basic-rex\/#breadcrumb"},"inLanguage":"sk-SK","potentialAction":[{"@type":"ReadAction","target":["https:\/\/omega-bakery.com\/sk\/produkt\/konig-basic-rex\/"]}]},{"@type":"BreadcrumbList","@id":"https:\/\/omega-bakery.com\/sk\/produkt\/konig-basic-rex\/#breadcrumb","itemListElement":[{"@type":"ListItem","position":1,"name":"Dom\u016f","item":"https:\/\/omega-bakery.com\/sk\/"},{"@type":"ListItem","position":2,"name":"Stroje a zariadenia","item":"https:\/\/omega-bakery.com\/sk\/stroje-a-zariadenia\/"},{"@type":"ListItem","position":3,"name":"Deli\u010dky","item":"http:\/\/omega-bakery.com\/sk\/stroje-a-zarizeni\/delicky\/"},{"@type":"ListItem","position":4,"name":"Kontinu\u00e1lne deli\u010dky na drobn\u00e9 pe\u010divo","item":"https:\/\/omega-bakery.com\/sk\/stroje-a-zarizeni\/delicky\/kontinualne-delicky-na-drobne-pecivo\/"},{"@type":"ListItem","position":5,"name":"K\u00f6nig Basic Rex"}]}]}},"_links":{"self":[{"href":"https:\/\/omega-bakery.com\/sk\/wp-json\/wp\/v2\/product\/259"}],"collection":[{"href":"https:\/\/omega-bakery.com\/sk\/wp-json\/wp\/v2\/product"}],"about":[{"href":"https:\/\/omega-bakery.com\/sk\/wp-json\/wp\/v2\/types\/product"}],"wp:featuredmedia":[{"embeddable":true,"href":"https:\/\/omega-bakery.com\/sk\/wp-json\/wp\/v2\/media\/690"}],"wp:attachment":[{"href":"https:\/\/omega-bakery.com\/sk\/wp-json\/wp\/v2\/media?parent=259"}],"curies":[{"name":"wp","href":"https:\/\/api.w.org\/{rel}","templated":true}]}}