{"id":260,"date":"2021-04-23T16:01:43","date_gmt":"2021-04-23T14:01:43","guid":{"rendered":"http:\/\/omega-bakery.com\/sk\/?post_type=product&#038;p=260"},"modified":"2023-11-16T11:55:44","modified_gmt":"2023-11-16T09:55:44","slug":"koenig-classic-rex-futura","status":"publish","type":"product","link":"https:\/\/omega-bakery.com\/sk\/produkt\/koenig-classic-rex-futura\/","title":{"rendered":"K\u00f6nig Classic Rex Futura"},"content":{"rendered":"","protected":false},"excerpt":{"rendered":"<p><strong>Hlavn\u00e9 znaky:<\/strong><\/p>\n<ul>\n<li>prevedenie 3, 4, 5 alebo 6 riadkov\u00e9 s mo\u017enos\u0165ou zaslepenia jedn\u00e9ho alebo dvoch riadkov (prev\u00e1dzka minim\u00e1lne na 3 rady)<\/li>\n<li>rozsah delenia 17 &#8211; 180 g pod\u013ea v\u00fdberu deliaceho bubna<\/li>\n<li>dva hmotnostn\u00e9 rozsahy na bubne<\/li>\n<li>delenie cesta syst\u00e9mom Rex-High-Soft<\/li>\n<li>automaticky nastavite\u013en\u00e1 v\u00fd\u0161ka zakru\u017eovania<\/li>\n<li>automatick\u00e9 pom\u00fa\u010d\u0148ovanie<\/li>\n<li>nerezov\u00e9 prevedenie<\/li>\n<li>jednoduch\u00e1 \u00fadr\u017eba<\/li>\n<\/ul>\n<p><strong>Volite\u013en\u00e1 v\u00fdbava:<\/strong><\/p>\n<ul>\n<li>v\u00fd\u0161kovo nastavite\u013en\u00fd v\u00fdstupn\u00fd valec na posun<br \/>\nklonkov na vyn\u00e1\u0161ac\u00ed p\u00e1s v polohe \u0161vom dole<\/li>\n<li>nastavite\u013en\u00e1 doska na v\u00fdstupe na posun klonkov<br \/>\nna vyn\u00e1\u0161ac\u00ed p\u00e1s v polohe \u0161vom nahor<\/li>\n<\/ul>\n<div><strong>Rozmedzie hmotnosti klonkov: \u00a0 <\/strong>vi\u010f let\u00e1k<\/div>\n<div><strong>Pr\u00edkon:<\/strong> \u00a0 3 kW<\/div>\n<div><strong>Rozmery (\u0161 x d x v):<\/strong>\u00a0\u00a0 800 x 2005\u00a0x 1780 mm<\/div>\n<div><strong>V\u00e1ha: <\/strong>\u00a0 900 kg<\/div>\n<p>&nbsp;<\/p>\n<div>Viac inform\u00e1ci\u00ed o tejto deli\u010dke n\u00e1jdete v prilo\u017eenom let\u00e1ku <a href=\"http:\/\/omega-bakery.com\/sk\/wp-content\/uploads\/2021\/04\/Konig-Classic-Rex-Futura-0823.pdf\" target=\"_blank\" rel=\"noopener\">TU<\/a><\/div>\n<div>\n<p><a href=\"http:\/\/www.youtube.com\/watch?v=7nCWnxQsNkU\" target=\"newtab\" rel=\"noopener\">video TU<\/a><\/p>\n<\/div>\n<p> [&#8230;]<\/p>\n<p><a class=\"btn btn-secondary understrap-read-more-link\" href=\"https:\/\/omega-bakery.com\/sk\/produkt\/koenig-classic-rex-futura\/\">Read More&#8230;<\/a><\/p>\n","protected":false},"featured_media":688,"template":"","meta":[],"yoast_head":"<!-- This site is optimized with the Yoast SEO plugin v17.1 - https:\/\/yoast.com\/wordpress\/plugins\/seo\/ -->\n<title>K\u00f6nig Classic Rex Futura - Omega Bakery<\/title>\n<meta name=\"robots\" content=\"index, follow, max-snippet:-1, max-image-preview:large, max-video-preview:-1\" \/>\n<link rel=\"canonical\" href=\"https:\/\/omega-bakery.com\/sk\/produkt\/koenig-classic-rex-futura\/\" \/>\n<meta property=\"og:locale\" content=\"sk_SK\" \/>\n<meta property=\"og:type\" content=\"article\" \/>\n<meta property=\"og:title\" content=\"K\u00f6nig Classic Rex Futura - Omega Bakery\" \/>\n<meta property=\"og:description\" content=\"Hlavn\u00e9 znaky:   prevedenie 3, 4, 5 alebo 6 riadkov\u00e9 s mo\u017enos\u0165ou zaslepenia jedn\u00e9ho alebo dvoch riadkov (prev\u00e1dzka minim\u00e1lne na 3 rady)  rozsah delenia 17 - 180 g pod\u013ea v\u00fdberu deliaceho bubna  dva hmotnostn\u00e9 rozsahy na bubne  delenie cesta syst\u00e9mom Rex-High-Soft  automaticky nastavite\u013en\u00e1 v\u00fd\u0161ka zakru\u017eovania  automatick\u00e9 pom\u00fa\u010d\u0148ovanie  nerezov\u00e9 prevedenie  jednoduch\u00e1 \u00fadr\u017eba  Volite\u013en\u00e1 v\u00fdbava:   v\u00fd\u0161kovo nastavite\u013en\u00fd v\u00fdstupn\u00fd valec na posun klonkov na vyn\u00e1\u0161ac\u00ed p\u00e1s v polohe \u0161vom dole  nastavite\u013en\u00e1 doska na v\u00fdstupe na posun klonkov na vyn\u00e1\u0161ac\u00ed p\u00e1s v polohe \u0161vom nahor  Rozmedzie hmotnosti klonkov: \u00a0 vi\u010f let\u00e1k Pr\u00edkon: \u00a0 3 kW Rozmery (\u0161 x d x v):\u00a0\u00a0 800 x 2005\u00a0x 1780 mm V\u00e1ha: \u00a0 900 kg &nbsp; Viac inform\u00e1ci\u00ed o tejto deli\u010dke n\u00e1jdete v prilo\u017eenom let\u00e1ku TU   video TU   [...]Read More...\" \/>\n<meta property=\"og:url\" content=\"https:\/\/omega-bakery.com\/sk\/produkt\/koenig-classic-rex-futura\/\" \/>\n<meta property=\"og:site_name\" content=\"Omega Bakery\" \/>\n<meta property=\"article:modified_time\" content=\"2023-11-16T09:55:44+00:00\" \/>\n<meta property=\"og:image\" content=\"http:\/\/omega-bakery.com\/sk\/wp-content\/uploads\/2021\/04\/Ko\u0308nig-Classic-Rex-Futura.png\" \/>\n\t<meta property=\"og:image:width\" content=\"533\" \/>\n\t<meta property=\"og:image:height\" content=\"700\" \/>\n<meta name=\"twitter:card\" content=\"summary_large_image\" \/>\n<script type=\"application\/ld+json\" class=\"yoast-schema-graph\">{\"@context\":\"https:\/\/schema.org\",\"@graph\":[{\"@type\":\"WebSite\",\"@id\":\"https:\/\/omega-bakery.com\/sk\/#website\",\"url\":\"https:\/\/omega-bakery.com\/sk\/\",\"name\":\"Omega Bakery\",\"description\":\"Dodavatel stroj\\u016f a za\\u0159\\u00edzen\\u00ed pro pek\\u00e1rny\",\"potentialAction\":[{\"@type\":\"SearchAction\",\"target\":{\"@type\":\"EntryPoint\",\"urlTemplate\":\"https:\/\/omega-bakery.com\/sk\/?s={search_term_string}\"},\"query-input\":\"required name=search_term_string\"}],\"inLanguage\":\"sk-SK\"},{\"@type\":\"ImageObject\",\"@id\":\"https:\/\/omega-bakery.com\/sk\/produkt\/koenig-classic-rex-futura\/#primaryimage\",\"inLanguage\":\"sk-SK\",\"url\":\"https:\/\/omega-bakery.com\/sk\/wp-content\/uploads\/2021\/04\/Ko\\u0308nig-Classic-Rex-Futura.png\",\"contentUrl\":\"https:\/\/omega-bakery.com\/sk\/wp-content\/uploads\/2021\/04\/Ko\\u0308nig-Classic-Rex-Futura.png\",\"width\":533,\"height\":700},{\"@type\":\"WebPage\",\"@id\":\"https:\/\/omega-bakery.com\/sk\/produkt\/koenig-classic-rex-futura\/#webpage\",\"url\":\"https:\/\/omega-bakery.com\/sk\/produkt\/koenig-classic-rex-futura\/\",\"name\":\"K\\u00f6nig Classic Rex Futura - Omega Bakery\",\"isPartOf\":{\"@id\":\"https:\/\/omega-bakery.com\/sk\/#website\"},\"primaryImageOfPage\":{\"@id\":\"https:\/\/omega-bakery.com\/sk\/produkt\/koenig-classic-rex-futura\/#primaryimage\"},\"datePublished\":\"2021-04-23T14:01:43+00:00\",\"dateModified\":\"2023-11-16T09:55:44+00:00\",\"breadcrumb\":{\"@id\":\"https:\/\/omega-bakery.com\/sk\/produkt\/koenig-classic-rex-futura\/#breadcrumb\"},\"inLanguage\":\"sk-SK\",\"potentialAction\":[{\"@type\":\"ReadAction\",\"target\":[\"https:\/\/omega-bakery.com\/sk\/produkt\/koenig-classic-rex-futura\/\"]}]},{\"@type\":\"BreadcrumbList\",\"@id\":\"https:\/\/omega-bakery.com\/sk\/produkt\/koenig-classic-rex-futura\/#breadcrumb\",\"itemListElement\":[{\"@type\":\"ListItem\",\"position\":1,\"name\":\"Dom\\u016f\",\"item\":\"https:\/\/omega-bakery.com\/sk\/\"},{\"@type\":\"ListItem\",\"position\":2,\"name\":\"Stroje a zariadenia\",\"item\":\"https:\/\/omega-bakery.com\/sk\/stroje-a-zariadenia\/\"},{\"@type\":\"ListItem\",\"position\":3,\"name\":\"Deli\\u010dky\",\"item\":\"http:\/\/omega-bakery.com\/sk\/stroje-a-zarizeni\/delicky\/\"},{\"@type\":\"ListItem\",\"position\":4,\"name\":\"Kontinu\\u00e1lne deli\\u010dky na drobn\\u00e9 pe\\u010divo\",\"item\":\"https:\/\/omega-bakery.com\/sk\/stroje-a-zarizeni\/delicky\/kontinualne-delicky-na-drobne-pecivo\/\"},{\"@type\":\"ListItem\",\"position\":5,\"name\":\"K\\u00f6nig Classic Rex Futura\"}]}]}<\/script>\n<!-- \/ Yoast SEO plugin. -->","yoast_head_json":{"title":"K\u00f6nig Classic Rex Futura - Omega Bakery","robots":{"index":"index","follow":"follow","max-snippet":"max-snippet:-1","max-image-preview":"max-image-preview:large","max-video-preview":"max-video-preview:-1"},"canonical":"https:\/\/omega-bakery.com\/sk\/produkt\/koenig-classic-rex-futura\/","og_locale":"sk_SK","og_type":"article","og_title":"K\u00f6nig Classic Rex Futura - Omega Bakery","og_description":"Hlavn\u00e9 znaky:   prevedenie 3, 4, 5 alebo 6 riadkov\u00e9 s mo\u017enos\u0165ou zaslepenia jedn\u00e9ho alebo dvoch riadkov (prev\u00e1dzka minim\u00e1lne na 3 rady)  rozsah delenia 17 - 180 g pod\u013ea v\u00fdberu deliaceho bubna  dva hmotnostn\u00e9 rozsahy na bubne  delenie cesta syst\u00e9mom Rex-High-Soft  automaticky nastavite\u013en\u00e1 v\u00fd\u0161ka zakru\u017eovania  automatick\u00e9 pom\u00fa\u010d\u0148ovanie  nerezov\u00e9 prevedenie  jednoduch\u00e1 \u00fadr\u017eba  Volite\u013en\u00e1 v\u00fdbava:   v\u00fd\u0161kovo nastavite\u013en\u00fd v\u00fdstupn\u00fd valec na posun klonkov na vyn\u00e1\u0161ac\u00ed p\u00e1s v polohe \u0161vom dole  nastavite\u013en\u00e1 doska na v\u00fdstupe na posun klonkov na vyn\u00e1\u0161ac\u00ed p\u00e1s v polohe \u0161vom nahor  Rozmedzie hmotnosti klonkov: \u00a0 vi\u010f let\u00e1k Pr\u00edkon: \u00a0 3 kW Rozmery (\u0161 x d x v):\u00a0\u00a0 800 x 2005\u00a0x 1780 mm V\u00e1ha: \u00a0 900 kg &nbsp; Viac inform\u00e1ci\u00ed o tejto deli\u010dke n\u00e1jdete v prilo\u017eenom let\u00e1ku TU   video TU   [...]Read More...","og_url":"https:\/\/omega-bakery.com\/sk\/produkt\/koenig-classic-rex-futura\/","og_site_name":"Omega Bakery","article_modified_time":"2023-11-16T09:55:44+00:00","og_image":[{"width":533,"height":700,"url":"http:\/\/omega-bakery.com\/sk\/wp-content\/uploads\/2021\/04\/Ko\u0308nig-Classic-Rex-Futura.png","path":"\/data\/web\/virtuals\/278194\/virtual\/www\/domains\/omega-bakery.com\/sk\/wp-content\/uploads\/2021\/04\/Ko\u0308nig-Classic-Rex-Futura.png","size":"full","id":688,"alt":"","pixels":373100,"type":"image\/png"}],"twitter_card":"summary_large_image","schema":{"@context":"https:\/\/schema.org","@graph":[{"@type":"WebSite","@id":"https:\/\/omega-bakery.com\/sk\/#website","url":"https:\/\/omega-bakery.com\/sk\/","name":"Omega Bakery","description":"Dodavatel stroj\u016f a za\u0159\u00edzen\u00ed pro pek\u00e1rny","potentialAction":[{"@type":"SearchAction","target":{"@type":"EntryPoint","urlTemplate":"https:\/\/omega-bakery.com\/sk\/?s={search_term_string}"},"query-input":"required name=search_term_string"}],"inLanguage":"sk-SK"},{"@type":"ImageObject","@id":"https:\/\/omega-bakery.com\/sk\/produkt\/koenig-classic-rex-futura\/#primaryimage","inLanguage":"sk-SK","url":"https:\/\/omega-bakery.com\/sk\/wp-content\/uploads\/2021\/04\/Ko\u0308nig-Classic-Rex-Futura.png","contentUrl":"https:\/\/omega-bakery.com\/sk\/wp-content\/uploads\/2021\/04\/Ko\u0308nig-Classic-Rex-Futura.png","width":533,"height":700},{"@type":"WebPage","@id":"https:\/\/omega-bakery.com\/sk\/produkt\/koenig-classic-rex-futura\/#webpage","url":"https:\/\/omega-bakery.com\/sk\/produkt\/koenig-classic-rex-futura\/","name":"K\u00f6nig Classic Rex Futura - Omega Bakery","isPartOf":{"@id":"https:\/\/omega-bakery.com\/sk\/#website"},"primaryImageOfPage":{"@id":"https:\/\/omega-bakery.com\/sk\/produkt\/koenig-classic-rex-futura\/#primaryimage"},"datePublished":"2021-04-23T14:01:43+00:00","dateModified":"2023-11-16T09:55:44+00:00","breadcrumb":{"@id":"https:\/\/omega-bakery.com\/sk\/produkt\/koenig-classic-rex-futura\/#breadcrumb"},"inLanguage":"sk-SK","potentialAction":[{"@type":"ReadAction","target":["https:\/\/omega-bakery.com\/sk\/produkt\/koenig-classic-rex-futura\/"]}]},{"@type":"BreadcrumbList","@id":"https:\/\/omega-bakery.com\/sk\/produkt\/koenig-classic-rex-futura\/#breadcrumb","itemListElement":[{"@type":"ListItem","position":1,"name":"Dom\u016f","item":"https:\/\/omega-bakery.com\/sk\/"},{"@type":"ListItem","position":2,"name":"Stroje a zariadenia","item":"https:\/\/omega-bakery.com\/sk\/stroje-a-zariadenia\/"},{"@type":"ListItem","position":3,"name":"Deli\u010dky","item":"http:\/\/omega-bakery.com\/sk\/stroje-a-zarizeni\/delicky\/"},{"@type":"ListItem","position":4,"name":"Kontinu\u00e1lne deli\u010dky na drobn\u00e9 pe\u010divo","item":"https:\/\/omega-bakery.com\/sk\/stroje-a-zarizeni\/delicky\/kontinualne-delicky-na-drobne-pecivo\/"},{"@type":"ListItem","position":5,"name":"K\u00f6nig Classic Rex Futura"}]}]}},"_links":{"self":[{"href":"https:\/\/omega-bakery.com\/sk\/wp-json\/wp\/v2\/product\/260"}],"collection":[{"href":"https:\/\/omega-bakery.com\/sk\/wp-json\/wp\/v2\/product"}],"about":[{"href":"https:\/\/omega-bakery.com\/sk\/wp-json\/wp\/v2\/types\/product"}],"wp:featuredmedia":[{"embeddable":true,"href":"https:\/\/omega-bakery.com\/sk\/wp-json\/wp\/v2\/media\/688"}],"wp:attachment":[{"href":"https:\/\/omega-bakery.com\/sk\/wp-json\/wp\/v2\/media?parent=260"}],"curies":[{"name":"wp","href":"https:\/\/api.w.org\/{rel}","templated":true}]}}