{"id":261,"date":"2021-04-23T16:01:55","date_gmt":"2021-04-23T14:01:55","guid":{"rendered":"http:\/\/omega-bakery.com\/sk\/?post_type=product&#038;p=261"},"modified":"2023-11-16T12:04:31","modified_gmt":"2023-11-16T10:04:31","slug":"koenig-rex-futura-multi","status":"publish","type":"product","link":"https:\/\/omega-bakery.com\/sk\/produkt\/koenig-rex-futura-multi\/","title":{"rendered":"K\u00f6nig Rex Futura Multi"},"content":{"rendered":"","protected":false},"excerpt":{"rendered":"<p><strong>Hlavn\u00e9 znaky<\/strong><\/p>\n<ul>\n<li>vymenite\u013en\u00e9 vlo\u017eky &#8211; matrice v deliacom bubne pre r\u00f4zne hmotnosti, 1 &#8211; 8 riadkov<\/li>\n<li>hmotnos\u0165 zakru\u017een\u00fdch v\u00fdrobkov 12 &#8211; 245 g<\/li>\n<li>nezakru\u017een\u00e9 klonky a\u017e do 600 g<\/li>\n<li>maxim\u00e1lna kapacita na jednu radu a\u017e 1500 ks\/hod<\/li>\n<li>jednoduch\u00e9 \u010distenie<\/li>\n<li>ve\u013ek\u00e9 bo\u010dn\u00e9 dvere pre jednoduch\u00fd pr\u00edstup<\/li>\n<li>ovl\u00e1danie pomocou dotykov\u00e9ho displeja s ulo\u017een\u00edm programov<\/li>\n<\/ul>\n<p><strong>Volite\u013en\u00e9 pr\u00edslu\u0161enstvo:<\/strong><\/p>\n<ul>\n<li>pom\u00fa\u010d\u0148ova\u010d nad vyn\u00e1\u0161ac\u00edm dopravn\u00edkom<\/li>\n<\/ul>\n<div><strong>Rozmedzie hmotnosti klonkov: <\/strong>pod\u013ea vymenite\u013en\u00fdch matr\u00edc<\/div>\n<div><strong>Pr\u00edkon:<\/strong> \u00a0 2 kW<\/div>\n<div><strong>Rozmery (\u0161 x d x v):<\/strong>\u00a0\u00a0 1205 x 2244 x 1665\u00a0mm<\/div>\n<div><strong>Hmotnos\u0165: \u00a0 <\/strong>1100 kg<\/div>\n<p>&nbsp;<\/p>\n<div>Viac inform\u00e1ci\u00ed o tejto deli\u010dke n\u00e1jdete v prilo\u017eenom let\u00e1ku <a href=\"http:\/\/omega-bakery.com\/sk\/wp-content\/uploads\/2021\/04\/Konig-Rex-Futura-Multi-0823.pdf\" target=\"newtab\" rel=\"noopener\">TU<\/a><\/div>\n<p> [&#8230;]<\/p>\n<p><a class=\"btn btn-secondary understrap-read-more-link\" href=\"https:\/\/omega-bakery.com\/sk\/produkt\/koenig-rex-futura-multi\/\">Read More&#8230;<\/a><\/p>\n","protected":false},"featured_media":686,"template":"","meta":[],"yoast_head":"<!-- This site is optimized with the Yoast SEO plugin v17.1 - https:\/\/yoast.com\/wordpress\/plugins\/seo\/ -->\n<title>K\u00f6nig Rex Futura Multi - Omega Bakery<\/title>\n<meta name=\"robots\" content=\"index, follow, max-snippet:-1, max-image-preview:large, max-video-preview:-1\" \/>\n<link rel=\"canonical\" href=\"https:\/\/omega-bakery.com\/sk\/produkt\/koenig-rex-futura-multi\/\" \/>\n<meta property=\"og:locale\" content=\"sk_SK\" \/>\n<meta property=\"og:type\" content=\"article\" \/>\n<meta property=\"og:title\" content=\"K\u00f6nig Rex Futura Multi - Omega Bakery\" \/>\n<meta property=\"og:description\" content=\"Hlavn\u00e9 znaky   vymenite\u013en\u00e9 vlo\u017eky - matrice v deliacom bubne pre r\u00f4zne hmotnosti, 1 - 8 riadkov  hmotnos\u0165 zakru\u017een\u00fdch v\u00fdrobkov 12 - 245 g  nezakru\u017een\u00e9 klonky a\u017e do 600 g  maxim\u00e1lna kapacita na jednu radu a\u017e 1500 ks\/hod  jednoduch\u00e9 \u010distenie  ve\u013ek\u00e9 bo\u010dn\u00e9 dvere pre jednoduch\u00fd pr\u00edstup  ovl\u00e1danie pomocou dotykov\u00e9ho displeja s ulo\u017een\u00edm programov  Volite\u013en\u00e9 pr\u00edslu\u0161enstvo:   pom\u00fa\u010d\u0148ova\u010d nad vyn\u00e1\u0161ac\u00edm dopravn\u00edkom  Rozmedzie hmotnosti klonkov: pod\u013ea vymenite\u013en\u00fdch matr\u00edc Pr\u00edkon: \u00a0 2 kW Rozmery (\u0161 x d x v):\u00a0\u00a0 1205 x 2244 x 1665\u00a0mm Hmotnos\u0165: \u00a0 1100 kg &nbsp; Viac inform\u00e1ci\u00ed o tejto deli\u010dke n\u00e1jdete v prilo\u017eenom let\u00e1ku TU [...]Read More...\" \/>\n<meta property=\"og:url\" content=\"https:\/\/omega-bakery.com\/sk\/produkt\/koenig-rex-futura-multi\/\" \/>\n<meta property=\"og:site_name\" content=\"Omega Bakery\" \/>\n<meta property=\"article:modified_time\" content=\"2023-11-16T10:04:31+00:00\" \/>\n<meta property=\"og:image\" content=\"http:\/\/omega-bakery.com\/sk\/wp-content\/uploads\/2021\/04\/Ko\u0308nig-Rex-Futura-Multi.png\" \/>\n\t<meta property=\"og:image:width\" content=\"533\" \/>\n\t<meta property=\"og:image:height\" content=\"700\" \/>\n<meta name=\"twitter:card\" content=\"summary_large_image\" \/>\n<script type=\"application\/ld+json\" class=\"yoast-schema-graph\">{\"@context\":\"https:\/\/schema.org\",\"@graph\":[{\"@type\":\"WebSite\",\"@id\":\"https:\/\/omega-bakery.com\/sk\/#website\",\"url\":\"https:\/\/omega-bakery.com\/sk\/\",\"name\":\"Omega Bakery\",\"description\":\"Dodavatel stroj\\u016f a za\\u0159\\u00edzen\\u00ed pro pek\\u00e1rny\",\"potentialAction\":[{\"@type\":\"SearchAction\",\"target\":{\"@type\":\"EntryPoint\",\"urlTemplate\":\"https:\/\/omega-bakery.com\/sk\/?s={search_term_string}\"},\"query-input\":\"required name=search_term_string\"}],\"inLanguage\":\"sk-SK\"},{\"@type\":\"ImageObject\",\"@id\":\"https:\/\/omega-bakery.com\/sk\/produkt\/koenig-rex-futura-multi\/#primaryimage\",\"inLanguage\":\"sk-SK\",\"url\":\"https:\/\/omega-bakery.com\/sk\/wp-content\/uploads\/2021\/04\/Ko\\u0308nig-Rex-Futura-Multi.png\",\"contentUrl\":\"https:\/\/omega-bakery.com\/sk\/wp-content\/uploads\/2021\/04\/Ko\\u0308nig-Rex-Futura-Multi.png\",\"width\":533,\"height\":700},{\"@type\":\"WebPage\",\"@id\":\"https:\/\/omega-bakery.com\/sk\/produkt\/koenig-rex-futura-multi\/#webpage\",\"url\":\"https:\/\/omega-bakery.com\/sk\/produkt\/koenig-rex-futura-multi\/\",\"name\":\"K\\u00f6nig Rex Futura Multi - Omega Bakery\",\"isPartOf\":{\"@id\":\"https:\/\/omega-bakery.com\/sk\/#website\"},\"primaryImageOfPage\":{\"@id\":\"https:\/\/omega-bakery.com\/sk\/produkt\/koenig-rex-futura-multi\/#primaryimage\"},\"datePublished\":\"2021-04-23T14:01:55+00:00\",\"dateModified\":\"2023-11-16T10:04:31+00:00\",\"breadcrumb\":{\"@id\":\"https:\/\/omega-bakery.com\/sk\/produkt\/koenig-rex-futura-multi\/#breadcrumb\"},\"inLanguage\":\"sk-SK\",\"potentialAction\":[{\"@type\":\"ReadAction\",\"target\":[\"https:\/\/omega-bakery.com\/sk\/produkt\/koenig-rex-futura-multi\/\"]}]},{\"@type\":\"BreadcrumbList\",\"@id\":\"https:\/\/omega-bakery.com\/sk\/produkt\/koenig-rex-futura-multi\/#breadcrumb\",\"itemListElement\":[{\"@type\":\"ListItem\",\"position\":1,\"name\":\"Dom\\u016f\",\"item\":\"https:\/\/omega-bakery.com\/sk\/\"},{\"@type\":\"ListItem\",\"position\":2,\"name\":\"Stroje a zariadenia\",\"item\":\"https:\/\/omega-bakery.com\/sk\/stroje-a-zariadenia\/\"},{\"@type\":\"ListItem\",\"position\":3,\"name\":\"Deli\\u010dky\",\"item\":\"http:\/\/omega-bakery.com\/sk\/stroje-a-zarizeni\/delicky\/\"},{\"@type\":\"ListItem\",\"position\":4,\"name\":\"Kontinu\\u00e1lne deli\\u010dky na drobn\\u00e9 pe\\u010divo\",\"item\":\"https:\/\/omega-bakery.com\/sk\/stroje-a-zarizeni\/delicky\/kontinualne-delicky-na-drobne-pecivo\/\"},{\"@type\":\"ListItem\",\"position\":5,\"name\":\"K\\u00f6nig Rex Futura Multi\"}]}]}<\/script>\n<!-- \/ Yoast SEO plugin. -->","yoast_head_json":{"title":"K\u00f6nig Rex Futura Multi - Omega Bakery","robots":{"index":"index","follow":"follow","max-snippet":"max-snippet:-1","max-image-preview":"max-image-preview:large","max-video-preview":"max-video-preview:-1"},"canonical":"https:\/\/omega-bakery.com\/sk\/produkt\/koenig-rex-futura-multi\/","og_locale":"sk_SK","og_type":"article","og_title":"K\u00f6nig Rex Futura Multi - Omega Bakery","og_description":"Hlavn\u00e9 znaky   vymenite\u013en\u00e9 vlo\u017eky - matrice v deliacom bubne pre r\u00f4zne hmotnosti, 1 - 8 riadkov  hmotnos\u0165 zakru\u017een\u00fdch v\u00fdrobkov 12 - 245 g  nezakru\u017een\u00e9 klonky a\u017e do 600 g  maxim\u00e1lna kapacita na jednu radu a\u017e 1500 ks\/hod  jednoduch\u00e9 \u010distenie  ve\u013ek\u00e9 bo\u010dn\u00e9 dvere pre jednoduch\u00fd pr\u00edstup  ovl\u00e1danie pomocou dotykov\u00e9ho displeja s ulo\u017een\u00edm programov  Volite\u013en\u00e9 pr\u00edslu\u0161enstvo:   pom\u00fa\u010d\u0148ova\u010d nad vyn\u00e1\u0161ac\u00edm dopravn\u00edkom  Rozmedzie hmotnosti klonkov: pod\u013ea vymenite\u013en\u00fdch matr\u00edc Pr\u00edkon: \u00a0 2 kW Rozmery (\u0161 x d x v):\u00a0\u00a0 1205 x 2244 x 1665\u00a0mm Hmotnos\u0165: \u00a0 1100 kg &nbsp; Viac inform\u00e1ci\u00ed o tejto deli\u010dke n\u00e1jdete v prilo\u017eenom let\u00e1ku TU [...]Read More...","og_url":"https:\/\/omega-bakery.com\/sk\/produkt\/koenig-rex-futura-multi\/","og_site_name":"Omega Bakery","article_modified_time":"2023-11-16T10:04:31+00:00","og_image":[{"width":533,"height":700,"url":"http:\/\/omega-bakery.com\/sk\/wp-content\/uploads\/2021\/04\/Ko\u0308nig-Rex-Futura-Multi.png","path":"\/data\/web\/virtuals\/278194\/virtual\/www\/domains\/omega-bakery.com\/sk\/wp-content\/uploads\/2021\/04\/Ko\u0308nig-Rex-Futura-Multi.png","size":"full","id":686,"alt":"","pixels":373100,"type":"image\/png"}],"twitter_card":"summary_large_image","schema":{"@context":"https:\/\/schema.org","@graph":[{"@type":"WebSite","@id":"https:\/\/omega-bakery.com\/sk\/#website","url":"https:\/\/omega-bakery.com\/sk\/","name":"Omega Bakery","description":"Dodavatel stroj\u016f a za\u0159\u00edzen\u00ed pro pek\u00e1rny","potentialAction":[{"@type":"SearchAction","target":{"@type":"EntryPoint","urlTemplate":"https:\/\/omega-bakery.com\/sk\/?s={search_term_string}"},"query-input":"required name=search_term_string"}],"inLanguage":"sk-SK"},{"@type":"ImageObject","@id":"https:\/\/omega-bakery.com\/sk\/produkt\/koenig-rex-futura-multi\/#primaryimage","inLanguage":"sk-SK","url":"https:\/\/omega-bakery.com\/sk\/wp-content\/uploads\/2021\/04\/Ko\u0308nig-Rex-Futura-Multi.png","contentUrl":"https:\/\/omega-bakery.com\/sk\/wp-content\/uploads\/2021\/04\/Ko\u0308nig-Rex-Futura-Multi.png","width":533,"height":700},{"@type":"WebPage","@id":"https:\/\/omega-bakery.com\/sk\/produkt\/koenig-rex-futura-multi\/#webpage","url":"https:\/\/omega-bakery.com\/sk\/produkt\/koenig-rex-futura-multi\/","name":"K\u00f6nig Rex Futura Multi - Omega Bakery","isPartOf":{"@id":"https:\/\/omega-bakery.com\/sk\/#website"},"primaryImageOfPage":{"@id":"https:\/\/omega-bakery.com\/sk\/produkt\/koenig-rex-futura-multi\/#primaryimage"},"datePublished":"2021-04-23T14:01:55+00:00","dateModified":"2023-11-16T10:04:31+00:00","breadcrumb":{"@id":"https:\/\/omega-bakery.com\/sk\/produkt\/koenig-rex-futura-multi\/#breadcrumb"},"inLanguage":"sk-SK","potentialAction":[{"@type":"ReadAction","target":["https:\/\/omega-bakery.com\/sk\/produkt\/koenig-rex-futura-multi\/"]}]},{"@type":"BreadcrumbList","@id":"https:\/\/omega-bakery.com\/sk\/produkt\/koenig-rex-futura-multi\/#breadcrumb","itemListElement":[{"@type":"ListItem","position":1,"name":"Dom\u016f","item":"https:\/\/omega-bakery.com\/sk\/"},{"@type":"ListItem","position":2,"name":"Stroje a zariadenia","item":"https:\/\/omega-bakery.com\/sk\/stroje-a-zariadenia\/"},{"@type":"ListItem","position":3,"name":"Deli\u010dky","item":"http:\/\/omega-bakery.com\/sk\/stroje-a-zarizeni\/delicky\/"},{"@type":"ListItem","position":4,"name":"Kontinu\u00e1lne deli\u010dky na drobn\u00e9 pe\u010divo","item":"https:\/\/omega-bakery.com\/sk\/stroje-a-zarizeni\/delicky\/kontinualne-delicky-na-drobne-pecivo\/"},{"@type":"ListItem","position":5,"name":"K\u00f6nig Rex Futura Multi"}]}]}},"_links":{"self":[{"href":"https:\/\/omega-bakery.com\/sk\/wp-json\/wp\/v2\/product\/261"}],"collection":[{"href":"https:\/\/omega-bakery.com\/sk\/wp-json\/wp\/v2\/product"}],"about":[{"href":"https:\/\/omega-bakery.com\/sk\/wp-json\/wp\/v2\/types\/product"}],"wp:featuredmedia":[{"embeddable":true,"href":"https:\/\/omega-bakery.com\/sk\/wp-json\/wp\/v2\/media\/686"}],"wp:attachment":[{"href":"https:\/\/omega-bakery.com\/sk\/wp-json\/wp\/v2\/media?parent=261"}],"curies":[{"name":"wp","href":"https:\/\/api.w.org\/{rel}","templated":true}]}}