{"id":262,"date":"2021-04-23T16:02:14","date_gmt":"2021-04-23T14:02:14","guid":{"rendered":"http:\/\/omega-bakery.com\/sk\/?post_type=product&#038;p=262"},"modified":"2023-11-16T12:00:03","modified_gmt":"2023-11-16T10:00:03","slug":"koenig-industrie-rex-i","status":"publish","type":"product","link":"https:\/\/omega-bakery.com\/sk\/produkt\/koenig-industrie-rex-i\/","title":{"rendered":"K\u00f6nig Industrie Rex 1"},"content":{"rendered":"","protected":false},"excerpt":{"rendered":"<p><strong>Hlavn\u00e9 znaky<\/strong><\/p>\n<ul>\n<li>priemyseln\u00e1 deli\u010dka drobn\u00e9ho pe\u010diva s vysok\u00fdm v\u00fdkonom<\/li>\n<li>delenie cesta Rex-High-Soft syst\u00e9mom<\/li>\n<li>oddelen\u00fd deliaci a zakru\u017eovac\u00ed bubon<\/li>\n<li>automaticky nastavite\u013en\u00e1 v\u00fd\u0161ka zakru\u017eovania<\/li>\n<li>valcov\u00fd pod\u00e1va\u010d cesta s bezpe\u010dnostnou mrie\u017ekou<\/li>\n<li>automatick\u00e9 pom\u00fa\u010d\u0148ovanie<\/li>\n<li>delen\u00fd vyn\u00e1\u0161ac\u00ed dopravn\u00edk 1000mm<\/li>\n<li>nerezov\u00e9 prevedenie<\/li>\n<li>jednoduch\u00e1 \u00fadr\u017eba<\/li>\n<li>volite\u013en\u00fd doplnok &#8211; d\u00e1vkovac\u00ed k\u00f4\u0161 nad n\u00e1sypkou<\/li>\n<\/ul>\n<div><strong>Rozmedzie hmotnosti klonkov: \u00a0 <\/strong>20 &#8211; 220 g &#8211; pod\u013ea zvolen\u00e9ho bubnu<\/div>\n<div><strong>Pr\u00edkon:<\/strong>\u00a0 \u00a06 kW<\/div>\n<div><strong>Rozmery (\u0161 x d x v):<\/strong>\u00a0 \u00a01009 x 3200 x 1927 mm<\/div>\n<div><strong>Hmotnos\u0165: <\/strong>\u00a0 1800 kg<\/div>\n<p>&nbsp;<\/p>\n<div>Viac inform\u00e1ci\u00ed o tejto deli\u010dke n\u00e1jdete v prilo\u017eenom let\u00e1ku <a href=\"http:\/\/omega-bakery.com\/sk\/wp-content\/uploads\/2021\/04\/Konig-Industrie-Rex-1-0823.pdf\" target=\"newtab\" rel=\"noopener\">TU<\/a><\/div>\n<p> [&#8230;]<\/p>\n<p><a class=\"btn btn-secondary understrap-read-more-link\" href=\"https:\/\/omega-bakery.com\/sk\/produkt\/koenig-industrie-rex-i\/\">Read More&#8230;<\/a><\/p>\n","protected":false},"featured_media":684,"template":"","meta":[],"yoast_head":"<!-- This site is optimized with the Yoast SEO plugin v17.1 - https:\/\/yoast.com\/wordpress\/plugins\/seo\/ -->\n<title>K\u00f6nig Industrie Rex 1 - Omega Bakery<\/title>\n<meta name=\"robots\" content=\"index, follow, max-snippet:-1, max-image-preview:large, max-video-preview:-1\" \/>\n<link rel=\"canonical\" href=\"https:\/\/omega-bakery.com\/sk\/produkt\/koenig-industrie-rex-i\/\" \/>\n<meta property=\"og:locale\" content=\"sk_SK\" \/>\n<meta property=\"og:type\" content=\"article\" \/>\n<meta property=\"og:title\" content=\"K\u00f6nig Industrie Rex 1 - Omega Bakery\" \/>\n<meta property=\"og:description\" content=\"Hlavn\u00e9 znaky   priemyseln\u00e1 deli\u010dka drobn\u00e9ho pe\u010diva s vysok\u00fdm v\u00fdkonom  delenie cesta Rex-High-Soft syst\u00e9mom  oddelen\u00fd deliaci a zakru\u017eovac\u00ed bubon  automaticky nastavite\u013en\u00e1 v\u00fd\u0161ka zakru\u017eovania  valcov\u00fd pod\u00e1va\u010d cesta s bezpe\u010dnostnou mrie\u017ekou  automatick\u00e9 pom\u00fa\u010d\u0148ovanie  delen\u00fd vyn\u00e1\u0161ac\u00ed dopravn\u00edk 1000mm  nerezov\u00e9 prevedenie  jednoduch\u00e1 \u00fadr\u017eba  volite\u013en\u00fd doplnok - d\u00e1vkovac\u00ed k\u00f4\u0161 nad n\u00e1sypkou  Rozmedzie hmotnosti klonkov: \u00a0 20 - 220 g - pod\u013ea zvolen\u00e9ho bubnu Pr\u00edkon:\u00a0 \u00a06 kW Rozmery (\u0161 x d x v):\u00a0 \u00a01009 x 3200 x 1927 mm Hmotnos\u0165: \u00a0 1800 kg &nbsp; Viac inform\u00e1ci\u00ed o tejto deli\u010dke n\u00e1jdete v prilo\u017eenom let\u00e1ku TU [...]Read More...\" \/>\n<meta property=\"og:url\" content=\"https:\/\/omega-bakery.com\/sk\/produkt\/koenig-industrie-rex-i\/\" \/>\n<meta property=\"og:site_name\" content=\"Omega Bakery\" \/>\n<meta property=\"article:modified_time\" content=\"2023-11-16T10:00:03+00:00\" \/>\n<meta property=\"og:image\" content=\"http:\/\/omega-bakery.com\/sk\/wp-content\/uploads\/2021\/04\/Ko\u0308nig-Industrie-Rex-I.png\" \/>\n\t<meta property=\"og:image:width\" content=\"533\" \/>\n\t<meta property=\"og:image:height\" content=\"700\" \/>\n<meta name=\"twitter:card\" content=\"summary_large_image\" \/>\n<script type=\"application\/ld+json\" class=\"yoast-schema-graph\">{\"@context\":\"https:\/\/schema.org\",\"@graph\":[{\"@type\":\"WebSite\",\"@id\":\"https:\/\/omega-bakery.com\/sk\/#website\",\"url\":\"https:\/\/omega-bakery.com\/sk\/\",\"name\":\"Omega Bakery\",\"description\":\"Dodavatel stroj\\u016f a za\\u0159\\u00edzen\\u00ed pro pek\\u00e1rny\",\"potentialAction\":[{\"@type\":\"SearchAction\",\"target\":{\"@type\":\"EntryPoint\",\"urlTemplate\":\"https:\/\/omega-bakery.com\/sk\/?s={search_term_string}\"},\"query-input\":\"required name=search_term_string\"}],\"inLanguage\":\"sk-SK\"},{\"@type\":\"ImageObject\",\"@id\":\"https:\/\/omega-bakery.com\/sk\/produkt\/koenig-industrie-rex-i\/#primaryimage\",\"inLanguage\":\"sk-SK\",\"url\":\"https:\/\/omega-bakery.com\/sk\/wp-content\/uploads\/2021\/04\/Ko\\u0308nig-Industrie-Rex-I.png\",\"contentUrl\":\"https:\/\/omega-bakery.com\/sk\/wp-content\/uploads\/2021\/04\/Ko\\u0308nig-Industrie-Rex-I.png\",\"width\":533,\"height\":700},{\"@type\":\"WebPage\",\"@id\":\"https:\/\/omega-bakery.com\/sk\/produkt\/koenig-industrie-rex-i\/#webpage\",\"url\":\"https:\/\/omega-bakery.com\/sk\/produkt\/koenig-industrie-rex-i\/\",\"name\":\"K\\u00f6nig Industrie Rex 1 - Omega Bakery\",\"isPartOf\":{\"@id\":\"https:\/\/omega-bakery.com\/sk\/#website\"},\"primaryImageOfPage\":{\"@id\":\"https:\/\/omega-bakery.com\/sk\/produkt\/koenig-industrie-rex-i\/#primaryimage\"},\"datePublished\":\"2021-04-23T14:02:14+00:00\",\"dateModified\":\"2023-11-16T10:00:03+00:00\",\"breadcrumb\":{\"@id\":\"https:\/\/omega-bakery.com\/sk\/produkt\/koenig-industrie-rex-i\/#breadcrumb\"},\"inLanguage\":\"sk-SK\",\"potentialAction\":[{\"@type\":\"ReadAction\",\"target\":[\"https:\/\/omega-bakery.com\/sk\/produkt\/koenig-industrie-rex-i\/\"]}]},{\"@type\":\"BreadcrumbList\",\"@id\":\"https:\/\/omega-bakery.com\/sk\/produkt\/koenig-industrie-rex-i\/#breadcrumb\",\"itemListElement\":[{\"@type\":\"ListItem\",\"position\":1,\"name\":\"Dom\\u016f\",\"item\":\"https:\/\/omega-bakery.com\/sk\/\"},{\"@type\":\"ListItem\",\"position\":2,\"name\":\"Stroje a zariadenia\",\"item\":\"https:\/\/omega-bakery.com\/sk\/stroje-a-zariadenia\/\"},{\"@type\":\"ListItem\",\"position\":3,\"name\":\"Deli\\u010dky\",\"item\":\"http:\/\/omega-bakery.com\/sk\/stroje-a-zarizeni\/delicky\/\"},{\"@type\":\"ListItem\",\"position\":4,\"name\":\"Kontinu\\u00e1lne deli\\u010dky na drobn\\u00e9 pe\\u010divo\",\"item\":\"https:\/\/omega-bakery.com\/sk\/stroje-a-zarizeni\/delicky\/kontinualne-delicky-na-drobne-pecivo\/\"},{\"@type\":\"ListItem\",\"position\":5,\"name\":\"K\\u00f6nig Industrie Rex 1\"}]}]}<\/script>\n<!-- \/ Yoast SEO plugin. -->","yoast_head_json":{"title":"K\u00f6nig Industrie Rex 1 - Omega Bakery","robots":{"index":"index","follow":"follow","max-snippet":"max-snippet:-1","max-image-preview":"max-image-preview:large","max-video-preview":"max-video-preview:-1"},"canonical":"https:\/\/omega-bakery.com\/sk\/produkt\/koenig-industrie-rex-i\/","og_locale":"sk_SK","og_type":"article","og_title":"K\u00f6nig Industrie Rex 1 - Omega Bakery","og_description":"Hlavn\u00e9 znaky   priemyseln\u00e1 deli\u010dka drobn\u00e9ho pe\u010diva s vysok\u00fdm v\u00fdkonom  delenie cesta Rex-High-Soft syst\u00e9mom  oddelen\u00fd deliaci a zakru\u017eovac\u00ed bubon  automaticky nastavite\u013en\u00e1 v\u00fd\u0161ka zakru\u017eovania  valcov\u00fd pod\u00e1va\u010d cesta s bezpe\u010dnostnou mrie\u017ekou  automatick\u00e9 pom\u00fa\u010d\u0148ovanie  delen\u00fd vyn\u00e1\u0161ac\u00ed dopravn\u00edk 1000mm  nerezov\u00e9 prevedenie  jednoduch\u00e1 \u00fadr\u017eba  volite\u013en\u00fd doplnok - d\u00e1vkovac\u00ed k\u00f4\u0161 nad n\u00e1sypkou  Rozmedzie hmotnosti klonkov: \u00a0 20 - 220 g - pod\u013ea zvolen\u00e9ho bubnu Pr\u00edkon:\u00a0 \u00a06 kW Rozmery (\u0161 x d x v):\u00a0 \u00a01009 x 3200 x 1927 mm Hmotnos\u0165: \u00a0 1800 kg &nbsp; Viac inform\u00e1ci\u00ed o tejto deli\u010dke n\u00e1jdete v prilo\u017eenom let\u00e1ku TU [...]Read More...","og_url":"https:\/\/omega-bakery.com\/sk\/produkt\/koenig-industrie-rex-i\/","og_site_name":"Omega Bakery","article_modified_time":"2023-11-16T10:00:03+00:00","og_image":[{"width":533,"height":700,"url":"http:\/\/omega-bakery.com\/sk\/wp-content\/uploads\/2021\/04\/Ko\u0308nig-Industrie-Rex-I.png","path":"\/data\/web\/virtuals\/278194\/virtual\/www\/domains\/omega-bakery.com\/sk\/wp-content\/uploads\/2021\/04\/Ko\u0308nig-Industrie-Rex-I.png","size":"full","id":684,"alt":"","pixels":373100,"type":"image\/png"}],"twitter_card":"summary_large_image","schema":{"@context":"https:\/\/schema.org","@graph":[{"@type":"WebSite","@id":"https:\/\/omega-bakery.com\/sk\/#website","url":"https:\/\/omega-bakery.com\/sk\/","name":"Omega Bakery","description":"Dodavatel stroj\u016f a za\u0159\u00edzen\u00ed pro pek\u00e1rny","potentialAction":[{"@type":"SearchAction","target":{"@type":"EntryPoint","urlTemplate":"https:\/\/omega-bakery.com\/sk\/?s={search_term_string}"},"query-input":"required name=search_term_string"}],"inLanguage":"sk-SK"},{"@type":"ImageObject","@id":"https:\/\/omega-bakery.com\/sk\/produkt\/koenig-industrie-rex-i\/#primaryimage","inLanguage":"sk-SK","url":"https:\/\/omega-bakery.com\/sk\/wp-content\/uploads\/2021\/04\/Ko\u0308nig-Industrie-Rex-I.png","contentUrl":"https:\/\/omega-bakery.com\/sk\/wp-content\/uploads\/2021\/04\/Ko\u0308nig-Industrie-Rex-I.png","width":533,"height":700},{"@type":"WebPage","@id":"https:\/\/omega-bakery.com\/sk\/produkt\/koenig-industrie-rex-i\/#webpage","url":"https:\/\/omega-bakery.com\/sk\/produkt\/koenig-industrie-rex-i\/","name":"K\u00f6nig Industrie Rex 1 - Omega Bakery","isPartOf":{"@id":"https:\/\/omega-bakery.com\/sk\/#website"},"primaryImageOfPage":{"@id":"https:\/\/omega-bakery.com\/sk\/produkt\/koenig-industrie-rex-i\/#primaryimage"},"datePublished":"2021-04-23T14:02:14+00:00","dateModified":"2023-11-16T10:00:03+00:00","breadcrumb":{"@id":"https:\/\/omega-bakery.com\/sk\/produkt\/koenig-industrie-rex-i\/#breadcrumb"},"inLanguage":"sk-SK","potentialAction":[{"@type":"ReadAction","target":["https:\/\/omega-bakery.com\/sk\/produkt\/koenig-industrie-rex-i\/"]}]},{"@type":"BreadcrumbList","@id":"https:\/\/omega-bakery.com\/sk\/produkt\/koenig-industrie-rex-i\/#breadcrumb","itemListElement":[{"@type":"ListItem","position":1,"name":"Dom\u016f","item":"https:\/\/omega-bakery.com\/sk\/"},{"@type":"ListItem","position":2,"name":"Stroje a zariadenia","item":"https:\/\/omega-bakery.com\/sk\/stroje-a-zariadenia\/"},{"@type":"ListItem","position":3,"name":"Deli\u010dky","item":"http:\/\/omega-bakery.com\/sk\/stroje-a-zarizeni\/delicky\/"},{"@type":"ListItem","position":4,"name":"Kontinu\u00e1lne deli\u010dky na drobn\u00e9 pe\u010divo","item":"https:\/\/omega-bakery.com\/sk\/stroje-a-zarizeni\/delicky\/kontinualne-delicky-na-drobne-pecivo\/"},{"@type":"ListItem","position":5,"name":"K\u00f6nig Industrie Rex 1"}]}]}},"_links":{"self":[{"href":"https:\/\/omega-bakery.com\/sk\/wp-json\/wp\/v2\/product\/262"}],"collection":[{"href":"https:\/\/omega-bakery.com\/sk\/wp-json\/wp\/v2\/product"}],"about":[{"href":"https:\/\/omega-bakery.com\/sk\/wp-json\/wp\/v2\/types\/product"}],"wp:featuredmedia":[{"embeddable":true,"href":"https:\/\/omega-bakery.com\/sk\/wp-json\/wp\/v2\/media\/684"}],"wp:attachment":[{"href":"https:\/\/omega-bakery.com\/sk\/wp-json\/wp\/v2\/media?parent=262"}],"curies":[{"name":"wp","href":"https:\/\/api.w.org\/{rel}","templated":true}]}}