{"id":264,"date":"2021-04-23T16:02:29","date_gmt":"2021-04-23T14:02:29","guid":{"rendered":"http:\/\/omega-bakery.com\/sk\/?post_type=product&#038;p=264"},"modified":"2023-11-16T12:02:59","modified_gmt":"2023-11-16T10:02:59","slug":"koenig-mini-rex-futura","status":"publish","type":"product","link":"https:\/\/omega-bakery.com\/sk\/produkt\/koenig-mini-rex-futura\/","title":{"rendered":"K\u00f6nig Mini Rex Multi"},"content":{"rendered":"","protected":false},"excerpt":{"rendered":"<p>&nbsp;<\/p>\n<table border=\"0\" cellspacing=\"1\" cellpadding=\"1\">\n<tbody>\n<tr>\n<td><strong>Hlavn\u00e9 znaky<\/strong><\/p>\n<ul>\n<li>unik\u00e1tna, automatick\u00e1 deli\u010dka cesta na drobn\u00e9 pe\u010divo, m\u00f4\u017ee pracova\u0165 v 1, 2, 3 alebo 4 riadkovom preveden\u00ed princ\u00edpom vymenite\u013en\u00fdch vlo\u017eiek deliaceho bubna<\/li>\n<li>rozsah gram\u00e1\u017e\u00ed s vygu\u013eovan\u00edm 8 \u2013 140 g<\/li>\n<li>jednoduch\u00e9 ovl\u00e1danie pomocou piktogramov\u00e9ho panelu<\/li>\n<li>r\u00fdchla v\u00fdmena pracovn\u00fdch vlo\u017eiek<\/li>\n<li>hmotnos\u0165 cesta v n\u00e1sypke cca 15 kg<\/li>\n<\/ul>\n<div><strong><strong>Celkov\u00fd rozsah gram\u00e1\u017e\u00ed:<\/strong><\/strong><span style=\"font-family: inherit;font-size: inherit\"> 8 \u2013 330 g &#8211; pod\u013ea v\u00fdberu vlo\u017eiek<\/span><strong><strong><br \/>\n<\/strong><\/strong><strong>Pr\u00edkon:<\/strong> \u00a0 0,75 kW<\/div>\n<div><strong>Rozmery (\u0161 x d x v):<\/strong> \u00a0 660 x 1790 x 1800\u00a0mm<\/div>\n<div><strong>Hmotnos\u0165: \u00a0 <\/strong>300 kg<\/div>\n<p>&nbsp;<\/p>\n<div><span style=\"font-family: inherit;font-size: inherit\">Viac inform\u00e1ci\u00ed o tejto deli\u010dke n\u00e1jdete v prilo\u017eenom let\u00e1ku <\/span><a style=\"font-family: inherit;font-size: inherit\" href=\"http:\/\/omega-bakery.com\/sk\/wp-content\/uploads\/2021\/04\/Konig-Mini-Rex-Multi-0823.pdf\" target=\"newtab\" rel=\"noopener\">TU<\/a><\/div>\n<div>\n<p><a href=\"http:\/\/www.youtube.com\/watch?v=408gYL0mBgc\" target=\"newtab\" rel=\"noopener\">video TU<\/a><\/p>\n<\/div>\n<\/td>\n<\/tr>\n<\/tbody>\n<\/table>\n<p> [&#8230;]<\/p>\n<p><a class=\"btn btn-secondary understrap-read-more-link\" href=\"https:\/\/omega-bakery.com\/sk\/produkt\/koenig-mini-rex-futura\/\">Read More&#8230;<\/a><\/p>\n","protected":false},"featured_media":682,"template":"","meta":[],"yoast_head":"<!-- This site is optimized with the Yoast SEO plugin v17.1 - https:\/\/yoast.com\/wordpress\/plugins\/seo\/ -->\n<title>K\u00f6nig Mini Rex Multi - Omega Bakery<\/title>\n<meta name=\"robots\" content=\"index, follow, max-snippet:-1, max-image-preview:large, max-video-preview:-1\" \/>\n<link rel=\"canonical\" href=\"https:\/\/omega-bakery.com\/sk\/produkt\/koenig-mini-rex-futura\/\" \/>\n<meta property=\"og:locale\" content=\"sk_SK\" \/>\n<meta property=\"og:type\" content=\"article\" \/>\n<meta property=\"og:title\" content=\"K\u00f6nig Mini Rex Multi - Omega Bakery\" \/>\n<meta property=\"og:description\" content=\"&nbsp;    Hlavn\u00e9 znaky   unik\u00e1tna, automatick\u00e1 deli\u010dka cesta na drobn\u00e9 pe\u010divo, m\u00f4\u017ee pracova\u0165 v 1, 2, 3 alebo 4 riadkovom preveden\u00ed princ\u00edpom vymenite\u013en\u00fdch vlo\u017eiek deliaceho bubna  rozsah gram\u00e1\u017e\u00ed s vygu\u013eovan\u00edm 8 \u2013 140 g  jednoduch\u00e9 ovl\u00e1danie pomocou piktogramov\u00e9ho panelu  r\u00fdchla v\u00fdmena pracovn\u00fdch vlo\u017eiek  hmotnos\u0165 cesta v n\u00e1sypke cca 15 kg  Celkov\u00fd rozsah gram\u00e1\u017e\u00ed: 8 \u2013 330 g - pod\u013ea v\u00fdberu vlo\u017eiek Pr\u00edkon: \u00a0 0,75 kW Rozmery (\u0161 x d x v): \u00a0 660 x 1790 x 1800\u00a0mm Hmotnos\u0165: \u00a0 300 kg &nbsp; Viac inform\u00e1ci\u00ed o tejto deli\u010dke n\u00e1jdete v prilo\u017eenom let\u00e1ku TU   video TU      [...]Read More...\" \/>\n<meta property=\"og:url\" content=\"https:\/\/omega-bakery.com\/sk\/produkt\/koenig-mini-rex-futura\/\" \/>\n<meta property=\"og:site_name\" content=\"Omega Bakery\" \/>\n<meta property=\"article:modified_time\" content=\"2023-11-16T10:02:59+00:00\" \/>\n<meta property=\"og:image\" content=\"http:\/\/omega-bakery.com\/sk\/wp-content\/uploads\/2021\/04\/Ko\u0308nig-Mini-Rex-Multi.png\" \/>\n\t<meta property=\"og:image:width\" content=\"533\" \/>\n\t<meta property=\"og:image:height\" content=\"700\" \/>\n<meta name=\"twitter:card\" content=\"summary_large_image\" \/>\n<script type=\"application\/ld+json\" class=\"yoast-schema-graph\">{\"@context\":\"https:\/\/schema.org\",\"@graph\":[{\"@type\":\"WebSite\",\"@id\":\"https:\/\/omega-bakery.com\/sk\/#website\",\"url\":\"https:\/\/omega-bakery.com\/sk\/\",\"name\":\"Omega Bakery\",\"description\":\"Dodavatel stroj\\u016f a za\\u0159\\u00edzen\\u00ed pro pek\\u00e1rny\",\"potentialAction\":[{\"@type\":\"SearchAction\",\"target\":{\"@type\":\"EntryPoint\",\"urlTemplate\":\"https:\/\/omega-bakery.com\/sk\/?s={search_term_string}\"},\"query-input\":\"required name=search_term_string\"}],\"inLanguage\":\"sk-SK\"},{\"@type\":\"ImageObject\",\"@id\":\"https:\/\/omega-bakery.com\/sk\/produkt\/koenig-mini-rex-futura\/#primaryimage\",\"inLanguage\":\"sk-SK\",\"url\":\"https:\/\/omega-bakery.com\/sk\/wp-content\/uploads\/2021\/04\/Ko\\u0308nig-Mini-Rex-Multi.png\",\"contentUrl\":\"https:\/\/omega-bakery.com\/sk\/wp-content\/uploads\/2021\/04\/Ko\\u0308nig-Mini-Rex-Multi.png\",\"width\":533,\"height\":700},{\"@type\":\"WebPage\",\"@id\":\"https:\/\/omega-bakery.com\/sk\/produkt\/koenig-mini-rex-futura\/#webpage\",\"url\":\"https:\/\/omega-bakery.com\/sk\/produkt\/koenig-mini-rex-futura\/\",\"name\":\"K\\u00f6nig Mini Rex Multi - Omega Bakery\",\"isPartOf\":{\"@id\":\"https:\/\/omega-bakery.com\/sk\/#website\"},\"primaryImageOfPage\":{\"@id\":\"https:\/\/omega-bakery.com\/sk\/produkt\/koenig-mini-rex-futura\/#primaryimage\"},\"datePublished\":\"2021-04-23T14:02:29+00:00\",\"dateModified\":\"2023-11-16T10:02:59+00:00\",\"breadcrumb\":{\"@id\":\"https:\/\/omega-bakery.com\/sk\/produkt\/koenig-mini-rex-futura\/#breadcrumb\"},\"inLanguage\":\"sk-SK\",\"potentialAction\":[{\"@type\":\"ReadAction\",\"target\":[\"https:\/\/omega-bakery.com\/sk\/produkt\/koenig-mini-rex-futura\/\"]}]},{\"@type\":\"BreadcrumbList\",\"@id\":\"https:\/\/omega-bakery.com\/sk\/produkt\/koenig-mini-rex-futura\/#breadcrumb\",\"itemListElement\":[{\"@type\":\"ListItem\",\"position\":1,\"name\":\"Dom\\u016f\",\"item\":\"https:\/\/omega-bakery.com\/sk\/\"},{\"@type\":\"ListItem\",\"position\":2,\"name\":\"Stroje a zariadenia\",\"item\":\"https:\/\/omega-bakery.com\/sk\/stroje-a-zariadenia\/\"},{\"@type\":\"ListItem\",\"position\":3,\"name\":\"Deli\\u010dky\",\"item\":\"http:\/\/omega-bakery.com\/sk\/stroje-a-zarizeni\/delicky\/\"},{\"@type\":\"ListItem\",\"position\":4,\"name\":\"Kontinu\\u00e1lne deli\\u010dky na drobn\\u00e9 pe\\u010divo\",\"item\":\"https:\/\/omega-bakery.com\/sk\/stroje-a-zarizeni\/delicky\/kontinualne-delicky-na-drobne-pecivo\/\"},{\"@type\":\"ListItem\",\"position\":5,\"name\":\"K\\u00f6nig Mini Rex Multi\"}]}]}<\/script>\n<!-- \/ Yoast SEO plugin. -->","yoast_head_json":{"title":"K\u00f6nig Mini Rex Multi - Omega Bakery","robots":{"index":"index","follow":"follow","max-snippet":"max-snippet:-1","max-image-preview":"max-image-preview:large","max-video-preview":"max-video-preview:-1"},"canonical":"https:\/\/omega-bakery.com\/sk\/produkt\/koenig-mini-rex-futura\/","og_locale":"sk_SK","og_type":"article","og_title":"K\u00f6nig Mini Rex Multi - Omega Bakery","og_description":"&nbsp;    Hlavn\u00e9 znaky   unik\u00e1tna, automatick\u00e1 deli\u010dka cesta na drobn\u00e9 pe\u010divo, m\u00f4\u017ee pracova\u0165 v 1, 2, 3 alebo 4 riadkovom preveden\u00ed princ\u00edpom vymenite\u013en\u00fdch vlo\u017eiek deliaceho bubna  rozsah gram\u00e1\u017e\u00ed s vygu\u013eovan\u00edm 8 \u2013 140 g  jednoduch\u00e9 ovl\u00e1danie pomocou piktogramov\u00e9ho panelu  r\u00fdchla v\u00fdmena pracovn\u00fdch vlo\u017eiek  hmotnos\u0165 cesta v n\u00e1sypke cca 15 kg  Celkov\u00fd rozsah gram\u00e1\u017e\u00ed: 8 \u2013 330 g - pod\u013ea v\u00fdberu vlo\u017eiek Pr\u00edkon: \u00a0 0,75 kW Rozmery (\u0161 x d x v): \u00a0 660 x 1790 x 1800\u00a0mm Hmotnos\u0165: \u00a0 300 kg &nbsp; Viac inform\u00e1ci\u00ed o tejto deli\u010dke n\u00e1jdete v prilo\u017eenom let\u00e1ku TU   video TU      [...]Read More...","og_url":"https:\/\/omega-bakery.com\/sk\/produkt\/koenig-mini-rex-futura\/","og_site_name":"Omega Bakery","article_modified_time":"2023-11-16T10:02:59+00:00","og_image":[{"width":533,"height":700,"url":"http:\/\/omega-bakery.com\/sk\/wp-content\/uploads\/2021\/04\/Ko\u0308nig-Mini-Rex-Multi.png","path":"\/data\/web\/virtuals\/278194\/virtual\/www\/domains\/omega-bakery.com\/sk\/wp-content\/uploads\/2021\/04\/Ko\u0308nig-Mini-Rex-Multi.png","size":"full","id":682,"alt":"","pixels":373100,"type":"image\/png"}],"twitter_card":"summary_large_image","schema":{"@context":"https:\/\/schema.org","@graph":[{"@type":"WebSite","@id":"https:\/\/omega-bakery.com\/sk\/#website","url":"https:\/\/omega-bakery.com\/sk\/","name":"Omega Bakery","description":"Dodavatel stroj\u016f a za\u0159\u00edzen\u00ed pro pek\u00e1rny","potentialAction":[{"@type":"SearchAction","target":{"@type":"EntryPoint","urlTemplate":"https:\/\/omega-bakery.com\/sk\/?s={search_term_string}"},"query-input":"required name=search_term_string"}],"inLanguage":"sk-SK"},{"@type":"ImageObject","@id":"https:\/\/omega-bakery.com\/sk\/produkt\/koenig-mini-rex-futura\/#primaryimage","inLanguage":"sk-SK","url":"https:\/\/omega-bakery.com\/sk\/wp-content\/uploads\/2021\/04\/Ko\u0308nig-Mini-Rex-Multi.png","contentUrl":"https:\/\/omega-bakery.com\/sk\/wp-content\/uploads\/2021\/04\/Ko\u0308nig-Mini-Rex-Multi.png","width":533,"height":700},{"@type":"WebPage","@id":"https:\/\/omega-bakery.com\/sk\/produkt\/koenig-mini-rex-futura\/#webpage","url":"https:\/\/omega-bakery.com\/sk\/produkt\/koenig-mini-rex-futura\/","name":"K\u00f6nig Mini Rex Multi - Omega Bakery","isPartOf":{"@id":"https:\/\/omega-bakery.com\/sk\/#website"},"primaryImageOfPage":{"@id":"https:\/\/omega-bakery.com\/sk\/produkt\/koenig-mini-rex-futura\/#primaryimage"},"datePublished":"2021-04-23T14:02:29+00:00","dateModified":"2023-11-16T10:02:59+00:00","breadcrumb":{"@id":"https:\/\/omega-bakery.com\/sk\/produkt\/koenig-mini-rex-futura\/#breadcrumb"},"inLanguage":"sk-SK","potentialAction":[{"@type":"ReadAction","target":["https:\/\/omega-bakery.com\/sk\/produkt\/koenig-mini-rex-futura\/"]}]},{"@type":"BreadcrumbList","@id":"https:\/\/omega-bakery.com\/sk\/produkt\/koenig-mini-rex-futura\/#breadcrumb","itemListElement":[{"@type":"ListItem","position":1,"name":"Dom\u016f","item":"https:\/\/omega-bakery.com\/sk\/"},{"@type":"ListItem","position":2,"name":"Stroje a zariadenia","item":"https:\/\/omega-bakery.com\/sk\/stroje-a-zariadenia\/"},{"@type":"ListItem","position":3,"name":"Deli\u010dky","item":"http:\/\/omega-bakery.com\/sk\/stroje-a-zarizeni\/delicky\/"},{"@type":"ListItem","position":4,"name":"Kontinu\u00e1lne deli\u010dky na drobn\u00e9 pe\u010divo","item":"https:\/\/omega-bakery.com\/sk\/stroje-a-zarizeni\/delicky\/kontinualne-delicky-na-drobne-pecivo\/"},{"@type":"ListItem","position":5,"name":"K\u00f6nig Mini Rex Multi"}]}]}},"_links":{"self":[{"href":"https:\/\/omega-bakery.com\/sk\/wp-json\/wp\/v2\/product\/264"}],"collection":[{"href":"https:\/\/omega-bakery.com\/sk\/wp-json\/wp\/v2\/product"}],"about":[{"href":"https:\/\/omega-bakery.com\/sk\/wp-json\/wp\/v2\/types\/product"}],"wp:featuredmedia":[{"embeddable":true,"href":"https:\/\/omega-bakery.com\/sk\/wp-json\/wp\/v2\/media\/682"}],"wp:attachment":[{"href":"https:\/\/omega-bakery.com\/sk\/wp-json\/wp\/v2\/media?parent=264"}],"curies":[{"name":"wp","href":"https:\/\/api.w.org\/{rel}","templated":true}]}}