{"id":265,"date":"2021-04-23T16:03:55","date_gmt":"2021-04-23T14:03:55","guid":{"rendered":"http:\/\/omega-bakery.com\/sk\/?post_type=product&#038;p=265"},"modified":"2023-11-15T11:48:41","modified_gmt":"2023-11-15T09:48:41","slug":"varimixer-teddy","status":"publish","type":"product","link":"https:\/\/omega-bakery.com\/sk\/produkt\/varimixer-teddy\/","title":{"rendered":"Varimixer Teddy"},"content":{"rendered":"","protected":false},"excerpt":{"rendered":"<p><strong>Hlavn\u00e9 znaky<\/strong><\/p>\n<ul>\n<li>stabiln\u00e1 kon\u0161trukcia<\/li>\n<li>jednoduch\u00e9 ovl\u00e1danie<\/li>\n<li>tich\u00fd a siln\u00fd motor<\/li>\n<li>\u013eahk\u00e1 \u00fadr\u017eba<\/li>\n<\/ul>\n<p><strong>Farebn\u00e9 prevedenia:<\/strong> \u00a0biela, \u010derven\u00e1, \u010dierna, strieborn\u00e1<\/p>\n<p>&nbsp;<\/p>\n<div><strong>Objem die\u017ee: \u00a0 <\/strong>5 L<\/div>\n<div><strong>Pr\u00edkon:<\/strong>\u00a0\u00a0 500 W<\/div>\n<div><strong>Rozmery (d x \u0161 x v):<\/strong> \u00a0 462 x 240 x 400 (pri otvoren\u00ed 550)mm<\/div>\n<div><strong>Hmotnos\u0165: <\/strong>\u00a0 18 kg<\/div>\n<p>&nbsp;<\/p>\n<div>\n<p>Viac inform\u00e1ci\u00ed o tomto \u0161\u013eaha\u010di n\u00e1jdete v prilo\u017eenom let\u00e1ku <a href=\"http:\/\/omega-bakery.com\/sk\/wp-content\/uploads\/2021\/04\/Varimixer-Teddy-0823.pdf\" target=\"newtab\" rel=\"noopener\">TU<\/a><\/p>\n<p><a href=\"https:\/\/varimixer.com\/wp-content\/uploads\/2020\/10\/VARIMIXER_TEDDY_1.mp4\" target=\"_blank\" rel=\"noopener\">Video k zhliadnutiu<\/a><\/p>\n<\/div>\n<p> [&#8230;]<\/p>\n<p><a class=\"btn btn-secondary understrap-read-more-link\" href=\"https:\/\/omega-bakery.com\/sk\/produkt\/varimixer-teddy\/\">Read More&#8230;<\/a><\/p>\n","protected":false},"featured_media":730,"template":"","meta":[],"yoast_head":"<!-- This site is optimized with the Yoast SEO plugin v17.1 - https:\/\/yoast.com\/wordpress\/plugins\/seo\/ -->\n<title>Varimixer Teddy - Omega Bakery<\/title>\n<meta name=\"robots\" content=\"index, follow, max-snippet:-1, max-image-preview:large, max-video-preview:-1\" \/>\n<link rel=\"canonical\" href=\"https:\/\/omega-bakery.com\/sk\/produkt\/varimixer-teddy\/\" \/>\n<meta property=\"og:locale\" content=\"sk_SK\" \/>\n<meta property=\"og:type\" content=\"article\" \/>\n<meta property=\"og:title\" content=\"Varimixer Teddy - Omega Bakery\" \/>\n<meta property=\"og:description\" content=\"Hlavn\u00e9 znaky   stabiln\u00e1 kon\u0161trukcia  jednoduch\u00e9 ovl\u00e1danie  tich\u00fd a siln\u00fd motor  \u013eahk\u00e1 \u00fadr\u017eba  Farebn\u00e9 prevedenia: \u00a0biela, \u010derven\u00e1, \u010dierna, strieborn\u00e1  &nbsp; Objem die\u017ee: \u00a0 5 L Pr\u00edkon:\u00a0\u00a0 500 W Rozmery (d x \u0161 x v): \u00a0 462 x 240 x 400 (pri otvoren\u00ed 550)mm Hmotnos\u0165: \u00a0 18 kg &nbsp;   Viac inform\u00e1ci\u00ed o tomto \u0161\u013eaha\u010di n\u00e1jdete v prilo\u017eenom let\u00e1ku TU  Video k zhliadnutiu   [...]Read More...\" \/>\n<meta property=\"og:url\" content=\"https:\/\/omega-bakery.com\/sk\/produkt\/varimixer-teddy\/\" \/>\n<meta property=\"og:site_name\" content=\"Omega Bakery\" \/>\n<meta property=\"article:modified_time\" content=\"2023-11-15T09:48:41+00:00\" \/>\n<meta property=\"og:image\" content=\"http:\/\/omega-bakery.com\/sk\/wp-content\/uploads\/2021\/04\/Varimixer-Teddy.png\" \/>\n\t<meta property=\"og:image:width\" content=\"533\" \/>\n\t<meta property=\"og:image:height\" content=\"700\" \/>\n<meta name=\"twitter:card\" content=\"summary_large_image\" \/>\n<script type=\"application\/ld+json\" class=\"yoast-schema-graph\">{\"@context\":\"https:\/\/schema.org\",\"@graph\":[{\"@type\":\"WebSite\",\"@id\":\"https:\/\/omega-bakery.com\/sk\/#website\",\"url\":\"https:\/\/omega-bakery.com\/sk\/\",\"name\":\"Omega Bakery\",\"description\":\"Dodavatel stroj\\u016f a za\\u0159\\u00edzen\\u00ed pro pek\\u00e1rny\",\"potentialAction\":[{\"@type\":\"SearchAction\",\"target\":{\"@type\":\"EntryPoint\",\"urlTemplate\":\"https:\/\/omega-bakery.com\/sk\/?s={search_term_string}\"},\"query-input\":\"required name=search_term_string\"}],\"inLanguage\":\"sk-SK\"},{\"@type\":\"ImageObject\",\"@id\":\"https:\/\/omega-bakery.com\/sk\/produkt\/varimixer-teddy\/#primaryimage\",\"inLanguage\":\"sk-SK\",\"url\":\"https:\/\/omega-bakery.com\/sk\/wp-content\/uploads\/2021\/04\/Varimixer-Teddy.png\",\"contentUrl\":\"https:\/\/omega-bakery.com\/sk\/wp-content\/uploads\/2021\/04\/Varimixer-Teddy.png\",\"width\":533,\"height\":700},{\"@type\":\"WebPage\",\"@id\":\"https:\/\/omega-bakery.com\/sk\/produkt\/varimixer-teddy\/#webpage\",\"url\":\"https:\/\/omega-bakery.com\/sk\/produkt\/varimixer-teddy\/\",\"name\":\"Varimixer Teddy - Omega Bakery\",\"isPartOf\":{\"@id\":\"https:\/\/omega-bakery.com\/sk\/#website\"},\"primaryImageOfPage\":{\"@id\":\"https:\/\/omega-bakery.com\/sk\/produkt\/varimixer-teddy\/#primaryimage\"},\"datePublished\":\"2021-04-23T14:03:55+00:00\",\"dateModified\":\"2023-11-15T09:48:41+00:00\",\"breadcrumb\":{\"@id\":\"https:\/\/omega-bakery.com\/sk\/produkt\/varimixer-teddy\/#breadcrumb\"},\"inLanguage\":\"sk-SK\",\"potentialAction\":[{\"@type\":\"ReadAction\",\"target\":[\"https:\/\/omega-bakery.com\/sk\/produkt\/varimixer-teddy\/\"]}]},{\"@type\":\"BreadcrumbList\",\"@id\":\"https:\/\/omega-bakery.com\/sk\/produkt\/varimixer-teddy\/#breadcrumb\",\"itemListElement\":[{\"@type\":\"ListItem\",\"position\":1,\"name\":\"Dom\\u016f\",\"item\":\"https:\/\/omega-bakery.com\/sk\/\"},{\"@type\":\"ListItem\",\"position\":2,\"name\":\"Stroje a zariadenia\",\"item\":\"https:\/\/omega-bakery.com\/sk\/stroje-a-zariadenia\/\"},{\"@type\":\"ListItem\",\"position\":3,\"name\":\"\\u0160\\u013eaha\\u010de, hneta\\u010de\",\"item\":\"https:\/\/omega-bakery.com\/sk\/stroje-a-zarizeni\/slahace-hnetace\/\"},{\"@type\":\"ListItem\",\"position\":4,\"name\":\"\\u0160\\u013eaha\\u010de\",\"item\":\"https:\/\/omega-bakery.com\/sk\/stroje-a-zarizeni\/slahace-hnetace\/slahace\/\"},{\"@type\":\"ListItem\",\"position\":5,\"name\":\"Varimixer Teddy\"}]}]}<\/script>\n<!-- \/ Yoast SEO plugin. -->","yoast_head_json":{"title":"Varimixer Teddy - Omega Bakery","robots":{"index":"index","follow":"follow","max-snippet":"max-snippet:-1","max-image-preview":"max-image-preview:large","max-video-preview":"max-video-preview:-1"},"canonical":"https:\/\/omega-bakery.com\/sk\/produkt\/varimixer-teddy\/","og_locale":"sk_SK","og_type":"article","og_title":"Varimixer Teddy - Omega Bakery","og_description":"Hlavn\u00e9 znaky   stabiln\u00e1 kon\u0161trukcia  jednoduch\u00e9 ovl\u00e1danie  tich\u00fd a siln\u00fd motor  \u013eahk\u00e1 \u00fadr\u017eba  Farebn\u00e9 prevedenia: \u00a0biela, \u010derven\u00e1, \u010dierna, strieborn\u00e1  &nbsp; Objem die\u017ee: \u00a0 5 L Pr\u00edkon:\u00a0\u00a0 500 W Rozmery (d x \u0161 x v): \u00a0 462 x 240 x 400 (pri otvoren\u00ed 550)mm Hmotnos\u0165: \u00a0 18 kg &nbsp;   Viac inform\u00e1ci\u00ed o tomto \u0161\u013eaha\u010di n\u00e1jdete v prilo\u017eenom let\u00e1ku TU  Video k zhliadnutiu   [...]Read More...","og_url":"https:\/\/omega-bakery.com\/sk\/produkt\/varimixer-teddy\/","og_site_name":"Omega Bakery","article_modified_time":"2023-11-15T09:48:41+00:00","og_image":[{"width":533,"height":700,"url":"http:\/\/omega-bakery.com\/sk\/wp-content\/uploads\/2021\/04\/Varimixer-Teddy.png","path":"\/data\/web\/virtuals\/278194\/virtual\/www\/domains\/omega-bakery.com\/sk\/wp-content\/uploads\/2021\/04\/Varimixer-Teddy.png","size":"full","id":730,"alt":"","pixels":373100,"type":"image\/png"}],"twitter_card":"summary_large_image","schema":{"@context":"https:\/\/schema.org","@graph":[{"@type":"WebSite","@id":"https:\/\/omega-bakery.com\/sk\/#website","url":"https:\/\/omega-bakery.com\/sk\/","name":"Omega Bakery","description":"Dodavatel stroj\u016f a za\u0159\u00edzen\u00ed pro pek\u00e1rny","potentialAction":[{"@type":"SearchAction","target":{"@type":"EntryPoint","urlTemplate":"https:\/\/omega-bakery.com\/sk\/?s={search_term_string}"},"query-input":"required name=search_term_string"}],"inLanguage":"sk-SK"},{"@type":"ImageObject","@id":"https:\/\/omega-bakery.com\/sk\/produkt\/varimixer-teddy\/#primaryimage","inLanguage":"sk-SK","url":"https:\/\/omega-bakery.com\/sk\/wp-content\/uploads\/2021\/04\/Varimixer-Teddy.png","contentUrl":"https:\/\/omega-bakery.com\/sk\/wp-content\/uploads\/2021\/04\/Varimixer-Teddy.png","width":533,"height":700},{"@type":"WebPage","@id":"https:\/\/omega-bakery.com\/sk\/produkt\/varimixer-teddy\/#webpage","url":"https:\/\/omega-bakery.com\/sk\/produkt\/varimixer-teddy\/","name":"Varimixer Teddy - Omega Bakery","isPartOf":{"@id":"https:\/\/omega-bakery.com\/sk\/#website"},"primaryImageOfPage":{"@id":"https:\/\/omega-bakery.com\/sk\/produkt\/varimixer-teddy\/#primaryimage"},"datePublished":"2021-04-23T14:03:55+00:00","dateModified":"2023-11-15T09:48:41+00:00","breadcrumb":{"@id":"https:\/\/omega-bakery.com\/sk\/produkt\/varimixer-teddy\/#breadcrumb"},"inLanguage":"sk-SK","potentialAction":[{"@type":"ReadAction","target":["https:\/\/omega-bakery.com\/sk\/produkt\/varimixer-teddy\/"]}]},{"@type":"BreadcrumbList","@id":"https:\/\/omega-bakery.com\/sk\/produkt\/varimixer-teddy\/#breadcrumb","itemListElement":[{"@type":"ListItem","position":1,"name":"Dom\u016f","item":"https:\/\/omega-bakery.com\/sk\/"},{"@type":"ListItem","position":2,"name":"Stroje a zariadenia","item":"https:\/\/omega-bakery.com\/sk\/stroje-a-zariadenia\/"},{"@type":"ListItem","position":3,"name":"\u0160\u013eaha\u010de, hneta\u010de","item":"https:\/\/omega-bakery.com\/sk\/stroje-a-zarizeni\/slahace-hnetace\/"},{"@type":"ListItem","position":4,"name":"\u0160\u013eaha\u010de","item":"https:\/\/omega-bakery.com\/sk\/stroje-a-zarizeni\/slahace-hnetace\/slahace\/"},{"@type":"ListItem","position":5,"name":"Varimixer Teddy"}]}]}},"_links":{"self":[{"href":"https:\/\/omega-bakery.com\/sk\/wp-json\/wp\/v2\/product\/265"}],"collection":[{"href":"https:\/\/omega-bakery.com\/sk\/wp-json\/wp\/v2\/product"}],"about":[{"href":"https:\/\/omega-bakery.com\/sk\/wp-json\/wp\/v2\/types\/product"}],"wp:featuredmedia":[{"embeddable":true,"href":"https:\/\/omega-bakery.com\/sk\/wp-json\/wp\/v2\/media\/730"}],"wp:attachment":[{"href":"https:\/\/omega-bakery.com\/sk\/wp-json\/wp\/v2\/media?parent=265"}],"curies":[{"name":"wp","href":"https:\/\/api.w.org\/{rel}","templated":true}]}}