{"id":268,"date":"2021-04-23T16:04:23","date_gmt":"2021-04-23T14:04:23","guid":{"rendered":"http:\/\/omega-bakery.com\/sk\/?post_type=product&#038;p=268"},"modified":"2026-02-23T16:39:58","modified_gmt":"2026-02-23T14:39:58","slug":"varimixer-kodiak","status":"publish","type":"product","link":"https:\/\/omega-bakery.com\/sk\/produkt\/varimixer-kodiak\/","title":{"rendered":"Varimixer Kodiak  10 a\u017e 30"},"content":{"rendered":"","protected":false},"excerpt":{"rendered":"<p>Nov\u00fd \u0161tandard na u\u013eah\u010denie pr\u00e1ce so \u0161\u013eaha\u010dom, to s\u00fa mal\u00e9 \u0161\u013eaha\u010de KODIAK vo ve\u013ekostiach 10 a\u017e 30 litrov.<\/p>\n<p>Kodiak 10 je stoln\u00fd, Kodiak 20 je i v stojanovom preveden\u00ed a Kodiak 30 je iba v stojanovom preveden\u00ed.<\/p>\n<p>Jednoduch\u00e9 ovl\u00e1danie.<\/p>\n<div><strong>Objem die\u017ee:<\/strong> 10 &#8211; 30 L (pod\u013ea typu)<\/div>\n<div><strong>Pr\u00edkon:<\/strong>\u00a0 \u00a0700 &#8211; 1200 W (pod\u013ea typu)<\/div>\n<div><strong>Rozmery (d x \u0161 x v):<\/strong> \u00a0 Pod\u013ea typu (vi\u010f. prilo\u017een\u00fd let\u00e1k)<\/div>\n<div><\/div>\n<p>Viac inform\u00e1ci\u00ed o tomto \u0161\u013eaha\u010di n\u00e1jdtete v prilo\u017eenom let\u00e1ku <a href=\"http:\/\/omega-bakery.com\/sk\/wp-content\/uploads\/2021\/04\/Varimixer-Kodiak-10-az-30-0226.pdf\" target=\"_blank\" rel=\"noopener\">TU<\/a><\/p>\n<p><a href=\"https:\/\/varimixer.com\/wp-content\/uploads\/2020\/10\/VARIMIXER_KODIAK_1.mp4\" target=\"_blank\" rel=\"noopener\">video k zhladnutiu<\/a> [&#8230;]<\/p>\n<p><a class=\"btn btn-secondary understrap-read-more-link\" href=\"https:\/\/omega-bakery.com\/sk\/produkt\/varimixer-kodiak\/\">Read More&#8230;<\/a><\/p>\n","protected":false},"featured_media":783,"template":"","meta":[],"yoast_head":"<!-- This site is optimized with the Yoast SEO plugin v17.1 - https:\/\/yoast.com\/wordpress\/plugins\/seo\/ -->\n<title>Varimixer Kodiak 10 a\u017e 30 - Omega Bakery<\/title>\n<meta name=\"robots\" content=\"index, follow, max-snippet:-1, max-image-preview:large, max-video-preview:-1\" \/>\n<link rel=\"canonical\" href=\"https:\/\/omega-bakery.com\/sk\/produkt\/varimixer-kodiak\/\" \/>\n<meta property=\"og:locale\" content=\"sk_SK\" \/>\n<meta property=\"og:type\" content=\"article\" \/>\n<meta property=\"og:title\" content=\"Varimixer Kodiak 10 a\u017e 30 - Omega Bakery\" \/>\n<meta property=\"og:description\" content=\"Nov\u00fd \u0161tandard na u\u013eah\u010denie pr\u00e1ce so \u0161\u013eaha\u010dom, to s\u00fa mal\u00e9 \u0161\u013eaha\u010de KODIAK vo ve\u013ekostiach 10 a\u017e 30 litrov.  Kodiak 10 je stoln\u00fd, Kodiak 20 je i v stojanovom preveden\u00ed a Kodiak 30 je iba v stojanovom preveden\u00ed.  Jednoduch\u00e9 ovl\u00e1danie. Objem die\u017ee: 10 - 30 L (pod\u013ea typu) Pr\u00edkon:\u00a0 \u00a0700 - 1200 W (pod\u013ea typu) Rozmery (d x \u0161 x v): \u00a0 Pod\u013ea typu (vi\u010f. prilo\u017een\u00fd let\u00e1k)  Viac inform\u00e1ci\u00ed o tomto \u0161\u013eaha\u010di n\u00e1jdtete v prilo\u017eenom let\u00e1ku TU  video k zhladnutiu [...]Read More...\" \/>\n<meta property=\"og:url\" content=\"https:\/\/omega-bakery.com\/sk\/produkt\/varimixer-kodiak\/\" \/>\n<meta property=\"og:site_name\" content=\"Omega Bakery\" \/>\n<meta property=\"article:modified_time\" content=\"2026-02-23T14:39:58+00:00\" \/>\n<meta property=\"og:image\" content=\"http:\/\/omega-bakery.com\/sk\/wp-content\/uploads\/2021\/04\/Varimixer-Kodiak.png\" \/>\n\t<meta property=\"og:image:width\" content=\"533\" \/>\n\t<meta property=\"og:image:height\" content=\"700\" \/>\n<meta name=\"twitter:card\" content=\"summary_large_image\" \/>\n<script type=\"application\/ld+json\" class=\"yoast-schema-graph\">{\"@context\":\"https:\/\/schema.org\",\"@graph\":[{\"@type\":\"WebSite\",\"@id\":\"https:\/\/omega-bakery.com\/sk\/#website\",\"url\":\"https:\/\/omega-bakery.com\/sk\/\",\"name\":\"Omega Bakery\",\"description\":\"Dodavatel stroj\\u016f a za\\u0159\\u00edzen\\u00ed pro pek\\u00e1rny\",\"potentialAction\":[{\"@type\":\"SearchAction\",\"target\":{\"@type\":\"EntryPoint\",\"urlTemplate\":\"https:\/\/omega-bakery.com\/sk\/?s={search_term_string}\"},\"query-input\":\"required name=search_term_string\"}],\"inLanguage\":\"sk-SK\"},{\"@type\":\"ImageObject\",\"@id\":\"https:\/\/omega-bakery.com\/sk\/produkt\/varimixer-kodiak\/#primaryimage\",\"inLanguage\":\"sk-SK\",\"url\":\"https:\/\/omega-bakery.com\/sk\/wp-content\/uploads\/2021\/04\/Varimixer-Kodiak.png\",\"contentUrl\":\"https:\/\/omega-bakery.com\/sk\/wp-content\/uploads\/2021\/04\/Varimixer-Kodiak.png\",\"width\":533,\"height\":700},{\"@type\":\"WebPage\",\"@id\":\"https:\/\/omega-bakery.com\/sk\/produkt\/varimixer-kodiak\/#webpage\",\"url\":\"https:\/\/omega-bakery.com\/sk\/produkt\/varimixer-kodiak\/\",\"name\":\"Varimixer Kodiak 10 a\\u017e 30 - Omega Bakery\",\"isPartOf\":{\"@id\":\"https:\/\/omega-bakery.com\/sk\/#website\"},\"primaryImageOfPage\":{\"@id\":\"https:\/\/omega-bakery.com\/sk\/produkt\/varimixer-kodiak\/#primaryimage\"},\"datePublished\":\"2021-04-23T14:04:23+00:00\",\"dateModified\":\"2026-02-23T14:39:58+00:00\",\"breadcrumb\":{\"@id\":\"https:\/\/omega-bakery.com\/sk\/produkt\/varimixer-kodiak\/#breadcrumb\"},\"inLanguage\":\"sk-SK\",\"potentialAction\":[{\"@type\":\"ReadAction\",\"target\":[\"https:\/\/omega-bakery.com\/sk\/produkt\/varimixer-kodiak\/\"]}]},{\"@type\":\"BreadcrumbList\",\"@id\":\"https:\/\/omega-bakery.com\/sk\/produkt\/varimixer-kodiak\/#breadcrumb\",\"itemListElement\":[{\"@type\":\"ListItem\",\"position\":1,\"name\":\"Dom\\u016f\",\"item\":\"https:\/\/omega-bakery.com\/sk\/\"},{\"@type\":\"ListItem\",\"position\":2,\"name\":\"Stroje a zariadenia\",\"item\":\"https:\/\/omega-bakery.com\/sk\/stroje-a-zariadenia\/\"},{\"@type\":\"ListItem\",\"position\":3,\"name\":\"\\u0160\\u013eaha\\u010de, hneta\\u010de\",\"item\":\"https:\/\/omega-bakery.com\/sk\/stroje-a-zarizeni\/slahace-hnetace\/\"},{\"@type\":\"ListItem\",\"position\":4,\"name\":\"\\u0160\\u013eaha\\u010de\",\"item\":\"https:\/\/omega-bakery.com\/sk\/stroje-a-zarizeni\/slahace-hnetace\/slahace\/\"},{\"@type\":\"ListItem\",\"position\":5,\"name\":\"Varimixer Kodiak 10 a\\u017e 30\"}]}]}<\/script>\n<!-- \/ Yoast SEO plugin. -->","yoast_head_json":{"title":"Varimixer Kodiak 10 a\u017e 30 - Omega Bakery","robots":{"index":"index","follow":"follow","max-snippet":"max-snippet:-1","max-image-preview":"max-image-preview:large","max-video-preview":"max-video-preview:-1"},"canonical":"https:\/\/omega-bakery.com\/sk\/produkt\/varimixer-kodiak\/","og_locale":"sk_SK","og_type":"article","og_title":"Varimixer Kodiak 10 a\u017e 30 - Omega Bakery","og_description":"Nov\u00fd \u0161tandard na u\u013eah\u010denie pr\u00e1ce so \u0161\u013eaha\u010dom, to s\u00fa mal\u00e9 \u0161\u013eaha\u010de KODIAK vo ve\u013ekostiach 10 a\u017e 30 litrov.  Kodiak 10 je stoln\u00fd, Kodiak 20 je i v stojanovom preveden\u00ed a Kodiak 30 je iba v stojanovom preveden\u00ed.  Jednoduch\u00e9 ovl\u00e1danie. Objem die\u017ee: 10 - 30 L (pod\u013ea typu) Pr\u00edkon:\u00a0 \u00a0700 - 1200 W (pod\u013ea typu) Rozmery (d x \u0161 x v): \u00a0 Pod\u013ea typu (vi\u010f. prilo\u017een\u00fd let\u00e1k)  Viac inform\u00e1ci\u00ed o tomto \u0161\u013eaha\u010di n\u00e1jdtete v prilo\u017eenom let\u00e1ku TU  video k zhladnutiu [...]Read More...","og_url":"https:\/\/omega-bakery.com\/sk\/produkt\/varimixer-kodiak\/","og_site_name":"Omega Bakery","article_modified_time":"2026-02-23T14:39:58+00:00","og_image":[{"width":533,"height":700,"url":"http:\/\/omega-bakery.com\/sk\/wp-content\/uploads\/2021\/04\/Varimixer-Kodiak.png","path":"\/data\/web\/virtuals\/278194\/virtual\/www\/domains\/omega-bakery.com\/sk\/wp-content\/uploads\/2021\/04\/Varimixer-Kodiak.png","size":"full","id":783,"alt":"","pixels":373100,"type":"image\/png"}],"twitter_card":"summary_large_image","schema":{"@context":"https:\/\/schema.org","@graph":[{"@type":"WebSite","@id":"https:\/\/omega-bakery.com\/sk\/#website","url":"https:\/\/omega-bakery.com\/sk\/","name":"Omega Bakery","description":"Dodavatel stroj\u016f a za\u0159\u00edzen\u00ed pro pek\u00e1rny","potentialAction":[{"@type":"SearchAction","target":{"@type":"EntryPoint","urlTemplate":"https:\/\/omega-bakery.com\/sk\/?s={search_term_string}"},"query-input":"required name=search_term_string"}],"inLanguage":"sk-SK"},{"@type":"ImageObject","@id":"https:\/\/omega-bakery.com\/sk\/produkt\/varimixer-kodiak\/#primaryimage","inLanguage":"sk-SK","url":"https:\/\/omega-bakery.com\/sk\/wp-content\/uploads\/2021\/04\/Varimixer-Kodiak.png","contentUrl":"https:\/\/omega-bakery.com\/sk\/wp-content\/uploads\/2021\/04\/Varimixer-Kodiak.png","width":533,"height":700},{"@type":"WebPage","@id":"https:\/\/omega-bakery.com\/sk\/produkt\/varimixer-kodiak\/#webpage","url":"https:\/\/omega-bakery.com\/sk\/produkt\/varimixer-kodiak\/","name":"Varimixer Kodiak 10 a\u017e 30 - Omega Bakery","isPartOf":{"@id":"https:\/\/omega-bakery.com\/sk\/#website"},"primaryImageOfPage":{"@id":"https:\/\/omega-bakery.com\/sk\/produkt\/varimixer-kodiak\/#primaryimage"},"datePublished":"2021-04-23T14:04:23+00:00","dateModified":"2026-02-23T14:39:58+00:00","breadcrumb":{"@id":"https:\/\/omega-bakery.com\/sk\/produkt\/varimixer-kodiak\/#breadcrumb"},"inLanguage":"sk-SK","potentialAction":[{"@type":"ReadAction","target":["https:\/\/omega-bakery.com\/sk\/produkt\/varimixer-kodiak\/"]}]},{"@type":"BreadcrumbList","@id":"https:\/\/omega-bakery.com\/sk\/produkt\/varimixer-kodiak\/#breadcrumb","itemListElement":[{"@type":"ListItem","position":1,"name":"Dom\u016f","item":"https:\/\/omega-bakery.com\/sk\/"},{"@type":"ListItem","position":2,"name":"Stroje a zariadenia","item":"https:\/\/omega-bakery.com\/sk\/stroje-a-zariadenia\/"},{"@type":"ListItem","position":3,"name":"\u0160\u013eaha\u010de, hneta\u010de","item":"https:\/\/omega-bakery.com\/sk\/stroje-a-zarizeni\/slahace-hnetace\/"},{"@type":"ListItem","position":4,"name":"\u0160\u013eaha\u010de","item":"https:\/\/omega-bakery.com\/sk\/stroje-a-zarizeni\/slahace-hnetace\/slahace\/"},{"@type":"ListItem","position":5,"name":"Varimixer Kodiak 10 a\u017e 30"}]}]}},"_links":{"self":[{"href":"https:\/\/omega-bakery.com\/sk\/wp-json\/wp\/v2\/product\/268"}],"collection":[{"href":"https:\/\/omega-bakery.com\/sk\/wp-json\/wp\/v2\/product"}],"about":[{"href":"https:\/\/omega-bakery.com\/sk\/wp-json\/wp\/v2\/types\/product"}],"wp:featuredmedia":[{"embeddable":true,"href":"https:\/\/omega-bakery.com\/sk\/wp-json\/wp\/v2\/media\/783"}],"wp:attachment":[{"href":"https:\/\/omega-bakery.com\/sk\/wp-json\/wp\/v2\/media?parent=268"}],"curies":[{"name":"wp","href":"https:\/\/api.w.org\/{rel}","templated":true}]}}