{"id":271,"date":"2021-04-23T16:04:55","date_gmt":"2021-04-23T14:04:55","guid":{"rendered":"http:\/\/omega-bakery.com\/sk\/?post_type=product&#038;p=271"},"modified":"2023-11-15T11:46:11","modified_gmt":"2023-11-15T09:46:11","slug":"varimixer-ergo","status":"publish","type":"product","link":"https:\/\/omega-bakery.com\/sk\/produkt\/varimixer-ergo\/","title":{"rendered":"Varimixer Ergo 60, 100 a 140"},"content":{"rendered":"","protected":false},"excerpt":{"rendered":"<p><strong>Hlavn\u00e9 znaky<\/strong><\/p>\n<ul>\n<li>r\u00fdchle a jednoduch\u00e9 vlo\u017eenie die\u017ee pomocou motorov\u00e9ho zdvihu<\/li>\n<li>v\u00fdmena pracovn\u00e9ho n\u00e1stroja priamo bez vkladania do die\u017ee<\/li>\n<li>elektronick\u00fd ovl\u00e1dac\u00ed panel VL 4, \u0161ikmo sklonen\u00fd dole pre<br \/>\njednoduch\u0161ie ovl\u00e1danie<\/li>\n<li>mo\u017enos\u0165 nastavenia vlastn\u00fdch programov<\/li>\n<li>\u013eahk\u00e9 \u010distenie<\/li>\n<\/ul>\n<p>&nbsp;<\/p>\n<div><strong>Objem die\u017ee:<\/strong> pod\u013ea typu<\/div>\n<div><strong>Pr\u00edkon:<\/strong>\u00a0 \u00a03 &#8211; 5,5\u00a0 kW (pod\u013ea typu)<\/div>\n<div><strong>Rozmery (d x \u0161 x v):<\/strong>\u00a0 \u00a0pod\u013ea typu (vi\u010f. prilo\u017een\u00fd let\u00e1k)<\/div>\n<div><strong>Hmotnos\u0165: \u00a0 <\/strong>330 &#8211; 525 kg (pod\u013ea typu)<\/div>\n<p>&nbsp;<\/p>\n<div>\n<p>Viac inform\u00e1ci\u00ed o tomto \u0161\u013eaha\u010di n\u00e1jdete v prilo\u017eenom let\u00e1ku <a href=\"http:\/\/omega-bakery.com\/sk\/wp-content\/uploads\/2021\/04\/Varimixer-ERGO-60-100-140-0823.pdf\" target=\"newtab\" rel=\"noopener\">TU<\/a><\/p>\n<p><a href=\"https:\/\/varimixer.com\/wp-content\/uploads\/2020\/10\/VARIMIXER_ERGO-video_1.mp4\" target=\"_blank\" rel=\"noopener\">Video k zhliadnutiu<\/a><\/p>\n<\/div>\n<p> [&#8230;]<\/p>\n<p><a class=\"btn btn-secondary understrap-read-more-link\" href=\"https:\/\/omega-bakery.com\/sk\/produkt\/varimixer-ergo\/\">Read More&#8230;<\/a><\/p>\n","protected":false},"featured_media":1962,"template":"","meta":[],"yoast_head":"<!-- This site is optimized with the Yoast SEO plugin v17.1 - https:\/\/yoast.com\/wordpress\/plugins\/seo\/ -->\n<title>Varimixer Ergo 60, 100 a 140 - Omega Bakery<\/title>\n<meta name=\"robots\" content=\"index, follow, max-snippet:-1, max-image-preview:large, max-video-preview:-1\" \/>\n<link rel=\"canonical\" href=\"https:\/\/omega-bakery.com\/sk\/produkt\/varimixer-ergo\/\" \/>\n<meta property=\"og:locale\" content=\"sk_SK\" \/>\n<meta property=\"og:type\" content=\"article\" \/>\n<meta property=\"og:title\" content=\"Varimixer Ergo 60, 100 a 140 - Omega Bakery\" \/>\n<meta property=\"og:description\" content=\"Hlavn\u00e9 znaky   r\u00fdchle a jednoduch\u00e9 vlo\u017eenie die\u017ee pomocou motorov\u00e9ho zdvihu  v\u00fdmena pracovn\u00e9ho n\u00e1stroja priamo bez vkladania do die\u017ee  elektronick\u00fd ovl\u00e1dac\u00ed panel VL 4, \u0161ikmo sklonen\u00fd dole pre jednoduch\u0161ie ovl\u00e1danie  mo\u017enos\u0165 nastavenia vlastn\u00fdch programov  \u013eahk\u00e9 \u010distenie  &nbsp; Objem die\u017ee: pod\u013ea typu Pr\u00edkon:\u00a0 \u00a03 - 5,5\u00a0 kW (pod\u013ea typu) Rozmery (d x \u0161 x v):\u00a0 \u00a0pod\u013ea typu (vi\u010f. prilo\u017een\u00fd let\u00e1k) Hmotnos\u0165: \u00a0 330 - 525 kg (pod\u013ea typu) &nbsp;   Viac inform\u00e1ci\u00ed o tomto \u0161\u013eaha\u010di n\u00e1jdete v prilo\u017eenom let\u00e1ku TU  Video k zhliadnutiu   [...]Read More...\" \/>\n<meta property=\"og:url\" content=\"https:\/\/omega-bakery.com\/sk\/produkt\/varimixer-ergo\/\" \/>\n<meta property=\"og:site_name\" content=\"Omega Bakery\" \/>\n<meta property=\"article:modified_time\" content=\"2023-11-15T09:46:11+00:00\" \/>\n<meta property=\"og:image\" content=\"http:\/\/omega-bakery.com\/sk\/wp-content\/uploads\/2022\/02\/VArimixer-ERGO.jpg\" \/>\n\t<meta property=\"og:image:width\" content=\"743\" \/>\n\t<meta property=\"og:image:height\" content=\"1191\" \/>\n<meta name=\"twitter:card\" content=\"summary_large_image\" \/>\n<script type=\"application\/ld+json\" class=\"yoast-schema-graph\">{\"@context\":\"https:\/\/schema.org\",\"@graph\":[{\"@type\":\"WebSite\",\"@id\":\"https:\/\/omega-bakery.com\/sk\/#website\",\"url\":\"https:\/\/omega-bakery.com\/sk\/\",\"name\":\"Omega Bakery\",\"description\":\"Dodavatel stroj\\u016f a za\\u0159\\u00edzen\\u00ed pro pek\\u00e1rny\",\"potentialAction\":[{\"@type\":\"SearchAction\",\"target\":{\"@type\":\"EntryPoint\",\"urlTemplate\":\"https:\/\/omega-bakery.com\/sk\/?s={search_term_string}\"},\"query-input\":\"required name=search_term_string\"}],\"inLanguage\":\"sk-SK\"},{\"@type\":\"ImageObject\",\"@id\":\"https:\/\/omega-bakery.com\/sk\/produkt\/varimixer-ergo\/#primaryimage\",\"inLanguage\":\"sk-SK\",\"url\":\"https:\/\/omega-bakery.com\/sk\/wp-content\/uploads\/2022\/02\/VArimixer-ERGO.jpg\",\"contentUrl\":\"https:\/\/omega-bakery.com\/sk\/wp-content\/uploads\/2022\/02\/VArimixer-ERGO.jpg\",\"width\":743,\"height\":1191},{\"@type\":\"WebPage\",\"@id\":\"https:\/\/omega-bakery.com\/sk\/produkt\/varimixer-ergo\/#webpage\",\"url\":\"https:\/\/omega-bakery.com\/sk\/produkt\/varimixer-ergo\/\",\"name\":\"Varimixer Ergo 60, 100 a 140 - Omega Bakery\",\"isPartOf\":{\"@id\":\"https:\/\/omega-bakery.com\/sk\/#website\"},\"primaryImageOfPage\":{\"@id\":\"https:\/\/omega-bakery.com\/sk\/produkt\/varimixer-ergo\/#primaryimage\"},\"datePublished\":\"2021-04-23T14:04:55+00:00\",\"dateModified\":\"2023-11-15T09:46:11+00:00\",\"breadcrumb\":{\"@id\":\"https:\/\/omega-bakery.com\/sk\/produkt\/varimixer-ergo\/#breadcrumb\"},\"inLanguage\":\"sk-SK\",\"potentialAction\":[{\"@type\":\"ReadAction\",\"target\":[\"https:\/\/omega-bakery.com\/sk\/produkt\/varimixer-ergo\/\"]}]},{\"@type\":\"BreadcrumbList\",\"@id\":\"https:\/\/omega-bakery.com\/sk\/produkt\/varimixer-ergo\/#breadcrumb\",\"itemListElement\":[{\"@type\":\"ListItem\",\"position\":1,\"name\":\"Dom\\u016f\",\"item\":\"https:\/\/omega-bakery.com\/sk\/\"},{\"@type\":\"ListItem\",\"position\":2,\"name\":\"Stroje a zariadenia\",\"item\":\"https:\/\/omega-bakery.com\/sk\/stroje-a-zariadenia\/\"},{\"@type\":\"ListItem\",\"position\":3,\"name\":\"\\u0160\\u013eaha\\u010de, hneta\\u010de\",\"item\":\"https:\/\/omega-bakery.com\/sk\/stroje-a-zarizeni\/slahace-hnetace\/\"},{\"@type\":\"ListItem\",\"position\":4,\"name\":\"\\u0160\\u013eaha\\u010de\",\"item\":\"https:\/\/omega-bakery.com\/sk\/stroje-a-zarizeni\/slahace-hnetace\/slahace\/\"},{\"@type\":\"ListItem\",\"position\":5,\"name\":\"Varimixer Ergo 60, 100 a 140\"}]}]}<\/script>\n<!-- \/ Yoast SEO plugin. -->","yoast_head_json":{"title":"Varimixer Ergo 60, 100 a 140 - Omega Bakery","robots":{"index":"index","follow":"follow","max-snippet":"max-snippet:-1","max-image-preview":"max-image-preview:large","max-video-preview":"max-video-preview:-1"},"canonical":"https:\/\/omega-bakery.com\/sk\/produkt\/varimixer-ergo\/","og_locale":"sk_SK","og_type":"article","og_title":"Varimixer Ergo 60, 100 a 140 - Omega Bakery","og_description":"Hlavn\u00e9 znaky   r\u00fdchle a jednoduch\u00e9 vlo\u017eenie die\u017ee pomocou motorov\u00e9ho zdvihu  v\u00fdmena pracovn\u00e9ho n\u00e1stroja priamo bez vkladania do die\u017ee  elektronick\u00fd ovl\u00e1dac\u00ed panel VL 4, \u0161ikmo sklonen\u00fd dole pre jednoduch\u0161ie ovl\u00e1danie  mo\u017enos\u0165 nastavenia vlastn\u00fdch programov  \u013eahk\u00e9 \u010distenie  &nbsp; Objem die\u017ee: pod\u013ea typu Pr\u00edkon:\u00a0 \u00a03 - 5,5\u00a0 kW (pod\u013ea typu) Rozmery (d x \u0161 x v):\u00a0 \u00a0pod\u013ea typu (vi\u010f. prilo\u017een\u00fd let\u00e1k) Hmotnos\u0165: \u00a0 330 - 525 kg (pod\u013ea typu) &nbsp;   Viac inform\u00e1ci\u00ed o tomto \u0161\u013eaha\u010di n\u00e1jdete v prilo\u017eenom let\u00e1ku TU  Video k zhliadnutiu   [...]Read More...","og_url":"https:\/\/omega-bakery.com\/sk\/produkt\/varimixer-ergo\/","og_site_name":"Omega Bakery","article_modified_time":"2023-11-15T09:46:11+00:00","og_image":[{"width":743,"height":1191,"url":"http:\/\/omega-bakery.com\/sk\/wp-content\/uploads\/2022\/02\/VArimixer-ERGO.jpg","path":"\/data\/web\/virtuals\/278194\/virtual\/www\/domains\/omega-bakery.com\/sk\/wp-content\/uploads\/2022\/02\/VArimixer-ERGO.jpg","size":"full","id":1962,"alt":"","pixels":884913,"type":"image\/jpeg"}],"twitter_card":"summary_large_image","schema":{"@context":"https:\/\/schema.org","@graph":[{"@type":"WebSite","@id":"https:\/\/omega-bakery.com\/sk\/#website","url":"https:\/\/omega-bakery.com\/sk\/","name":"Omega Bakery","description":"Dodavatel stroj\u016f a za\u0159\u00edzen\u00ed pro pek\u00e1rny","potentialAction":[{"@type":"SearchAction","target":{"@type":"EntryPoint","urlTemplate":"https:\/\/omega-bakery.com\/sk\/?s={search_term_string}"},"query-input":"required name=search_term_string"}],"inLanguage":"sk-SK"},{"@type":"ImageObject","@id":"https:\/\/omega-bakery.com\/sk\/produkt\/varimixer-ergo\/#primaryimage","inLanguage":"sk-SK","url":"https:\/\/omega-bakery.com\/sk\/wp-content\/uploads\/2022\/02\/VArimixer-ERGO.jpg","contentUrl":"https:\/\/omega-bakery.com\/sk\/wp-content\/uploads\/2022\/02\/VArimixer-ERGO.jpg","width":743,"height":1191},{"@type":"WebPage","@id":"https:\/\/omega-bakery.com\/sk\/produkt\/varimixer-ergo\/#webpage","url":"https:\/\/omega-bakery.com\/sk\/produkt\/varimixer-ergo\/","name":"Varimixer Ergo 60, 100 a 140 - Omega Bakery","isPartOf":{"@id":"https:\/\/omega-bakery.com\/sk\/#website"},"primaryImageOfPage":{"@id":"https:\/\/omega-bakery.com\/sk\/produkt\/varimixer-ergo\/#primaryimage"},"datePublished":"2021-04-23T14:04:55+00:00","dateModified":"2023-11-15T09:46:11+00:00","breadcrumb":{"@id":"https:\/\/omega-bakery.com\/sk\/produkt\/varimixer-ergo\/#breadcrumb"},"inLanguage":"sk-SK","potentialAction":[{"@type":"ReadAction","target":["https:\/\/omega-bakery.com\/sk\/produkt\/varimixer-ergo\/"]}]},{"@type":"BreadcrumbList","@id":"https:\/\/omega-bakery.com\/sk\/produkt\/varimixer-ergo\/#breadcrumb","itemListElement":[{"@type":"ListItem","position":1,"name":"Dom\u016f","item":"https:\/\/omega-bakery.com\/sk\/"},{"@type":"ListItem","position":2,"name":"Stroje a zariadenia","item":"https:\/\/omega-bakery.com\/sk\/stroje-a-zariadenia\/"},{"@type":"ListItem","position":3,"name":"\u0160\u013eaha\u010de, hneta\u010de","item":"https:\/\/omega-bakery.com\/sk\/stroje-a-zarizeni\/slahace-hnetace\/"},{"@type":"ListItem","position":4,"name":"\u0160\u013eaha\u010de","item":"https:\/\/omega-bakery.com\/sk\/stroje-a-zarizeni\/slahace-hnetace\/slahace\/"},{"@type":"ListItem","position":5,"name":"Varimixer Ergo 60, 100 a 140"}]}]}},"_links":{"self":[{"href":"https:\/\/omega-bakery.com\/sk\/wp-json\/wp\/v2\/product\/271"}],"collection":[{"href":"https:\/\/omega-bakery.com\/sk\/wp-json\/wp\/v2\/product"}],"about":[{"href":"https:\/\/omega-bakery.com\/sk\/wp-json\/wp\/v2\/types\/product"}],"wp:featuredmedia":[{"embeddable":true,"href":"https:\/\/omega-bakery.com\/sk\/wp-json\/wp\/v2\/media\/1962"}],"wp:attachment":[{"href":"https:\/\/omega-bakery.com\/sk\/wp-json\/wp\/v2\/media?parent=271"}],"curies":[{"name":"wp","href":"https:\/\/api.w.org\/{rel}","templated":true}]}}