{"id":273,"date":"2021-04-23T16:05:05","date_gmt":"2021-04-23T14:05:05","guid":{"rendered":"http:\/\/omega-bakery.com\/sk\/?post_type=product&#038;p=273"},"modified":"2023-11-15T11:41:24","modified_gmt":"2023-11-15T09:41:24","slug":"varimixer-ar-100-200","status":"publish","type":"product","link":"https:\/\/omega-bakery.com\/sk\/produkt\/varimixer-ar-100-200\/","title":{"rendered":"Varimixer AR 100, AR 200"},"content":{"rendered":"","protected":false},"excerpt":{"rendered":"<p>Rada \u0161\u013eaha\u010dov Varimixer patr\u00ed k najv\u00fdkonnej\u0161\u00edm na trhu.<br \/>\nKapacita AR 200 patr\u00ed medzi \u0161\u013eaha\u010dmi k najv\u00e4\u010d\u0161\u00edm.<\/p>\n<p><strong>Hlavn\u00e9 znaky<\/strong><\/p>\n<ul>\n<li>pevn\u00e1 a stabiln\u00e1 kon\u0161trukcia<\/li>\n<li>jednoduch\u00e9 ovl\u00e1danie<\/li>\n<li>vysok\u00fd v\u00fdkon<\/li>\n<\/ul>\n<p>&nbsp;<\/p>\n<div><strong>Objem die\u017ee: \u00a0 <\/strong>100 alebo 200 L<\/div>\n<div><strong>Pr\u00edkon:<\/strong>\u00a0 \u00a02,9 nebo 5,5\u00a0 kW<\/div>\n<div><strong>Rozmery (d x \u0161 x v):<\/strong> \u00a0 vi\u010f let\u00e1k<\/div>\n<div><strong>Hmotnos\u0165: <\/strong>\u00a0 395 alebo 525\u00a0 kg<\/div>\n<p>&nbsp;<\/p>\n<div>\n<p>Viac inform\u00e1ci\u00ed o tomto \u0161\u013eaha\u010di n\u00e1jdete v prilo\u017eenom let\u00e1ku <a href=\"http:\/\/omega-bakery.com\/sk\/wp-content\/uploads\/2021\/04\/Varimixer-AR-100-AR-200-0823.pdf\" target=\"newtab\" rel=\"noopener\">TU<\/a><\/p>\n<\/div>\n<p> [&#8230;]<\/p>\n<p><a class=\"btn btn-secondary understrap-read-more-link\" href=\"https:\/\/omega-bakery.com\/sk\/produkt\/varimixer-ar-100-200\/\">Read More&#8230;<\/a><\/p>\n","protected":false},"featured_media":723,"template":"","meta":[],"yoast_head":"<!-- This site is optimized with the Yoast SEO plugin v17.1 - https:\/\/yoast.com\/wordpress\/plugins\/seo\/ -->\n<title>Varimixer AR 100, AR 200 - Omega Bakery<\/title>\n<meta name=\"robots\" content=\"index, follow, max-snippet:-1, max-image-preview:large, max-video-preview:-1\" \/>\n<link rel=\"canonical\" href=\"https:\/\/omega-bakery.com\/sk\/produkt\/varimixer-ar-100-200\/\" \/>\n<meta property=\"og:locale\" content=\"sk_SK\" \/>\n<meta property=\"og:type\" content=\"article\" \/>\n<meta property=\"og:title\" content=\"Varimixer AR 100, AR 200 - Omega Bakery\" \/>\n<meta property=\"og:description\" content=\"Rada \u0161\u013eaha\u010dov Varimixer patr\u00ed k najv\u00fdkonnej\u0161\u00edm na trhu. Kapacita AR 200 patr\u00ed medzi \u0161\u013eaha\u010dmi k najv\u00e4\u010d\u0161\u00edm.  Hlavn\u00e9 znaky   pevn\u00e1 a stabiln\u00e1 kon\u0161trukcia  jednoduch\u00e9 ovl\u00e1danie  vysok\u00fd v\u00fdkon  &nbsp; Objem die\u017ee: \u00a0 100 alebo 200 L Pr\u00edkon:\u00a0 \u00a02,9 nebo 5,5\u00a0 kW Rozmery (d x \u0161 x v): \u00a0 vi\u010f let\u00e1k Hmotnos\u0165: \u00a0 395 alebo 525\u00a0 kg &nbsp;   Viac inform\u00e1ci\u00ed o tomto \u0161\u013eaha\u010di n\u00e1jdete v prilo\u017eenom let\u00e1ku TU   [...]Read More...\" \/>\n<meta property=\"og:url\" content=\"https:\/\/omega-bakery.com\/sk\/produkt\/varimixer-ar-100-200\/\" \/>\n<meta property=\"og:site_name\" content=\"Omega Bakery\" \/>\n<meta property=\"article:modified_time\" content=\"2023-11-15T09:41:24+00:00\" \/>\n<meta property=\"og:image\" content=\"http:\/\/omega-bakery.com\/sk\/wp-content\/uploads\/2021\/04\/Varimixer-AR-100-200.png\" \/>\n\t<meta property=\"og:image:width\" content=\"533\" \/>\n\t<meta property=\"og:image:height\" content=\"700\" \/>\n<meta name=\"twitter:card\" content=\"summary_large_image\" \/>\n<script type=\"application\/ld+json\" class=\"yoast-schema-graph\">{\"@context\":\"https:\/\/schema.org\",\"@graph\":[{\"@type\":\"WebSite\",\"@id\":\"https:\/\/omega-bakery.com\/sk\/#website\",\"url\":\"https:\/\/omega-bakery.com\/sk\/\",\"name\":\"Omega Bakery\",\"description\":\"Dodavatel stroj\\u016f a za\\u0159\\u00edzen\\u00ed pro pek\\u00e1rny\",\"potentialAction\":[{\"@type\":\"SearchAction\",\"target\":{\"@type\":\"EntryPoint\",\"urlTemplate\":\"https:\/\/omega-bakery.com\/sk\/?s={search_term_string}\"},\"query-input\":\"required name=search_term_string\"}],\"inLanguage\":\"sk-SK\"},{\"@type\":\"ImageObject\",\"@id\":\"https:\/\/omega-bakery.com\/sk\/produkt\/varimixer-ar-100-200\/#primaryimage\",\"inLanguage\":\"sk-SK\",\"url\":\"https:\/\/omega-bakery.com\/sk\/wp-content\/uploads\/2021\/04\/Varimixer-AR-100-200.png\",\"contentUrl\":\"https:\/\/omega-bakery.com\/sk\/wp-content\/uploads\/2021\/04\/Varimixer-AR-100-200.png\",\"width\":533,\"height\":700},{\"@type\":\"WebPage\",\"@id\":\"https:\/\/omega-bakery.com\/sk\/produkt\/varimixer-ar-100-200\/#webpage\",\"url\":\"https:\/\/omega-bakery.com\/sk\/produkt\/varimixer-ar-100-200\/\",\"name\":\"Varimixer AR 100, AR 200 - Omega Bakery\",\"isPartOf\":{\"@id\":\"https:\/\/omega-bakery.com\/sk\/#website\"},\"primaryImageOfPage\":{\"@id\":\"https:\/\/omega-bakery.com\/sk\/produkt\/varimixer-ar-100-200\/#primaryimage\"},\"datePublished\":\"2021-04-23T14:05:05+00:00\",\"dateModified\":\"2023-11-15T09:41:24+00:00\",\"breadcrumb\":{\"@id\":\"https:\/\/omega-bakery.com\/sk\/produkt\/varimixer-ar-100-200\/#breadcrumb\"},\"inLanguage\":\"sk-SK\",\"potentialAction\":[{\"@type\":\"ReadAction\",\"target\":[\"https:\/\/omega-bakery.com\/sk\/produkt\/varimixer-ar-100-200\/\"]}]},{\"@type\":\"BreadcrumbList\",\"@id\":\"https:\/\/omega-bakery.com\/sk\/produkt\/varimixer-ar-100-200\/#breadcrumb\",\"itemListElement\":[{\"@type\":\"ListItem\",\"position\":1,\"name\":\"Dom\\u016f\",\"item\":\"https:\/\/omega-bakery.com\/sk\/\"},{\"@type\":\"ListItem\",\"position\":2,\"name\":\"Stroje a zariadenia\",\"item\":\"https:\/\/omega-bakery.com\/sk\/stroje-a-zariadenia\/\"},{\"@type\":\"ListItem\",\"position\":3,\"name\":\"\\u0160\\u013eaha\\u010de, hneta\\u010de\",\"item\":\"https:\/\/omega-bakery.com\/sk\/stroje-a-zarizeni\/slahace-hnetace\/\"},{\"@type\":\"ListItem\",\"position\":4,\"name\":\"\\u0160\\u013eaha\\u010de\",\"item\":\"https:\/\/omega-bakery.com\/sk\/stroje-a-zarizeni\/slahace-hnetace\/slahace\/\"},{\"@type\":\"ListItem\",\"position\":5,\"name\":\"Varimixer AR 100, AR 200\"}]}]}<\/script>\n<!-- \/ Yoast SEO plugin. -->","yoast_head_json":{"title":"Varimixer AR 100, AR 200 - Omega Bakery","robots":{"index":"index","follow":"follow","max-snippet":"max-snippet:-1","max-image-preview":"max-image-preview:large","max-video-preview":"max-video-preview:-1"},"canonical":"https:\/\/omega-bakery.com\/sk\/produkt\/varimixer-ar-100-200\/","og_locale":"sk_SK","og_type":"article","og_title":"Varimixer AR 100, AR 200 - Omega Bakery","og_description":"Rada \u0161\u013eaha\u010dov Varimixer patr\u00ed k najv\u00fdkonnej\u0161\u00edm na trhu. Kapacita AR 200 patr\u00ed medzi \u0161\u013eaha\u010dmi k najv\u00e4\u010d\u0161\u00edm.  Hlavn\u00e9 znaky   pevn\u00e1 a stabiln\u00e1 kon\u0161trukcia  jednoduch\u00e9 ovl\u00e1danie  vysok\u00fd v\u00fdkon  &nbsp; Objem die\u017ee: \u00a0 100 alebo 200 L Pr\u00edkon:\u00a0 \u00a02,9 nebo 5,5\u00a0 kW Rozmery (d x \u0161 x v): \u00a0 vi\u010f let\u00e1k Hmotnos\u0165: \u00a0 395 alebo 525\u00a0 kg &nbsp;   Viac inform\u00e1ci\u00ed o tomto \u0161\u013eaha\u010di n\u00e1jdete v prilo\u017eenom let\u00e1ku TU   [...]Read More...","og_url":"https:\/\/omega-bakery.com\/sk\/produkt\/varimixer-ar-100-200\/","og_site_name":"Omega Bakery","article_modified_time":"2023-11-15T09:41:24+00:00","og_image":[{"width":533,"height":700,"url":"http:\/\/omega-bakery.com\/sk\/wp-content\/uploads\/2021\/04\/Varimixer-AR-100-200.png","path":"\/data\/web\/virtuals\/278194\/virtual\/www\/domains\/omega-bakery.com\/sk\/wp-content\/uploads\/2021\/04\/Varimixer-AR-100-200.png","size":"full","id":723,"alt":"","pixels":373100,"type":"image\/png"}],"twitter_card":"summary_large_image","schema":{"@context":"https:\/\/schema.org","@graph":[{"@type":"WebSite","@id":"https:\/\/omega-bakery.com\/sk\/#website","url":"https:\/\/omega-bakery.com\/sk\/","name":"Omega Bakery","description":"Dodavatel stroj\u016f a za\u0159\u00edzen\u00ed pro pek\u00e1rny","potentialAction":[{"@type":"SearchAction","target":{"@type":"EntryPoint","urlTemplate":"https:\/\/omega-bakery.com\/sk\/?s={search_term_string}"},"query-input":"required name=search_term_string"}],"inLanguage":"sk-SK"},{"@type":"ImageObject","@id":"https:\/\/omega-bakery.com\/sk\/produkt\/varimixer-ar-100-200\/#primaryimage","inLanguage":"sk-SK","url":"https:\/\/omega-bakery.com\/sk\/wp-content\/uploads\/2021\/04\/Varimixer-AR-100-200.png","contentUrl":"https:\/\/omega-bakery.com\/sk\/wp-content\/uploads\/2021\/04\/Varimixer-AR-100-200.png","width":533,"height":700},{"@type":"WebPage","@id":"https:\/\/omega-bakery.com\/sk\/produkt\/varimixer-ar-100-200\/#webpage","url":"https:\/\/omega-bakery.com\/sk\/produkt\/varimixer-ar-100-200\/","name":"Varimixer AR 100, AR 200 - Omega Bakery","isPartOf":{"@id":"https:\/\/omega-bakery.com\/sk\/#website"},"primaryImageOfPage":{"@id":"https:\/\/omega-bakery.com\/sk\/produkt\/varimixer-ar-100-200\/#primaryimage"},"datePublished":"2021-04-23T14:05:05+00:00","dateModified":"2023-11-15T09:41:24+00:00","breadcrumb":{"@id":"https:\/\/omega-bakery.com\/sk\/produkt\/varimixer-ar-100-200\/#breadcrumb"},"inLanguage":"sk-SK","potentialAction":[{"@type":"ReadAction","target":["https:\/\/omega-bakery.com\/sk\/produkt\/varimixer-ar-100-200\/"]}]},{"@type":"BreadcrumbList","@id":"https:\/\/omega-bakery.com\/sk\/produkt\/varimixer-ar-100-200\/#breadcrumb","itemListElement":[{"@type":"ListItem","position":1,"name":"Dom\u016f","item":"https:\/\/omega-bakery.com\/sk\/"},{"@type":"ListItem","position":2,"name":"Stroje a zariadenia","item":"https:\/\/omega-bakery.com\/sk\/stroje-a-zariadenia\/"},{"@type":"ListItem","position":3,"name":"\u0160\u013eaha\u010de, hneta\u010de","item":"https:\/\/omega-bakery.com\/sk\/stroje-a-zarizeni\/slahace-hnetace\/"},{"@type":"ListItem","position":4,"name":"\u0160\u013eaha\u010de","item":"https:\/\/omega-bakery.com\/sk\/stroje-a-zarizeni\/slahace-hnetace\/slahace\/"},{"@type":"ListItem","position":5,"name":"Varimixer AR 100, AR 200"}]}]}},"_links":{"self":[{"href":"https:\/\/omega-bakery.com\/sk\/wp-json\/wp\/v2\/product\/273"}],"collection":[{"href":"https:\/\/omega-bakery.com\/sk\/wp-json\/wp\/v2\/product"}],"about":[{"href":"https:\/\/omega-bakery.com\/sk\/wp-json\/wp\/v2\/types\/product"}],"wp:featuredmedia":[{"embeddable":true,"href":"https:\/\/omega-bakery.com\/sk\/wp-json\/wp\/v2\/media\/723"}],"wp:attachment":[{"href":"https:\/\/omega-bakery.com\/sk\/wp-json\/wp\/v2\/media?parent=273"}],"curies":[{"name":"wp","href":"https:\/\/api.w.org\/{rel}","templated":true}]}}