{"id":276,"date":"2021-04-23T16:05:48","date_gmt":"2021-04-23T14:05:48","guid":{"rendered":"http:\/\/omega-bakery.com\/sk\/?post_type=product&#038;p=276"},"modified":"2026-04-02T12:28:36","modified_gmt":"2026-04-02T10:28:36","slug":"lp-group-vis-line","status":"publish","type":"product","link":"https:\/\/omega-bakery.com\/sk\/produkt\/lp-group-vis-line\/","title":{"rendered":"LP Group VIS line"},"content":{"rendered":"","protected":false},"excerpt":{"rendered":"<p>Dvojr\u00fdchlostn\u00fd \u0161pir\u00e1lov\u00fd hneta\u010d cesta v pevnou die\u017eou od renomovan\u00e9ho v\u00fdrobca hneta\u010dov je ur\u010den\u00fd do v\u0161etk\u00fdch druhov prev\u00e1dzok. R\u00fdchlo a \u0161etrne zamiesi cesta s obsahom vody min. 55%. \u0160irok\u00fd rozsah ve\u013ekost\u00ed die\u017e\u00ed.<\/p>\n<p><strong>Hlavn\u00e9 znaky<\/strong><\/p>\n<ul>\n<li>robustn\u00e1 kon\u0161trukcia<\/li>\n<li>2 samostatn\u00e9 motory<\/li>\n<li>\u013eahk\u00e9 vyberanie cesta v\u010faka tla\u010didlu na samostatn\u00fd chod die\u017ee<\/li>\n<li>jednoduch\u00fd ovl\u00e1dac\u00ed panel<\/li>\n<\/ul>\n<div>\n<div><strong>Objem die\u017ee: \u00a0 <\/strong>117 &#8211; 378 L pod\u013ea typu<\/div>\n<div><strong>Pr\u00edkon:<\/strong> \u00a0 2 a\u017e 12 kW pod\u013ea typu<\/div>\n<div><strong>Rozmery (d x \u0161 x v):<\/strong> \u00a0 vi\u010f let\u00e1k<\/div>\n<div><strong>Hmotnos\u0165 cesta: <\/strong>\u00a0 60 &#8211; 250 kg<\/div>\n<div><\/div>\n<\/div>\n<div>\n<p>&nbsp;<\/p>\n<p>Viac inform\u00e1ci\u00ed o tomto hneta\u010di n\u00e1jdete v prilo\u017eenom let\u00e1ku <a href=\"http:\/\/omega-bakery.com\/sk\/wp-content\/uploads\/2021\/04\/hnetac-s-pevnou-dizi-VIS-0823.pdf\" target=\"newtab\" rel=\"noopener\">TU<\/a><\/p>\n<p><a href=\"https:\/\/www.youtube.com\/watch?v=_674qDeX9zI\" target=\"_blank\" rel=\"noopener\">Video k zhliadnutiu<\/a><\/p>\n<\/div>\n<p> [&#8230;]<\/p>\n<p><a class=\"btn btn-secondary understrap-read-more-link\" href=\"https:\/\/omega-bakery.com\/sk\/produkt\/lp-group-vis-line\/\">Read More&#8230;<\/a><\/p>\n","protected":false},"featured_media":606,"template":"","meta":[],"yoast_head":"<!-- This site is optimized with the Yoast SEO plugin v17.1 - https:\/\/yoast.com\/wordpress\/plugins\/seo\/ -->\n<title>LP Group VIS line - Omega Bakery<\/title>\n<meta name=\"robots\" content=\"index, follow, max-snippet:-1, max-image-preview:large, max-video-preview:-1\" \/>\n<link rel=\"canonical\" href=\"https:\/\/omega-bakery.com\/sk\/produkt\/lp-group-vis-line\/\" \/>\n<meta property=\"og:locale\" content=\"sk_SK\" \/>\n<meta property=\"og:type\" content=\"article\" \/>\n<meta property=\"og:title\" content=\"LP Group VIS line - Omega Bakery\" \/>\n<meta property=\"og:description\" content=\"Dvojr\u00fdchlostn\u00fd \u0161pir\u00e1lov\u00fd hneta\u010d cesta v pevnou die\u017eou od renomovan\u00e9ho v\u00fdrobca hneta\u010dov je ur\u010den\u00fd do v\u0161etk\u00fdch druhov prev\u00e1dzok. R\u00fdchlo a \u0161etrne zamiesi cesta s obsahom vody min. 55%. \u0160irok\u00fd rozsah ve\u013ekost\u00ed die\u017e\u00ed.  Hlavn\u00e9 znaky   robustn\u00e1 kon\u0161trukcia  2 samostatn\u00e9 motory  \u013eahk\u00e9 vyberanie cesta v\u010faka tla\u010didlu na samostatn\u00fd chod die\u017ee  jednoduch\u00fd ovl\u00e1dac\u00ed panel   Objem die\u017ee: \u00a0 117 - 378 L pod\u013ea typu Pr\u00edkon: \u00a0 2 a\u017e 12 kW pod\u013ea typu Rozmery (d x \u0161 x v): \u00a0 vi\u010f let\u00e1k Hmotnos\u0165 cesta: \u00a0 60 - 250 kg     &nbsp;  Viac inform\u00e1ci\u00ed o tomto hneta\u010di n\u00e1jdete v prilo\u017eenom let\u00e1ku TU  Video k zhliadnutiu   [...]Read More...\" \/>\n<meta property=\"og:url\" content=\"https:\/\/omega-bakery.com\/sk\/produkt\/lp-group-vis-line\/\" \/>\n<meta property=\"og:site_name\" content=\"Omega Bakery\" \/>\n<meta property=\"article:modified_time\" content=\"2026-04-02T10:28:36+00:00\" \/>\n<meta property=\"og:image\" content=\"http:\/\/omega-bakery.com\/sk\/wp-content\/uploads\/2021\/04\/LP-Group-VIS.png\" \/>\n\t<meta property=\"og:image:width\" content=\"533\" \/>\n\t<meta property=\"og:image:height\" content=\"700\" \/>\n<meta name=\"twitter:card\" content=\"summary_large_image\" \/>\n<script type=\"application\/ld+json\" class=\"yoast-schema-graph\">{\"@context\":\"https:\/\/schema.org\",\"@graph\":[{\"@type\":\"WebSite\",\"@id\":\"https:\/\/omega-bakery.com\/sk\/#website\",\"url\":\"https:\/\/omega-bakery.com\/sk\/\",\"name\":\"Omega Bakery\",\"description\":\"Dodavatel stroj\\u016f a za\\u0159\\u00edzen\\u00ed pro pek\\u00e1rny\",\"potentialAction\":[{\"@type\":\"SearchAction\",\"target\":{\"@type\":\"EntryPoint\",\"urlTemplate\":\"https:\/\/omega-bakery.com\/sk\/?s={search_term_string}\"},\"query-input\":\"required name=search_term_string\"}],\"inLanguage\":\"sk-SK\"},{\"@type\":\"ImageObject\",\"@id\":\"https:\/\/omega-bakery.com\/sk\/produkt\/lp-group-vis-line\/#primaryimage\",\"inLanguage\":\"sk-SK\",\"url\":\"https:\/\/omega-bakery.com\/sk\/wp-content\/uploads\/2021\/04\/LP-Group-VIS.png\",\"contentUrl\":\"https:\/\/omega-bakery.com\/sk\/wp-content\/uploads\/2021\/04\/LP-Group-VIS.png\",\"width\":533,\"height\":700},{\"@type\":\"WebPage\",\"@id\":\"https:\/\/omega-bakery.com\/sk\/produkt\/lp-group-vis-line\/#webpage\",\"url\":\"https:\/\/omega-bakery.com\/sk\/produkt\/lp-group-vis-line\/\",\"name\":\"LP Group VIS line - Omega Bakery\",\"isPartOf\":{\"@id\":\"https:\/\/omega-bakery.com\/sk\/#website\"},\"primaryImageOfPage\":{\"@id\":\"https:\/\/omega-bakery.com\/sk\/produkt\/lp-group-vis-line\/#primaryimage\"},\"datePublished\":\"2021-04-23T14:05:48+00:00\",\"dateModified\":\"2026-04-02T10:28:36+00:00\",\"breadcrumb\":{\"@id\":\"https:\/\/omega-bakery.com\/sk\/produkt\/lp-group-vis-line\/#breadcrumb\"},\"inLanguage\":\"sk-SK\",\"potentialAction\":[{\"@type\":\"ReadAction\",\"target\":[\"https:\/\/omega-bakery.com\/sk\/produkt\/lp-group-vis-line\/\"]}]},{\"@type\":\"BreadcrumbList\",\"@id\":\"https:\/\/omega-bakery.com\/sk\/produkt\/lp-group-vis-line\/#breadcrumb\",\"itemListElement\":[{\"@type\":\"ListItem\",\"position\":1,\"name\":\"Dom\\u016f\",\"item\":\"https:\/\/omega-bakery.com\/sk\/\"},{\"@type\":\"ListItem\",\"position\":2,\"name\":\"Stroje a zariadenia\",\"item\":\"https:\/\/omega-bakery.com\/sk\/stroje-a-zariadenia\/\"},{\"@type\":\"ListItem\",\"position\":3,\"name\":\"\\u0160\\u013eaha\\u010de, hneta\\u010de\",\"item\":\"https:\/\/omega-bakery.com\/sk\/stroje-a-zarizeni\/slahace-hnetace\/\"},{\"@type\":\"ListItem\",\"position\":4,\"name\":\"Hneta\\u010de s pevnou die\\u017eou\",\"item\":\"https:\/\/omega-bakery.com\/sk\/stroje-a-zarizeni\/slahace-hnetace\/hnetace-s-pevnou-diezou\/\"},{\"@type\":\"ListItem\",\"position\":5,\"name\":\"LP Group VIS line\"}]}]}<\/script>\n<!-- \/ Yoast SEO plugin. -->","yoast_head_json":{"title":"LP Group VIS line - Omega Bakery","robots":{"index":"index","follow":"follow","max-snippet":"max-snippet:-1","max-image-preview":"max-image-preview:large","max-video-preview":"max-video-preview:-1"},"canonical":"https:\/\/omega-bakery.com\/sk\/produkt\/lp-group-vis-line\/","og_locale":"sk_SK","og_type":"article","og_title":"LP Group VIS line - Omega Bakery","og_description":"Dvojr\u00fdchlostn\u00fd \u0161pir\u00e1lov\u00fd hneta\u010d cesta v pevnou die\u017eou od renomovan\u00e9ho v\u00fdrobca hneta\u010dov je ur\u010den\u00fd do v\u0161etk\u00fdch druhov prev\u00e1dzok. R\u00fdchlo a \u0161etrne zamiesi cesta s obsahom vody min. 55%. \u0160irok\u00fd rozsah ve\u013ekost\u00ed die\u017e\u00ed.  Hlavn\u00e9 znaky   robustn\u00e1 kon\u0161trukcia  2 samostatn\u00e9 motory  \u013eahk\u00e9 vyberanie cesta v\u010faka tla\u010didlu na samostatn\u00fd chod die\u017ee  jednoduch\u00fd ovl\u00e1dac\u00ed panel   Objem die\u017ee: \u00a0 117 - 378 L pod\u013ea typu Pr\u00edkon: \u00a0 2 a\u017e 12 kW pod\u013ea typu Rozmery (d x \u0161 x v): \u00a0 vi\u010f let\u00e1k Hmotnos\u0165 cesta: \u00a0 60 - 250 kg     &nbsp;  Viac inform\u00e1ci\u00ed o tomto hneta\u010di n\u00e1jdete v prilo\u017eenom let\u00e1ku TU  Video k zhliadnutiu   [...]Read More...","og_url":"https:\/\/omega-bakery.com\/sk\/produkt\/lp-group-vis-line\/","og_site_name":"Omega Bakery","article_modified_time":"2026-04-02T10:28:36+00:00","og_image":[{"width":533,"height":700,"url":"http:\/\/omega-bakery.com\/sk\/wp-content\/uploads\/2021\/04\/LP-Group-VIS.png","path":"\/data\/web\/virtuals\/278194\/virtual\/www\/domains\/omega-bakery.com\/sk\/wp-content\/uploads\/2021\/04\/LP-Group-VIS.png","size":"full","id":606,"alt":"","pixels":373100,"type":"image\/png"}],"twitter_card":"summary_large_image","schema":{"@context":"https:\/\/schema.org","@graph":[{"@type":"WebSite","@id":"https:\/\/omega-bakery.com\/sk\/#website","url":"https:\/\/omega-bakery.com\/sk\/","name":"Omega Bakery","description":"Dodavatel stroj\u016f a za\u0159\u00edzen\u00ed pro pek\u00e1rny","potentialAction":[{"@type":"SearchAction","target":{"@type":"EntryPoint","urlTemplate":"https:\/\/omega-bakery.com\/sk\/?s={search_term_string}"},"query-input":"required name=search_term_string"}],"inLanguage":"sk-SK"},{"@type":"ImageObject","@id":"https:\/\/omega-bakery.com\/sk\/produkt\/lp-group-vis-line\/#primaryimage","inLanguage":"sk-SK","url":"https:\/\/omega-bakery.com\/sk\/wp-content\/uploads\/2021\/04\/LP-Group-VIS.png","contentUrl":"https:\/\/omega-bakery.com\/sk\/wp-content\/uploads\/2021\/04\/LP-Group-VIS.png","width":533,"height":700},{"@type":"WebPage","@id":"https:\/\/omega-bakery.com\/sk\/produkt\/lp-group-vis-line\/#webpage","url":"https:\/\/omega-bakery.com\/sk\/produkt\/lp-group-vis-line\/","name":"LP Group VIS line - Omega Bakery","isPartOf":{"@id":"https:\/\/omega-bakery.com\/sk\/#website"},"primaryImageOfPage":{"@id":"https:\/\/omega-bakery.com\/sk\/produkt\/lp-group-vis-line\/#primaryimage"},"datePublished":"2021-04-23T14:05:48+00:00","dateModified":"2026-04-02T10:28:36+00:00","breadcrumb":{"@id":"https:\/\/omega-bakery.com\/sk\/produkt\/lp-group-vis-line\/#breadcrumb"},"inLanguage":"sk-SK","potentialAction":[{"@type":"ReadAction","target":["https:\/\/omega-bakery.com\/sk\/produkt\/lp-group-vis-line\/"]}]},{"@type":"BreadcrumbList","@id":"https:\/\/omega-bakery.com\/sk\/produkt\/lp-group-vis-line\/#breadcrumb","itemListElement":[{"@type":"ListItem","position":1,"name":"Dom\u016f","item":"https:\/\/omega-bakery.com\/sk\/"},{"@type":"ListItem","position":2,"name":"Stroje a zariadenia","item":"https:\/\/omega-bakery.com\/sk\/stroje-a-zariadenia\/"},{"@type":"ListItem","position":3,"name":"\u0160\u013eaha\u010de, hneta\u010de","item":"https:\/\/omega-bakery.com\/sk\/stroje-a-zarizeni\/slahace-hnetace\/"},{"@type":"ListItem","position":4,"name":"Hneta\u010de s pevnou die\u017eou","item":"https:\/\/omega-bakery.com\/sk\/stroje-a-zarizeni\/slahace-hnetace\/hnetace-s-pevnou-diezou\/"},{"@type":"ListItem","position":5,"name":"LP Group VIS line"}]}]}},"_links":{"self":[{"href":"https:\/\/omega-bakery.com\/sk\/wp-json\/wp\/v2\/product\/276"}],"collection":[{"href":"https:\/\/omega-bakery.com\/sk\/wp-json\/wp\/v2\/product"}],"about":[{"href":"https:\/\/omega-bakery.com\/sk\/wp-json\/wp\/v2\/types\/product"}],"wp:featuredmedia":[{"embeddable":true,"href":"https:\/\/omega-bakery.com\/sk\/wp-json\/wp\/v2\/media\/606"}],"wp:attachment":[{"href":"https:\/\/omega-bakery.com\/sk\/wp-json\/wp\/v2\/media?parent=276"}],"curies":[{"name":"wp","href":"https:\/\/api.w.org\/{rel}","templated":true}]}}