{"id":278,"date":"2021-04-23T16:06:26","date_gmt":"2021-04-23T14:06:26","guid":{"rendered":"http:\/\/omega-bakery.com\/sk\/?post_type=product&#038;p=278"},"modified":"2023-11-15T11:27:20","modified_gmt":"2023-11-15T09:27:20","slug":"lp-group-lux","status":"publish","type":"product","link":"https:\/\/omega-bakery.com\/sk\/produkt\/lp-group-lux\/","title":{"rendered":"LP Group LUX"},"content":{"rendered":"","protected":false},"excerpt":{"rendered":"<p>Dvojr\u00fdchlostn\u00fd \u0161pir\u00e1lov\u00fd hneta\u010d cesta s v\u00fdjazdnou die\u017eou od renomovan\u00e9ho v\u00fdrobcu je ur\u010den\u00fd do v\u0161etk\u00fdch druhov prev\u00e1dzok.<\/p>\n<p><strong>NOVINKA- vymenite\u013en\u00fd pracovn\u00fd n\u00e1stroj pomocou r\u00fdchloup\u00ednania &#8211; hnetacia \u0161pir\u00e1la, ploch\u00fd miesi\u010d alebo \u201e8\u201c<\/strong><\/p>\n<p><strong>Hlavn\u00e9 znaky<\/strong><\/p>\n<ul>\n<li>robustn\u00e1 kon\u0161trukcia<\/li>\n<li>\u013eahk\u00e9 \u010distenie<\/li>\n<li>jednoduch\u00fd ovl\u00e1dac\u00ed panel<\/li>\n<li>hydraulick\u00fd syst\u00e9m zdv\u00edhania hlavy<\/li>\n<li>upevnenie die\u017ee pri\u0165ahovac\u00edm h\u00e1kom<\/li>\n<\/ul>\n<p><strong>Volite\u013en\u00e9 pr\u00edslu\u0161enstvo<\/strong><\/p>\n<ul>\n<li>senzor merania teploty cesta<\/li>\n<li>die\u017ea naviac<\/li>\n<\/ul>\n<div><strong>Objem die\u017ee:<\/strong><strong>\u00a0 \u00a0<\/strong>154 &#8211; 421 L<\/div>\n<div><strong>Hmotnos\u0165 cesta:\u00a0 <\/strong>80 &#8211; 280 kg<\/div>\n<div><strong>Pr\u00edkon:<\/strong>\u00a0 \u00a04 &#8211; 15 kW\u00a0 pod\u013ea typu<\/div>\n<div><strong>Rozmery (d x \u0161 x v):<\/strong> \u00a0 vi\u010f let\u00e1k<\/div>\n<p>&nbsp;<\/p>\n<p>Viac inform\u00e1ci\u00ed o tomto hn\u011bta\u010di n\u00e1jdete v prilo\u017eenom let\u00e1ku <a href=\"http:\/\/omega-bakery.com\/sk\/wp-content\/uploads\/2021\/04\/hnetac-s-pojizdnou-dizi-LUX-line-0823.pdf\" target=\"newtab\" rel=\"noopener\">TU<\/a><\/p>\n<div><a href=\"https:\/\/www.youtube.com\/watch?v=XovVRq52qps\" target=\"_blank\" rel=\"noopener\">Video k zhliadnutiu<\/a><\/div>\n<div><\/div>\n<p> [&#8230;]<\/p>\n<p><a class=\"btn btn-secondary understrap-read-more-link\" href=\"https:\/\/omega-bakery.com\/sk\/produkt\/lp-group-lux\/\">Read More&#8230;<\/a><\/p>\n","protected":false},"featured_media":604,"template":"","meta":[],"yoast_head":"<!-- This site is optimized with the Yoast SEO plugin v17.1 - https:\/\/yoast.com\/wordpress\/plugins\/seo\/ -->\n<title>LP Group LUX - Omega Bakery<\/title>\n<meta name=\"robots\" content=\"index, follow, max-snippet:-1, max-image-preview:large, max-video-preview:-1\" \/>\n<link rel=\"canonical\" href=\"https:\/\/omega-bakery.com\/sk\/produkt\/lp-group-lux\/\" \/>\n<meta property=\"og:locale\" content=\"sk_SK\" \/>\n<meta property=\"og:type\" content=\"article\" \/>\n<meta property=\"og:title\" content=\"LP Group LUX - Omega Bakery\" \/>\n<meta property=\"og:description\" content=\"Dvojr\u00fdchlostn\u00fd \u0161pir\u00e1lov\u00fd hneta\u010d cesta s v\u00fdjazdnou die\u017eou od renomovan\u00e9ho v\u00fdrobcu je ur\u010den\u00fd do v\u0161etk\u00fdch druhov prev\u00e1dzok.  NOVINKA- vymenite\u013en\u00fd pracovn\u00fd n\u00e1stroj pomocou r\u00fdchloup\u00ednania - hnetacia \u0161pir\u00e1la, ploch\u00fd miesi\u010d alebo \u201e8\u201c  Hlavn\u00e9 znaky   robustn\u00e1 kon\u0161trukcia  \u013eahk\u00e9 \u010distenie  jednoduch\u00fd ovl\u00e1dac\u00ed panel  hydraulick\u00fd syst\u00e9m zdv\u00edhania hlavy  upevnenie die\u017ee pri\u0165ahovac\u00edm h\u00e1kom  Volite\u013en\u00e9 pr\u00edslu\u0161enstvo   senzor merania teploty cesta  die\u017ea naviac  Objem die\u017ee:\u00a0 \u00a0154 - 421 L Hmotnos\u0165 cesta:\u00a0 80 - 280 kg Pr\u00edkon:\u00a0 \u00a04 - 15 kW\u00a0 pod\u013ea typu Rozmery (d x \u0161 x v): \u00a0 vi\u010f let\u00e1k &nbsp;  Viac inform\u00e1ci\u00ed o tomto hn\u011bta\u010di n\u00e1jdete v prilo\u017eenom let\u00e1ku TU Video k zhliadnutiu  [...]Read More...\" \/>\n<meta property=\"og:url\" content=\"https:\/\/omega-bakery.com\/sk\/produkt\/lp-group-lux\/\" \/>\n<meta property=\"og:site_name\" content=\"Omega Bakery\" \/>\n<meta property=\"article:modified_time\" content=\"2023-11-15T09:27:20+00:00\" \/>\n<meta property=\"og:image\" content=\"http:\/\/omega-bakery.com\/sk\/wp-content\/uploads\/2021\/04\/LP-Group-LUX.png\" \/>\n\t<meta property=\"og:image:width\" content=\"533\" \/>\n\t<meta property=\"og:image:height\" content=\"700\" \/>\n<meta name=\"twitter:card\" content=\"summary_large_image\" \/>\n<script type=\"application\/ld+json\" class=\"yoast-schema-graph\">{\"@context\":\"https:\/\/schema.org\",\"@graph\":[{\"@type\":\"WebSite\",\"@id\":\"https:\/\/omega-bakery.com\/sk\/#website\",\"url\":\"https:\/\/omega-bakery.com\/sk\/\",\"name\":\"Omega Bakery\",\"description\":\"Dodavatel stroj\\u016f a za\\u0159\\u00edzen\\u00ed pro pek\\u00e1rny\",\"potentialAction\":[{\"@type\":\"SearchAction\",\"target\":{\"@type\":\"EntryPoint\",\"urlTemplate\":\"https:\/\/omega-bakery.com\/sk\/?s={search_term_string}\"},\"query-input\":\"required name=search_term_string\"}],\"inLanguage\":\"sk-SK\"},{\"@type\":\"ImageObject\",\"@id\":\"https:\/\/omega-bakery.com\/sk\/produkt\/lp-group-lux\/#primaryimage\",\"inLanguage\":\"sk-SK\",\"url\":\"https:\/\/omega-bakery.com\/sk\/wp-content\/uploads\/2021\/04\/LP-Group-LUX.png\",\"contentUrl\":\"https:\/\/omega-bakery.com\/sk\/wp-content\/uploads\/2021\/04\/LP-Group-LUX.png\",\"width\":533,\"height\":700},{\"@type\":\"WebPage\",\"@id\":\"https:\/\/omega-bakery.com\/sk\/produkt\/lp-group-lux\/#webpage\",\"url\":\"https:\/\/omega-bakery.com\/sk\/produkt\/lp-group-lux\/\",\"name\":\"LP Group LUX - Omega Bakery\",\"isPartOf\":{\"@id\":\"https:\/\/omega-bakery.com\/sk\/#website\"},\"primaryImageOfPage\":{\"@id\":\"https:\/\/omega-bakery.com\/sk\/produkt\/lp-group-lux\/#primaryimage\"},\"datePublished\":\"2021-04-23T14:06:26+00:00\",\"dateModified\":\"2023-11-15T09:27:20+00:00\",\"breadcrumb\":{\"@id\":\"https:\/\/omega-bakery.com\/sk\/produkt\/lp-group-lux\/#breadcrumb\"},\"inLanguage\":\"sk-SK\",\"potentialAction\":[{\"@type\":\"ReadAction\",\"target\":[\"https:\/\/omega-bakery.com\/sk\/produkt\/lp-group-lux\/\"]}]},{\"@type\":\"BreadcrumbList\",\"@id\":\"https:\/\/omega-bakery.com\/sk\/produkt\/lp-group-lux\/#breadcrumb\",\"itemListElement\":[{\"@type\":\"ListItem\",\"position\":1,\"name\":\"Dom\\u016f\",\"item\":\"https:\/\/omega-bakery.com\/sk\/\"},{\"@type\":\"ListItem\",\"position\":2,\"name\":\"Stroje a zariadenia\",\"item\":\"https:\/\/omega-bakery.com\/sk\/stroje-a-zariadenia\/\"},{\"@type\":\"ListItem\",\"position\":3,\"name\":\"\\u0160\\u013eaha\\u010de, hneta\\u010de\",\"item\":\"https:\/\/omega-bakery.com\/sk\/stroje-a-zarizeni\/slahace-hnetace\/\"},{\"@type\":\"ListItem\",\"position\":4,\"name\":\"Hneta\\u010de s v\\u00fdjazdnou die\\u017eou a prekl\\u00e1pa\\u010de\",\"item\":\"https:\/\/omega-bakery.com\/sk\/stroje-a-zarizeni\/slahace-hnetace\/hnetace-s-vyjazdnou-diezou-a-preklapece\/\"},{\"@type\":\"ListItem\",\"position\":5,\"name\":\"LP Group LUX\"}]}]}<\/script>\n<!-- \/ Yoast SEO plugin. -->","yoast_head_json":{"title":"LP Group LUX - Omega Bakery","robots":{"index":"index","follow":"follow","max-snippet":"max-snippet:-1","max-image-preview":"max-image-preview:large","max-video-preview":"max-video-preview:-1"},"canonical":"https:\/\/omega-bakery.com\/sk\/produkt\/lp-group-lux\/","og_locale":"sk_SK","og_type":"article","og_title":"LP Group LUX - Omega Bakery","og_description":"Dvojr\u00fdchlostn\u00fd \u0161pir\u00e1lov\u00fd hneta\u010d cesta s v\u00fdjazdnou die\u017eou od renomovan\u00e9ho v\u00fdrobcu je ur\u010den\u00fd do v\u0161etk\u00fdch druhov prev\u00e1dzok.  NOVINKA- vymenite\u013en\u00fd pracovn\u00fd n\u00e1stroj pomocou r\u00fdchloup\u00ednania - hnetacia \u0161pir\u00e1la, ploch\u00fd miesi\u010d alebo \u201e8\u201c  Hlavn\u00e9 znaky   robustn\u00e1 kon\u0161trukcia  \u013eahk\u00e9 \u010distenie  jednoduch\u00fd ovl\u00e1dac\u00ed panel  hydraulick\u00fd syst\u00e9m zdv\u00edhania hlavy  upevnenie die\u017ee pri\u0165ahovac\u00edm h\u00e1kom  Volite\u013en\u00e9 pr\u00edslu\u0161enstvo   senzor merania teploty cesta  die\u017ea naviac  Objem die\u017ee:\u00a0 \u00a0154 - 421 L Hmotnos\u0165 cesta:\u00a0 80 - 280 kg Pr\u00edkon:\u00a0 \u00a04 - 15 kW\u00a0 pod\u013ea typu Rozmery (d x \u0161 x v): \u00a0 vi\u010f let\u00e1k &nbsp;  Viac inform\u00e1ci\u00ed o tomto hn\u011bta\u010di n\u00e1jdete v prilo\u017eenom let\u00e1ku TU Video k zhliadnutiu  [...]Read More...","og_url":"https:\/\/omega-bakery.com\/sk\/produkt\/lp-group-lux\/","og_site_name":"Omega Bakery","article_modified_time":"2023-11-15T09:27:20+00:00","og_image":[{"width":533,"height":700,"url":"http:\/\/omega-bakery.com\/sk\/wp-content\/uploads\/2021\/04\/LP-Group-LUX.png","path":"\/data\/web\/virtuals\/278194\/virtual\/www\/domains\/omega-bakery.com\/sk\/wp-content\/uploads\/2021\/04\/LP-Group-LUX.png","size":"full","id":604,"alt":"","pixels":373100,"type":"image\/png"}],"twitter_card":"summary_large_image","schema":{"@context":"https:\/\/schema.org","@graph":[{"@type":"WebSite","@id":"https:\/\/omega-bakery.com\/sk\/#website","url":"https:\/\/omega-bakery.com\/sk\/","name":"Omega Bakery","description":"Dodavatel stroj\u016f a za\u0159\u00edzen\u00ed pro pek\u00e1rny","potentialAction":[{"@type":"SearchAction","target":{"@type":"EntryPoint","urlTemplate":"https:\/\/omega-bakery.com\/sk\/?s={search_term_string}"},"query-input":"required name=search_term_string"}],"inLanguage":"sk-SK"},{"@type":"ImageObject","@id":"https:\/\/omega-bakery.com\/sk\/produkt\/lp-group-lux\/#primaryimage","inLanguage":"sk-SK","url":"https:\/\/omega-bakery.com\/sk\/wp-content\/uploads\/2021\/04\/LP-Group-LUX.png","contentUrl":"https:\/\/omega-bakery.com\/sk\/wp-content\/uploads\/2021\/04\/LP-Group-LUX.png","width":533,"height":700},{"@type":"WebPage","@id":"https:\/\/omega-bakery.com\/sk\/produkt\/lp-group-lux\/#webpage","url":"https:\/\/omega-bakery.com\/sk\/produkt\/lp-group-lux\/","name":"LP Group LUX - Omega Bakery","isPartOf":{"@id":"https:\/\/omega-bakery.com\/sk\/#website"},"primaryImageOfPage":{"@id":"https:\/\/omega-bakery.com\/sk\/produkt\/lp-group-lux\/#primaryimage"},"datePublished":"2021-04-23T14:06:26+00:00","dateModified":"2023-11-15T09:27:20+00:00","breadcrumb":{"@id":"https:\/\/omega-bakery.com\/sk\/produkt\/lp-group-lux\/#breadcrumb"},"inLanguage":"sk-SK","potentialAction":[{"@type":"ReadAction","target":["https:\/\/omega-bakery.com\/sk\/produkt\/lp-group-lux\/"]}]},{"@type":"BreadcrumbList","@id":"https:\/\/omega-bakery.com\/sk\/produkt\/lp-group-lux\/#breadcrumb","itemListElement":[{"@type":"ListItem","position":1,"name":"Dom\u016f","item":"https:\/\/omega-bakery.com\/sk\/"},{"@type":"ListItem","position":2,"name":"Stroje a zariadenia","item":"https:\/\/omega-bakery.com\/sk\/stroje-a-zariadenia\/"},{"@type":"ListItem","position":3,"name":"\u0160\u013eaha\u010de, hneta\u010de","item":"https:\/\/omega-bakery.com\/sk\/stroje-a-zarizeni\/slahace-hnetace\/"},{"@type":"ListItem","position":4,"name":"Hneta\u010de s v\u00fdjazdnou die\u017eou a prekl\u00e1pa\u010de","item":"https:\/\/omega-bakery.com\/sk\/stroje-a-zarizeni\/slahace-hnetace\/hnetace-s-vyjazdnou-diezou-a-preklapece\/"},{"@type":"ListItem","position":5,"name":"LP Group LUX"}]}]}},"_links":{"self":[{"href":"https:\/\/omega-bakery.com\/sk\/wp-json\/wp\/v2\/product\/278"}],"collection":[{"href":"https:\/\/omega-bakery.com\/sk\/wp-json\/wp\/v2\/product"}],"about":[{"href":"https:\/\/omega-bakery.com\/sk\/wp-json\/wp\/v2\/types\/product"}],"wp:featuredmedia":[{"embeddable":true,"href":"https:\/\/omega-bakery.com\/sk\/wp-json\/wp\/v2\/media\/604"}],"wp:attachment":[{"href":"https:\/\/omega-bakery.com\/sk\/wp-json\/wp\/v2\/media?parent=278"}],"curies":[{"name":"wp","href":"https:\/\/api.w.org\/{rel}","templated":true}]}}