{"id":280,"date":"2021-04-23T16:07:42","date_gmt":"2021-04-23T14:07:42","guid":{"rendered":"http:\/\/omega-bakery.com\/sk\/?post_type=product&#038;p=280"},"modified":"2023-11-15T11:25:03","modified_gmt":"2023-11-15T09:25:03","slug":"konig-sp","status":"publish","type":"product","link":"https:\/\/omega-bakery.com\/sk\/produkt\/konig-sp\/","title":{"rendered":"K\u00f6nig SP"},"content":{"rendered":"","protected":false},"excerpt":{"rendered":"<p>Dvojr\u00fdchlostn\u00e9 mas\u00edvne \u0161pir\u00e1lov\u00e9 hneta\u010de K\u00f6nig s v\u00fdjazdnou nerezovou die\u017eou s\u00fa kon\u0161truovan\u00e9 pod\u013ea po\u017eiadaviek najnov\u0161\u00edch technol\u00f3gi\u00ed hnetania cesta a patria k najvy\u0161\u0161ej triede hneta\u010dov.<br \/>\nHnetac\u00ed proces je v\u010faka tvaru \u0161pir\u00e1ly a die\u017ee intenz\u00edvny a r\u00fdchly, s minim\u00e1lnym n\u00e1rastom teploty cesta.<\/p>\n<p><strong>Hlavn\u00e9 znaky<\/strong><\/p>\n<ul>\n<li>nerezov\u00e9 prevedenie, modern\u00fd design<\/li>\n<li>\u0161tandardne 2 r\u00fdchlosti hnetania a sp\u00e4tn\u00fd chod s 1 r\u00fdchlos\u0165ou<\/li>\n<li>\u013eahk\u00e9 zdv\u00edhanie a sp\u00fa\u0161\u0165anie hlavy hneta\u010da pomocou hydrauliky<\/li>\n<li>pevn\u00e9 upnutie die\u017ee k hneta\u010du pomocou hydraulick\u00fdch klie\u0161t\u00ed<\/li>\n<li>preh\u013eadn\u00fd ovl\u00e1dac\u00ed panel s digit\u00e1lnym displejom na monitorovanie v\u0161etk\u00fdch parametrov hnetacieho procesu<\/li>\n<li>nastavite\u013en\u00e1 v\u00fd\u0161ka n\u00f4h pre jednoduch\u00e9 \u010distenie priestoru pod strojom<\/li>\n<li>dokonal\u00e1 hygiena prev\u00e1dzky a minim\u00e1lna \u00fadr\u017eba<\/li>\n<\/ul>\n<div>\n<div><strong>Objem die\u017ee:<\/strong><strong>\u00a0 \u00a0<\/strong>225 alebo 360 L<\/div>\n<div>\n<div><strong>Hmotnos\u0165 cesta: <\/strong>\u00a0 160 alebo 240 kg<\/div>\n<div><strong>Pr\u00edkon:<\/strong>\u00a0 \u00a014 alebo 18 kW<\/div>\n<\/div>\n<div><strong>Rozmery (d x \u0161 x v):<\/strong> \u00a0 vi\u010f let\u00e1k<\/div>\n<div><\/div>\n<p>&nbsp;<\/p>\n<div>\n<p>Viac inform\u00e1ci\u00ed0 o tomto hneta\u010di n\u00e1jdete v prilo\u017eenom let\u00e1ku <a href=\"http:\/\/omega-bakery.com\/sk\/wp-content\/uploads\/2021\/04\/hnetac-s-pojizdnou-dizi-Konig-SP-0823.pdf\" target=\"newtab\" rel=\"noopener\">TU<\/a><\/p>\n<\/div>\n<\/div>\n<div>\n<p><a href=\"https:\/\/www.youtube.com\/watch?v=qQ5V8z7JZBM&amp;list=PL1clbxlevLmc8NeBuxoH60mAQsFmo_gt1\" target=\"_blank\" rel=\"noopener\">Video k zhliadnutiu<\/a><\/p>\n<\/div>\n<p> [&#8230;]<\/p>\n<p><a class=\"btn btn-secondary understrap-read-more-link\" href=\"https:\/\/omega-bakery.com\/sk\/produkt\/konig-sp\/\">Read More&#8230;<\/a><\/p>\n","protected":false},"featured_media":722,"template":"","meta":[],"yoast_head":"<!-- This site is optimized with the Yoast SEO plugin v17.1 - https:\/\/yoast.com\/wordpress\/plugins\/seo\/ -->\n<title>K\u00f6nig SP - Omega Bakery<\/title>\n<meta name=\"robots\" content=\"index, follow, max-snippet:-1, max-image-preview:large, max-video-preview:-1\" \/>\n<link rel=\"canonical\" href=\"https:\/\/omega-bakery.com\/sk\/produkt\/konig-sp\/\" \/>\n<meta property=\"og:locale\" content=\"sk_SK\" \/>\n<meta property=\"og:type\" content=\"article\" \/>\n<meta property=\"og:title\" content=\"K\u00f6nig SP - Omega Bakery\" \/>\n<meta property=\"og:description\" content=\"Dvojr\u00fdchlostn\u00e9 mas\u00edvne \u0161pir\u00e1lov\u00e9 hneta\u010de K\u00f6nig s v\u00fdjazdnou nerezovou die\u017eou s\u00fa kon\u0161truovan\u00e9 pod\u013ea po\u017eiadaviek najnov\u0161\u00edch technol\u00f3gi\u00ed hnetania cesta a patria k najvy\u0161\u0161ej triede hneta\u010dov. Hnetac\u00ed proces je v\u010faka tvaru \u0161pir\u00e1ly a die\u017ee intenz\u00edvny a r\u00fdchly, s minim\u00e1lnym n\u00e1rastom teploty cesta.  Hlavn\u00e9 znaky   nerezov\u00e9 prevedenie, modern\u00fd design  \u0161tandardne 2 r\u00fdchlosti hnetania a sp\u00e4tn\u00fd chod s 1 r\u00fdchlos\u0165ou  \u013eahk\u00e9 zdv\u00edhanie a sp\u00fa\u0161\u0165anie hlavy hneta\u010da pomocou hydrauliky  pevn\u00e9 upnutie die\u017ee k hneta\u010du pomocou hydraulick\u00fdch klie\u0161t\u00ed  preh\u013eadn\u00fd ovl\u00e1dac\u00ed panel s digit\u00e1lnym displejom na monitorovanie v\u0161etk\u00fdch parametrov hnetacieho procesu  nastavite\u013en\u00e1 v\u00fd\u0161ka n\u00f4h pre jednoduch\u00e9 \u010distenie priestoru pod strojom  dokonal\u00e1 hygiena prev\u00e1dzky a minim\u00e1lna \u00fadr\u017eba   Objem die\u017ee:\u00a0 \u00a0225 alebo 360 L  Hmotnos\u0165 cesta: \u00a0 160 alebo 240 kg Pr\u00edkon:\u00a0 \u00a014 alebo 18 kW  Rozmery (d x \u0161 x v): \u00a0 vi\u010f let\u00e1k  &nbsp;   Viac inform\u00e1ci\u00ed0 o tomto hneta\u010di n\u00e1jdete v prilo\u017eenom let\u00e1ku TU      Video k zhliadnutiu   [...]Read More...\" \/>\n<meta property=\"og:url\" content=\"https:\/\/omega-bakery.com\/sk\/produkt\/konig-sp\/\" \/>\n<meta property=\"og:site_name\" content=\"Omega Bakery\" \/>\n<meta property=\"article:modified_time\" content=\"2023-11-15T09:25:03+00:00\" \/>\n<meta property=\"og:image\" content=\"http:\/\/omega-bakery.com\/sk\/wp-content\/uploads\/2021\/04\/Ko\u0308nig-SP.png\" \/>\n\t<meta property=\"og:image:width\" content=\"533\" \/>\n\t<meta property=\"og:image:height\" content=\"700\" \/>\n<meta name=\"twitter:card\" content=\"summary_large_image\" \/>\n<script type=\"application\/ld+json\" class=\"yoast-schema-graph\">{\"@context\":\"https:\/\/schema.org\",\"@graph\":[{\"@type\":\"WebSite\",\"@id\":\"https:\/\/omega-bakery.com\/sk\/#website\",\"url\":\"https:\/\/omega-bakery.com\/sk\/\",\"name\":\"Omega Bakery\",\"description\":\"Dodavatel stroj\\u016f a za\\u0159\\u00edzen\\u00ed pro pek\\u00e1rny\",\"potentialAction\":[{\"@type\":\"SearchAction\",\"target\":{\"@type\":\"EntryPoint\",\"urlTemplate\":\"https:\/\/omega-bakery.com\/sk\/?s={search_term_string}\"},\"query-input\":\"required name=search_term_string\"}],\"inLanguage\":\"sk-SK\"},{\"@type\":\"ImageObject\",\"@id\":\"https:\/\/omega-bakery.com\/sk\/produkt\/konig-sp\/#primaryimage\",\"inLanguage\":\"sk-SK\",\"url\":\"https:\/\/omega-bakery.com\/sk\/wp-content\/uploads\/2021\/04\/Ko\\u0308nig-SP.png\",\"contentUrl\":\"https:\/\/omega-bakery.com\/sk\/wp-content\/uploads\/2021\/04\/Ko\\u0308nig-SP.png\",\"width\":533,\"height\":700},{\"@type\":\"WebPage\",\"@id\":\"https:\/\/omega-bakery.com\/sk\/produkt\/konig-sp\/#webpage\",\"url\":\"https:\/\/omega-bakery.com\/sk\/produkt\/konig-sp\/\",\"name\":\"K\\u00f6nig SP - Omega Bakery\",\"isPartOf\":{\"@id\":\"https:\/\/omega-bakery.com\/sk\/#website\"},\"primaryImageOfPage\":{\"@id\":\"https:\/\/omega-bakery.com\/sk\/produkt\/konig-sp\/#primaryimage\"},\"datePublished\":\"2021-04-23T14:07:42+00:00\",\"dateModified\":\"2023-11-15T09:25:03+00:00\",\"breadcrumb\":{\"@id\":\"https:\/\/omega-bakery.com\/sk\/produkt\/konig-sp\/#breadcrumb\"},\"inLanguage\":\"sk-SK\",\"potentialAction\":[{\"@type\":\"ReadAction\",\"target\":[\"https:\/\/omega-bakery.com\/sk\/produkt\/konig-sp\/\"]}]},{\"@type\":\"BreadcrumbList\",\"@id\":\"https:\/\/omega-bakery.com\/sk\/produkt\/konig-sp\/#breadcrumb\",\"itemListElement\":[{\"@type\":\"ListItem\",\"position\":1,\"name\":\"Dom\\u016f\",\"item\":\"https:\/\/omega-bakery.com\/sk\/\"},{\"@type\":\"ListItem\",\"position\":2,\"name\":\"Stroje a zariadenia\",\"item\":\"https:\/\/omega-bakery.com\/sk\/stroje-a-zariadenia\/\"},{\"@type\":\"ListItem\",\"position\":3,\"name\":\"\\u0160\\u013eaha\\u010de, hneta\\u010de\",\"item\":\"https:\/\/omega-bakery.com\/sk\/stroje-a-zarizeni\/slahace-hnetace\/\"},{\"@type\":\"ListItem\",\"position\":4,\"name\":\"Hneta\\u010de s v\\u00fdjazdnou die\\u017eou a prekl\\u00e1pa\\u010de\",\"item\":\"https:\/\/omega-bakery.com\/sk\/stroje-a-zarizeni\/slahace-hnetace\/hnetace-s-vyjazdnou-diezou-a-preklapece\/\"},{\"@type\":\"ListItem\",\"position\":5,\"name\":\"K\\u00f6nig SP\"}]}]}<\/script>\n<!-- \/ Yoast SEO plugin. -->","yoast_head_json":{"title":"K\u00f6nig SP - Omega Bakery","robots":{"index":"index","follow":"follow","max-snippet":"max-snippet:-1","max-image-preview":"max-image-preview:large","max-video-preview":"max-video-preview:-1"},"canonical":"https:\/\/omega-bakery.com\/sk\/produkt\/konig-sp\/","og_locale":"sk_SK","og_type":"article","og_title":"K\u00f6nig SP - Omega Bakery","og_description":"Dvojr\u00fdchlostn\u00e9 mas\u00edvne \u0161pir\u00e1lov\u00e9 hneta\u010de K\u00f6nig s v\u00fdjazdnou nerezovou die\u017eou s\u00fa kon\u0161truovan\u00e9 pod\u013ea po\u017eiadaviek najnov\u0161\u00edch technol\u00f3gi\u00ed hnetania cesta a patria k najvy\u0161\u0161ej triede hneta\u010dov. Hnetac\u00ed proces je v\u010faka tvaru \u0161pir\u00e1ly a die\u017ee intenz\u00edvny a r\u00fdchly, s minim\u00e1lnym n\u00e1rastom teploty cesta.  Hlavn\u00e9 znaky   nerezov\u00e9 prevedenie, modern\u00fd design  \u0161tandardne 2 r\u00fdchlosti hnetania a sp\u00e4tn\u00fd chod s 1 r\u00fdchlos\u0165ou  \u013eahk\u00e9 zdv\u00edhanie a sp\u00fa\u0161\u0165anie hlavy hneta\u010da pomocou hydrauliky  pevn\u00e9 upnutie die\u017ee k hneta\u010du pomocou hydraulick\u00fdch klie\u0161t\u00ed  preh\u013eadn\u00fd ovl\u00e1dac\u00ed panel s digit\u00e1lnym displejom na monitorovanie v\u0161etk\u00fdch parametrov hnetacieho procesu  nastavite\u013en\u00e1 v\u00fd\u0161ka n\u00f4h pre jednoduch\u00e9 \u010distenie priestoru pod strojom  dokonal\u00e1 hygiena prev\u00e1dzky a minim\u00e1lna \u00fadr\u017eba   Objem die\u017ee:\u00a0 \u00a0225 alebo 360 L  Hmotnos\u0165 cesta: \u00a0 160 alebo 240 kg Pr\u00edkon:\u00a0 \u00a014 alebo 18 kW  Rozmery (d x \u0161 x v): \u00a0 vi\u010f let\u00e1k  &nbsp;   Viac inform\u00e1ci\u00ed0 o tomto hneta\u010di n\u00e1jdete v prilo\u017eenom let\u00e1ku TU      Video k zhliadnutiu   [...]Read More...","og_url":"https:\/\/omega-bakery.com\/sk\/produkt\/konig-sp\/","og_site_name":"Omega Bakery","article_modified_time":"2023-11-15T09:25:03+00:00","og_image":[{"width":533,"height":700,"url":"http:\/\/omega-bakery.com\/sk\/wp-content\/uploads\/2021\/04\/Ko\u0308nig-SP.png","path":"\/data\/web\/virtuals\/278194\/virtual\/www\/domains\/omega-bakery.com\/sk\/wp-content\/uploads\/2021\/04\/Ko\u0308nig-SP.png","size":"full","id":722,"alt":"","pixels":373100,"type":"image\/png"}],"twitter_card":"summary_large_image","schema":{"@context":"https:\/\/schema.org","@graph":[{"@type":"WebSite","@id":"https:\/\/omega-bakery.com\/sk\/#website","url":"https:\/\/omega-bakery.com\/sk\/","name":"Omega Bakery","description":"Dodavatel stroj\u016f a za\u0159\u00edzen\u00ed pro pek\u00e1rny","potentialAction":[{"@type":"SearchAction","target":{"@type":"EntryPoint","urlTemplate":"https:\/\/omega-bakery.com\/sk\/?s={search_term_string}"},"query-input":"required name=search_term_string"}],"inLanguage":"sk-SK"},{"@type":"ImageObject","@id":"https:\/\/omega-bakery.com\/sk\/produkt\/konig-sp\/#primaryimage","inLanguage":"sk-SK","url":"https:\/\/omega-bakery.com\/sk\/wp-content\/uploads\/2021\/04\/Ko\u0308nig-SP.png","contentUrl":"https:\/\/omega-bakery.com\/sk\/wp-content\/uploads\/2021\/04\/Ko\u0308nig-SP.png","width":533,"height":700},{"@type":"WebPage","@id":"https:\/\/omega-bakery.com\/sk\/produkt\/konig-sp\/#webpage","url":"https:\/\/omega-bakery.com\/sk\/produkt\/konig-sp\/","name":"K\u00f6nig SP - Omega Bakery","isPartOf":{"@id":"https:\/\/omega-bakery.com\/sk\/#website"},"primaryImageOfPage":{"@id":"https:\/\/omega-bakery.com\/sk\/produkt\/konig-sp\/#primaryimage"},"datePublished":"2021-04-23T14:07:42+00:00","dateModified":"2023-11-15T09:25:03+00:00","breadcrumb":{"@id":"https:\/\/omega-bakery.com\/sk\/produkt\/konig-sp\/#breadcrumb"},"inLanguage":"sk-SK","potentialAction":[{"@type":"ReadAction","target":["https:\/\/omega-bakery.com\/sk\/produkt\/konig-sp\/"]}]},{"@type":"BreadcrumbList","@id":"https:\/\/omega-bakery.com\/sk\/produkt\/konig-sp\/#breadcrumb","itemListElement":[{"@type":"ListItem","position":1,"name":"Dom\u016f","item":"https:\/\/omega-bakery.com\/sk\/"},{"@type":"ListItem","position":2,"name":"Stroje a zariadenia","item":"https:\/\/omega-bakery.com\/sk\/stroje-a-zariadenia\/"},{"@type":"ListItem","position":3,"name":"\u0160\u013eaha\u010de, hneta\u010de","item":"https:\/\/omega-bakery.com\/sk\/stroje-a-zarizeni\/slahace-hnetace\/"},{"@type":"ListItem","position":4,"name":"Hneta\u010de s v\u00fdjazdnou die\u017eou a prekl\u00e1pa\u010de","item":"https:\/\/omega-bakery.com\/sk\/stroje-a-zarizeni\/slahace-hnetace\/hnetace-s-vyjazdnou-diezou-a-preklapece\/"},{"@type":"ListItem","position":5,"name":"K\u00f6nig SP"}]}]}},"_links":{"self":[{"href":"https:\/\/omega-bakery.com\/sk\/wp-json\/wp\/v2\/product\/280"}],"collection":[{"href":"https:\/\/omega-bakery.com\/sk\/wp-json\/wp\/v2\/product"}],"about":[{"href":"https:\/\/omega-bakery.com\/sk\/wp-json\/wp\/v2\/types\/product"}],"wp:featuredmedia":[{"embeddable":true,"href":"https:\/\/omega-bakery.com\/sk\/wp-json\/wp\/v2\/media\/722"}],"wp:attachment":[{"href":"https:\/\/omega-bakery.com\/sk\/wp-json\/wp\/v2\/media?parent=280"}],"curies":[{"name":"wp","href":"https:\/\/api.w.org\/{rel}","templated":true}]}}