{"id":283,"date":"2021-04-23T16:09:19","date_gmt":"2021-04-23T14:09:19","guid":{"rendered":"http:\/\/omega-bakery.com\/sk\/?post_type=product&#038;p=283"},"modified":"2023-11-15T11:32:25","modified_gmt":"2023-11-15T09:32:25","slug":"lp-group-thor","status":"publish","type":"product","link":"https:\/\/omega-bakery.com\/sk\/produkt\/lp-group-thor\/","title":{"rendered":"LP Group Thor"},"content":{"rendered":"","protected":false},"excerpt":{"rendered":"<p><strong>Hlavn\u00e9 znaky<\/strong><\/p>\n<ul>\n<li>hydraulick\u00fd prekl\u00e1pa\u010d vhodn\u00fd na die\u017ee hneta\u010dov LUX alebo LUX-R v\u0161etk\u00fdch ve\u013ekost\u00ed<\/li>\n<li>prekl\u00e1panie dozadu<\/li>\n<li>r\u00f4zne prekl\u00e1pacie v\u00fd\u0161ky<\/li>\n<li>robustn\u00e9 prevedenie z lakovanej ocele<\/li>\n<li>nerezov\u00e9 anti-vibra\u010dn\u00e9 nohy na vyrovnanie do vodorovnej polohy<\/li>\n<\/ul>\n<div>\n<div><\/div>\n<div><strong>Technick\u00e9 \u00fadaje: <\/strong>vi\u010f let\u00e1k<\/div>\n<\/div>\n<p>&nbsp;<\/p>\n<div>Viac inform\u00e1ci\u00ed o tomto prekl\u00e1pa\u010di n\u00e1jdete v prilo\u017eenom let\u00e1ku <a href=\"http:\/\/omega-bakery.com\/sk\/wp-content\/uploads\/2021\/04\/preklapec-LP-Group-Thor-0823.pdf\" target=\"_blank\" rel=\"noopener\">TU<\/a><\/div>\n<p>&nbsp;<\/p>\n<p><a href=\"https:\/\/www.youtube.com\/watch?v=iZUhuPi9jdQ\" target=\"_blank\" rel=\"noopener\">Video k zhliadnutiu<\/a> [&#8230;]<\/p>\n<p><a class=\"btn btn-secondary understrap-read-more-link\" href=\"https:\/\/omega-bakery.com\/sk\/produkt\/lp-group-thor\/\">Read More&#8230;<\/a><\/p>\n","protected":false},"featured_media":598,"template":"","meta":[],"yoast_head":"<!-- This site is optimized with the Yoast SEO plugin v17.1 - https:\/\/yoast.com\/wordpress\/plugins\/seo\/ -->\n<title>LP Group Thor - Omega Bakery<\/title>\n<meta name=\"robots\" content=\"index, follow, max-snippet:-1, max-image-preview:large, max-video-preview:-1\" \/>\n<link rel=\"canonical\" href=\"https:\/\/omega-bakery.com\/sk\/produkt\/lp-group-thor\/\" \/>\n<meta property=\"og:locale\" content=\"sk_SK\" \/>\n<meta property=\"og:type\" content=\"article\" \/>\n<meta property=\"og:title\" content=\"LP Group Thor - Omega Bakery\" \/>\n<meta property=\"og:description\" content=\"Hlavn\u00e9 znaky   hydraulick\u00fd prekl\u00e1pa\u010d vhodn\u00fd na die\u017ee hneta\u010dov LUX alebo LUX-R v\u0161etk\u00fdch ve\u013ekost\u00ed  prekl\u00e1panie dozadu  r\u00f4zne prekl\u00e1pacie v\u00fd\u0161ky  robustn\u00e9 prevedenie z lakovanej ocele  nerezov\u00e9 anti-vibra\u010dn\u00e9 nohy na vyrovnanie do vodorovnej polohy    Technick\u00e9 \u00fadaje: vi\u010f let\u00e1k  &nbsp; Viac inform\u00e1ci\u00ed o tomto prekl\u00e1pa\u010di n\u00e1jdete v prilo\u017eenom let\u00e1ku TU &nbsp;  Video k zhliadnutiu [...]Read More...\" \/>\n<meta property=\"og:url\" content=\"https:\/\/omega-bakery.com\/sk\/produkt\/lp-group-thor\/\" \/>\n<meta property=\"og:site_name\" content=\"Omega Bakery\" \/>\n<meta property=\"article:modified_time\" content=\"2023-11-15T09:32:25+00:00\" \/>\n<meta property=\"og:image\" content=\"http:\/\/omega-bakery.com\/sk\/wp-content\/uploads\/2021\/04\/LP-Group-Thor.png\" \/>\n\t<meta property=\"og:image:width\" content=\"533\" \/>\n\t<meta property=\"og:image:height\" content=\"700\" \/>\n<meta name=\"twitter:card\" content=\"summary_large_image\" \/>\n<script type=\"application\/ld+json\" class=\"yoast-schema-graph\">{\"@context\":\"https:\/\/schema.org\",\"@graph\":[{\"@type\":\"WebSite\",\"@id\":\"https:\/\/omega-bakery.com\/sk\/#website\",\"url\":\"https:\/\/omega-bakery.com\/sk\/\",\"name\":\"Omega Bakery\",\"description\":\"Dodavatel stroj\\u016f a za\\u0159\\u00edzen\\u00ed pro pek\\u00e1rny\",\"potentialAction\":[{\"@type\":\"SearchAction\",\"target\":{\"@type\":\"EntryPoint\",\"urlTemplate\":\"https:\/\/omega-bakery.com\/sk\/?s={search_term_string}\"},\"query-input\":\"required name=search_term_string\"}],\"inLanguage\":\"sk-SK\"},{\"@type\":\"ImageObject\",\"@id\":\"https:\/\/omega-bakery.com\/sk\/produkt\/lp-group-thor\/#primaryimage\",\"inLanguage\":\"sk-SK\",\"url\":\"https:\/\/omega-bakery.com\/sk\/wp-content\/uploads\/2021\/04\/LP-Group-Thor.png\",\"contentUrl\":\"https:\/\/omega-bakery.com\/sk\/wp-content\/uploads\/2021\/04\/LP-Group-Thor.png\",\"width\":533,\"height\":700},{\"@type\":\"WebPage\",\"@id\":\"https:\/\/omega-bakery.com\/sk\/produkt\/lp-group-thor\/#webpage\",\"url\":\"https:\/\/omega-bakery.com\/sk\/produkt\/lp-group-thor\/\",\"name\":\"LP Group Thor - Omega Bakery\",\"isPartOf\":{\"@id\":\"https:\/\/omega-bakery.com\/sk\/#website\"},\"primaryImageOfPage\":{\"@id\":\"https:\/\/omega-bakery.com\/sk\/produkt\/lp-group-thor\/#primaryimage\"},\"datePublished\":\"2021-04-23T14:09:19+00:00\",\"dateModified\":\"2023-11-15T09:32:25+00:00\",\"breadcrumb\":{\"@id\":\"https:\/\/omega-bakery.com\/sk\/produkt\/lp-group-thor\/#breadcrumb\"},\"inLanguage\":\"sk-SK\",\"potentialAction\":[{\"@type\":\"ReadAction\",\"target\":[\"https:\/\/omega-bakery.com\/sk\/produkt\/lp-group-thor\/\"]}]},{\"@type\":\"BreadcrumbList\",\"@id\":\"https:\/\/omega-bakery.com\/sk\/produkt\/lp-group-thor\/#breadcrumb\",\"itemListElement\":[{\"@type\":\"ListItem\",\"position\":1,\"name\":\"Dom\\u016f\",\"item\":\"https:\/\/omega-bakery.com\/sk\/\"},{\"@type\":\"ListItem\",\"position\":2,\"name\":\"Stroje a zariadenia\",\"item\":\"https:\/\/omega-bakery.com\/sk\/stroje-a-zariadenia\/\"},{\"@type\":\"ListItem\",\"position\":3,\"name\":\"\\u0160\\u013eaha\\u010de, hneta\\u010de\",\"item\":\"https:\/\/omega-bakery.com\/sk\/stroje-a-zarizeni\/slahace-hnetace\/\"},{\"@type\":\"ListItem\",\"position\":4,\"name\":\"Hneta\\u010de s v\\u00fdjazdnou die\\u017eou a prekl\\u00e1pa\\u010de\",\"item\":\"https:\/\/omega-bakery.com\/sk\/stroje-a-zarizeni\/slahace-hnetace\/hnetace-s-vyjazdnou-diezou-a-preklapece\/\"},{\"@type\":\"ListItem\",\"position\":5,\"name\":\"LP Group Thor\"}]}]}<\/script>\n<!-- \/ Yoast SEO plugin. -->","yoast_head_json":{"title":"LP Group Thor - Omega Bakery","robots":{"index":"index","follow":"follow","max-snippet":"max-snippet:-1","max-image-preview":"max-image-preview:large","max-video-preview":"max-video-preview:-1"},"canonical":"https:\/\/omega-bakery.com\/sk\/produkt\/lp-group-thor\/","og_locale":"sk_SK","og_type":"article","og_title":"LP Group Thor - Omega Bakery","og_description":"Hlavn\u00e9 znaky   hydraulick\u00fd prekl\u00e1pa\u010d vhodn\u00fd na die\u017ee hneta\u010dov LUX alebo LUX-R v\u0161etk\u00fdch ve\u013ekost\u00ed  prekl\u00e1panie dozadu  r\u00f4zne prekl\u00e1pacie v\u00fd\u0161ky  robustn\u00e9 prevedenie z lakovanej ocele  nerezov\u00e9 anti-vibra\u010dn\u00e9 nohy na vyrovnanie do vodorovnej polohy    Technick\u00e9 \u00fadaje: vi\u010f let\u00e1k  &nbsp; Viac inform\u00e1ci\u00ed o tomto prekl\u00e1pa\u010di n\u00e1jdete v prilo\u017eenom let\u00e1ku TU &nbsp;  Video k zhliadnutiu [...]Read More...","og_url":"https:\/\/omega-bakery.com\/sk\/produkt\/lp-group-thor\/","og_site_name":"Omega Bakery","article_modified_time":"2023-11-15T09:32:25+00:00","og_image":[{"width":533,"height":700,"url":"http:\/\/omega-bakery.com\/sk\/wp-content\/uploads\/2021\/04\/LP-Group-Thor.png","path":"\/data\/web\/virtuals\/278194\/virtual\/www\/domains\/omega-bakery.com\/sk\/wp-content\/uploads\/2021\/04\/LP-Group-Thor.png","size":"full","id":598,"alt":"","pixels":373100,"type":"image\/png"}],"twitter_card":"summary_large_image","schema":{"@context":"https:\/\/schema.org","@graph":[{"@type":"WebSite","@id":"https:\/\/omega-bakery.com\/sk\/#website","url":"https:\/\/omega-bakery.com\/sk\/","name":"Omega Bakery","description":"Dodavatel stroj\u016f a za\u0159\u00edzen\u00ed pro pek\u00e1rny","potentialAction":[{"@type":"SearchAction","target":{"@type":"EntryPoint","urlTemplate":"https:\/\/omega-bakery.com\/sk\/?s={search_term_string}"},"query-input":"required name=search_term_string"}],"inLanguage":"sk-SK"},{"@type":"ImageObject","@id":"https:\/\/omega-bakery.com\/sk\/produkt\/lp-group-thor\/#primaryimage","inLanguage":"sk-SK","url":"https:\/\/omega-bakery.com\/sk\/wp-content\/uploads\/2021\/04\/LP-Group-Thor.png","contentUrl":"https:\/\/omega-bakery.com\/sk\/wp-content\/uploads\/2021\/04\/LP-Group-Thor.png","width":533,"height":700},{"@type":"WebPage","@id":"https:\/\/omega-bakery.com\/sk\/produkt\/lp-group-thor\/#webpage","url":"https:\/\/omega-bakery.com\/sk\/produkt\/lp-group-thor\/","name":"LP Group Thor - Omega Bakery","isPartOf":{"@id":"https:\/\/omega-bakery.com\/sk\/#website"},"primaryImageOfPage":{"@id":"https:\/\/omega-bakery.com\/sk\/produkt\/lp-group-thor\/#primaryimage"},"datePublished":"2021-04-23T14:09:19+00:00","dateModified":"2023-11-15T09:32:25+00:00","breadcrumb":{"@id":"https:\/\/omega-bakery.com\/sk\/produkt\/lp-group-thor\/#breadcrumb"},"inLanguage":"sk-SK","potentialAction":[{"@type":"ReadAction","target":["https:\/\/omega-bakery.com\/sk\/produkt\/lp-group-thor\/"]}]},{"@type":"BreadcrumbList","@id":"https:\/\/omega-bakery.com\/sk\/produkt\/lp-group-thor\/#breadcrumb","itemListElement":[{"@type":"ListItem","position":1,"name":"Dom\u016f","item":"https:\/\/omega-bakery.com\/sk\/"},{"@type":"ListItem","position":2,"name":"Stroje a zariadenia","item":"https:\/\/omega-bakery.com\/sk\/stroje-a-zariadenia\/"},{"@type":"ListItem","position":3,"name":"\u0160\u013eaha\u010de, hneta\u010de","item":"https:\/\/omega-bakery.com\/sk\/stroje-a-zarizeni\/slahace-hnetace\/"},{"@type":"ListItem","position":4,"name":"Hneta\u010de s v\u00fdjazdnou die\u017eou a prekl\u00e1pa\u010de","item":"https:\/\/omega-bakery.com\/sk\/stroje-a-zarizeni\/slahace-hnetace\/hnetace-s-vyjazdnou-diezou-a-preklapece\/"},{"@type":"ListItem","position":5,"name":"LP Group Thor"}]}]}},"_links":{"self":[{"href":"https:\/\/omega-bakery.com\/sk\/wp-json\/wp\/v2\/product\/283"}],"collection":[{"href":"https:\/\/omega-bakery.com\/sk\/wp-json\/wp\/v2\/product"}],"about":[{"href":"https:\/\/omega-bakery.com\/sk\/wp-json\/wp\/v2\/types\/product"}],"wp:featuredmedia":[{"embeddable":true,"href":"https:\/\/omega-bakery.com\/sk\/wp-json\/wp\/v2\/media\/598"}],"wp:attachment":[{"href":"https:\/\/omega-bakery.com\/sk\/wp-json\/wp\/v2\/media?parent=283"}],"curies":[{"name":"wp","href":"https:\/\/api.w.org\/{rel}","templated":true}]}}