{"id":284,"date":"2021-04-23T16:12:40","date_gmt":"2021-04-23T14:12:40","guid":{"rendered":"http:\/\/omega-bakery.com\/sk\/?post_type=product&#038;p=284"},"modified":"2024-01-22T13:55:51","modified_gmt":"2024-01-22T11:55:51","slug":"konig-combiline-univerzalna-pecivova-linka","status":"publish","type":"product","link":"https:\/\/omega-bakery.com\/sk\/produkt\/konig-combiline-univerzalna-pecivova-linka\/","title":{"rendered":"K\u00f6nig Combiline &#8211; univerz\u00e1lna pe\u010divov\u00e1 linka"},"content":{"rendered":"","protected":false},"excerpt":{"rendered":"<p>Linka COMBILINE bola vyvinut\u00e1 \u0161peci\u00e1lne pre \u010desk\u00fd a slovensk\u00fd trh na v\u00fdrobu drobn\u00e9ho pe\u010diva s minim\u00e1lnymi n\u00e1rokmi na po\u010det pracovn\u00edkov obsluhy. Z\u00e1kladom s\u00fa osved\u010den\u00e9 deli\u010dky K\u00f6nig REX s nadv\u00e4zuj\u00facou predkys\u00e1r\u0148ou, tvarovacou stanicou a automatick\u00fdm osadzovan\u00edm v\u00fdrobkov na plechy. Mo\u017enos\u0165 doplnenia linky \u010fal\u0161\u00edm pr\u00edslu\u0161enstvom, ako napr. posypovou stanicou ai.<\/p>\n<p><b>Maxim\u00e1lna kapacita stroja: \u00a0 <\/b>3 600 &#8211; 9 000 ks \/ hod<\/p>\n<div>\n<div><b>Ostatn\u00e1 \u0161pecifik\u00e1cia: <\/b>pod\u013ea pou\u017eit\u00fdch strojov (vi\u010f. let\u00e1k v pr\u00edlohe)<\/div>\n<p>&nbsp;<\/p>\n<div>\n<p>Viac inform\u00e1ci\u00ed o tejto linke n\u00e1jdete v prilo\u017eenom let\u00e1ku <a href=\"http:\/\/omega-bakery.com\/sk\/wp-content\/uploads\/2021\/04\/Konig-Combiline-0823.pdf\" target=\"_blank\" rel=\"noopener\">TU<\/a><\/p>\n<\/div>\n<\/div>\n<div>\n<p><a href=\"https:\/\/www.youtube.com\/watch?v=wxjcfV3NrDk\" target=\"_blank\" rel=\"noopener\">Video k zhliadnutiu<\/a><\/p>\n<\/div>\n<p> [&#8230;]<\/p>\n<p><a class=\"btn btn-secondary understrap-read-more-link\" href=\"https:\/\/omega-bakery.com\/sk\/produkt\/konig-combiline-univerzalna-pecivova-linka\/\">Read More&#8230;<\/a><\/p>\n","protected":false},"featured_media":648,"template":"","meta":[],"yoast_head":"<!-- This site is optimized with the Yoast SEO plugin v17.1 - https:\/\/yoast.com\/wordpress\/plugins\/seo\/ -->\n<title>K\u00f6nig Combiline - univerz\u00e1lna pe\u010divov\u00e1 linka - Omega Bakery<\/title>\n<meta name=\"robots\" content=\"index, follow, max-snippet:-1, max-image-preview:large, max-video-preview:-1\" \/>\n<link rel=\"canonical\" href=\"https:\/\/omega-bakery.com\/sk\/produkt\/konig-combiline-univerzalna-pecivova-linka\/\" \/>\n<meta property=\"og:locale\" content=\"sk_SK\" \/>\n<meta property=\"og:type\" content=\"article\" \/>\n<meta property=\"og:title\" content=\"K\u00f6nig Combiline - univerz\u00e1lna pe\u010divov\u00e1 linka - Omega Bakery\" \/>\n<meta property=\"og:description\" content=\"Linka COMBILINE bola vyvinut\u00e1 \u0161peci\u00e1lne pre \u010desk\u00fd a slovensk\u00fd trh na v\u00fdrobu drobn\u00e9ho pe\u010diva s minim\u00e1lnymi n\u00e1rokmi na po\u010det pracovn\u00edkov obsluhy. Z\u00e1kladom s\u00fa osved\u010den\u00e9 deli\u010dky K\u00f6nig REX s nadv\u00e4zuj\u00facou predkys\u00e1r\u0148ou, tvarovacou stanicou a automatick\u00fdm osadzovan\u00edm v\u00fdrobkov na plechy. Mo\u017enos\u0165 doplnenia linky \u010fal\u0161\u00edm pr\u00edslu\u0161enstvom, ako napr. posypovou stanicou ai.  Maxim\u00e1lna kapacita stroja: \u00a0 3 600 - 9 000 ks \/ hod  Ostatn\u00e1 \u0161pecifik\u00e1cia: pod\u013ea pou\u017eit\u00fdch strojov (vi\u010f. let\u00e1k v pr\u00edlohe) &nbsp;   Viac inform\u00e1ci\u00ed o tejto linke n\u00e1jdete v prilo\u017eenom let\u00e1ku TU      Video k zhliadnutiu   [...]Read More...\" \/>\n<meta property=\"og:url\" content=\"https:\/\/omega-bakery.com\/sk\/produkt\/konig-combiline-univerzalna-pecivova-linka\/\" \/>\n<meta property=\"og:site_name\" content=\"Omega Bakery\" \/>\n<meta property=\"article:modified_time\" content=\"2024-01-22T11:55:51+00:00\" \/>\n<meta property=\"og:image\" content=\"http:\/\/omega-bakery.com\/sk\/wp-content\/uploads\/2021\/04\/Ko\u0308nig-Combiline.png\" \/>\n\t<meta property=\"og:image:width\" content=\"533\" \/>\n\t<meta property=\"og:image:height\" content=\"700\" \/>\n<meta name=\"twitter:card\" content=\"summary_large_image\" \/>\n<script type=\"application\/ld+json\" class=\"yoast-schema-graph\">{\"@context\":\"https:\/\/schema.org\",\"@graph\":[{\"@type\":\"WebSite\",\"@id\":\"https:\/\/omega-bakery.com\/sk\/#website\",\"url\":\"https:\/\/omega-bakery.com\/sk\/\",\"name\":\"Omega Bakery\",\"description\":\"Dodavatel stroj\\u016f a za\\u0159\\u00edzen\\u00ed pro pek\\u00e1rny\",\"potentialAction\":[{\"@type\":\"SearchAction\",\"target\":{\"@type\":\"EntryPoint\",\"urlTemplate\":\"https:\/\/omega-bakery.com\/sk\/?s={search_term_string}\"},\"query-input\":\"required name=search_term_string\"}],\"inLanguage\":\"sk-SK\"},{\"@type\":\"ImageObject\",\"@id\":\"https:\/\/omega-bakery.com\/sk\/produkt\/konig-combiline-univerzalna-pecivova-linka\/#primaryimage\",\"inLanguage\":\"sk-SK\",\"url\":\"https:\/\/omega-bakery.com\/sk\/wp-content\/uploads\/2021\/04\/Ko\\u0308nig-Combiline.png\",\"contentUrl\":\"https:\/\/omega-bakery.com\/sk\/wp-content\/uploads\/2021\/04\/Ko\\u0308nig-Combiline.png\",\"width\":533,\"height\":700},{\"@type\":\"WebPage\",\"@id\":\"https:\/\/omega-bakery.com\/sk\/produkt\/konig-combiline-univerzalna-pecivova-linka\/#webpage\",\"url\":\"https:\/\/omega-bakery.com\/sk\/produkt\/konig-combiline-univerzalna-pecivova-linka\/\",\"name\":\"K\\u00f6nig Combiline - univerz\\u00e1lna pe\\u010divov\\u00e1 linka - Omega Bakery\",\"isPartOf\":{\"@id\":\"https:\/\/omega-bakery.com\/sk\/#website\"},\"primaryImageOfPage\":{\"@id\":\"https:\/\/omega-bakery.com\/sk\/produkt\/konig-combiline-univerzalna-pecivova-linka\/#primaryimage\"},\"datePublished\":\"2021-04-23T14:12:40+00:00\",\"dateModified\":\"2024-01-22T11:55:51+00:00\",\"breadcrumb\":{\"@id\":\"https:\/\/omega-bakery.com\/sk\/produkt\/konig-combiline-univerzalna-pecivova-linka\/#breadcrumb\"},\"inLanguage\":\"sk-SK\",\"potentialAction\":[{\"@type\":\"ReadAction\",\"target\":[\"https:\/\/omega-bakery.com\/sk\/produkt\/konig-combiline-univerzalna-pecivova-linka\/\"]}]},{\"@type\":\"BreadcrumbList\",\"@id\":\"https:\/\/omega-bakery.com\/sk\/produkt\/konig-combiline-univerzalna-pecivova-linka\/#breadcrumb\",\"itemListElement\":[{\"@type\":\"ListItem\",\"position\":1,\"name\":\"Dom\\u016f\",\"item\":\"https:\/\/omega-bakery.com\/sk\/\"},{\"@type\":\"ListItem\",\"position\":2,\"name\":\"Stroje a zariadenia\",\"item\":\"https:\/\/omega-bakery.com\/sk\/stroje-a-zariadenia\/\"},{\"@type\":\"ListItem\",\"position\":3,\"name\":\"Stroje a linky na spracovanie cesta\",\"item\":\"https:\/\/omega-bakery.com\/sk\/stroje-a-zarizeni\/stroje-a-linky-na-spracovanie-cesta\/\"},{\"@type\":\"ListItem\",\"position\":4,\"name\":\"V\\u00fdrobn\\u00e9 linky\",\"item\":\"https:\/\/omega-bakery.com\/sk\/stroje-a-zarizeni\/stroje-a-linky-na-spracovanie-cesta\/vyrobnr-linky\/\"},{\"@type\":\"ListItem\",\"position\":5,\"name\":\"K\\u00f6nig Combiline &#8211; univerz\\u00e1lna pe\\u010divov\\u00e1 linka\"}]}]}<\/script>\n<!-- \/ Yoast SEO plugin. -->","yoast_head_json":{"title":"K\u00f6nig Combiline - univerz\u00e1lna pe\u010divov\u00e1 linka - Omega Bakery","robots":{"index":"index","follow":"follow","max-snippet":"max-snippet:-1","max-image-preview":"max-image-preview:large","max-video-preview":"max-video-preview:-1"},"canonical":"https:\/\/omega-bakery.com\/sk\/produkt\/konig-combiline-univerzalna-pecivova-linka\/","og_locale":"sk_SK","og_type":"article","og_title":"K\u00f6nig Combiline - univerz\u00e1lna pe\u010divov\u00e1 linka - Omega Bakery","og_description":"Linka COMBILINE bola vyvinut\u00e1 \u0161peci\u00e1lne pre \u010desk\u00fd a slovensk\u00fd trh na v\u00fdrobu drobn\u00e9ho pe\u010diva s minim\u00e1lnymi n\u00e1rokmi na po\u010det pracovn\u00edkov obsluhy. Z\u00e1kladom s\u00fa osved\u010den\u00e9 deli\u010dky K\u00f6nig REX s nadv\u00e4zuj\u00facou predkys\u00e1r\u0148ou, tvarovacou stanicou a automatick\u00fdm osadzovan\u00edm v\u00fdrobkov na plechy. Mo\u017enos\u0165 doplnenia linky \u010fal\u0161\u00edm pr\u00edslu\u0161enstvom, ako napr. posypovou stanicou ai.  Maxim\u00e1lna kapacita stroja: \u00a0 3 600 - 9 000 ks \/ hod  Ostatn\u00e1 \u0161pecifik\u00e1cia: pod\u013ea pou\u017eit\u00fdch strojov (vi\u010f. let\u00e1k v pr\u00edlohe) &nbsp;   Viac inform\u00e1ci\u00ed o tejto linke n\u00e1jdete v prilo\u017eenom let\u00e1ku TU      Video k zhliadnutiu   [...]Read More...","og_url":"https:\/\/omega-bakery.com\/sk\/produkt\/konig-combiline-univerzalna-pecivova-linka\/","og_site_name":"Omega Bakery","article_modified_time":"2024-01-22T11:55:51+00:00","og_image":[{"width":533,"height":700,"url":"http:\/\/omega-bakery.com\/sk\/wp-content\/uploads\/2021\/04\/Ko\u0308nig-Combiline.png","path":"\/data\/web\/virtuals\/278194\/virtual\/www\/domains\/omega-bakery.com\/sk\/wp-content\/uploads\/2021\/04\/Ko\u0308nig-Combiline.png","size":"full","id":648,"alt":"","pixels":373100,"type":"image\/png"}],"twitter_card":"summary_large_image","schema":{"@context":"https:\/\/schema.org","@graph":[{"@type":"WebSite","@id":"https:\/\/omega-bakery.com\/sk\/#website","url":"https:\/\/omega-bakery.com\/sk\/","name":"Omega Bakery","description":"Dodavatel stroj\u016f a za\u0159\u00edzen\u00ed pro pek\u00e1rny","potentialAction":[{"@type":"SearchAction","target":{"@type":"EntryPoint","urlTemplate":"https:\/\/omega-bakery.com\/sk\/?s={search_term_string}"},"query-input":"required name=search_term_string"}],"inLanguage":"sk-SK"},{"@type":"ImageObject","@id":"https:\/\/omega-bakery.com\/sk\/produkt\/konig-combiline-univerzalna-pecivova-linka\/#primaryimage","inLanguage":"sk-SK","url":"https:\/\/omega-bakery.com\/sk\/wp-content\/uploads\/2021\/04\/Ko\u0308nig-Combiline.png","contentUrl":"https:\/\/omega-bakery.com\/sk\/wp-content\/uploads\/2021\/04\/Ko\u0308nig-Combiline.png","width":533,"height":700},{"@type":"WebPage","@id":"https:\/\/omega-bakery.com\/sk\/produkt\/konig-combiline-univerzalna-pecivova-linka\/#webpage","url":"https:\/\/omega-bakery.com\/sk\/produkt\/konig-combiline-univerzalna-pecivova-linka\/","name":"K\u00f6nig Combiline - univerz\u00e1lna pe\u010divov\u00e1 linka - Omega Bakery","isPartOf":{"@id":"https:\/\/omega-bakery.com\/sk\/#website"},"primaryImageOfPage":{"@id":"https:\/\/omega-bakery.com\/sk\/produkt\/konig-combiline-univerzalna-pecivova-linka\/#primaryimage"},"datePublished":"2021-04-23T14:12:40+00:00","dateModified":"2024-01-22T11:55:51+00:00","breadcrumb":{"@id":"https:\/\/omega-bakery.com\/sk\/produkt\/konig-combiline-univerzalna-pecivova-linka\/#breadcrumb"},"inLanguage":"sk-SK","potentialAction":[{"@type":"ReadAction","target":["https:\/\/omega-bakery.com\/sk\/produkt\/konig-combiline-univerzalna-pecivova-linka\/"]}]},{"@type":"BreadcrumbList","@id":"https:\/\/omega-bakery.com\/sk\/produkt\/konig-combiline-univerzalna-pecivova-linka\/#breadcrumb","itemListElement":[{"@type":"ListItem","position":1,"name":"Dom\u016f","item":"https:\/\/omega-bakery.com\/sk\/"},{"@type":"ListItem","position":2,"name":"Stroje a zariadenia","item":"https:\/\/omega-bakery.com\/sk\/stroje-a-zariadenia\/"},{"@type":"ListItem","position":3,"name":"Stroje a linky na spracovanie cesta","item":"https:\/\/omega-bakery.com\/sk\/stroje-a-zarizeni\/stroje-a-linky-na-spracovanie-cesta\/"},{"@type":"ListItem","position":4,"name":"V\u00fdrobn\u00e9 linky","item":"https:\/\/omega-bakery.com\/sk\/stroje-a-zarizeni\/stroje-a-linky-na-spracovanie-cesta\/vyrobnr-linky\/"},{"@type":"ListItem","position":5,"name":"K\u00f6nig Combiline &#8211; univerz\u00e1lna pe\u010divov\u00e1 linka"}]}]}},"_links":{"self":[{"href":"https:\/\/omega-bakery.com\/sk\/wp-json\/wp\/v2\/product\/284"}],"collection":[{"href":"https:\/\/omega-bakery.com\/sk\/wp-json\/wp\/v2\/product"}],"about":[{"href":"https:\/\/omega-bakery.com\/sk\/wp-json\/wp\/v2\/types\/product"}],"wp:featuredmedia":[{"embeddable":true,"href":"https:\/\/omega-bakery.com\/sk\/wp-json\/wp\/v2\/media\/648"}],"wp:attachment":[{"href":"https:\/\/omega-bakery.com\/sk\/wp-json\/wp\/v2\/media?parent=284"}],"curies":[{"name":"wp","href":"https:\/\/api.w.org\/{rel}","templated":true}]}}