{"id":286,"date":"2021-04-23T16:13:10","date_gmt":"2021-04-23T14:13:10","guid":{"rendered":"http:\/\/omega-bakery.com\/sk\/?post_type=product&#038;p=286"},"modified":"2024-10-10T14:37:34","modified_gmt":"2024-10-10T12:37:34","slug":"linka-omega-na-drobne-pecivo","status":"publish","type":"product","link":"https:\/\/omega-bakery.com\/sk\/produkt\/linka-omega-na-drobne-pecivo\/","title":{"rendered":"Linka Omega na drobn\u00e9 pe\u010divo"},"content":{"rendered":"","protected":false},"excerpt":{"rendered":"<div>Jednoduch\u00e1 pe\u010divov\u00e1 linka Omega.<\/div>\n<div>Je to kombin\u00e1cia deli\u010diek cesta K\u00f6nig dvoj alebo \u0161tvorriadkov\u00fdch s predkysiar\u0148ou a tvarovac\u00edmi strojmi. Umo\u017e\u0148uje vyr\u00e1ba\u0165 pri obsluhe 2 alebo 3 pracovn\u00edkov a\u017e 6000 ks v\u00fdrobkov za hodinu.<\/div>\n<p><strong>Hlavn\u00e9 znaky<\/strong><\/p>\n<ul>\n<li>spo\u013eahliv\u00e1 deli\u010dka K\u00f6nig<\/li>\n<li>nerezov\u00e1 predkysiare\u0148<\/li>\n<li>doba predkysnutia cca 6 &#8211; 8 min<\/li>\n<li>n\u00e1v\u00e4znos\u0165 na tvarovacie stroje<\/li>\n<li>jednoduch\u00e1 obsluha a \u010distenie<\/li>\n<\/ul>\n<div>\n<div><b>Maxim\u00e1lna kapacita: \u00a0 <\/b>a\u017e 6.000\u00a0ks \/ hod<\/div>\n<div><strong>Rozsah hmotnosti klonkov:<\/strong> pod\u013ea deli\u010dky<\/div>\n<p>&nbsp;<\/p>\n<div>\n<p>Viac inform\u00e1ci\u00ed o tejto linke n\u00e1jdete v prilo\u017eenom let\u00e1ku <a href=\"http:\/\/omega-bakery.com\/sk\/wp-content\/uploads\/2021\/04\/Linka-Omega-na-vyrobu-housek-a-rohliku-0823.pdf\" target=\"_blank\" rel=\"noopener\">TU<\/a><\/p>\n<\/div>\n<\/div>\n<p> [&#8230;]<\/p>\n<p><a class=\"btn btn-secondary understrap-read-more-link\" href=\"https:\/\/omega-bakery.com\/sk\/produkt\/linka-omega-na-drobne-pecivo\/\">Read More&#8230;<\/a><\/p>\n","protected":false},"featured_media":644,"template":"","meta":[],"yoast_head":"<!-- This site is optimized with the Yoast SEO plugin v17.1 - https:\/\/yoast.com\/wordpress\/plugins\/seo\/ -->\n<title>Linka Omega na drobn\u00e9 pe\u010divo - Omega Bakery<\/title>\n<meta name=\"robots\" content=\"index, follow, max-snippet:-1, max-image-preview:large, max-video-preview:-1\" \/>\n<link rel=\"canonical\" href=\"https:\/\/omega-bakery.com\/sk\/produkt\/linka-omega-na-drobne-pecivo\/\" \/>\n<meta property=\"og:locale\" content=\"sk_SK\" \/>\n<meta property=\"og:type\" content=\"article\" \/>\n<meta property=\"og:title\" content=\"Linka Omega na drobn\u00e9 pe\u010divo - Omega Bakery\" \/>\n<meta property=\"og:description\" content=\"Jednoduch\u00e1 pe\u010divov\u00e1 linka Omega. Je to kombin\u00e1cia deli\u010diek cesta K\u00f6nig dvoj alebo \u0161tvorriadkov\u00fdch s predkysiar\u0148ou a tvarovac\u00edmi strojmi. Umo\u017e\u0148uje vyr\u00e1ba\u0165 pri obsluhe 2 alebo 3 pracovn\u00edkov a\u017e 6000 ks v\u00fdrobkov za hodinu. Hlavn\u00e9 znaky   spo\u013eahliv\u00e1 deli\u010dka K\u00f6nig  nerezov\u00e1 predkysiare\u0148  doba predkysnutia cca 6 - 8 min  n\u00e1v\u00e4znos\u0165 na tvarovacie stroje  jednoduch\u00e1 obsluha a \u010distenie   Maxim\u00e1lna kapacita: \u00a0 a\u017e 6.000\u00a0ks \/ hod Rozsah hmotnosti klonkov: pod\u013ea deli\u010dky &nbsp;   Viac inform\u00e1ci\u00ed o tejto linke n\u00e1jdete v prilo\u017eenom let\u00e1ku TU    [...]Read More...\" \/>\n<meta property=\"og:url\" content=\"https:\/\/omega-bakery.com\/sk\/produkt\/linka-omega-na-drobne-pecivo\/\" \/>\n<meta property=\"og:site_name\" content=\"Omega Bakery\" \/>\n<meta property=\"article:modified_time\" content=\"2024-10-10T12:37:34+00:00\" \/>\n<meta property=\"og:image\" content=\"http:\/\/omega-bakery.com\/sk\/wp-content\/uploads\/2021\/04\/Linka-Omega.png\" \/>\n\t<meta property=\"og:image:width\" content=\"533\" \/>\n\t<meta property=\"og:image:height\" content=\"700\" \/>\n<meta name=\"twitter:card\" content=\"summary_large_image\" \/>\n<script type=\"application\/ld+json\" class=\"yoast-schema-graph\">{\"@context\":\"https:\/\/schema.org\",\"@graph\":[{\"@type\":\"WebSite\",\"@id\":\"https:\/\/omega-bakery.com\/sk\/#website\",\"url\":\"https:\/\/omega-bakery.com\/sk\/\",\"name\":\"Omega Bakery\",\"description\":\"Dodavatel stroj\\u016f a za\\u0159\\u00edzen\\u00ed pro pek\\u00e1rny\",\"potentialAction\":[{\"@type\":\"SearchAction\",\"target\":{\"@type\":\"EntryPoint\",\"urlTemplate\":\"https:\/\/omega-bakery.com\/sk\/?s={search_term_string}\"},\"query-input\":\"required name=search_term_string\"}],\"inLanguage\":\"sk-SK\"},{\"@type\":\"ImageObject\",\"@id\":\"https:\/\/omega-bakery.com\/sk\/produkt\/linka-omega-na-drobne-pecivo\/#primaryimage\",\"inLanguage\":\"sk-SK\",\"url\":\"https:\/\/omega-bakery.com\/sk\/wp-content\/uploads\/2021\/04\/Linka-Omega.png\",\"contentUrl\":\"https:\/\/omega-bakery.com\/sk\/wp-content\/uploads\/2021\/04\/Linka-Omega.png\",\"width\":533,\"height\":700},{\"@type\":\"WebPage\",\"@id\":\"https:\/\/omega-bakery.com\/sk\/produkt\/linka-omega-na-drobne-pecivo\/#webpage\",\"url\":\"https:\/\/omega-bakery.com\/sk\/produkt\/linka-omega-na-drobne-pecivo\/\",\"name\":\"Linka Omega na drobn\\u00e9 pe\\u010divo - Omega Bakery\",\"isPartOf\":{\"@id\":\"https:\/\/omega-bakery.com\/sk\/#website\"},\"primaryImageOfPage\":{\"@id\":\"https:\/\/omega-bakery.com\/sk\/produkt\/linka-omega-na-drobne-pecivo\/#primaryimage\"},\"datePublished\":\"2021-04-23T14:13:10+00:00\",\"dateModified\":\"2024-10-10T12:37:34+00:00\",\"breadcrumb\":{\"@id\":\"https:\/\/omega-bakery.com\/sk\/produkt\/linka-omega-na-drobne-pecivo\/#breadcrumb\"},\"inLanguage\":\"sk-SK\",\"potentialAction\":[{\"@type\":\"ReadAction\",\"target\":[\"https:\/\/omega-bakery.com\/sk\/produkt\/linka-omega-na-drobne-pecivo\/\"]}]},{\"@type\":\"BreadcrumbList\",\"@id\":\"https:\/\/omega-bakery.com\/sk\/produkt\/linka-omega-na-drobne-pecivo\/#breadcrumb\",\"itemListElement\":[{\"@type\":\"ListItem\",\"position\":1,\"name\":\"Dom\\u016f\",\"item\":\"https:\/\/omega-bakery.com\/sk\/\"},{\"@type\":\"ListItem\",\"position\":2,\"name\":\"Stroje a zariadenia\",\"item\":\"https:\/\/omega-bakery.com\/sk\/stroje-a-zariadenia\/\"},{\"@type\":\"ListItem\",\"position\":3,\"name\":\"Stroje a linky na spracovanie cesta\",\"item\":\"https:\/\/omega-bakery.com\/sk\/stroje-a-zarizeni\/stroje-a-linky-na-spracovanie-cesta\/\"},{\"@type\":\"ListItem\",\"position\":4,\"name\":\"V\\u00fdrobn\\u00e9 linky\",\"item\":\"https:\/\/omega-bakery.com\/sk\/stroje-a-zarizeni\/stroje-a-linky-na-spracovanie-cesta\/vyrobnr-linky\/\"},{\"@type\":\"ListItem\",\"position\":5,\"name\":\"Linka Omega na drobn\\u00e9 pe\\u010divo\"}]}]}<\/script>\n<!-- \/ Yoast SEO plugin. -->","yoast_head_json":{"title":"Linka Omega na drobn\u00e9 pe\u010divo - Omega Bakery","robots":{"index":"index","follow":"follow","max-snippet":"max-snippet:-1","max-image-preview":"max-image-preview:large","max-video-preview":"max-video-preview:-1"},"canonical":"https:\/\/omega-bakery.com\/sk\/produkt\/linka-omega-na-drobne-pecivo\/","og_locale":"sk_SK","og_type":"article","og_title":"Linka Omega na drobn\u00e9 pe\u010divo - Omega Bakery","og_description":"Jednoduch\u00e1 pe\u010divov\u00e1 linka Omega. Je to kombin\u00e1cia deli\u010diek cesta K\u00f6nig dvoj alebo \u0161tvorriadkov\u00fdch s predkysiar\u0148ou a tvarovac\u00edmi strojmi. Umo\u017e\u0148uje vyr\u00e1ba\u0165 pri obsluhe 2 alebo 3 pracovn\u00edkov a\u017e 6000 ks v\u00fdrobkov za hodinu. Hlavn\u00e9 znaky   spo\u013eahliv\u00e1 deli\u010dka K\u00f6nig  nerezov\u00e1 predkysiare\u0148  doba predkysnutia cca 6 - 8 min  n\u00e1v\u00e4znos\u0165 na tvarovacie stroje  jednoduch\u00e1 obsluha a \u010distenie   Maxim\u00e1lna kapacita: \u00a0 a\u017e 6.000\u00a0ks \/ hod Rozsah hmotnosti klonkov: pod\u013ea deli\u010dky &nbsp;   Viac inform\u00e1ci\u00ed o tejto linke n\u00e1jdete v prilo\u017eenom let\u00e1ku TU    [...]Read More...","og_url":"https:\/\/omega-bakery.com\/sk\/produkt\/linka-omega-na-drobne-pecivo\/","og_site_name":"Omega Bakery","article_modified_time":"2024-10-10T12:37:34+00:00","og_image":[{"width":533,"height":700,"url":"http:\/\/omega-bakery.com\/sk\/wp-content\/uploads\/2021\/04\/Linka-Omega.png","path":"\/data\/web\/virtuals\/278194\/virtual\/www\/domains\/omega-bakery.com\/sk\/wp-content\/uploads\/2021\/04\/Linka-Omega.png","size":"full","id":644,"alt":"","pixels":373100,"type":"image\/png"}],"twitter_card":"summary_large_image","schema":{"@context":"https:\/\/schema.org","@graph":[{"@type":"WebSite","@id":"https:\/\/omega-bakery.com\/sk\/#website","url":"https:\/\/omega-bakery.com\/sk\/","name":"Omega Bakery","description":"Dodavatel stroj\u016f a za\u0159\u00edzen\u00ed pro pek\u00e1rny","potentialAction":[{"@type":"SearchAction","target":{"@type":"EntryPoint","urlTemplate":"https:\/\/omega-bakery.com\/sk\/?s={search_term_string}"},"query-input":"required name=search_term_string"}],"inLanguage":"sk-SK"},{"@type":"ImageObject","@id":"https:\/\/omega-bakery.com\/sk\/produkt\/linka-omega-na-drobne-pecivo\/#primaryimage","inLanguage":"sk-SK","url":"https:\/\/omega-bakery.com\/sk\/wp-content\/uploads\/2021\/04\/Linka-Omega.png","contentUrl":"https:\/\/omega-bakery.com\/sk\/wp-content\/uploads\/2021\/04\/Linka-Omega.png","width":533,"height":700},{"@type":"WebPage","@id":"https:\/\/omega-bakery.com\/sk\/produkt\/linka-omega-na-drobne-pecivo\/#webpage","url":"https:\/\/omega-bakery.com\/sk\/produkt\/linka-omega-na-drobne-pecivo\/","name":"Linka Omega na drobn\u00e9 pe\u010divo - Omega Bakery","isPartOf":{"@id":"https:\/\/omega-bakery.com\/sk\/#website"},"primaryImageOfPage":{"@id":"https:\/\/omega-bakery.com\/sk\/produkt\/linka-omega-na-drobne-pecivo\/#primaryimage"},"datePublished":"2021-04-23T14:13:10+00:00","dateModified":"2024-10-10T12:37:34+00:00","breadcrumb":{"@id":"https:\/\/omega-bakery.com\/sk\/produkt\/linka-omega-na-drobne-pecivo\/#breadcrumb"},"inLanguage":"sk-SK","potentialAction":[{"@type":"ReadAction","target":["https:\/\/omega-bakery.com\/sk\/produkt\/linka-omega-na-drobne-pecivo\/"]}]},{"@type":"BreadcrumbList","@id":"https:\/\/omega-bakery.com\/sk\/produkt\/linka-omega-na-drobne-pecivo\/#breadcrumb","itemListElement":[{"@type":"ListItem","position":1,"name":"Dom\u016f","item":"https:\/\/omega-bakery.com\/sk\/"},{"@type":"ListItem","position":2,"name":"Stroje a zariadenia","item":"https:\/\/omega-bakery.com\/sk\/stroje-a-zariadenia\/"},{"@type":"ListItem","position":3,"name":"Stroje a linky na spracovanie cesta","item":"https:\/\/omega-bakery.com\/sk\/stroje-a-zarizeni\/stroje-a-linky-na-spracovanie-cesta\/"},{"@type":"ListItem","position":4,"name":"V\u00fdrobn\u00e9 linky","item":"https:\/\/omega-bakery.com\/sk\/stroje-a-zarizeni\/stroje-a-linky-na-spracovanie-cesta\/vyrobnr-linky\/"},{"@type":"ListItem","position":5,"name":"Linka Omega na drobn\u00e9 pe\u010divo"}]}]}},"_links":{"self":[{"href":"https:\/\/omega-bakery.com\/sk\/wp-json\/wp\/v2\/product\/286"}],"collection":[{"href":"https:\/\/omega-bakery.com\/sk\/wp-json\/wp\/v2\/product"}],"about":[{"href":"https:\/\/omega-bakery.com\/sk\/wp-json\/wp\/v2\/types\/product"}],"wp:featuredmedia":[{"embeddable":true,"href":"https:\/\/omega-bakery.com\/sk\/wp-json\/wp\/v2\/media\/644"}],"wp:attachment":[{"href":"https:\/\/omega-bakery.com\/sk\/wp-json\/wp\/v2\/media?parent=286"}],"curies":[{"name":"wp","href":"https:\/\/api.w.org\/{rel}","templated":true}]}}