{"id":288,"date":"2021-04-23T16:13:21","date_gmt":"2021-04-23T14:13:21","guid":{"rendered":"http:\/\/omega-bakery.com\/sk\/?post_type=product&#038;p=288"},"modified":"2024-01-22T13:49:43","modified_gmt":"2024-01-22T11:49:43","slug":"glimek-180-bagetova-a-chlebova-linka","status":"publish","type":"product","link":"https:\/\/omega-bakery.com\/sk\/produkt\/glimek-180-bagetova-a-chlebova-linka\/","title":{"rendered":"Glimek 180 &#8211; bagetov\u00e1 a chlebov\u00e1 linka\u00a0"},"content":{"rendered":"","protected":false},"excerpt":{"rendered":"<p><strong>Popis stroja:<\/strong><\/p>\n<p>Linka Glimek 180 je vyvinut\u00e1 a vyroben\u00e1 tak, aby bola u\u017e\u00edvate\u013esky pr\u00edvetiv\u00e1, efektivna a zvl\u00e1dala vysok\u00fa kapacitu v\u00fdroby. S rychlos\u0165ou a\u017e 1800 ks\/ hod. Linka spracov\u00e1va r\u00f4zne druhy ciest a ve\u013ekost\u00ed, vr\u00e1tane chlebov\u00e9ho. Ve\u013emi presne a \u0161etrne zach\u00e1dza s cestom, poskytuje vysoko kvalitn\u00e9 pek\u00e1rensk\u00e9 v\u00fdrobky. Linka je vyroben\u00e1 vo \u0160v\u00e9dsku. Jedn\u00e1 sa o v\u00e4\u010d\u0161iu, napriek tomu st\u00e1le kompaktn\u00fa linku, ktor\u00e1 \u0161etr\u00ed priestor a m\u00e1 cel\u00fa radu mo\u017enost\u00ed rozlo\u017eenia.<\/p>\n<div><strong>Kapacita: \u00a0\u00a0<\/strong>a\u017e 1800 ks \/ hod<\/div>\n<div><b>Ostatn\u00e1 \u0161pecifik\u00e1cia: <\/b>pod\u013ea pou\u017eit\u00fdch strojov (vi\u010f. let\u00e1k v pr\u00edlohe)<\/div>\n<p>&nbsp;<\/p>\n<div>\n<p>Viac inform\u00e1ci\u00ed o tejto linke n\u00e1jdete v prilo\u017eenom let\u00e1ku <a href=\"http:\/\/omega-bakery.com\/sk\/wp-content\/uploads\/2021\/04\/Glimek-180-bagetova-a-chlebova-linka-0823.pdf\" target=\"_blank\" rel=\"noopener\">TU<\/a><\/p>\n<\/div>\n<p> [&#8230;]<\/p>\n<p><a class=\"btn btn-secondary understrap-read-more-link\" href=\"https:\/\/omega-bakery.com\/sk\/produkt\/glimek-180-bagetova-a-chlebova-linka\/\">Read More&#8230;<\/a><\/p>\n","protected":false},"featured_media":642,"template":"","meta":[],"yoast_head":"<!-- This site is optimized with the Yoast SEO plugin v17.1 - https:\/\/yoast.com\/wordpress\/plugins\/seo\/ -->\n<title>Glimek 180 - bagetov\u00e1 a chlebov\u00e1 linka\u00a0 - Omega Bakery<\/title>\n<meta name=\"robots\" content=\"index, follow, max-snippet:-1, max-image-preview:large, max-video-preview:-1\" \/>\n<link rel=\"canonical\" href=\"https:\/\/omega-bakery.com\/sk\/produkt\/glimek-180-bagetova-a-chlebova-linka\/\" \/>\n<meta property=\"og:locale\" content=\"sk_SK\" \/>\n<meta property=\"og:type\" content=\"article\" \/>\n<meta property=\"og:title\" content=\"Glimek 180 - bagetov\u00e1 a chlebov\u00e1 linka\u00a0 - Omega Bakery\" \/>\n<meta property=\"og:description\" content=\"Popis stroja:  Linka Glimek 180 je vyvinut\u00e1 a vyroben\u00e1 tak, aby bola u\u017e\u00edvate\u013esky pr\u00edvetiv\u00e1, efektivna a zvl\u00e1dala vysok\u00fa kapacitu v\u00fdroby. S rychlos\u0165ou a\u017e 1800 ks\/ hod. Linka spracov\u00e1va r\u00f4zne druhy ciest a ve\u013ekost\u00ed, vr\u00e1tane chlebov\u00e9ho. Ve\u013emi presne a \u0161etrne zach\u00e1dza s cestom, poskytuje vysoko kvalitn\u00e9 pek\u00e1rensk\u00e9 v\u00fdrobky. Linka je vyroben\u00e1 vo \u0160v\u00e9dsku. Jedn\u00e1 sa o v\u00e4\u010d\u0161iu, napriek tomu st\u00e1le kompaktn\u00fa linku, ktor\u00e1 \u0161etr\u00ed priestor a m\u00e1 cel\u00fa radu mo\u017enost\u00ed rozlo\u017eenia. Kapacita: \u00a0\u00a0a\u017e 1800 ks \/ hod Ostatn\u00e1 \u0161pecifik\u00e1cia: pod\u013ea pou\u017eit\u00fdch strojov (vi\u010f. let\u00e1k v pr\u00edlohe) &nbsp;   Viac inform\u00e1ci\u00ed o tejto linke n\u00e1jdete v prilo\u017eenom let\u00e1ku TU   [...]Read More...\" \/>\n<meta property=\"og:url\" content=\"https:\/\/omega-bakery.com\/sk\/produkt\/glimek-180-bagetova-a-chlebova-linka\/\" \/>\n<meta property=\"og:site_name\" content=\"Omega Bakery\" \/>\n<meta property=\"article:modified_time\" content=\"2024-01-22T11:49:43+00:00\" \/>\n<meta property=\"og:image\" content=\"http:\/\/omega-bakery.com\/sk\/wp-content\/uploads\/2021\/04\/Chlebova\u0301-linka-Glimek.png\" \/>\n\t<meta property=\"og:image:width\" content=\"533\" \/>\n\t<meta property=\"og:image:height\" content=\"700\" \/>\n<meta name=\"twitter:card\" content=\"summary_large_image\" \/>\n<script type=\"application\/ld+json\" class=\"yoast-schema-graph\">{\"@context\":\"https:\/\/schema.org\",\"@graph\":[{\"@type\":\"WebSite\",\"@id\":\"https:\/\/omega-bakery.com\/sk\/#website\",\"url\":\"https:\/\/omega-bakery.com\/sk\/\",\"name\":\"Omega Bakery\",\"description\":\"Dodavatel stroj\\u016f a za\\u0159\\u00edzen\\u00ed pro pek\\u00e1rny\",\"potentialAction\":[{\"@type\":\"SearchAction\",\"target\":{\"@type\":\"EntryPoint\",\"urlTemplate\":\"https:\/\/omega-bakery.com\/sk\/?s={search_term_string}\"},\"query-input\":\"required name=search_term_string\"}],\"inLanguage\":\"sk-SK\"},{\"@type\":\"ImageObject\",\"@id\":\"https:\/\/omega-bakery.com\/sk\/produkt\/glimek-180-bagetova-a-chlebova-linka\/#primaryimage\",\"inLanguage\":\"sk-SK\",\"url\":\"https:\/\/omega-bakery.com\/sk\/wp-content\/uploads\/2021\/04\/Chlebova\\u0301-linka-Glimek.png\",\"contentUrl\":\"https:\/\/omega-bakery.com\/sk\/wp-content\/uploads\/2021\/04\/Chlebova\\u0301-linka-Glimek.png\",\"width\":533,\"height\":700},{\"@type\":\"WebPage\",\"@id\":\"https:\/\/omega-bakery.com\/sk\/produkt\/glimek-180-bagetova-a-chlebova-linka\/#webpage\",\"url\":\"https:\/\/omega-bakery.com\/sk\/produkt\/glimek-180-bagetova-a-chlebova-linka\/\",\"name\":\"Glimek 180 - bagetov\\u00e1 a chlebov\\u00e1 linka\\u00a0 - Omega Bakery\",\"isPartOf\":{\"@id\":\"https:\/\/omega-bakery.com\/sk\/#website\"},\"primaryImageOfPage\":{\"@id\":\"https:\/\/omega-bakery.com\/sk\/produkt\/glimek-180-bagetova-a-chlebova-linka\/#primaryimage\"},\"datePublished\":\"2021-04-23T14:13:21+00:00\",\"dateModified\":\"2024-01-22T11:49:43+00:00\",\"breadcrumb\":{\"@id\":\"https:\/\/omega-bakery.com\/sk\/produkt\/glimek-180-bagetova-a-chlebova-linka\/#breadcrumb\"},\"inLanguage\":\"sk-SK\",\"potentialAction\":[{\"@type\":\"ReadAction\",\"target\":[\"https:\/\/omega-bakery.com\/sk\/produkt\/glimek-180-bagetova-a-chlebova-linka\/\"]}]},{\"@type\":\"BreadcrumbList\",\"@id\":\"https:\/\/omega-bakery.com\/sk\/produkt\/glimek-180-bagetova-a-chlebova-linka\/#breadcrumb\",\"itemListElement\":[{\"@type\":\"ListItem\",\"position\":1,\"name\":\"Dom\\u016f\",\"item\":\"https:\/\/omega-bakery.com\/sk\/\"},{\"@type\":\"ListItem\",\"position\":2,\"name\":\"Stroje a zariadenia\",\"item\":\"https:\/\/omega-bakery.com\/sk\/stroje-a-zariadenia\/\"},{\"@type\":\"ListItem\",\"position\":3,\"name\":\"Stroje a linky na spracovanie cesta\",\"item\":\"https:\/\/omega-bakery.com\/sk\/stroje-a-zarizeni\/stroje-a-linky-na-spracovanie-cesta\/\"},{\"@type\":\"ListItem\",\"position\":4,\"name\":\"V\\u00fdrobn\\u00e9 linky\",\"item\":\"https:\/\/omega-bakery.com\/sk\/stroje-a-zarizeni\/stroje-a-linky-na-spracovanie-cesta\/vyrobnr-linky\/\"},{\"@type\":\"ListItem\",\"position\":5,\"name\":\"Glimek 180 &#8211; bagetov\\u00e1 a chlebov\\u00e1 linka\\u00a0\"}]}]}<\/script>\n<!-- \/ Yoast SEO plugin. -->","yoast_head_json":{"title":"Glimek 180 - bagetov\u00e1 a chlebov\u00e1 linka\u00a0 - Omega Bakery","robots":{"index":"index","follow":"follow","max-snippet":"max-snippet:-1","max-image-preview":"max-image-preview:large","max-video-preview":"max-video-preview:-1"},"canonical":"https:\/\/omega-bakery.com\/sk\/produkt\/glimek-180-bagetova-a-chlebova-linka\/","og_locale":"sk_SK","og_type":"article","og_title":"Glimek 180 - bagetov\u00e1 a chlebov\u00e1 linka\u00a0 - Omega Bakery","og_description":"Popis stroja:  Linka Glimek 180 je vyvinut\u00e1 a vyroben\u00e1 tak, aby bola u\u017e\u00edvate\u013esky pr\u00edvetiv\u00e1, efektivna a zvl\u00e1dala vysok\u00fa kapacitu v\u00fdroby. S rychlos\u0165ou a\u017e 1800 ks\/ hod. Linka spracov\u00e1va r\u00f4zne druhy ciest a ve\u013ekost\u00ed, vr\u00e1tane chlebov\u00e9ho. Ve\u013emi presne a \u0161etrne zach\u00e1dza s cestom, poskytuje vysoko kvalitn\u00e9 pek\u00e1rensk\u00e9 v\u00fdrobky. Linka je vyroben\u00e1 vo \u0160v\u00e9dsku. Jedn\u00e1 sa o v\u00e4\u010d\u0161iu, napriek tomu st\u00e1le kompaktn\u00fa linku, ktor\u00e1 \u0161etr\u00ed priestor a m\u00e1 cel\u00fa radu mo\u017enost\u00ed rozlo\u017eenia. Kapacita: \u00a0\u00a0a\u017e 1800 ks \/ hod Ostatn\u00e1 \u0161pecifik\u00e1cia: pod\u013ea pou\u017eit\u00fdch strojov (vi\u010f. let\u00e1k v pr\u00edlohe) &nbsp;   Viac inform\u00e1ci\u00ed o tejto linke n\u00e1jdete v prilo\u017eenom let\u00e1ku TU   [...]Read More...","og_url":"https:\/\/omega-bakery.com\/sk\/produkt\/glimek-180-bagetova-a-chlebova-linka\/","og_site_name":"Omega Bakery","article_modified_time":"2024-01-22T11:49:43+00:00","og_image":[{"width":533,"height":700,"url":"http:\/\/omega-bakery.com\/sk\/wp-content\/uploads\/2021\/04\/Chlebova\u0301-linka-Glimek.png","path":"\/data\/web\/virtuals\/278194\/virtual\/www\/domains\/omega-bakery.com\/sk\/wp-content\/uploads\/2021\/04\/Chlebova\u0301-linka-Glimek.png","size":"full","id":642,"alt":"","pixels":373100,"type":"image\/png"}],"twitter_card":"summary_large_image","schema":{"@context":"https:\/\/schema.org","@graph":[{"@type":"WebSite","@id":"https:\/\/omega-bakery.com\/sk\/#website","url":"https:\/\/omega-bakery.com\/sk\/","name":"Omega Bakery","description":"Dodavatel stroj\u016f a za\u0159\u00edzen\u00ed pro pek\u00e1rny","potentialAction":[{"@type":"SearchAction","target":{"@type":"EntryPoint","urlTemplate":"https:\/\/omega-bakery.com\/sk\/?s={search_term_string}"},"query-input":"required name=search_term_string"}],"inLanguage":"sk-SK"},{"@type":"ImageObject","@id":"https:\/\/omega-bakery.com\/sk\/produkt\/glimek-180-bagetova-a-chlebova-linka\/#primaryimage","inLanguage":"sk-SK","url":"https:\/\/omega-bakery.com\/sk\/wp-content\/uploads\/2021\/04\/Chlebova\u0301-linka-Glimek.png","contentUrl":"https:\/\/omega-bakery.com\/sk\/wp-content\/uploads\/2021\/04\/Chlebova\u0301-linka-Glimek.png","width":533,"height":700},{"@type":"WebPage","@id":"https:\/\/omega-bakery.com\/sk\/produkt\/glimek-180-bagetova-a-chlebova-linka\/#webpage","url":"https:\/\/omega-bakery.com\/sk\/produkt\/glimek-180-bagetova-a-chlebova-linka\/","name":"Glimek 180 - bagetov\u00e1 a chlebov\u00e1 linka\u00a0 - Omega Bakery","isPartOf":{"@id":"https:\/\/omega-bakery.com\/sk\/#website"},"primaryImageOfPage":{"@id":"https:\/\/omega-bakery.com\/sk\/produkt\/glimek-180-bagetova-a-chlebova-linka\/#primaryimage"},"datePublished":"2021-04-23T14:13:21+00:00","dateModified":"2024-01-22T11:49:43+00:00","breadcrumb":{"@id":"https:\/\/omega-bakery.com\/sk\/produkt\/glimek-180-bagetova-a-chlebova-linka\/#breadcrumb"},"inLanguage":"sk-SK","potentialAction":[{"@type":"ReadAction","target":["https:\/\/omega-bakery.com\/sk\/produkt\/glimek-180-bagetova-a-chlebova-linka\/"]}]},{"@type":"BreadcrumbList","@id":"https:\/\/omega-bakery.com\/sk\/produkt\/glimek-180-bagetova-a-chlebova-linka\/#breadcrumb","itemListElement":[{"@type":"ListItem","position":1,"name":"Dom\u016f","item":"https:\/\/omega-bakery.com\/sk\/"},{"@type":"ListItem","position":2,"name":"Stroje a zariadenia","item":"https:\/\/omega-bakery.com\/sk\/stroje-a-zariadenia\/"},{"@type":"ListItem","position":3,"name":"Stroje a linky na spracovanie cesta","item":"https:\/\/omega-bakery.com\/sk\/stroje-a-zarizeni\/stroje-a-linky-na-spracovanie-cesta\/"},{"@type":"ListItem","position":4,"name":"V\u00fdrobn\u00e9 linky","item":"https:\/\/omega-bakery.com\/sk\/stroje-a-zarizeni\/stroje-a-linky-na-spracovanie-cesta\/vyrobnr-linky\/"},{"@type":"ListItem","position":5,"name":"Glimek 180 &#8211; bagetov\u00e1 a chlebov\u00e1 linka\u00a0"}]}]}},"_links":{"self":[{"href":"https:\/\/omega-bakery.com\/sk\/wp-json\/wp\/v2\/product\/288"}],"collection":[{"href":"https:\/\/omega-bakery.com\/sk\/wp-json\/wp\/v2\/product"}],"about":[{"href":"https:\/\/omega-bakery.com\/sk\/wp-json\/wp\/v2\/types\/product"}],"wp:featuredmedia":[{"embeddable":true,"href":"https:\/\/omega-bakery.com\/sk\/wp-json\/wp\/v2\/media\/642"}],"wp:attachment":[{"href":"https:\/\/omega-bakery.com\/sk\/wp-json\/wp\/v2\/media?parent=288"}],"curies":[{"name":"wp","href":"https:\/\/api.w.org\/{rel}","templated":true}]}}