{"id":289,"date":"2021-04-23T16:13:53","date_gmt":"2021-04-23T14:13:53","guid":{"rendered":"http:\/\/omega-bakery.com\/sk\/?post_type=product&#038;p=289"},"modified":"2023-11-16T12:43:09","modified_gmt":"2023-11-16T10:43:09","slug":"kemplex-sfb-500-sf-500-sf-600","status":"publish","type":"product","link":"https:\/\/omega-bakery.com\/sk\/produkt\/kemplex-sfb-500-sf-500-sf-600\/","title":{"rendered":"Kemplex SFB 500, SF 500, SF 600"},"content":{"rendered":"","protected":false},"excerpt":{"rendered":"<p>Jednoduch\u00e9 manu\u00e1ln\u00e9 rozvalovacie stroje vhodn\u00e9 pre v\u0161etky pek\u00e1rne. Dl\u017eka pracovn\u00edch stolov d\u013aa zadania.<\/p>\n<p><strong>Hlavn\u00e9 znaky:<\/strong><\/p>\n<ul>\n<li>manu\u00e1lne rozva\u013eovacie stroje<\/li>\n<li>ochrann\u00e9 kryty proti vtiahnutiu ruky do stroja s koncov\u00fdm sp\u00edna\u010dom<\/li>\n<li>\u013eahko vyberate\u013en\u00fd z\u00e1sobn\u00edk m\u00faky<\/li>\n<li>rozva\u013eovacie valce s\u00fa upraven\u00e9 tvrdochr\u00f3mom<\/li>\n<li>lo\u017eiska s\u00fa chr\u00e1nen\u00e9 pred zne\u010disten\u00edm<\/li>\n<li>typ SF600 a SF500 s\u00fa mobiln\u00e9, nosn\u00fd r\u00e1m je vybaven\u00fd kolieskami<\/li>\n<li>typ SFB 500 je stoln\u00e9 prevedenie<\/li>\n<li>mo\u017enos\u0165 sklopenia pracovn\u00fdch stolov nahoru po ukon\u010deni prev\u00e1dzky &#8211; \u00faspora miesta<\/li>\n<li>typ SF 600 m\u00e1 mo\u017enos\u0165 doplnenia o vykrajovacie valce<\/li>\n<\/ul>\n<div><strong>Pracovn\u00ed \u0161\u00edrka stola: \u00a0 <\/strong>500 resp 600 mm<\/div>\n<div>\n<div>\n<div><b>Priemer pracovn\u00fdch valcov: \u00a0 <\/b>60 mm<\/div>\n<div><strong>Rozmery (d x \u0161 x v):<\/strong> \u00a0 vi\u010f. prilo\u017een\u00fd let\u00e1k<\/div>\n<div><strong>Hmotnos\u0165: <\/strong>\u00a0 pod\u013ea typu<\/div>\n<p>&nbsp;<\/p>\n<\/div>\n<div>Viac inform\u00e1ci\u00ed o tomto rozva\u013eovacom stroji n\u00e1jdete v prilo\u017eenom let\u00e1ku <a href=\"http:\/\/omega-bakery.com\/sk\/wp-content\/uploads\/2021\/04\/Kemplex-rozvalovaci-stroje-manualni-0823.pdf\" target=\"newtab\" rel=\"noopener\">TU<\/a><\/div>\n<p>&nbsp;<\/p>\n<\/div>\n<p> [&#8230;]<\/p>\n<p><a class=\"btn btn-secondary understrap-read-more-link\" href=\"https:\/\/omega-bakery.com\/sk\/produkt\/kemplex-sfb-500-sf-500-sf-600\/\">Read More&#8230;<\/a><\/p>\n","protected":false},"featured_media":620,"template":"","meta":[],"yoast_head":"<!-- This site is optimized with the Yoast SEO plugin v17.1 - https:\/\/yoast.com\/wordpress\/plugins\/seo\/ -->\n<title>Kemplex SFB 500, SF 500, SF 600 - Omega Bakery<\/title>\n<meta name=\"robots\" content=\"index, follow, max-snippet:-1, max-image-preview:large, max-video-preview:-1\" \/>\n<link rel=\"canonical\" href=\"https:\/\/omega-bakery.com\/sk\/produkt\/kemplex-sfb-500-sf-500-sf-600\/\" \/>\n<meta property=\"og:locale\" content=\"sk_SK\" \/>\n<meta property=\"og:type\" content=\"article\" \/>\n<meta property=\"og:title\" content=\"Kemplex SFB 500, SF 500, SF 600 - Omega Bakery\" \/>\n<meta property=\"og:description\" content=\"Jednoduch\u00e9 manu\u00e1ln\u00e9 rozvalovacie stroje vhodn\u00e9 pre v\u0161etky pek\u00e1rne. Dl\u017eka pracovn\u00edch stolov d\u013aa zadania.  Hlavn\u00e9 znaky:   manu\u00e1lne rozva\u013eovacie stroje  ochrann\u00e9 kryty proti vtiahnutiu ruky do stroja s koncov\u00fdm sp\u00edna\u010dom  \u013eahko vyberate\u013en\u00fd z\u00e1sobn\u00edk m\u00faky  rozva\u013eovacie valce s\u00fa upraven\u00e9 tvrdochr\u00f3mom  lo\u017eiska s\u00fa chr\u00e1nen\u00e9 pred zne\u010disten\u00edm  typ SF600 a SF500 s\u00fa mobiln\u00e9, nosn\u00fd r\u00e1m je vybaven\u00fd kolieskami  typ SFB 500 je stoln\u00e9 prevedenie  mo\u017enos\u0165 sklopenia pracovn\u00fdch stolov nahoru po ukon\u010deni prev\u00e1dzky - \u00faspora miesta  typ SF 600 m\u00e1 mo\u017enos\u0165 doplnenia o vykrajovacie valce  Pracovn\u00ed \u0161\u00edrka stola: \u00a0 500 resp 600 mm   Priemer pracovn\u00fdch valcov: \u00a0 60 mm Rozmery (d x \u0161 x v): \u00a0 vi\u010f. prilo\u017een\u00fd let\u00e1k Hmotnos\u0165: \u00a0 pod\u013ea typu &nbsp;   Viac inform\u00e1ci\u00ed o tomto rozva\u013eovacom stroji n\u00e1jdete v prilo\u017eenom let\u00e1ku TU &nbsp;   [...]Read More...\" \/>\n<meta property=\"og:url\" content=\"https:\/\/omega-bakery.com\/sk\/produkt\/kemplex-sfb-500-sf-500-sf-600\/\" \/>\n<meta property=\"og:site_name\" content=\"Omega Bakery\" \/>\n<meta property=\"article:modified_time\" content=\"2023-11-16T10:43:09+00:00\" \/>\n<meta property=\"og:image\" content=\"http:\/\/omega-bakery.com\/sk\/wp-content\/uploads\/2021\/04\/Kemplex-SFB-500-SF-500-SF-600.png\" \/>\n\t<meta property=\"og:image:width\" content=\"533\" \/>\n\t<meta property=\"og:image:height\" content=\"700\" \/>\n<meta name=\"twitter:card\" content=\"summary_large_image\" \/>\n<script type=\"application\/ld+json\" class=\"yoast-schema-graph\">{\"@context\":\"https:\/\/schema.org\",\"@graph\":[{\"@type\":\"WebSite\",\"@id\":\"https:\/\/omega-bakery.com\/sk\/#website\",\"url\":\"https:\/\/omega-bakery.com\/sk\/\",\"name\":\"Omega Bakery\",\"description\":\"Dodavatel stroj\\u016f a za\\u0159\\u00edzen\\u00ed pro pek\\u00e1rny\",\"potentialAction\":[{\"@type\":\"SearchAction\",\"target\":{\"@type\":\"EntryPoint\",\"urlTemplate\":\"https:\/\/omega-bakery.com\/sk\/?s={search_term_string}\"},\"query-input\":\"required name=search_term_string\"}],\"inLanguage\":\"sk-SK\"},{\"@type\":\"ImageObject\",\"@id\":\"https:\/\/omega-bakery.com\/sk\/produkt\/kemplex-sfb-500-sf-500-sf-600\/#primaryimage\",\"inLanguage\":\"sk-SK\",\"url\":\"https:\/\/omega-bakery.com\/sk\/wp-content\/uploads\/2021\/04\/Kemplex-SFB-500-SF-500-SF-600.png\",\"contentUrl\":\"https:\/\/omega-bakery.com\/sk\/wp-content\/uploads\/2021\/04\/Kemplex-SFB-500-SF-500-SF-600.png\",\"width\":533,\"height\":700},{\"@type\":\"WebPage\",\"@id\":\"https:\/\/omega-bakery.com\/sk\/produkt\/kemplex-sfb-500-sf-500-sf-600\/#webpage\",\"url\":\"https:\/\/omega-bakery.com\/sk\/produkt\/kemplex-sfb-500-sf-500-sf-600\/\",\"name\":\"Kemplex SFB 500, SF 500, SF 600 - Omega Bakery\",\"isPartOf\":{\"@id\":\"https:\/\/omega-bakery.com\/sk\/#website\"},\"primaryImageOfPage\":{\"@id\":\"https:\/\/omega-bakery.com\/sk\/produkt\/kemplex-sfb-500-sf-500-sf-600\/#primaryimage\"},\"datePublished\":\"2021-04-23T14:13:53+00:00\",\"dateModified\":\"2023-11-16T10:43:09+00:00\",\"breadcrumb\":{\"@id\":\"https:\/\/omega-bakery.com\/sk\/produkt\/kemplex-sfb-500-sf-500-sf-600\/#breadcrumb\"},\"inLanguage\":\"sk-SK\",\"potentialAction\":[{\"@type\":\"ReadAction\",\"target\":[\"https:\/\/omega-bakery.com\/sk\/produkt\/kemplex-sfb-500-sf-500-sf-600\/\"]}]},{\"@type\":\"BreadcrumbList\",\"@id\":\"https:\/\/omega-bakery.com\/sk\/produkt\/kemplex-sfb-500-sf-500-sf-600\/#breadcrumb\",\"itemListElement\":[{\"@type\":\"ListItem\",\"position\":1,\"name\":\"Dom\\u016f\",\"item\":\"https:\/\/omega-bakery.com\/sk\/\"},{\"@type\":\"ListItem\",\"position\":2,\"name\":\"Stroje a zariadenia\",\"item\":\"https:\/\/omega-bakery.com\/sk\/stroje-a-zariadenia\/\"},{\"@type\":\"ListItem\",\"position\":3,\"name\":\"Stroje a linky na spracovanie cesta\",\"item\":\"https:\/\/omega-bakery.com\/sk\/stroje-a-zarizeni\/stroje-a-linky-na-spracovanie-cesta\/\"},{\"@type\":\"ListItem\",\"position\":4,\"name\":\"Rozva\\u013eovacie stroje\",\"item\":\"https:\/\/omega-bakery.com\/sk\/stroje-a-zarizeni\/stroje-a-linky-na-spracovanie-cesta\/rozvalovacie-stroje\/\"},{\"@type\":\"ListItem\",\"position\":5,\"name\":\"Kemplex SFB 500, SF 500, SF 600\"}]}]}<\/script>\n<!-- \/ Yoast SEO plugin. -->","yoast_head_json":{"title":"Kemplex SFB 500, SF 500, SF 600 - Omega Bakery","robots":{"index":"index","follow":"follow","max-snippet":"max-snippet:-1","max-image-preview":"max-image-preview:large","max-video-preview":"max-video-preview:-1"},"canonical":"https:\/\/omega-bakery.com\/sk\/produkt\/kemplex-sfb-500-sf-500-sf-600\/","og_locale":"sk_SK","og_type":"article","og_title":"Kemplex SFB 500, SF 500, SF 600 - Omega Bakery","og_description":"Jednoduch\u00e9 manu\u00e1ln\u00e9 rozvalovacie stroje vhodn\u00e9 pre v\u0161etky pek\u00e1rne. Dl\u017eka pracovn\u00edch stolov d\u013aa zadania.  Hlavn\u00e9 znaky:   manu\u00e1lne rozva\u013eovacie stroje  ochrann\u00e9 kryty proti vtiahnutiu ruky do stroja s koncov\u00fdm sp\u00edna\u010dom  \u013eahko vyberate\u013en\u00fd z\u00e1sobn\u00edk m\u00faky  rozva\u013eovacie valce s\u00fa upraven\u00e9 tvrdochr\u00f3mom  lo\u017eiska s\u00fa chr\u00e1nen\u00e9 pred zne\u010disten\u00edm  typ SF600 a SF500 s\u00fa mobiln\u00e9, nosn\u00fd r\u00e1m je vybaven\u00fd kolieskami  typ SFB 500 je stoln\u00e9 prevedenie  mo\u017enos\u0165 sklopenia pracovn\u00fdch stolov nahoru po ukon\u010deni prev\u00e1dzky - \u00faspora miesta  typ SF 600 m\u00e1 mo\u017enos\u0165 doplnenia o vykrajovacie valce  Pracovn\u00ed \u0161\u00edrka stola: \u00a0 500 resp 600 mm   Priemer pracovn\u00fdch valcov: \u00a0 60 mm Rozmery (d x \u0161 x v): \u00a0 vi\u010f. prilo\u017een\u00fd let\u00e1k Hmotnos\u0165: \u00a0 pod\u013ea typu &nbsp;   Viac inform\u00e1ci\u00ed o tomto rozva\u013eovacom stroji n\u00e1jdete v prilo\u017eenom let\u00e1ku TU &nbsp;   [...]Read More...","og_url":"https:\/\/omega-bakery.com\/sk\/produkt\/kemplex-sfb-500-sf-500-sf-600\/","og_site_name":"Omega Bakery","article_modified_time":"2023-11-16T10:43:09+00:00","og_image":[{"width":533,"height":700,"url":"http:\/\/omega-bakery.com\/sk\/wp-content\/uploads\/2021\/04\/Kemplex-SFB-500-SF-500-SF-600.png","path":"\/data\/web\/virtuals\/278194\/virtual\/www\/domains\/omega-bakery.com\/sk\/wp-content\/uploads\/2021\/04\/Kemplex-SFB-500-SF-500-SF-600.png","size":"full","id":620,"alt":"","pixels":373100,"type":"image\/png"}],"twitter_card":"summary_large_image","schema":{"@context":"https:\/\/schema.org","@graph":[{"@type":"WebSite","@id":"https:\/\/omega-bakery.com\/sk\/#website","url":"https:\/\/omega-bakery.com\/sk\/","name":"Omega Bakery","description":"Dodavatel stroj\u016f a za\u0159\u00edzen\u00ed pro pek\u00e1rny","potentialAction":[{"@type":"SearchAction","target":{"@type":"EntryPoint","urlTemplate":"https:\/\/omega-bakery.com\/sk\/?s={search_term_string}"},"query-input":"required name=search_term_string"}],"inLanguage":"sk-SK"},{"@type":"ImageObject","@id":"https:\/\/omega-bakery.com\/sk\/produkt\/kemplex-sfb-500-sf-500-sf-600\/#primaryimage","inLanguage":"sk-SK","url":"https:\/\/omega-bakery.com\/sk\/wp-content\/uploads\/2021\/04\/Kemplex-SFB-500-SF-500-SF-600.png","contentUrl":"https:\/\/omega-bakery.com\/sk\/wp-content\/uploads\/2021\/04\/Kemplex-SFB-500-SF-500-SF-600.png","width":533,"height":700},{"@type":"WebPage","@id":"https:\/\/omega-bakery.com\/sk\/produkt\/kemplex-sfb-500-sf-500-sf-600\/#webpage","url":"https:\/\/omega-bakery.com\/sk\/produkt\/kemplex-sfb-500-sf-500-sf-600\/","name":"Kemplex SFB 500, SF 500, SF 600 - Omega Bakery","isPartOf":{"@id":"https:\/\/omega-bakery.com\/sk\/#website"},"primaryImageOfPage":{"@id":"https:\/\/omega-bakery.com\/sk\/produkt\/kemplex-sfb-500-sf-500-sf-600\/#primaryimage"},"datePublished":"2021-04-23T14:13:53+00:00","dateModified":"2023-11-16T10:43:09+00:00","breadcrumb":{"@id":"https:\/\/omega-bakery.com\/sk\/produkt\/kemplex-sfb-500-sf-500-sf-600\/#breadcrumb"},"inLanguage":"sk-SK","potentialAction":[{"@type":"ReadAction","target":["https:\/\/omega-bakery.com\/sk\/produkt\/kemplex-sfb-500-sf-500-sf-600\/"]}]},{"@type":"BreadcrumbList","@id":"https:\/\/omega-bakery.com\/sk\/produkt\/kemplex-sfb-500-sf-500-sf-600\/#breadcrumb","itemListElement":[{"@type":"ListItem","position":1,"name":"Dom\u016f","item":"https:\/\/omega-bakery.com\/sk\/"},{"@type":"ListItem","position":2,"name":"Stroje a zariadenia","item":"https:\/\/omega-bakery.com\/sk\/stroje-a-zariadenia\/"},{"@type":"ListItem","position":3,"name":"Stroje a linky na spracovanie cesta","item":"https:\/\/omega-bakery.com\/sk\/stroje-a-zarizeni\/stroje-a-linky-na-spracovanie-cesta\/"},{"@type":"ListItem","position":4,"name":"Rozva\u013eovacie stroje","item":"https:\/\/omega-bakery.com\/sk\/stroje-a-zarizeni\/stroje-a-linky-na-spracovanie-cesta\/rozvalovacie-stroje\/"},{"@type":"ListItem","position":5,"name":"Kemplex SFB 500, SF 500, SF 600"}]}]}},"_links":{"self":[{"href":"https:\/\/omega-bakery.com\/sk\/wp-json\/wp\/v2\/product\/289"}],"collection":[{"href":"https:\/\/omega-bakery.com\/sk\/wp-json\/wp\/v2\/product"}],"about":[{"href":"https:\/\/omega-bakery.com\/sk\/wp-json\/wp\/v2\/types\/product"}],"wp:featuredmedia":[{"embeddable":true,"href":"https:\/\/omega-bakery.com\/sk\/wp-json\/wp\/v2\/media\/620"}],"wp:attachment":[{"href":"https:\/\/omega-bakery.com\/sk\/wp-json\/wp\/v2\/media?parent=289"}],"curies":[{"name":"wp","href":"https:\/\/api.w.org\/{rel}","templated":true}]}}