{"id":290,"date":"2021-04-23T16:14:12","date_gmt":"2021-04-23T14:14:12","guid":{"rendered":"http:\/\/omega-bakery.com\/sk\/?post_type=product&#038;p=290"},"modified":"2023-11-16T12:39:52","modified_gmt":"2023-11-16T10:39:52","slug":"rohlikovaci-stroj-pietroberto-emme-2c","status":"publish","type":"product","link":"https:\/\/omega-bakery.com\/sk\/produkt\/rohlikovaci-stroj-pietroberto-emme-2c\/","title":{"rendered":"Rohl\u00edkovac\u00ed stroj Pietroberto Emme 2c"},"content":{"rendered":"","protected":false},"excerpt":{"rendered":"<p><strong>Hlavn\u00e9 znaky:<\/strong><\/p>\n<ul>\n<li>Stroj na v\u00fdrobu ro\u017ekov<\/li>\n<li>2 v\u00e1lce<\/li>\n<li>ochrann\u00e9 kryty proti vtiahnutiu ruky do stroja s koncov\u00fdm sp\u00edna\u010dom<\/li>\n<li>zmena smeru v\u00fdpadu ro\u017ekov \u2013 pri obsluhe stroja jedn\u00fdm pracovn\u00edkom<\/li>\n<li>vstupn\u00fd p\u00e1s<\/li>\n<li>mo\u017enos\u0165 nastavenia aret\u00e1cie horn\u00e9ho p\u00e1su<\/li>\n<\/ul>\n<div><strong>Hodinov\u00fd v\u00fdkon stroja: \u00a0 <\/strong>4000 ks \/ hod<\/div>\n<div><strong>Pr\u00edkon:<\/strong>\u00a0\u00a0 0,75 kW<\/div>\n<div><strong>Rozmery (\u0161 x d x v):<\/strong>\u00a0\u00a0 870 x 1340 x 1200 mm<\/div>\n<div><strong>Hmotnos\u0165: <\/strong>\u00a0 215 kg<\/div>\n<p>&nbsp;<\/p>\n<div>\n<p>Viac informac\u00ed o tomto rohl\u00edkovacom stroji n\u00e1jdete v prilo\u017eenom let\u00e1ku <a href=\"http:\/\/omega-bakery.com\/sk\/wp-content\/uploads\/2021\/04\/Pietroberto-emme2c-rohlikovac-0823.pdf\" target=\"newtab\" rel=\"noopener\">TU<\/a><\/p>\n<\/div>\n<p> [&#8230;]<\/p>\n<p><a class=\"btn btn-secondary understrap-read-more-link\" href=\"https:\/\/omega-bakery.com\/sk\/produkt\/rohlikovaci-stroj-pietroberto-emme-2c\/\">Read More&#8230;<\/a><\/p>\n","protected":false},"featured_media":615,"template":"","meta":[],"yoast_head":"<!-- This site is optimized with the Yoast SEO plugin v17.1 - https:\/\/yoast.com\/wordpress\/plugins\/seo\/ -->\n<title>Rohl\u00edkovac\u00ed stroj Pietroberto Emme 2c - Omega Bakery<\/title>\n<meta name=\"robots\" content=\"index, follow, max-snippet:-1, max-image-preview:large, max-video-preview:-1\" \/>\n<link rel=\"canonical\" href=\"https:\/\/omega-bakery.com\/sk\/produkt\/rohlikovaci-stroj-pietroberto-emme-2c\/\" \/>\n<meta property=\"og:locale\" content=\"sk_SK\" \/>\n<meta property=\"og:type\" content=\"article\" \/>\n<meta property=\"og:title\" content=\"Rohl\u00edkovac\u00ed stroj Pietroberto Emme 2c - Omega Bakery\" \/>\n<meta property=\"og:description\" content=\"Hlavn\u00e9 znaky:   Stroj na v\u00fdrobu ro\u017ekov  2 v\u00e1lce  ochrann\u00e9 kryty proti vtiahnutiu ruky do stroja s koncov\u00fdm sp\u00edna\u010dom  zmena smeru v\u00fdpadu ro\u017ekov \u2013 pri obsluhe stroja jedn\u00fdm pracovn\u00edkom  vstupn\u00fd p\u00e1s  mo\u017enos\u0165 nastavenia aret\u00e1cie horn\u00e9ho p\u00e1su  Hodinov\u00fd v\u00fdkon stroja: \u00a0 4000 ks \/ hod Pr\u00edkon:\u00a0\u00a0 0,75 kW Rozmery (\u0161 x d x v):\u00a0\u00a0 870 x 1340 x 1200 mm Hmotnos\u0165: \u00a0 215 kg &nbsp;   Viac informac\u00ed o tomto rohl\u00edkovacom stroji n\u00e1jdete v prilo\u017eenom let\u00e1ku TU   [...]Read More...\" \/>\n<meta property=\"og:url\" content=\"https:\/\/omega-bakery.com\/sk\/produkt\/rohlikovaci-stroj-pietroberto-emme-2c\/\" \/>\n<meta property=\"og:site_name\" content=\"Omega Bakery\" \/>\n<meta property=\"article:modified_time\" content=\"2023-11-16T10:39:52+00:00\" \/>\n<meta property=\"og:image\" content=\"http:\/\/omega-bakery.com\/sk\/wp-content\/uploads\/2021\/04\/Rohli\u0301kovaci\u0301-stroj-Pietroberto-Emme-2c.png\" \/>\n\t<meta property=\"og:image:width\" content=\"533\" \/>\n\t<meta property=\"og:image:height\" content=\"700\" \/>\n<meta name=\"twitter:card\" content=\"summary_large_image\" \/>\n<script type=\"application\/ld+json\" class=\"yoast-schema-graph\">{\"@context\":\"https:\/\/schema.org\",\"@graph\":[{\"@type\":\"WebSite\",\"@id\":\"https:\/\/omega-bakery.com\/sk\/#website\",\"url\":\"https:\/\/omega-bakery.com\/sk\/\",\"name\":\"Omega Bakery\",\"description\":\"Dodavatel stroj\\u016f a za\\u0159\\u00edzen\\u00ed pro pek\\u00e1rny\",\"potentialAction\":[{\"@type\":\"SearchAction\",\"target\":{\"@type\":\"EntryPoint\",\"urlTemplate\":\"https:\/\/omega-bakery.com\/sk\/?s={search_term_string}\"},\"query-input\":\"required name=search_term_string\"}],\"inLanguage\":\"sk-SK\"},{\"@type\":\"ImageObject\",\"@id\":\"https:\/\/omega-bakery.com\/sk\/produkt\/rohlikovaci-stroj-pietroberto-emme-2c\/#primaryimage\",\"inLanguage\":\"sk-SK\",\"url\":\"https:\/\/omega-bakery.com\/sk\/wp-content\/uploads\/2021\/04\/Rohli\\u0301kovaci\\u0301-stroj-Pietroberto-Emme-2c.png\",\"contentUrl\":\"https:\/\/omega-bakery.com\/sk\/wp-content\/uploads\/2021\/04\/Rohli\\u0301kovaci\\u0301-stroj-Pietroberto-Emme-2c.png\",\"width\":533,\"height\":700},{\"@type\":\"WebPage\",\"@id\":\"https:\/\/omega-bakery.com\/sk\/produkt\/rohlikovaci-stroj-pietroberto-emme-2c\/#webpage\",\"url\":\"https:\/\/omega-bakery.com\/sk\/produkt\/rohlikovaci-stroj-pietroberto-emme-2c\/\",\"name\":\"Rohl\\u00edkovac\\u00ed stroj Pietroberto Emme 2c - Omega Bakery\",\"isPartOf\":{\"@id\":\"https:\/\/omega-bakery.com\/sk\/#website\"},\"primaryImageOfPage\":{\"@id\":\"https:\/\/omega-bakery.com\/sk\/produkt\/rohlikovaci-stroj-pietroberto-emme-2c\/#primaryimage\"},\"datePublished\":\"2021-04-23T14:14:12+00:00\",\"dateModified\":\"2023-11-16T10:39:52+00:00\",\"breadcrumb\":{\"@id\":\"https:\/\/omega-bakery.com\/sk\/produkt\/rohlikovaci-stroj-pietroberto-emme-2c\/#breadcrumb\"},\"inLanguage\":\"sk-SK\",\"potentialAction\":[{\"@type\":\"ReadAction\",\"target\":[\"https:\/\/omega-bakery.com\/sk\/produkt\/rohlikovaci-stroj-pietroberto-emme-2c\/\"]}]},{\"@type\":\"BreadcrumbList\",\"@id\":\"https:\/\/omega-bakery.com\/sk\/produkt\/rohlikovaci-stroj-pietroberto-emme-2c\/#breadcrumb\",\"itemListElement\":[{\"@type\":\"ListItem\",\"position\":1,\"name\":\"Dom\\u016f\",\"item\":\"https:\/\/omega-bakery.com\/sk\/\"},{\"@type\":\"ListItem\",\"position\":2,\"name\":\"Stroje a zariadenia\",\"item\":\"https:\/\/omega-bakery.com\/sk\/stroje-a-zariadenia\/\"},{\"@type\":\"ListItem\",\"position\":3,\"name\":\"Stroje a linky na spracovanie cesta\",\"item\":\"https:\/\/omega-bakery.com\/sk\/stroje-a-zarizeni\/stroje-a-linky-na-spracovanie-cesta\/\"},{\"@type\":\"ListItem\",\"position\":4,\"name\":\"Rohl\\u00edkova\\u010de, bagetova\\u010de, houskova\\u010de\",\"item\":\"https:\/\/omega-bakery.com\/sk\/stroje-a-zarizeni\/stroje-a-linky-na-spracovanie-cesta\/rohlikovace-bagetovace-houskovace\/\"},{\"@type\":\"ListItem\",\"position\":5,\"name\":\"Rohl\\u00edkovac\\u00ed stroj Pietroberto Emme 2c\"}]}]}<\/script>\n<!-- \/ Yoast SEO plugin. -->","yoast_head_json":{"title":"Rohl\u00edkovac\u00ed stroj Pietroberto Emme 2c - Omega Bakery","robots":{"index":"index","follow":"follow","max-snippet":"max-snippet:-1","max-image-preview":"max-image-preview:large","max-video-preview":"max-video-preview:-1"},"canonical":"https:\/\/omega-bakery.com\/sk\/produkt\/rohlikovaci-stroj-pietroberto-emme-2c\/","og_locale":"sk_SK","og_type":"article","og_title":"Rohl\u00edkovac\u00ed stroj Pietroberto Emme 2c - Omega Bakery","og_description":"Hlavn\u00e9 znaky:   Stroj na v\u00fdrobu ro\u017ekov  2 v\u00e1lce  ochrann\u00e9 kryty proti vtiahnutiu ruky do stroja s koncov\u00fdm sp\u00edna\u010dom  zmena smeru v\u00fdpadu ro\u017ekov \u2013 pri obsluhe stroja jedn\u00fdm pracovn\u00edkom  vstupn\u00fd p\u00e1s  mo\u017enos\u0165 nastavenia aret\u00e1cie horn\u00e9ho p\u00e1su  Hodinov\u00fd v\u00fdkon stroja: \u00a0 4000 ks \/ hod Pr\u00edkon:\u00a0\u00a0 0,75 kW Rozmery (\u0161 x d x v):\u00a0\u00a0 870 x 1340 x 1200 mm Hmotnos\u0165: \u00a0 215 kg &nbsp;   Viac informac\u00ed o tomto rohl\u00edkovacom stroji n\u00e1jdete v prilo\u017eenom let\u00e1ku TU   [...]Read More...","og_url":"https:\/\/omega-bakery.com\/sk\/produkt\/rohlikovaci-stroj-pietroberto-emme-2c\/","og_site_name":"Omega Bakery","article_modified_time":"2023-11-16T10:39:52+00:00","og_image":[{"width":533,"height":700,"url":"http:\/\/omega-bakery.com\/sk\/wp-content\/uploads\/2021\/04\/Rohli\u0301kovaci\u0301-stroj-Pietroberto-Emme-2c.png","path":"\/data\/web\/virtuals\/278194\/virtual\/www\/domains\/omega-bakery.com\/sk\/wp-content\/uploads\/2021\/04\/Rohli\u0301kovaci\u0301-stroj-Pietroberto-Emme-2c.png","size":"full","id":615,"alt":"","pixels":373100,"type":"image\/png"}],"twitter_card":"summary_large_image","schema":{"@context":"https:\/\/schema.org","@graph":[{"@type":"WebSite","@id":"https:\/\/omega-bakery.com\/sk\/#website","url":"https:\/\/omega-bakery.com\/sk\/","name":"Omega Bakery","description":"Dodavatel stroj\u016f a za\u0159\u00edzen\u00ed pro pek\u00e1rny","potentialAction":[{"@type":"SearchAction","target":{"@type":"EntryPoint","urlTemplate":"https:\/\/omega-bakery.com\/sk\/?s={search_term_string}"},"query-input":"required name=search_term_string"}],"inLanguage":"sk-SK"},{"@type":"ImageObject","@id":"https:\/\/omega-bakery.com\/sk\/produkt\/rohlikovaci-stroj-pietroberto-emme-2c\/#primaryimage","inLanguage":"sk-SK","url":"https:\/\/omega-bakery.com\/sk\/wp-content\/uploads\/2021\/04\/Rohli\u0301kovaci\u0301-stroj-Pietroberto-Emme-2c.png","contentUrl":"https:\/\/omega-bakery.com\/sk\/wp-content\/uploads\/2021\/04\/Rohli\u0301kovaci\u0301-stroj-Pietroberto-Emme-2c.png","width":533,"height":700},{"@type":"WebPage","@id":"https:\/\/omega-bakery.com\/sk\/produkt\/rohlikovaci-stroj-pietroberto-emme-2c\/#webpage","url":"https:\/\/omega-bakery.com\/sk\/produkt\/rohlikovaci-stroj-pietroberto-emme-2c\/","name":"Rohl\u00edkovac\u00ed stroj Pietroberto Emme 2c - Omega Bakery","isPartOf":{"@id":"https:\/\/omega-bakery.com\/sk\/#website"},"primaryImageOfPage":{"@id":"https:\/\/omega-bakery.com\/sk\/produkt\/rohlikovaci-stroj-pietroberto-emme-2c\/#primaryimage"},"datePublished":"2021-04-23T14:14:12+00:00","dateModified":"2023-11-16T10:39:52+00:00","breadcrumb":{"@id":"https:\/\/omega-bakery.com\/sk\/produkt\/rohlikovaci-stroj-pietroberto-emme-2c\/#breadcrumb"},"inLanguage":"sk-SK","potentialAction":[{"@type":"ReadAction","target":["https:\/\/omega-bakery.com\/sk\/produkt\/rohlikovaci-stroj-pietroberto-emme-2c\/"]}]},{"@type":"BreadcrumbList","@id":"https:\/\/omega-bakery.com\/sk\/produkt\/rohlikovaci-stroj-pietroberto-emme-2c\/#breadcrumb","itemListElement":[{"@type":"ListItem","position":1,"name":"Dom\u016f","item":"https:\/\/omega-bakery.com\/sk\/"},{"@type":"ListItem","position":2,"name":"Stroje a zariadenia","item":"https:\/\/omega-bakery.com\/sk\/stroje-a-zariadenia\/"},{"@type":"ListItem","position":3,"name":"Stroje a linky na spracovanie cesta","item":"https:\/\/omega-bakery.com\/sk\/stroje-a-zarizeni\/stroje-a-linky-na-spracovanie-cesta\/"},{"@type":"ListItem","position":4,"name":"Rohl\u00edkova\u010de, bagetova\u010de, houskova\u010de","item":"https:\/\/omega-bakery.com\/sk\/stroje-a-zarizeni\/stroje-a-linky-na-spracovanie-cesta\/rohlikovace-bagetovace-houskovace\/"},{"@type":"ListItem","position":5,"name":"Rohl\u00edkovac\u00ed stroj Pietroberto Emme 2c"}]}]}},"_links":{"self":[{"href":"https:\/\/omega-bakery.com\/sk\/wp-json\/wp\/v2\/product\/290"}],"collection":[{"href":"https:\/\/omega-bakery.com\/sk\/wp-json\/wp\/v2\/product"}],"about":[{"href":"https:\/\/omega-bakery.com\/sk\/wp-json\/wp\/v2\/types\/product"}],"wp:featuredmedia":[{"embeddable":true,"href":"https:\/\/omega-bakery.com\/sk\/wp-json\/wp\/v2\/media\/615"}],"wp:attachment":[{"href":"https:\/\/omega-bakery.com\/sk\/wp-json\/wp\/v2\/media?parent=290"}],"curies":[{"name":"wp","href":"https:\/\/api.w.org\/{rel}","templated":true}]}}