{"id":292,"date":"2021-04-23T16:14:24","date_gmt":"2021-04-23T14:14:24","guid":{"rendered":"http:\/\/omega-bakery.com\/sk\/?post_type=product&#038;p=292"},"modified":"2023-11-16T12:41:17","modified_gmt":"2023-11-16T10:41:17","slug":"rollomat-rohlikovaci-stroj","status":"publish","type":"product","link":"https:\/\/omega-bakery.com\/sk\/produkt\/rollomat-rohlikovaci-stroj\/","title":{"rendered":"Rollomat rohl\u00edkovac\u00ed stroj"},"content":{"rendered":"","protected":false},"excerpt":{"rendered":"<p>Robustn\u00fd a v\u00fdkonn\u00fd stroj na zvinutie ro\u017ekov vyr\u00e1ba modern\u00fdm a \u010dasovo \u00fasporn\u00fdm sp\u00f4sobom kvalitn\u00e9 pe\u010divo. Pre v\u00fdrobu dlh\u00fdch ro\u017ekov, bagietek lebo dlh\u00fdch \u201epletencov\u201c pre v\u00fdrobu ru\u010dno pleten\u00fdch pletenek lebo viano\u010dek je vhodn\u00e1 varianta Rollomat 1L s dovalovacou deskou.<\/p>\n<p><strong>Je vhodn\u00fd na:<\/strong><\/p>\n<ul>\n<li>zahnut\u00e9 ro\u017eky<\/li>\n<li>rovn\u00e9 ro\u017eky<\/li>\n<li>to\u010den\u00e9 sendvi\u010de<\/li>\n<li>mal\u00e9 bagety<\/li>\n<li>pramene cesta<\/li>\n<li>pracl\u00edkov\u00e9 ty\u010dinky<\/li>\n<\/ul>\n<p>I mal\u00e9 k\u00fasky cesta sa vyv\u00e1\u013eaj\u00fa bez ak\u00fdchko\u013evek probl\u00e9mov.<\/p>\n<div>\n<div>\n<div><strong>Kapacita: \u00a0\u00a0<\/strong>3000 ks\u00a0po 60 g<\/div>\n<div><strong>Rozsah hmotnosti: \u00a0\u00a0<\/strong>20 &#8211; 600 g<\/div>\n<div><strong>Pr\u00edkon:<\/strong>\u00a0\u00a0 1,1 kW<\/div>\n<div><strong>Rozmery (\u0161 x hl):<\/strong>\u00a0\u00a0\u00a0810 x 673\u00a0mm<\/div>\n<\/div>\n<p>&nbsp;<\/p>\n<div>\n<p>Viac inform\u00e1ci\u00ed o tomto rohl\u00edkovacom stroji n\u00e1jdtete v prilo\u017eenom let\u00e1ku <a href=\"http:\/\/omega-bakery.com\/sk\/wp-content\/uploads\/2021\/04\/Rollomat-rohlikovac-0823.pdf\" target=\"newtab\" rel=\"noopener\">TU<\/a><\/p>\n<\/div>\n<\/div>\n<p> [&#8230;]<\/p>\n<p><a class=\"btn btn-secondary understrap-read-more-link\" href=\"https:\/\/omega-bakery.com\/sk\/produkt\/rollomat-rohlikovaci-stroj\/\">Read More&#8230;<\/a><\/p>\n","protected":false},"featured_media":612,"template":"","meta":[],"yoast_head":"<!-- This site is optimized with the Yoast SEO plugin v17.1 - https:\/\/yoast.com\/wordpress\/plugins\/seo\/ -->\n<title>Rollomat rohl\u00edkovac\u00ed stroj - Omega Bakery<\/title>\n<meta name=\"robots\" content=\"index, follow, max-snippet:-1, max-image-preview:large, max-video-preview:-1\" \/>\n<link rel=\"canonical\" href=\"https:\/\/omega-bakery.com\/sk\/produkt\/rollomat-rohlikovaci-stroj\/\" \/>\n<meta property=\"og:locale\" content=\"sk_SK\" \/>\n<meta property=\"og:type\" content=\"article\" \/>\n<meta property=\"og:title\" content=\"Rollomat rohl\u00edkovac\u00ed stroj - Omega Bakery\" \/>\n<meta property=\"og:description\" content=\"Robustn\u00fd a v\u00fdkonn\u00fd stroj na zvinutie ro\u017ekov vyr\u00e1ba modern\u00fdm a \u010dasovo \u00fasporn\u00fdm sp\u00f4sobom kvalitn\u00e9 pe\u010divo. Pre v\u00fdrobu dlh\u00fdch ro\u017ekov, bagietek lebo dlh\u00fdch \u201epletencov\u201c pre v\u00fdrobu ru\u010dno pleten\u00fdch pletenek lebo viano\u010dek je vhodn\u00e1 varianta Rollomat 1L s dovalovacou deskou.  Je vhodn\u00fd na:   zahnut\u00e9 ro\u017eky  rovn\u00e9 ro\u017eky  to\u010den\u00e9 sendvi\u010de  mal\u00e9 bagety  pramene cesta  pracl\u00edkov\u00e9 ty\u010dinky  I mal\u00e9 k\u00fasky cesta sa vyv\u00e1\u013eaj\u00fa bez ak\u00fdchko\u013evek probl\u00e9mov.   Kapacita: \u00a0\u00a03000 ks\u00a0po 60 g Rozsah hmotnosti: \u00a0\u00a020 - 600 g Pr\u00edkon:\u00a0\u00a0 1,1 kW Rozmery (\u0161 x hl):\u00a0\u00a0\u00a0810 x 673\u00a0mm  &nbsp;   Viac inform\u00e1ci\u00ed o tomto rohl\u00edkovacom stroji n\u00e1jdtete v prilo\u017eenom let\u00e1ku TU    [...]Read More...\" \/>\n<meta property=\"og:url\" content=\"https:\/\/omega-bakery.com\/sk\/produkt\/rollomat-rohlikovaci-stroj\/\" \/>\n<meta property=\"og:site_name\" content=\"Omega Bakery\" \/>\n<meta property=\"article:modified_time\" content=\"2023-11-16T10:41:17+00:00\" \/>\n<meta property=\"og:image\" content=\"http:\/\/omega-bakery.com\/sk\/wp-content\/uploads\/2021\/04\/Rollomat-rohli\u0301kovaci\u0301-stroj.png\" \/>\n\t<meta property=\"og:image:width\" content=\"533\" \/>\n\t<meta property=\"og:image:height\" content=\"700\" \/>\n<meta name=\"twitter:card\" content=\"summary_large_image\" \/>\n<script type=\"application\/ld+json\" class=\"yoast-schema-graph\">{\"@context\":\"https:\/\/schema.org\",\"@graph\":[{\"@type\":\"WebSite\",\"@id\":\"https:\/\/omega-bakery.com\/sk\/#website\",\"url\":\"https:\/\/omega-bakery.com\/sk\/\",\"name\":\"Omega Bakery\",\"description\":\"Dodavatel stroj\\u016f a za\\u0159\\u00edzen\\u00ed pro pek\\u00e1rny\",\"potentialAction\":[{\"@type\":\"SearchAction\",\"target\":{\"@type\":\"EntryPoint\",\"urlTemplate\":\"https:\/\/omega-bakery.com\/sk\/?s={search_term_string}\"},\"query-input\":\"required name=search_term_string\"}],\"inLanguage\":\"sk-SK\"},{\"@type\":\"ImageObject\",\"@id\":\"https:\/\/omega-bakery.com\/sk\/produkt\/rollomat-rohlikovaci-stroj\/#primaryimage\",\"inLanguage\":\"sk-SK\",\"url\":\"https:\/\/omega-bakery.com\/sk\/wp-content\/uploads\/2021\/04\/Rollomat-rohli\\u0301kovaci\\u0301-stroj.png\",\"contentUrl\":\"https:\/\/omega-bakery.com\/sk\/wp-content\/uploads\/2021\/04\/Rollomat-rohli\\u0301kovaci\\u0301-stroj.png\",\"width\":533,\"height\":700},{\"@type\":\"WebPage\",\"@id\":\"https:\/\/omega-bakery.com\/sk\/produkt\/rollomat-rohlikovaci-stroj\/#webpage\",\"url\":\"https:\/\/omega-bakery.com\/sk\/produkt\/rollomat-rohlikovaci-stroj\/\",\"name\":\"Rollomat rohl\\u00edkovac\\u00ed stroj - Omega Bakery\",\"isPartOf\":{\"@id\":\"https:\/\/omega-bakery.com\/sk\/#website\"},\"primaryImageOfPage\":{\"@id\":\"https:\/\/omega-bakery.com\/sk\/produkt\/rollomat-rohlikovaci-stroj\/#primaryimage\"},\"datePublished\":\"2021-04-23T14:14:24+00:00\",\"dateModified\":\"2023-11-16T10:41:17+00:00\",\"breadcrumb\":{\"@id\":\"https:\/\/omega-bakery.com\/sk\/produkt\/rollomat-rohlikovaci-stroj\/#breadcrumb\"},\"inLanguage\":\"sk-SK\",\"potentialAction\":[{\"@type\":\"ReadAction\",\"target\":[\"https:\/\/omega-bakery.com\/sk\/produkt\/rollomat-rohlikovaci-stroj\/\"]}]},{\"@type\":\"BreadcrumbList\",\"@id\":\"https:\/\/omega-bakery.com\/sk\/produkt\/rollomat-rohlikovaci-stroj\/#breadcrumb\",\"itemListElement\":[{\"@type\":\"ListItem\",\"position\":1,\"name\":\"Dom\\u016f\",\"item\":\"https:\/\/omega-bakery.com\/sk\/\"},{\"@type\":\"ListItem\",\"position\":2,\"name\":\"Stroje a zariadenia\",\"item\":\"https:\/\/omega-bakery.com\/sk\/stroje-a-zariadenia\/\"},{\"@type\":\"ListItem\",\"position\":3,\"name\":\"Stroje a linky na spracovanie cesta\",\"item\":\"https:\/\/omega-bakery.com\/sk\/stroje-a-zarizeni\/stroje-a-linky-na-spracovanie-cesta\/\"},{\"@type\":\"ListItem\",\"position\":4,\"name\":\"Rohl\\u00edkova\\u010de, bagetova\\u010de, houskova\\u010de\",\"item\":\"https:\/\/omega-bakery.com\/sk\/stroje-a-zarizeni\/stroje-a-linky-na-spracovanie-cesta\/rohlikovace-bagetovace-houskovace\/\"},{\"@type\":\"ListItem\",\"position\":5,\"name\":\"Rollomat rohl\\u00edkovac\\u00ed stroj\"}]}]}<\/script>\n<!-- \/ Yoast SEO plugin. -->","yoast_head_json":{"title":"Rollomat rohl\u00edkovac\u00ed stroj - Omega Bakery","robots":{"index":"index","follow":"follow","max-snippet":"max-snippet:-1","max-image-preview":"max-image-preview:large","max-video-preview":"max-video-preview:-1"},"canonical":"https:\/\/omega-bakery.com\/sk\/produkt\/rollomat-rohlikovaci-stroj\/","og_locale":"sk_SK","og_type":"article","og_title":"Rollomat rohl\u00edkovac\u00ed stroj - Omega Bakery","og_description":"Robustn\u00fd a v\u00fdkonn\u00fd stroj na zvinutie ro\u017ekov vyr\u00e1ba modern\u00fdm a \u010dasovo \u00fasporn\u00fdm sp\u00f4sobom kvalitn\u00e9 pe\u010divo. Pre v\u00fdrobu dlh\u00fdch ro\u017ekov, bagietek lebo dlh\u00fdch \u201epletencov\u201c pre v\u00fdrobu ru\u010dno pleten\u00fdch pletenek lebo viano\u010dek je vhodn\u00e1 varianta Rollomat 1L s dovalovacou deskou.  Je vhodn\u00fd na:   zahnut\u00e9 ro\u017eky  rovn\u00e9 ro\u017eky  to\u010den\u00e9 sendvi\u010de  mal\u00e9 bagety  pramene cesta  pracl\u00edkov\u00e9 ty\u010dinky  I mal\u00e9 k\u00fasky cesta sa vyv\u00e1\u013eaj\u00fa bez ak\u00fdchko\u013evek probl\u00e9mov.   Kapacita: \u00a0\u00a03000 ks\u00a0po 60 g Rozsah hmotnosti: \u00a0\u00a020 - 600 g Pr\u00edkon:\u00a0\u00a0 1,1 kW Rozmery (\u0161 x hl):\u00a0\u00a0\u00a0810 x 673\u00a0mm  &nbsp;   Viac inform\u00e1ci\u00ed o tomto rohl\u00edkovacom stroji n\u00e1jdtete v prilo\u017eenom let\u00e1ku TU    [...]Read More...","og_url":"https:\/\/omega-bakery.com\/sk\/produkt\/rollomat-rohlikovaci-stroj\/","og_site_name":"Omega Bakery","article_modified_time":"2023-11-16T10:41:17+00:00","og_image":[{"width":533,"height":700,"url":"http:\/\/omega-bakery.com\/sk\/wp-content\/uploads\/2021\/04\/Rollomat-rohli\u0301kovaci\u0301-stroj.png","path":"\/data\/web\/virtuals\/278194\/virtual\/www\/domains\/omega-bakery.com\/sk\/wp-content\/uploads\/2021\/04\/Rollomat-rohli\u0301kovaci\u0301-stroj.png","size":"full","id":612,"alt":"","pixels":373100,"type":"image\/png"}],"twitter_card":"summary_large_image","schema":{"@context":"https:\/\/schema.org","@graph":[{"@type":"WebSite","@id":"https:\/\/omega-bakery.com\/sk\/#website","url":"https:\/\/omega-bakery.com\/sk\/","name":"Omega Bakery","description":"Dodavatel stroj\u016f a za\u0159\u00edzen\u00ed pro pek\u00e1rny","potentialAction":[{"@type":"SearchAction","target":{"@type":"EntryPoint","urlTemplate":"https:\/\/omega-bakery.com\/sk\/?s={search_term_string}"},"query-input":"required name=search_term_string"}],"inLanguage":"sk-SK"},{"@type":"ImageObject","@id":"https:\/\/omega-bakery.com\/sk\/produkt\/rollomat-rohlikovaci-stroj\/#primaryimage","inLanguage":"sk-SK","url":"https:\/\/omega-bakery.com\/sk\/wp-content\/uploads\/2021\/04\/Rollomat-rohli\u0301kovaci\u0301-stroj.png","contentUrl":"https:\/\/omega-bakery.com\/sk\/wp-content\/uploads\/2021\/04\/Rollomat-rohli\u0301kovaci\u0301-stroj.png","width":533,"height":700},{"@type":"WebPage","@id":"https:\/\/omega-bakery.com\/sk\/produkt\/rollomat-rohlikovaci-stroj\/#webpage","url":"https:\/\/omega-bakery.com\/sk\/produkt\/rollomat-rohlikovaci-stroj\/","name":"Rollomat rohl\u00edkovac\u00ed stroj - Omega Bakery","isPartOf":{"@id":"https:\/\/omega-bakery.com\/sk\/#website"},"primaryImageOfPage":{"@id":"https:\/\/omega-bakery.com\/sk\/produkt\/rollomat-rohlikovaci-stroj\/#primaryimage"},"datePublished":"2021-04-23T14:14:24+00:00","dateModified":"2023-11-16T10:41:17+00:00","breadcrumb":{"@id":"https:\/\/omega-bakery.com\/sk\/produkt\/rollomat-rohlikovaci-stroj\/#breadcrumb"},"inLanguage":"sk-SK","potentialAction":[{"@type":"ReadAction","target":["https:\/\/omega-bakery.com\/sk\/produkt\/rollomat-rohlikovaci-stroj\/"]}]},{"@type":"BreadcrumbList","@id":"https:\/\/omega-bakery.com\/sk\/produkt\/rollomat-rohlikovaci-stroj\/#breadcrumb","itemListElement":[{"@type":"ListItem","position":1,"name":"Dom\u016f","item":"https:\/\/omega-bakery.com\/sk\/"},{"@type":"ListItem","position":2,"name":"Stroje a zariadenia","item":"https:\/\/omega-bakery.com\/sk\/stroje-a-zariadenia\/"},{"@type":"ListItem","position":3,"name":"Stroje a linky na spracovanie cesta","item":"https:\/\/omega-bakery.com\/sk\/stroje-a-zarizeni\/stroje-a-linky-na-spracovanie-cesta\/"},{"@type":"ListItem","position":4,"name":"Rohl\u00edkova\u010de, bagetova\u010de, houskova\u010de","item":"https:\/\/omega-bakery.com\/sk\/stroje-a-zarizeni\/stroje-a-linky-na-spracovanie-cesta\/rohlikovace-bagetovace-houskovace\/"},{"@type":"ListItem","position":5,"name":"Rollomat rohl\u00edkovac\u00ed stroj"}]}]}},"_links":{"self":[{"href":"https:\/\/omega-bakery.com\/sk\/wp-json\/wp\/v2\/product\/292"}],"collection":[{"href":"https:\/\/omega-bakery.com\/sk\/wp-json\/wp\/v2\/product"}],"about":[{"href":"https:\/\/omega-bakery.com\/sk\/wp-json\/wp\/v2\/types\/product"}],"wp:featuredmedia":[{"embeddable":true,"href":"https:\/\/omega-bakery.com\/sk\/wp-json\/wp\/v2\/media\/612"}],"wp:attachment":[{"href":"https:\/\/omega-bakery.com\/sk\/wp-json\/wp\/v2\/media?parent=292"}],"curies":[{"name":"wp","href":"https:\/\/api.w.org\/{rel}","templated":true}]}}