{"id":294,"date":"2021-04-23T16:14:57","date_gmt":"2021-04-23T14:14:57","guid":{"rendered":"http:\/\/omega-bakery.com\/sk\/?post_type=product&#038;p=294"},"modified":"2024-01-22T13:34:06","modified_gmt":"2024-01-22T11:34:06","slug":"glimek-mo-300","status":"publish","type":"product","link":"https:\/\/omega-bakery.com\/sk\/produkt\/glimek-mo-300\/","title":{"rendered":"Glimek MO 300"},"content":{"rendered":"","protected":false},"excerpt":{"rendered":"<p><strong>Hlavn\u00e9 znaky:<\/strong><\/p>\n<ul>\n<li>2 p\u00e1ry tvarovac\u00edch valcov<\/li>\n<li>jednoducho nastavite\u013en\u00e1 pr\u00edtla\u010dn\u00e1 doska s dvoma bo\u010dn\u00fdmi vod\u00edtkami<\/li>\n<li>nastavite\u013en\u00e1 pracovn\u00e1 \u0161\u00edrka do 650 mm<\/li>\n<li>opl\u00e1\u0161tenie z nerezovej ocele<\/li>\n<li>jednoduch\u00e1 \u00fadr\u017eba a \u010distenie<\/li>\n<\/ul>\n<div><strong>Hodinov\u00fd v\u00fdkon stroja: \u00a0 <\/strong>3000 ks \/ hod<\/div>\n<div><strong>Pr\u00edkon:<\/strong>\u00a0\u00a0 1,1 kW<\/div>\n<div><strong>Rozmery (\u0161 x d x v):<\/strong>\u00a0 2282 x 844 x 1480 + 390 mm n\u00e1sypka<\/div>\n<div><strong>Hmotnos\u0165: <\/strong>\u00a0 520 kg<\/div>\n<p>&nbsp;<\/p>\n<div>\n<p>Viac inform\u00e1ci\u00ed o tomto vyva\u013eovacom stroji n\u00e1jdete v prilo\u017eenom let\u00e1ku <a href=\"http:\/\/omega-bakery.com\/sk\/wp-content\/uploads\/2021\/04\/Glimek-vyvalovac-MO-300-0823.pdf\" target=\"_blank\" rel=\"noopener\">TU<\/a><\/p>\n<\/div>\n<p> [&#8230;]<\/p>\n<p><a class=\"btn btn-secondary understrap-read-more-link\" href=\"https:\/\/omega-bakery.com\/sk\/produkt\/glimek-mo-300\/\">Read More&#8230;<\/a><\/p>\n","protected":false},"featured_media":632,"template":"","meta":[],"yoast_head":"<!-- This site is optimized with the Yoast SEO plugin v17.1 - https:\/\/yoast.com\/wordpress\/plugins\/seo\/ -->\n<title>Glimek MO 300 - Omega Bakery<\/title>\n<meta name=\"robots\" content=\"index, follow, max-snippet:-1, max-image-preview:large, max-video-preview:-1\" \/>\n<link rel=\"canonical\" href=\"https:\/\/omega-bakery.com\/sk\/produkt\/glimek-mo-300\/\" \/>\n<meta property=\"og:locale\" content=\"sk_SK\" \/>\n<meta property=\"og:type\" content=\"article\" \/>\n<meta property=\"og:title\" content=\"Glimek MO 300 - Omega Bakery\" \/>\n<meta property=\"og:description\" content=\"Hlavn\u00e9 znaky:   2 p\u00e1ry tvarovac\u00edch valcov  jednoducho nastavite\u013en\u00e1 pr\u00edtla\u010dn\u00e1 doska s dvoma bo\u010dn\u00fdmi vod\u00edtkami  nastavite\u013en\u00e1 pracovn\u00e1 \u0161\u00edrka do 650 mm  opl\u00e1\u0161tenie z nerezovej ocele  jednoduch\u00e1 \u00fadr\u017eba a \u010distenie  Hodinov\u00fd v\u00fdkon stroja: \u00a0 3000 ks \/ hod Pr\u00edkon:\u00a0\u00a0 1,1 kW Rozmery (\u0161 x d x v):\u00a0 2282 x 844 x 1480 + 390 mm n\u00e1sypka Hmotnos\u0165: \u00a0 520 kg &nbsp;   Viac inform\u00e1ci\u00ed o tomto vyva\u013eovacom stroji n\u00e1jdete v prilo\u017eenom let\u00e1ku TU   [...]Read More...\" \/>\n<meta property=\"og:url\" content=\"https:\/\/omega-bakery.com\/sk\/produkt\/glimek-mo-300\/\" \/>\n<meta property=\"og:site_name\" content=\"Omega Bakery\" \/>\n<meta property=\"article:modified_time\" content=\"2024-01-22T11:34:06+00:00\" \/>\n<meta property=\"og:image\" content=\"http:\/\/omega-bakery.com\/sk\/wp-content\/uploads\/2021\/04\/Glimek-MO-300.png\" \/>\n\t<meta property=\"og:image:width\" content=\"533\" \/>\n\t<meta property=\"og:image:height\" content=\"700\" \/>\n<meta name=\"twitter:card\" content=\"summary_large_image\" \/>\n<script type=\"application\/ld+json\" class=\"yoast-schema-graph\">{\"@context\":\"https:\/\/schema.org\",\"@graph\":[{\"@type\":\"WebSite\",\"@id\":\"https:\/\/omega-bakery.com\/sk\/#website\",\"url\":\"https:\/\/omega-bakery.com\/sk\/\",\"name\":\"Omega Bakery\",\"description\":\"Dodavatel stroj\\u016f a za\\u0159\\u00edzen\\u00ed pro pek\\u00e1rny\",\"potentialAction\":[{\"@type\":\"SearchAction\",\"target\":{\"@type\":\"EntryPoint\",\"urlTemplate\":\"https:\/\/omega-bakery.com\/sk\/?s={search_term_string}\"},\"query-input\":\"required name=search_term_string\"}],\"inLanguage\":\"sk-SK\"},{\"@type\":\"ImageObject\",\"@id\":\"https:\/\/omega-bakery.com\/sk\/produkt\/glimek-mo-300\/#primaryimage\",\"inLanguage\":\"sk-SK\",\"url\":\"https:\/\/omega-bakery.com\/sk\/wp-content\/uploads\/2021\/04\/Glimek-MO-300.png\",\"contentUrl\":\"https:\/\/omega-bakery.com\/sk\/wp-content\/uploads\/2021\/04\/Glimek-MO-300.png\",\"width\":533,\"height\":700},{\"@type\":\"WebPage\",\"@id\":\"https:\/\/omega-bakery.com\/sk\/produkt\/glimek-mo-300\/#webpage\",\"url\":\"https:\/\/omega-bakery.com\/sk\/produkt\/glimek-mo-300\/\",\"name\":\"Glimek MO 300 - Omega Bakery\",\"isPartOf\":{\"@id\":\"https:\/\/omega-bakery.com\/sk\/#website\"},\"primaryImageOfPage\":{\"@id\":\"https:\/\/omega-bakery.com\/sk\/produkt\/glimek-mo-300\/#primaryimage\"},\"datePublished\":\"2021-04-23T14:14:57+00:00\",\"dateModified\":\"2024-01-22T11:34:06+00:00\",\"breadcrumb\":{\"@id\":\"https:\/\/omega-bakery.com\/sk\/produkt\/glimek-mo-300\/#breadcrumb\"},\"inLanguage\":\"sk-SK\",\"potentialAction\":[{\"@type\":\"ReadAction\",\"target\":[\"https:\/\/omega-bakery.com\/sk\/produkt\/glimek-mo-300\/\"]}]},{\"@type\":\"BreadcrumbList\",\"@id\":\"https:\/\/omega-bakery.com\/sk\/produkt\/glimek-mo-300\/#breadcrumb\",\"itemListElement\":[{\"@type\":\"ListItem\",\"position\":1,\"name\":\"Dom\\u016f\",\"item\":\"https:\/\/omega-bakery.com\/sk\/\"},{\"@type\":\"ListItem\",\"position\":2,\"name\":\"Stroje a zariadenia\",\"item\":\"https:\/\/omega-bakery.com\/sk\/stroje-a-zariadenia\/\"},{\"@type\":\"ListItem\",\"position\":3,\"name\":\"Stroje a linky na spracovanie cesta\",\"item\":\"https:\/\/omega-bakery.com\/sk\/stroje-a-zarizeni\/stroje-a-linky-na-spracovanie-cesta\/\"},{\"@type\":\"ListItem\",\"position\":4,\"name\":\"Vygu\\u013eova\\u010de a vyvalova\\u010de\",\"item\":\"https:\/\/omega-bakery.com\/sk\/stroje-a-zarizeni\/stroje-a-linky-na-spracovanie-cesta\/vygulovace-a-vyvalovace\/\"},{\"@type\":\"ListItem\",\"position\":5,\"name\":\"Glimek MO 300\"}]}]}<\/script>\n<!-- \/ Yoast SEO plugin. -->","yoast_head_json":{"title":"Glimek MO 300 - Omega Bakery","robots":{"index":"index","follow":"follow","max-snippet":"max-snippet:-1","max-image-preview":"max-image-preview:large","max-video-preview":"max-video-preview:-1"},"canonical":"https:\/\/omega-bakery.com\/sk\/produkt\/glimek-mo-300\/","og_locale":"sk_SK","og_type":"article","og_title":"Glimek MO 300 - Omega Bakery","og_description":"Hlavn\u00e9 znaky:   2 p\u00e1ry tvarovac\u00edch valcov  jednoducho nastavite\u013en\u00e1 pr\u00edtla\u010dn\u00e1 doska s dvoma bo\u010dn\u00fdmi vod\u00edtkami  nastavite\u013en\u00e1 pracovn\u00e1 \u0161\u00edrka do 650 mm  opl\u00e1\u0161tenie z nerezovej ocele  jednoduch\u00e1 \u00fadr\u017eba a \u010distenie  Hodinov\u00fd v\u00fdkon stroja: \u00a0 3000 ks \/ hod Pr\u00edkon:\u00a0\u00a0 1,1 kW Rozmery (\u0161 x d x v):\u00a0 2282 x 844 x 1480 + 390 mm n\u00e1sypka Hmotnos\u0165: \u00a0 520 kg &nbsp;   Viac inform\u00e1ci\u00ed o tomto vyva\u013eovacom stroji n\u00e1jdete v prilo\u017eenom let\u00e1ku TU   [...]Read More...","og_url":"https:\/\/omega-bakery.com\/sk\/produkt\/glimek-mo-300\/","og_site_name":"Omega Bakery","article_modified_time":"2024-01-22T11:34:06+00:00","og_image":[{"width":533,"height":700,"url":"http:\/\/omega-bakery.com\/sk\/wp-content\/uploads\/2021\/04\/Glimek-MO-300.png","path":"\/data\/web\/virtuals\/278194\/virtual\/www\/domains\/omega-bakery.com\/sk\/wp-content\/uploads\/2021\/04\/Glimek-MO-300.png","size":"full","id":632,"alt":"","pixels":373100,"type":"image\/png"}],"twitter_card":"summary_large_image","schema":{"@context":"https:\/\/schema.org","@graph":[{"@type":"WebSite","@id":"https:\/\/omega-bakery.com\/sk\/#website","url":"https:\/\/omega-bakery.com\/sk\/","name":"Omega Bakery","description":"Dodavatel stroj\u016f a za\u0159\u00edzen\u00ed pro pek\u00e1rny","potentialAction":[{"@type":"SearchAction","target":{"@type":"EntryPoint","urlTemplate":"https:\/\/omega-bakery.com\/sk\/?s={search_term_string}"},"query-input":"required name=search_term_string"}],"inLanguage":"sk-SK"},{"@type":"ImageObject","@id":"https:\/\/omega-bakery.com\/sk\/produkt\/glimek-mo-300\/#primaryimage","inLanguage":"sk-SK","url":"https:\/\/omega-bakery.com\/sk\/wp-content\/uploads\/2021\/04\/Glimek-MO-300.png","contentUrl":"https:\/\/omega-bakery.com\/sk\/wp-content\/uploads\/2021\/04\/Glimek-MO-300.png","width":533,"height":700},{"@type":"WebPage","@id":"https:\/\/omega-bakery.com\/sk\/produkt\/glimek-mo-300\/#webpage","url":"https:\/\/omega-bakery.com\/sk\/produkt\/glimek-mo-300\/","name":"Glimek MO 300 - Omega Bakery","isPartOf":{"@id":"https:\/\/omega-bakery.com\/sk\/#website"},"primaryImageOfPage":{"@id":"https:\/\/omega-bakery.com\/sk\/produkt\/glimek-mo-300\/#primaryimage"},"datePublished":"2021-04-23T14:14:57+00:00","dateModified":"2024-01-22T11:34:06+00:00","breadcrumb":{"@id":"https:\/\/omega-bakery.com\/sk\/produkt\/glimek-mo-300\/#breadcrumb"},"inLanguage":"sk-SK","potentialAction":[{"@type":"ReadAction","target":["https:\/\/omega-bakery.com\/sk\/produkt\/glimek-mo-300\/"]}]},{"@type":"BreadcrumbList","@id":"https:\/\/omega-bakery.com\/sk\/produkt\/glimek-mo-300\/#breadcrumb","itemListElement":[{"@type":"ListItem","position":1,"name":"Dom\u016f","item":"https:\/\/omega-bakery.com\/sk\/"},{"@type":"ListItem","position":2,"name":"Stroje a zariadenia","item":"https:\/\/omega-bakery.com\/sk\/stroje-a-zariadenia\/"},{"@type":"ListItem","position":3,"name":"Stroje a linky na spracovanie cesta","item":"https:\/\/omega-bakery.com\/sk\/stroje-a-zarizeni\/stroje-a-linky-na-spracovanie-cesta\/"},{"@type":"ListItem","position":4,"name":"Vygu\u013eova\u010de a vyvalova\u010de","item":"https:\/\/omega-bakery.com\/sk\/stroje-a-zarizeni\/stroje-a-linky-na-spracovanie-cesta\/vygulovace-a-vyvalovace\/"},{"@type":"ListItem","position":5,"name":"Glimek MO 300"}]}]}},"_links":{"self":[{"href":"https:\/\/omega-bakery.com\/sk\/wp-json\/wp\/v2\/product\/294"}],"collection":[{"href":"https:\/\/omega-bakery.com\/sk\/wp-json\/wp\/v2\/product"}],"about":[{"href":"https:\/\/omega-bakery.com\/sk\/wp-json\/wp\/v2\/types\/product"}],"wp:featuredmedia":[{"embeddable":true,"href":"https:\/\/omega-bakery.com\/sk\/wp-json\/wp\/v2\/media\/632"}],"wp:attachment":[{"href":"https:\/\/omega-bakery.com\/sk\/wp-json\/wp\/v2\/media?parent=294"}],"curies":[{"name":"wp","href":"https:\/\/api.w.org\/{rel}","templated":true}]}}