{"id":295,"date":"2021-04-23T16:15:13","date_gmt":"2021-04-23T14:15:13","guid":{"rendered":"http:\/\/omega-bakery.com\/sk\/?post_type=product&#038;p=295"},"modified":"2024-01-22T13:32:18","modified_gmt":"2024-01-22T11:32:18","slug":"glimek-cr-400","status":"publish","type":"product","link":"https:\/\/omega-bakery.com\/sk\/produkt\/glimek-cr-400\/","title":{"rendered":"Glimek CR 400"},"content":{"rendered":"","protected":false},"excerpt":{"rendered":"<p><strong>Hlavn\u00e9 znaky:<\/strong><\/p>\n<ul>\n<li>klasick\u00fd k\u00f3nick\u00fd vygu\u013eova\u010d na \u0161irok\u00e9 vyu\u017eitie<\/li>\n<li>Glim \u2013 Metalic potefl\u00f3novan\u00fd ku\u017ee\u013e<\/li>\n<li>potefl\u00f3novan\u00e9, centr\u00e1lne nastavite\u013en\u00e9 mantinely<\/li>\n<li>elektronika vo vn\u00fatri stroja<\/li>\n<li>\u013eahk\u00e1 \u00fadr\u017eba a \u010distenie<\/li>\n<\/ul>\n<p><strong>Volite\u013en\u00e9 pr\u00edslu\u0161enstvo:<\/strong><\/p>\n<ul>\n<li>pom\u00fa\u010d\u0148ovanie<\/li>\n<li>nastavite\u013en\u00e1 r\u00fdchlos\u0165 ku\u017ee\u013ea<\/li>\n<li>ohrev ku\u017ee\u013ea ofukom<\/li>\n<li>vyn\u00e1\u0161ac\u00ed dopravn\u00edk<\/li>\n<li>olejovanie ku\u017eela rozpra\u0161ovan\u00edm<\/li>\n<\/ul>\n<div>\n<div><strong>Hodinov\u00fd v\u00fdkon stroja: \u00a0 <\/strong>a\u017e 4000 ks \/ hod<\/div>\n<div><strong>Pr\u00edkon:<\/strong>\u00a0\u00a0 1,5 kW<\/div>\n<p>&nbsp;<\/p>\n<div>\n<p>Viac inform\u00e1ci\u00ed o tomto vygu\u013eovacom stroji n\u00e1jdete v prilo\u017eenom let\u00e1ku <a href=\"http:\/\/omega-bakery.com\/sk\/wp-content\/uploads\/2021\/04\/Glimek-vykulovac-CR-400-0823.pdf\" target=\"_blank\" rel=\"noopener\">TU<\/a><\/p>\n<\/div>\n<\/div>\n<p> [&#8230;]<\/p>\n<p><a class=\"btn btn-secondary understrap-read-more-link\" href=\"https:\/\/omega-bakery.com\/sk\/produkt\/glimek-cr-400\/\">Read More&#8230;<\/a><\/p>\n","protected":false},"featured_media":1954,"template":"","meta":[],"yoast_head":"<!-- This site is optimized with the Yoast SEO plugin v17.1 - https:\/\/yoast.com\/wordpress\/plugins\/seo\/ -->\n<title>Glimek CR 400 - Omega Bakery<\/title>\n<meta name=\"robots\" content=\"index, follow, max-snippet:-1, max-image-preview:large, max-video-preview:-1\" \/>\n<link rel=\"canonical\" href=\"https:\/\/omega-bakery.com\/sk\/produkt\/glimek-cr-400\/\" \/>\n<meta property=\"og:locale\" content=\"sk_SK\" \/>\n<meta property=\"og:type\" content=\"article\" \/>\n<meta property=\"og:title\" content=\"Glimek CR 400 - Omega Bakery\" \/>\n<meta property=\"og:description\" content=\"Hlavn\u00e9 znaky:   klasick\u00fd k\u00f3nick\u00fd vygu\u013eova\u010d na \u0161irok\u00e9 vyu\u017eitie  Glim \u2013 Metalic potefl\u00f3novan\u00fd ku\u017ee\u013e  potefl\u00f3novan\u00e9, centr\u00e1lne nastavite\u013en\u00e9 mantinely  elektronika vo vn\u00fatri stroja  \u013eahk\u00e1 \u00fadr\u017eba a \u010distenie  Volite\u013en\u00e9 pr\u00edslu\u0161enstvo:   pom\u00fa\u010d\u0148ovanie  nastavite\u013en\u00e1 r\u00fdchlos\u0165 ku\u017ee\u013ea  ohrev ku\u017ee\u013ea ofukom  vyn\u00e1\u0161ac\u00ed dopravn\u00edk  olejovanie ku\u017eela rozpra\u0161ovan\u00edm   Hodinov\u00fd v\u00fdkon stroja: \u00a0 a\u017e 4000 ks \/ hod Pr\u00edkon:\u00a0\u00a0 1,5 kW &nbsp;   Viac inform\u00e1ci\u00ed o tomto vygu\u013eovacom stroji n\u00e1jdete v prilo\u017eenom let\u00e1ku TU    [...]Read More...\" \/>\n<meta property=\"og:url\" content=\"https:\/\/omega-bakery.com\/sk\/produkt\/glimek-cr-400\/\" \/>\n<meta property=\"og:site_name\" content=\"Omega Bakery\" \/>\n<meta property=\"article:modified_time\" content=\"2024-01-22T11:32:18+00:00\" \/>\n<meta property=\"og:image\" content=\"http:\/\/omega-bakery.com\/sk\/wp-content\/uploads\/2021\/04\/Glimek-CR-400-d.jpg\" \/>\n\t<meta property=\"og:image:width\" content=\"532\" \/>\n\t<meta property=\"og:image:height\" content=\"620\" \/>\n<meta name=\"twitter:card\" content=\"summary_large_image\" \/>\n<script type=\"application\/ld+json\" class=\"yoast-schema-graph\">{\"@context\":\"https:\/\/schema.org\",\"@graph\":[{\"@type\":\"WebSite\",\"@id\":\"https:\/\/omega-bakery.com\/sk\/#website\",\"url\":\"https:\/\/omega-bakery.com\/sk\/\",\"name\":\"Omega Bakery\",\"description\":\"Dodavatel stroj\\u016f a za\\u0159\\u00edzen\\u00ed pro pek\\u00e1rny\",\"potentialAction\":[{\"@type\":\"SearchAction\",\"target\":{\"@type\":\"EntryPoint\",\"urlTemplate\":\"https:\/\/omega-bakery.com\/sk\/?s={search_term_string}\"},\"query-input\":\"required name=search_term_string\"}],\"inLanguage\":\"sk-SK\"},{\"@type\":\"ImageObject\",\"@id\":\"https:\/\/omega-bakery.com\/sk\/produkt\/glimek-cr-400\/#primaryimage\",\"inLanguage\":\"sk-SK\",\"url\":\"https:\/\/omega-bakery.com\/sk\/wp-content\/uploads\/2021\/04\/Glimek-CR-400-d.jpg\",\"contentUrl\":\"https:\/\/omega-bakery.com\/sk\/wp-content\/uploads\/2021\/04\/Glimek-CR-400-d.jpg\",\"width\":532,\"height\":620},{\"@type\":\"WebPage\",\"@id\":\"https:\/\/omega-bakery.com\/sk\/produkt\/glimek-cr-400\/#webpage\",\"url\":\"https:\/\/omega-bakery.com\/sk\/produkt\/glimek-cr-400\/\",\"name\":\"Glimek CR 400 - Omega Bakery\",\"isPartOf\":{\"@id\":\"https:\/\/omega-bakery.com\/sk\/#website\"},\"primaryImageOfPage\":{\"@id\":\"https:\/\/omega-bakery.com\/sk\/produkt\/glimek-cr-400\/#primaryimage\"},\"datePublished\":\"2021-04-23T14:15:13+00:00\",\"dateModified\":\"2024-01-22T11:32:18+00:00\",\"breadcrumb\":{\"@id\":\"https:\/\/omega-bakery.com\/sk\/produkt\/glimek-cr-400\/#breadcrumb\"},\"inLanguage\":\"sk-SK\",\"potentialAction\":[{\"@type\":\"ReadAction\",\"target\":[\"https:\/\/omega-bakery.com\/sk\/produkt\/glimek-cr-400\/\"]}]},{\"@type\":\"BreadcrumbList\",\"@id\":\"https:\/\/omega-bakery.com\/sk\/produkt\/glimek-cr-400\/#breadcrumb\",\"itemListElement\":[{\"@type\":\"ListItem\",\"position\":1,\"name\":\"Dom\\u016f\",\"item\":\"https:\/\/omega-bakery.com\/sk\/\"},{\"@type\":\"ListItem\",\"position\":2,\"name\":\"Stroje a zariadenia\",\"item\":\"https:\/\/omega-bakery.com\/sk\/stroje-a-zariadenia\/\"},{\"@type\":\"ListItem\",\"position\":3,\"name\":\"Stroje a linky na spracovanie cesta\",\"item\":\"https:\/\/omega-bakery.com\/sk\/stroje-a-zarizeni\/stroje-a-linky-na-spracovanie-cesta\/\"},{\"@type\":\"ListItem\",\"position\":4,\"name\":\"Vygu\\u013eova\\u010de a vyvalova\\u010de\",\"item\":\"https:\/\/omega-bakery.com\/sk\/stroje-a-zarizeni\/stroje-a-linky-na-spracovanie-cesta\/vygulovace-a-vyvalovace\/\"},{\"@type\":\"ListItem\",\"position\":5,\"name\":\"Glimek CR 400\"}]}]}<\/script>\n<!-- \/ Yoast SEO plugin. -->","yoast_head_json":{"title":"Glimek CR 400 - Omega Bakery","robots":{"index":"index","follow":"follow","max-snippet":"max-snippet:-1","max-image-preview":"max-image-preview:large","max-video-preview":"max-video-preview:-1"},"canonical":"https:\/\/omega-bakery.com\/sk\/produkt\/glimek-cr-400\/","og_locale":"sk_SK","og_type":"article","og_title":"Glimek CR 400 - Omega Bakery","og_description":"Hlavn\u00e9 znaky:   klasick\u00fd k\u00f3nick\u00fd vygu\u013eova\u010d na \u0161irok\u00e9 vyu\u017eitie  Glim \u2013 Metalic potefl\u00f3novan\u00fd ku\u017ee\u013e  potefl\u00f3novan\u00e9, centr\u00e1lne nastavite\u013en\u00e9 mantinely  elektronika vo vn\u00fatri stroja  \u013eahk\u00e1 \u00fadr\u017eba a \u010distenie  Volite\u013en\u00e9 pr\u00edslu\u0161enstvo:   pom\u00fa\u010d\u0148ovanie  nastavite\u013en\u00e1 r\u00fdchlos\u0165 ku\u017ee\u013ea  ohrev ku\u017ee\u013ea ofukom  vyn\u00e1\u0161ac\u00ed dopravn\u00edk  olejovanie ku\u017eela rozpra\u0161ovan\u00edm   Hodinov\u00fd v\u00fdkon stroja: \u00a0 a\u017e 4000 ks \/ hod Pr\u00edkon:\u00a0\u00a0 1,5 kW &nbsp;   Viac inform\u00e1ci\u00ed o tomto vygu\u013eovacom stroji n\u00e1jdete v prilo\u017eenom let\u00e1ku TU    [...]Read More...","og_url":"https:\/\/omega-bakery.com\/sk\/produkt\/glimek-cr-400\/","og_site_name":"Omega Bakery","article_modified_time":"2024-01-22T11:32:18+00:00","og_image":[{"width":532,"height":620,"url":"http:\/\/omega-bakery.com\/sk\/wp-content\/uploads\/2021\/04\/Glimek-CR-400-d.jpg","path":"\/data\/web\/virtuals\/278194\/virtual\/www\/domains\/omega-bakery.com\/sk\/wp-content\/uploads\/2021\/04\/Glimek-CR-400-d.jpg","size":"full","id":1954,"alt":"","pixels":329840,"type":"image\/jpeg"}],"twitter_card":"summary_large_image","schema":{"@context":"https:\/\/schema.org","@graph":[{"@type":"WebSite","@id":"https:\/\/omega-bakery.com\/sk\/#website","url":"https:\/\/omega-bakery.com\/sk\/","name":"Omega Bakery","description":"Dodavatel stroj\u016f a za\u0159\u00edzen\u00ed pro pek\u00e1rny","potentialAction":[{"@type":"SearchAction","target":{"@type":"EntryPoint","urlTemplate":"https:\/\/omega-bakery.com\/sk\/?s={search_term_string}"},"query-input":"required name=search_term_string"}],"inLanguage":"sk-SK"},{"@type":"ImageObject","@id":"https:\/\/omega-bakery.com\/sk\/produkt\/glimek-cr-400\/#primaryimage","inLanguage":"sk-SK","url":"https:\/\/omega-bakery.com\/sk\/wp-content\/uploads\/2021\/04\/Glimek-CR-400-d.jpg","contentUrl":"https:\/\/omega-bakery.com\/sk\/wp-content\/uploads\/2021\/04\/Glimek-CR-400-d.jpg","width":532,"height":620},{"@type":"WebPage","@id":"https:\/\/omega-bakery.com\/sk\/produkt\/glimek-cr-400\/#webpage","url":"https:\/\/omega-bakery.com\/sk\/produkt\/glimek-cr-400\/","name":"Glimek CR 400 - Omega Bakery","isPartOf":{"@id":"https:\/\/omega-bakery.com\/sk\/#website"},"primaryImageOfPage":{"@id":"https:\/\/omega-bakery.com\/sk\/produkt\/glimek-cr-400\/#primaryimage"},"datePublished":"2021-04-23T14:15:13+00:00","dateModified":"2024-01-22T11:32:18+00:00","breadcrumb":{"@id":"https:\/\/omega-bakery.com\/sk\/produkt\/glimek-cr-400\/#breadcrumb"},"inLanguage":"sk-SK","potentialAction":[{"@type":"ReadAction","target":["https:\/\/omega-bakery.com\/sk\/produkt\/glimek-cr-400\/"]}]},{"@type":"BreadcrumbList","@id":"https:\/\/omega-bakery.com\/sk\/produkt\/glimek-cr-400\/#breadcrumb","itemListElement":[{"@type":"ListItem","position":1,"name":"Dom\u016f","item":"https:\/\/omega-bakery.com\/sk\/"},{"@type":"ListItem","position":2,"name":"Stroje a zariadenia","item":"https:\/\/omega-bakery.com\/sk\/stroje-a-zariadenia\/"},{"@type":"ListItem","position":3,"name":"Stroje a linky na spracovanie cesta","item":"https:\/\/omega-bakery.com\/sk\/stroje-a-zarizeni\/stroje-a-linky-na-spracovanie-cesta\/"},{"@type":"ListItem","position":4,"name":"Vygu\u013eova\u010de a vyvalova\u010de","item":"https:\/\/omega-bakery.com\/sk\/stroje-a-zarizeni\/stroje-a-linky-na-spracovanie-cesta\/vygulovace-a-vyvalovace\/"},{"@type":"ListItem","position":5,"name":"Glimek CR 400"}]}]}},"_links":{"self":[{"href":"https:\/\/omega-bakery.com\/sk\/wp-json\/wp\/v2\/product\/295"}],"collection":[{"href":"https:\/\/omega-bakery.com\/sk\/wp-json\/wp\/v2\/product"}],"about":[{"href":"https:\/\/omega-bakery.com\/sk\/wp-json\/wp\/v2\/types\/product"}],"wp:featuredmedia":[{"embeddable":true,"href":"https:\/\/omega-bakery.com\/sk\/wp-json\/wp\/v2\/media\/1954"}],"wp:attachment":[{"href":"https:\/\/omega-bakery.com\/sk\/wp-json\/wp\/v2\/media?parent=295"}],"curies":[{"name":"wp","href":"https:\/\/api.w.org\/{rel}","templated":true}]}}