{"id":296,"date":"2021-04-23T16:15:27","date_gmt":"2021-04-23T14:15:27","guid":{"rendered":"http:\/\/omega-bakery.com\/sk\/?post_type=product&#038;p=296"},"modified":"2024-01-22T13:35:46","modified_gmt":"2024-01-22T11:35:46","slug":"mopos-vk-6","status":"publish","type":"product","link":"https:\/\/omega-bakery.com\/sk\/produkt\/mopos-vk-6\/","title":{"rendered":"Mopos VK 6"},"content":{"rendered":"","protected":false},"excerpt":{"rendered":"<p>Vygu\u013aova\u010d VK-6 je zariadenie na vygu\u013aov\u00e1n\u00ed klasick\u00e9ho chleba, ktor\u00e9 nahrazuje \u0165a\u017ek\u00fa ru\u010dn\u00fa pr\u00e1cu. Zmenou r\u00fdchlosti prav\u00e9ho p\u00e1sa sa regu\u013auje dl\u017eka vygu\u013aovania.<\/p>\n<p><strong>Hlavn\u00e9 znaky:<\/strong><\/p>\n<ul>\n<li>Jednoduch\u00e9 ovl\u00e1danie<\/li>\n<li>Mo\u017enos\u0165\u00a0 zmeny n\u00e1klonu a r\u00fdchlosti prav\u00e9ho p\u00e1su<\/li>\n<li>Pojazdn\u00fd stroj<\/li>\n<li>Vyroben\u00e9 zo zdravotne nez\u00e1vadn\u00fdch materi\u00e1lov<\/li>\n<\/ul>\n<p><strong>Volite\u013en\u00e9:<\/strong><\/p>\n<ul>\n<li>1 lebo\u00a0 2 pom\u00fa\u010d\u0148ova\u010de<\/li>\n<\/ul>\n<div>\n<div>\n<div><strong>Kapacita: \u00a0\u00a0<\/strong>1200 ks\u00a0\/ hod<\/div>\n<div><strong>Pr\u00edkon:<\/strong>\u00a0\u00a0 1,25\u00a0kW<\/div>\n<div><strong>Rozmery (\u0161 x d x v):<\/strong>\u00a0\u00a0 600 x 2700 x \u00a01550 mm<\/div>\n<div><strong>Hmotnos\u0165: <\/strong>\u00a0 305 kg<\/div>\n<\/div>\n<p>&nbsp;<\/p>\n<div>\n<p>Viac inform\u00e1ci\u00ed o tomto vygu\u013eovacom stroji n\u00e1jdete v prilo\u017eenom let\u00e1ku <a href=\"http:\/\/omega-bakery.com\/sk\/wp-content\/uploads\/2021\/04\/Mopos-vykulovac-VK-6-0823.pdf\" target=\"_blank\" rel=\"noopener\">TU<\/a><\/p>\n<\/div>\n<\/div>\n<p> [&#8230;]<\/p>\n<p><a class=\"btn btn-secondary understrap-read-more-link\" href=\"https:\/\/omega-bakery.com\/sk\/produkt\/mopos-vk-6\/\">Read More&#8230;<\/a><\/p>\n","protected":false},"featured_media":628,"template":"","meta":[],"yoast_head":"<!-- This site is optimized with the Yoast SEO plugin v17.1 - https:\/\/yoast.com\/wordpress\/plugins\/seo\/ -->\n<title>Mopos VK 6 - Omega Bakery<\/title>\n<meta name=\"robots\" content=\"index, follow, max-snippet:-1, max-image-preview:large, max-video-preview:-1\" \/>\n<link rel=\"canonical\" href=\"https:\/\/omega-bakery.com\/sk\/produkt\/mopos-vk-6\/\" \/>\n<meta property=\"og:locale\" content=\"sk_SK\" \/>\n<meta property=\"og:type\" content=\"article\" \/>\n<meta property=\"og:title\" content=\"Mopos VK 6 - Omega Bakery\" \/>\n<meta property=\"og:description\" content=\"Vygu\u013aova\u010d VK-6 je zariadenie na vygu\u013aov\u00e1n\u00ed klasick\u00e9ho chleba, ktor\u00e9 nahrazuje \u0165a\u017ek\u00fa ru\u010dn\u00fa pr\u00e1cu. Zmenou r\u00fdchlosti prav\u00e9ho p\u00e1sa sa regu\u013auje dl\u017eka vygu\u013aovania.  Hlavn\u00e9 znaky:   Jednoduch\u00e9 ovl\u00e1danie  Mo\u017enos\u0165\u00a0 zmeny n\u00e1klonu a r\u00fdchlosti prav\u00e9ho p\u00e1su  Pojazdn\u00fd stroj  Vyroben\u00e9 zo zdravotne nez\u00e1vadn\u00fdch materi\u00e1lov  Volite\u013en\u00e9:   1 lebo\u00a0 2 pom\u00fa\u010d\u0148ova\u010de    Kapacita: \u00a0\u00a01200 ks\u00a0\/ hod Pr\u00edkon:\u00a0\u00a0 1,25\u00a0kW Rozmery (\u0161 x d x v):\u00a0\u00a0 600 x 2700 x \u00a01550 mm Hmotnos\u0165: \u00a0 305 kg  &nbsp;   Viac inform\u00e1ci\u00ed o tomto vygu\u013eovacom stroji n\u00e1jdete v prilo\u017eenom let\u00e1ku TU    [...]Read More...\" \/>\n<meta property=\"og:url\" content=\"https:\/\/omega-bakery.com\/sk\/produkt\/mopos-vk-6\/\" \/>\n<meta property=\"og:site_name\" content=\"Omega Bakery\" \/>\n<meta property=\"article:modified_time\" content=\"2024-01-22T11:35:46+00:00\" \/>\n<meta property=\"og:image\" content=\"http:\/\/omega-bakery.com\/sk\/wp-content\/uploads\/2021\/04\/Mopos-VK-6.png\" \/>\n\t<meta property=\"og:image:width\" content=\"533\" \/>\n\t<meta property=\"og:image:height\" content=\"700\" \/>\n<meta name=\"twitter:card\" content=\"summary_large_image\" \/>\n<script type=\"application\/ld+json\" class=\"yoast-schema-graph\">{\"@context\":\"https:\/\/schema.org\",\"@graph\":[{\"@type\":\"WebSite\",\"@id\":\"https:\/\/omega-bakery.com\/sk\/#website\",\"url\":\"https:\/\/omega-bakery.com\/sk\/\",\"name\":\"Omega Bakery\",\"description\":\"Dodavatel stroj\\u016f a za\\u0159\\u00edzen\\u00ed pro pek\\u00e1rny\",\"potentialAction\":[{\"@type\":\"SearchAction\",\"target\":{\"@type\":\"EntryPoint\",\"urlTemplate\":\"https:\/\/omega-bakery.com\/sk\/?s={search_term_string}\"},\"query-input\":\"required name=search_term_string\"}],\"inLanguage\":\"sk-SK\"},{\"@type\":\"ImageObject\",\"@id\":\"https:\/\/omega-bakery.com\/sk\/produkt\/mopos-vk-6\/#primaryimage\",\"inLanguage\":\"sk-SK\",\"url\":\"https:\/\/omega-bakery.com\/sk\/wp-content\/uploads\/2021\/04\/Mopos-VK-6.png\",\"contentUrl\":\"https:\/\/omega-bakery.com\/sk\/wp-content\/uploads\/2021\/04\/Mopos-VK-6.png\",\"width\":533,\"height\":700},{\"@type\":\"WebPage\",\"@id\":\"https:\/\/omega-bakery.com\/sk\/produkt\/mopos-vk-6\/#webpage\",\"url\":\"https:\/\/omega-bakery.com\/sk\/produkt\/mopos-vk-6\/\",\"name\":\"Mopos VK 6 - Omega Bakery\",\"isPartOf\":{\"@id\":\"https:\/\/omega-bakery.com\/sk\/#website\"},\"primaryImageOfPage\":{\"@id\":\"https:\/\/omega-bakery.com\/sk\/produkt\/mopos-vk-6\/#primaryimage\"},\"datePublished\":\"2021-04-23T14:15:27+00:00\",\"dateModified\":\"2024-01-22T11:35:46+00:00\",\"breadcrumb\":{\"@id\":\"https:\/\/omega-bakery.com\/sk\/produkt\/mopos-vk-6\/#breadcrumb\"},\"inLanguage\":\"sk-SK\",\"potentialAction\":[{\"@type\":\"ReadAction\",\"target\":[\"https:\/\/omega-bakery.com\/sk\/produkt\/mopos-vk-6\/\"]}]},{\"@type\":\"BreadcrumbList\",\"@id\":\"https:\/\/omega-bakery.com\/sk\/produkt\/mopos-vk-6\/#breadcrumb\",\"itemListElement\":[{\"@type\":\"ListItem\",\"position\":1,\"name\":\"Dom\\u016f\",\"item\":\"https:\/\/omega-bakery.com\/sk\/\"},{\"@type\":\"ListItem\",\"position\":2,\"name\":\"Stroje a zariadenia\",\"item\":\"https:\/\/omega-bakery.com\/sk\/stroje-a-zariadenia\/\"},{\"@type\":\"ListItem\",\"position\":3,\"name\":\"Stroje a linky na spracovanie cesta\",\"item\":\"https:\/\/omega-bakery.com\/sk\/stroje-a-zarizeni\/stroje-a-linky-na-spracovanie-cesta\/\"},{\"@type\":\"ListItem\",\"position\":4,\"name\":\"Vygu\\u013eova\\u010de a vyvalova\\u010de\",\"item\":\"https:\/\/omega-bakery.com\/sk\/stroje-a-zarizeni\/stroje-a-linky-na-spracovanie-cesta\/vygulovace-a-vyvalovace\/\"},{\"@type\":\"ListItem\",\"position\":5,\"name\":\"Mopos VK 6\"}]}]}<\/script>\n<!-- \/ Yoast SEO plugin. -->","yoast_head_json":{"title":"Mopos VK 6 - Omega Bakery","robots":{"index":"index","follow":"follow","max-snippet":"max-snippet:-1","max-image-preview":"max-image-preview:large","max-video-preview":"max-video-preview:-1"},"canonical":"https:\/\/omega-bakery.com\/sk\/produkt\/mopos-vk-6\/","og_locale":"sk_SK","og_type":"article","og_title":"Mopos VK 6 - Omega Bakery","og_description":"Vygu\u013aova\u010d VK-6 je zariadenie na vygu\u013aov\u00e1n\u00ed klasick\u00e9ho chleba, ktor\u00e9 nahrazuje \u0165a\u017ek\u00fa ru\u010dn\u00fa pr\u00e1cu. Zmenou r\u00fdchlosti prav\u00e9ho p\u00e1sa sa regu\u013auje dl\u017eka vygu\u013aovania.  Hlavn\u00e9 znaky:   Jednoduch\u00e9 ovl\u00e1danie  Mo\u017enos\u0165\u00a0 zmeny n\u00e1klonu a r\u00fdchlosti prav\u00e9ho p\u00e1su  Pojazdn\u00fd stroj  Vyroben\u00e9 zo zdravotne nez\u00e1vadn\u00fdch materi\u00e1lov  Volite\u013en\u00e9:   1 lebo\u00a0 2 pom\u00fa\u010d\u0148ova\u010de    Kapacita: \u00a0\u00a01200 ks\u00a0\/ hod Pr\u00edkon:\u00a0\u00a0 1,25\u00a0kW Rozmery (\u0161 x d x v):\u00a0\u00a0 600 x 2700 x \u00a01550 mm Hmotnos\u0165: \u00a0 305 kg  &nbsp;   Viac inform\u00e1ci\u00ed o tomto vygu\u013eovacom stroji n\u00e1jdete v prilo\u017eenom let\u00e1ku TU    [...]Read More...","og_url":"https:\/\/omega-bakery.com\/sk\/produkt\/mopos-vk-6\/","og_site_name":"Omega Bakery","article_modified_time":"2024-01-22T11:35:46+00:00","og_image":[{"width":533,"height":700,"url":"http:\/\/omega-bakery.com\/sk\/wp-content\/uploads\/2021\/04\/Mopos-VK-6.png","path":"\/data\/web\/virtuals\/278194\/virtual\/www\/domains\/omega-bakery.com\/sk\/wp-content\/uploads\/2021\/04\/Mopos-VK-6.png","size":"full","id":628,"alt":"","pixels":373100,"type":"image\/png"}],"twitter_card":"summary_large_image","schema":{"@context":"https:\/\/schema.org","@graph":[{"@type":"WebSite","@id":"https:\/\/omega-bakery.com\/sk\/#website","url":"https:\/\/omega-bakery.com\/sk\/","name":"Omega Bakery","description":"Dodavatel stroj\u016f a za\u0159\u00edzen\u00ed pro pek\u00e1rny","potentialAction":[{"@type":"SearchAction","target":{"@type":"EntryPoint","urlTemplate":"https:\/\/omega-bakery.com\/sk\/?s={search_term_string}"},"query-input":"required name=search_term_string"}],"inLanguage":"sk-SK"},{"@type":"ImageObject","@id":"https:\/\/omega-bakery.com\/sk\/produkt\/mopos-vk-6\/#primaryimage","inLanguage":"sk-SK","url":"https:\/\/omega-bakery.com\/sk\/wp-content\/uploads\/2021\/04\/Mopos-VK-6.png","contentUrl":"https:\/\/omega-bakery.com\/sk\/wp-content\/uploads\/2021\/04\/Mopos-VK-6.png","width":533,"height":700},{"@type":"WebPage","@id":"https:\/\/omega-bakery.com\/sk\/produkt\/mopos-vk-6\/#webpage","url":"https:\/\/omega-bakery.com\/sk\/produkt\/mopos-vk-6\/","name":"Mopos VK 6 - Omega Bakery","isPartOf":{"@id":"https:\/\/omega-bakery.com\/sk\/#website"},"primaryImageOfPage":{"@id":"https:\/\/omega-bakery.com\/sk\/produkt\/mopos-vk-6\/#primaryimage"},"datePublished":"2021-04-23T14:15:27+00:00","dateModified":"2024-01-22T11:35:46+00:00","breadcrumb":{"@id":"https:\/\/omega-bakery.com\/sk\/produkt\/mopos-vk-6\/#breadcrumb"},"inLanguage":"sk-SK","potentialAction":[{"@type":"ReadAction","target":["https:\/\/omega-bakery.com\/sk\/produkt\/mopos-vk-6\/"]}]},{"@type":"BreadcrumbList","@id":"https:\/\/omega-bakery.com\/sk\/produkt\/mopos-vk-6\/#breadcrumb","itemListElement":[{"@type":"ListItem","position":1,"name":"Dom\u016f","item":"https:\/\/omega-bakery.com\/sk\/"},{"@type":"ListItem","position":2,"name":"Stroje a zariadenia","item":"https:\/\/omega-bakery.com\/sk\/stroje-a-zariadenia\/"},{"@type":"ListItem","position":3,"name":"Stroje a linky na spracovanie cesta","item":"https:\/\/omega-bakery.com\/sk\/stroje-a-zarizeni\/stroje-a-linky-na-spracovanie-cesta\/"},{"@type":"ListItem","position":4,"name":"Vygu\u013eova\u010de a vyvalova\u010de","item":"https:\/\/omega-bakery.com\/sk\/stroje-a-zarizeni\/stroje-a-linky-na-spracovanie-cesta\/vygulovace-a-vyvalovace\/"},{"@type":"ListItem","position":5,"name":"Mopos VK 6"}]}]}},"_links":{"self":[{"href":"https:\/\/omega-bakery.com\/sk\/wp-json\/wp\/v2\/product\/296"}],"collection":[{"href":"https:\/\/omega-bakery.com\/sk\/wp-json\/wp\/v2\/product"}],"about":[{"href":"https:\/\/omega-bakery.com\/sk\/wp-json\/wp\/v2\/types\/product"}],"wp:featuredmedia":[{"embeddable":true,"href":"https:\/\/omega-bakery.com\/sk\/wp-json\/wp\/v2\/media\/628"}],"wp:attachment":[{"href":"https:\/\/omega-bakery.com\/sk\/wp-json\/wp\/v2\/media?parent=296"}],"curies":[{"name":"wp","href":"https:\/\/api.w.org\/{rel}","templated":true}]}}