{"id":300,"date":"2021-04-23T16:16:27","date_gmt":"2021-04-23T14:16:27","guid":{"rendered":"http:\/\/omega-bakery.com\/sk\/?post_type=product&#038;p=300"},"modified":"2023-11-15T11:19:42","modified_gmt":"2023-11-15T09:19:42","slug":"vonkajsie-sila-silosystem","status":"publish","type":"product","link":"https:\/\/omega-bakery.com\/sk\/produkt\/vonkajsie-sila-silosystem\/","title":{"rendered":"Vonkaj\u0161ie sila Silosyst\u00e9m"},"content":{"rendered":"","protected":false},"excerpt":{"rendered":"<p>Vonkaj\u0161ie kruhov\u00e9 sil\u00e1 na m\u00faku vyroben\u00e9 zo \u0161peci\u00e1lne upraven\u00e9ho hlin\u00edku. Stavebnicov\u00fd syst\u00e9m umo\u017e\u0148uje r\u00f4zne ve\u013ekosti a kapacity. Vhodn\u00e9 do v\u0161etk\u00fdch klimatick\u00fdch podmienok. Prevzdu\u0161\u0148ovacie dno, rota\u010dn\u00fd pod\u00e1va\u010d a vzduchov\u00e1 doprava m\u00faky (tlakov\u00e1 alebo podtlakov\u00e1) nerezov\u00fdm potrub\u00edm ku koncovej v\u00e1he. \u010cidla v sile na horn\u00fa a spodn\u00fa hladinu m\u00faky. Ovl\u00e1dac\u00ed syst\u00e9m s programovan\u00edm.<\/p>\n<div>\n<div>Viac inform\u00e1ci\u00ed o vonkaj\u0161\u00edch sil\u00e1ch najdete v prilo\u017eenom let\u00e1ku <a href=\"http:\/\/omega-bakery.com\/sk\/wp-content\/uploads\/2021\/04\/Silo-System-0823.pdf\" target=\"newtab\" rel=\"noopener\">TU<\/a><\/div>\n<\/div>\n<p> [&#8230;]<\/p>\n<p><a class=\"btn btn-secondary understrap-read-more-link\" href=\"https:\/\/omega-bakery.com\/sk\/produkt\/vonkajsie-sila-silosystem\/\">Read More&#8230;<\/a><\/p>\n","protected":false},"featured_media":929,"template":"","meta":[],"yoast_head":"<!-- This site is optimized with the Yoast SEO plugin v17.1 - https:\/\/yoast.com\/wordpress\/plugins\/seo\/ -->\n<title>Vonkaj\u0161ie sila Silosyst\u00e9m - Omega Bakery<\/title>\n<meta name=\"robots\" content=\"index, follow, max-snippet:-1, max-image-preview:large, max-video-preview:-1\" \/>\n<link rel=\"canonical\" href=\"http:\/\/omega-bakery.com\/sk\/produkt\/vonkajsie-sila-silosystem\/\" \/>\n<meta property=\"og:locale\" content=\"sk_SK\" \/>\n<meta property=\"og:type\" content=\"article\" \/>\n<meta property=\"og:title\" content=\"Vonkaj\u0161ie sila Silosyst\u00e9m - Omega Bakery\" \/>\n<meta property=\"og:description\" content=\"Vonkaj\u0161ie kruhov\u00e9 sil\u00e1 na m\u00faku vyroben\u00e9 zo \u0161peci\u00e1lne upraven\u00e9ho hlin\u00edku. Stavebnicov\u00fd syst\u00e9m umo\u017e\u0148uje r\u00f4zne ve\u013ekosti a kapacity. Vhodn\u00e9 do v\u0161etk\u00fdch klimatick\u00fdch podmienok. Prevzdu\u0161\u0148ovacie dno, rota\u010dn\u00fd pod\u00e1va\u010d a vzduchov\u00e1 doprava m\u00faky (tlakov\u00e1 alebo podtlakov\u00e1) nerezov\u00fdm potrub\u00edm ku koncovej v\u00e1he. \u010cidla v sile na horn\u00fa a spodn\u00fa hladinu m\u00faky. Ovl\u00e1dac\u00ed syst\u00e9m s programovan\u00edm.  Viac inform\u00e1ci\u00ed o vonkaj\u0161\u00edch sil\u00e1ch najdete v prilo\u017eenom let\u00e1ku TU  [...]Read More...\" \/>\n<meta property=\"og:url\" content=\"http:\/\/omega-bakery.com\/sk\/produkt\/vonkajsie-sila-silosystem\/\" \/>\n<meta property=\"og:site_name\" content=\"Omega Bakery\" \/>\n<meta property=\"article:modified_time\" content=\"2023-11-15T09:19:42+00:00\" \/>\n<meta property=\"og:image\" content=\"http:\/\/omega-bakery.com\/sk\/wp-content\/uploads\/2021\/04\/Venkovni\u0301-sila-Silosyste\u0301m-1-1.png\" \/>\n\t<meta property=\"og:image:width\" content=\"533\" \/>\n\t<meta property=\"og:image:height\" content=\"700\" \/>\n<meta name=\"twitter:card\" content=\"summary_large_image\" \/>\n<script type=\"application\/ld+json\" class=\"yoast-schema-graph\">{\"@context\":\"https:\/\/schema.org\",\"@graph\":[{\"@type\":\"WebSite\",\"@id\":\"https:\/\/omega-bakery.com\/sk\/#website\",\"url\":\"https:\/\/omega-bakery.com\/sk\/\",\"name\":\"Omega Bakery\",\"description\":\"Dodavatel stroj\\u016f a za\\u0159\\u00edzen\\u00ed pro pek\\u00e1rny\",\"potentialAction\":[{\"@type\":\"SearchAction\",\"target\":{\"@type\":\"EntryPoint\",\"urlTemplate\":\"https:\/\/omega-bakery.com\/sk\/?s={search_term_string}\"},\"query-input\":\"required name=search_term_string\"}],\"inLanguage\":\"sk-SK\"},{\"@type\":\"ImageObject\",\"@id\":\"http:\/\/omega-bakery.com\/sk\/produkt\/vonkajsie-sila-silosystem\/#primaryimage\",\"inLanguage\":\"sk-SK\",\"url\":\"https:\/\/omega-bakery.com\/sk\/wp-content\/uploads\/2021\/04\/Venkovni\\u0301-sila-Silosyste\\u0301m-1-1.png\",\"contentUrl\":\"https:\/\/omega-bakery.com\/sk\/wp-content\/uploads\/2021\/04\/Venkovni\\u0301-sila-Silosyste\\u0301m-1-1.png\",\"width\":533,\"height\":700},{\"@type\":\"WebPage\",\"@id\":\"http:\/\/omega-bakery.com\/sk\/produkt\/vonkajsie-sila-silosystem\/#webpage\",\"url\":\"http:\/\/omega-bakery.com\/sk\/produkt\/vonkajsie-sila-silosystem\/\",\"name\":\"Vonkaj\\u0161ie sila Silosyst\\u00e9m - Omega Bakery\",\"isPartOf\":{\"@id\":\"https:\/\/omega-bakery.com\/sk\/#website\"},\"primaryImageOfPage\":{\"@id\":\"http:\/\/omega-bakery.com\/sk\/produkt\/vonkajsie-sila-silosystem\/#primaryimage\"},\"datePublished\":\"2021-04-23T14:16:27+00:00\",\"dateModified\":\"2023-11-15T09:19:42+00:00\",\"breadcrumb\":{\"@id\":\"http:\/\/omega-bakery.com\/sk\/produkt\/vonkajsie-sila-silosystem\/#breadcrumb\"},\"inLanguage\":\"sk-SK\",\"potentialAction\":[{\"@type\":\"ReadAction\",\"target\":[\"http:\/\/omega-bakery.com\/sk\/produkt\/vonkajsie-sila-silosystem\/\"]}]},{\"@type\":\"BreadcrumbList\",\"@id\":\"http:\/\/omega-bakery.com\/sk\/produkt\/vonkajsie-sila-silosystem\/#breadcrumb\",\"itemListElement\":[{\"@type\":\"ListItem\",\"position\":1,\"name\":\"Dom\\u016f\",\"item\":\"https:\/\/omega-bakery.com\/sk\/\"},{\"@type\":\"ListItem\",\"position\":2,\"name\":\"Stroje a zariadenia\",\"item\":\"https:\/\/omega-bakery.com\/sk\/stroje-a-zariadenia\/\"},{\"@type\":\"ListItem\",\"position\":3,\"name\":\"M\\u00fa\\u010dne hospod\\u00e1rstvo\",\"item\":\"http:\/\/omega-bakery.com\/sk\/stroje-a-zarizeni\/mucne-hospodarstvo\/\"},{\"@type\":\"ListItem\",\"position\":4,\"name\":\"Vonkaj\\u0161ie sila Silosyst\\u00e9m\"}]}]}<\/script>\n<!-- \/ Yoast SEO plugin. -->","yoast_head_json":{"title":"Vonkaj\u0161ie sila Silosyst\u00e9m - Omega Bakery","robots":{"index":"index","follow":"follow","max-snippet":"max-snippet:-1","max-image-preview":"max-image-preview:large","max-video-preview":"max-video-preview:-1"},"canonical":"http:\/\/omega-bakery.com\/sk\/produkt\/vonkajsie-sila-silosystem\/","og_locale":"sk_SK","og_type":"article","og_title":"Vonkaj\u0161ie sila Silosyst\u00e9m - Omega Bakery","og_description":"Vonkaj\u0161ie kruhov\u00e9 sil\u00e1 na m\u00faku vyroben\u00e9 zo \u0161peci\u00e1lne upraven\u00e9ho hlin\u00edku. Stavebnicov\u00fd syst\u00e9m umo\u017e\u0148uje r\u00f4zne ve\u013ekosti a kapacity. Vhodn\u00e9 do v\u0161etk\u00fdch klimatick\u00fdch podmienok. Prevzdu\u0161\u0148ovacie dno, rota\u010dn\u00fd pod\u00e1va\u010d a vzduchov\u00e1 doprava m\u00faky (tlakov\u00e1 alebo podtlakov\u00e1) nerezov\u00fdm potrub\u00edm ku koncovej v\u00e1he. \u010cidla v sile na horn\u00fa a spodn\u00fa hladinu m\u00faky. Ovl\u00e1dac\u00ed syst\u00e9m s programovan\u00edm.  Viac inform\u00e1ci\u00ed o vonkaj\u0161\u00edch sil\u00e1ch najdete v prilo\u017eenom let\u00e1ku TU  [...]Read More...","og_url":"http:\/\/omega-bakery.com\/sk\/produkt\/vonkajsie-sila-silosystem\/","og_site_name":"Omega Bakery","article_modified_time":"2023-11-15T09:19:42+00:00","og_image":[{"width":533,"height":700,"url":"http:\/\/omega-bakery.com\/sk\/wp-content\/uploads\/2021\/04\/Venkovni\u0301-sila-Silosyste\u0301m-1-1.png","path":"\/data\/web\/virtuals\/278194\/virtual\/www\/domains\/omega-bakery.com\/sk\/wp-content\/uploads\/2021\/04\/Venkovni\u0301-sila-Silosyste\u0301m-1-1.png","size":"full","id":929,"alt":"","pixels":373100,"type":"image\/png"}],"twitter_card":"summary_large_image","schema":{"@context":"https:\/\/schema.org","@graph":[{"@type":"WebSite","@id":"https:\/\/omega-bakery.com\/sk\/#website","url":"https:\/\/omega-bakery.com\/sk\/","name":"Omega Bakery","description":"Dodavatel stroj\u016f a za\u0159\u00edzen\u00ed pro pek\u00e1rny","potentialAction":[{"@type":"SearchAction","target":{"@type":"EntryPoint","urlTemplate":"https:\/\/omega-bakery.com\/sk\/?s={search_term_string}"},"query-input":"required name=search_term_string"}],"inLanguage":"sk-SK"},{"@type":"ImageObject","@id":"http:\/\/omega-bakery.com\/sk\/produkt\/vonkajsie-sila-silosystem\/#primaryimage","inLanguage":"sk-SK","url":"https:\/\/omega-bakery.com\/sk\/wp-content\/uploads\/2021\/04\/Venkovni\u0301-sila-Silosyste\u0301m-1-1.png","contentUrl":"https:\/\/omega-bakery.com\/sk\/wp-content\/uploads\/2021\/04\/Venkovni\u0301-sila-Silosyste\u0301m-1-1.png","width":533,"height":700},{"@type":"WebPage","@id":"http:\/\/omega-bakery.com\/sk\/produkt\/vonkajsie-sila-silosystem\/#webpage","url":"http:\/\/omega-bakery.com\/sk\/produkt\/vonkajsie-sila-silosystem\/","name":"Vonkaj\u0161ie sila Silosyst\u00e9m - Omega Bakery","isPartOf":{"@id":"https:\/\/omega-bakery.com\/sk\/#website"},"primaryImageOfPage":{"@id":"http:\/\/omega-bakery.com\/sk\/produkt\/vonkajsie-sila-silosystem\/#primaryimage"},"datePublished":"2021-04-23T14:16:27+00:00","dateModified":"2023-11-15T09:19:42+00:00","breadcrumb":{"@id":"http:\/\/omega-bakery.com\/sk\/produkt\/vonkajsie-sila-silosystem\/#breadcrumb"},"inLanguage":"sk-SK","potentialAction":[{"@type":"ReadAction","target":["http:\/\/omega-bakery.com\/sk\/produkt\/vonkajsie-sila-silosystem\/"]}]},{"@type":"BreadcrumbList","@id":"http:\/\/omega-bakery.com\/sk\/produkt\/vonkajsie-sila-silosystem\/#breadcrumb","itemListElement":[{"@type":"ListItem","position":1,"name":"Dom\u016f","item":"https:\/\/omega-bakery.com\/sk\/"},{"@type":"ListItem","position":2,"name":"Stroje a zariadenia","item":"https:\/\/omega-bakery.com\/sk\/stroje-a-zariadenia\/"},{"@type":"ListItem","position":3,"name":"M\u00fa\u010dne hospod\u00e1rstvo","item":"http:\/\/omega-bakery.com\/sk\/stroje-a-zarizeni\/mucne-hospodarstvo\/"},{"@type":"ListItem","position":4,"name":"Vonkaj\u0161ie sila Silosyst\u00e9m"}]}]}},"_links":{"self":[{"href":"https:\/\/omega-bakery.com\/sk\/wp-json\/wp\/v2\/product\/300"}],"collection":[{"href":"https:\/\/omega-bakery.com\/sk\/wp-json\/wp\/v2\/product"}],"about":[{"href":"https:\/\/omega-bakery.com\/sk\/wp-json\/wp\/v2\/types\/product"}],"wp:featuredmedia":[{"embeddable":true,"href":"https:\/\/omega-bakery.com\/sk\/wp-json\/wp\/v2\/media\/929"}],"wp:attachment":[{"href":"https:\/\/omega-bakery.com\/sk\/wp-json\/wp\/v2\/media?parent=300"}],"curies":[{"name":"wp","href":"https:\/\/api.w.org\/{rel}","templated":true}]}}