{"id":302,"date":"2021-04-23T16:17:01","date_gmt":"2021-04-23T14:17:01","guid":{"rendered":"http:\/\/omega-bakery.com\/sk\/?post_type=product&#038;p=302"},"modified":"2024-10-31T15:11:34","modified_gmt":"2024-10-31T13:11:34","slug":"mhs-ideal-sb-kotucova-rezacka","status":"publish","type":"product","link":"https:\/\/omega-bakery.com\/sk\/produkt\/mhs-ideal-sb-kotucova-rezacka\/","title":{"rendered":"MHS Ideal SB &#8211; kot\u00fa\u010dov\u00e1 reza\u010dka"},"content":{"rendered":"","protected":false},"excerpt":{"rendered":"<p>Kot\u00fa\u010dov\u00e1 reza\u010dka chleba na samostatn\u00e9 pou\u017eitie z\u00e1kazn\u00edkom. V\u010faka jednoduchej manipul\u00e1ci\u00ed si m\u00f4\u017ee s\u00e1m zvoli\u0165, ako si praje produkt nakr\u00e1ja\u0165. 3 prednastaven\u00e9 hr\u00fabky kr\u00e1jania m\u00f4\u017eu by\u0165 menen\u00e9 jednoduch\u00fdm stisnut\u00edm tla\u010didla.<\/p>\n<p><strong>Hlavn\u00e9 znaky:<\/strong><\/p>\n<ul>\n<li>jednoduch\u00e9 pou\u017eitie<\/li>\n<li>vysok\u00e1 \u00farove\u0148 bezpe\u010dnosti<\/li>\n<li>automatick\u00e9 uchytenie chleba<\/li>\n<li>maxim\u00e1lna kvalita kr\u00e1jania v\u010faka kot\u00fa\u010dov\u00e9mu no\u017eu<\/li>\n<li>kr\u00e1janie bez pou\u017eitia oleja<\/li>\n<\/ul>\n<div>\n<div>\n<div><strong>Maxim\u00e1lne rozmery chleba: \u00a0 <\/strong>38 x 28 cm<\/div>\n<div><strong>Pr\u00edkon:<\/strong> \u00a0 1 kW \/ 230 V<\/div>\n<div><strong>Rozmery (\u0161 x hl x v)<\/strong><strong>: <\/strong>896 x 778 x 1096 mm<\/div>\n<div><strong>Hmotnos\u0165: <\/strong>\u00a0 200 kg<\/div>\n<\/div>\n<\/div>\n<div>\n<p>&nbsp;<\/p>\n<div>\n<p>Viac inform\u00e1ci\u00ed o tomto samoobslu\u017enom stroji n\u00e1jdete v prilo\u017eenom let\u00e1ku <a href=\"http:\/\/omega-bakery.com\/sk\/wp-content\/uploads\/2021\/04\/MHS-Ideal-SB-0823.pdf\" target=\"_blank\" rel=\"noopener\">TU<\/a><\/p>\n<\/div>\n<\/div>\n<div>\n<p><a href=\"https:\/\/www.youtube.com\/watch?v=Wh_NBpj_9M8&amp;list=PLLmO2eJtBqgzCKC9AbLU_yyPTewaFXOwg&amp;index=3\" target=\"_blank\" rel=\"noopener\">Video k zhliadnutiu<\/a><\/p>\n<\/div>\n<p> [&#8230;]<\/p>\n<p><a class=\"btn btn-secondary understrap-read-more-link\" href=\"https:\/\/omega-bakery.com\/sk\/produkt\/mhs-ideal-sb-kotucova-rezacka\/\">Read More&#8230;<\/a><\/p>\n","protected":false},"featured_media":592,"template":"","meta":[],"yoast_head":"<!-- This site is optimized with the Yoast SEO plugin v17.1 - https:\/\/yoast.com\/wordpress\/plugins\/seo\/ -->\n<title>MHS Ideal SB - kot\u00fa\u010dov\u00e1 reza\u010dka - Omega Bakery<\/title>\n<meta name=\"robots\" content=\"index, follow, max-snippet:-1, max-image-preview:large, max-video-preview:-1\" \/>\n<link rel=\"canonical\" href=\"https:\/\/omega-bakery.com\/sk\/produkt\/mhs-ideal-sb-kotucova-rezacka\/\" \/>\n<meta property=\"og:locale\" content=\"sk_SK\" \/>\n<meta property=\"og:type\" content=\"article\" \/>\n<meta property=\"og:title\" content=\"MHS Ideal SB - kot\u00fa\u010dov\u00e1 reza\u010dka - Omega Bakery\" \/>\n<meta property=\"og:description\" content=\"Kot\u00fa\u010dov\u00e1 reza\u010dka chleba na samostatn\u00e9 pou\u017eitie z\u00e1kazn\u00edkom. V\u010faka jednoduchej manipul\u00e1ci\u00ed si m\u00f4\u017ee s\u00e1m zvoli\u0165, ako si praje produkt nakr\u00e1ja\u0165. 3 prednastaven\u00e9 hr\u00fabky kr\u00e1jania m\u00f4\u017eu by\u0165 menen\u00e9 jednoduch\u00fdm stisnut\u00edm tla\u010didla.  Hlavn\u00e9 znaky:   jednoduch\u00e9 pou\u017eitie  vysok\u00e1 \u00farove\u0148 bezpe\u010dnosti  automatick\u00e9 uchytenie chleba  maxim\u00e1lna kvalita kr\u00e1jania v\u010faka kot\u00fa\u010dov\u00e9mu no\u017eu  kr\u00e1janie bez pou\u017eitia oleja    Maxim\u00e1lne rozmery chleba: \u00a0 38 x 28 cm Pr\u00edkon: \u00a0 1 kW \/ 230 V Rozmery (\u0161 x hl x v): 896 x 778 x 1096 mm Hmotnos\u0165: \u00a0 200 kg     &nbsp;   Viac inform\u00e1ci\u00ed o tomto samoobslu\u017enom stroji n\u00e1jdete v prilo\u017eenom let\u00e1ku TU      Video k zhliadnutiu   [...]Read More...\" \/>\n<meta property=\"og:url\" content=\"https:\/\/omega-bakery.com\/sk\/produkt\/mhs-ideal-sb-kotucova-rezacka\/\" \/>\n<meta property=\"og:site_name\" content=\"Omega Bakery\" \/>\n<meta property=\"article:modified_time\" content=\"2024-10-31T13:11:34+00:00\" \/>\n<meta property=\"og:image\" content=\"http:\/\/omega-bakery.com\/sk\/wp-content\/uploads\/2021\/04\/MHS-Ideal-SB.png\" \/>\n\t<meta property=\"og:image:width\" content=\"533\" \/>\n\t<meta property=\"og:image:height\" content=\"700\" \/>\n<meta name=\"twitter:card\" content=\"summary_large_image\" \/>\n<script type=\"application\/ld+json\" class=\"yoast-schema-graph\">{\"@context\":\"https:\/\/schema.org\",\"@graph\":[{\"@type\":\"WebSite\",\"@id\":\"https:\/\/omega-bakery.com\/sk\/#website\",\"url\":\"https:\/\/omega-bakery.com\/sk\/\",\"name\":\"Omega Bakery\",\"description\":\"Dodavatel stroj\\u016f a za\\u0159\\u00edzen\\u00ed pro pek\\u00e1rny\",\"potentialAction\":[{\"@type\":\"SearchAction\",\"target\":{\"@type\":\"EntryPoint\",\"urlTemplate\":\"https:\/\/omega-bakery.com\/sk\/?s={search_term_string}\"},\"query-input\":\"required name=search_term_string\"}],\"inLanguage\":\"sk-SK\"},{\"@type\":\"ImageObject\",\"@id\":\"https:\/\/omega-bakery.com\/sk\/produkt\/mhs-ideal-sb-kotucova-rezacka\/#primaryimage\",\"inLanguage\":\"sk-SK\",\"url\":\"https:\/\/omega-bakery.com\/sk\/wp-content\/uploads\/2021\/04\/MHS-Ideal-SB.png\",\"contentUrl\":\"https:\/\/omega-bakery.com\/sk\/wp-content\/uploads\/2021\/04\/MHS-Ideal-SB.png\",\"width\":533,\"height\":700},{\"@type\":\"WebPage\",\"@id\":\"https:\/\/omega-bakery.com\/sk\/produkt\/mhs-ideal-sb-kotucova-rezacka\/#webpage\",\"url\":\"https:\/\/omega-bakery.com\/sk\/produkt\/mhs-ideal-sb-kotucova-rezacka\/\",\"name\":\"MHS Ideal SB - kot\\u00fa\\u010dov\\u00e1 reza\\u010dka - Omega Bakery\",\"isPartOf\":{\"@id\":\"https:\/\/omega-bakery.com\/sk\/#website\"},\"primaryImageOfPage\":{\"@id\":\"https:\/\/omega-bakery.com\/sk\/produkt\/mhs-ideal-sb-kotucova-rezacka\/#primaryimage\"},\"datePublished\":\"2021-04-23T14:17:01+00:00\",\"dateModified\":\"2024-10-31T13:11:34+00:00\",\"breadcrumb\":{\"@id\":\"https:\/\/omega-bakery.com\/sk\/produkt\/mhs-ideal-sb-kotucova-rezacka\/#breadcrumb\"},\"inLanguage\":\"sk-SK\",\"potentialAction\":[{\"@type\":\"ReadAction\",\"target\":[\"https:\/\/omega-bakery.com\/sk\/produkt\/mhs-ideal-sb-kotucova-rezacka\/\"]}]},{\"@type\":\"BreadcrumbList\",\"@id\":\"https:\/\/omega-bakery.com\/sk\/produkt\/mhs-ideal-sb-kotucova-rezacka\/#breadcrumb\",\"itemListElement\":[{\"@type\":\"ListItem\",\"position\":1,\"name\":\"Dom\\u016f\",\"item\":\"https:\/\/omega-bakery.com\/sk\/\"},{\"@type\":\"ListItem\",\"position\":2,\"name\":\"Stroje a zariadenia\",\"item\":\"https:\/\/omega-bakery.com\/sk\/stroje-a-zariadenia\/\"},{\"@type\":\"ListItem\",\"position\":3,\"name\":\"Rezacie a baliace stroje\",\"item\":\"https:\/\/omega-bakery.com\/sk\/stroje-a-zarizeni\/rezacie-a-baliace-stroje\/\"},{\"@type\":\"ListItem\",\"position\":4,\"name\":\"Samoobslu\\u017en\\u00e9 reza\\u010dky\",\"item\":\"https:\/\/omega-bakery.com\/sk\/stroje-a-zarizeni\/rezacie-a-baliace-stroje\/samoobsluzne-rezacky\/\"},{\"@type\":\"ListItem\",\"position\":5,\"name\":\"MHS Ideal SB &#8211; kot\\u00fa\\u010dov\\u00e1 reza\\u010dka\"}]}]}<\/script>\n<!-- \/ Yoast SEO plugin. -->","yoast_head_json":{"title":"MHS Ideal SB - kot\u00fa\u010dov\u00e1 reza\u010dka - Omega Bakery","robots":{"index":"index","follow":"follow","max-snippet":"max-snippet:-1","max-image-preview":"max-image-preview:large","max-video-preview":"max-video-preview:-1"},"canonical":"https:\/\/omega-bakery.com\/sk\/produkt\/mhs-ideal-sb-kotucova-rezacka\/","og_locale":"sk_SK","og_type":"article","og_title":"MHS Ideal SB - kot\u00fa\u010dov\u00e1 reza\u010dka - Omega Bakery","og_description":"Kot\u00fa\u010dov\u00e1 reza\u010dka chleba na samostatn\u00e9 pou\u017eitie z\u00e1kazn\u00edkom. V\u010faka jednoduchej manipul\u00e1ci\u00ed si m\u00f4\u017ee s\u00e1m zvoli\u0165, ako si praje produkt nakr\u00e1ja\u0165. 3 prednastaven\u00e9 hr\u00fabky kr\u00e1jania m\u00f4\u017eu by\u0165 menen\u00e9 jednoduch\u00fdm stisnut\u00edm tla\u010didla.  Hlavn\u00e9 znaky:   jednoduch\u00e9 pou\u017eitie  vysok\u00e1 \u00farove\u0148 bezpe\u010dnosti  automatick\u00e9 uchytenie chleba  maxim\u00e1lna kvalita kr\u00e1jania v\u010faka kot\u00fa\u010dov\u00e9mu no\u017eu  kr\u00e1janie bez pou\u017eitia oleja    Maxim\u00e1lne rozmery chleba: \u00a0 38 x 28 cm Pr\u00edkon: \u00a0 1 kW \/ 230 V Rozmery (\u0161 x hl x v): 896 x 778 x 1096 mm Hmotnos\u0165: \u00a0 200 kg     &nbsp;   Viac inform\u00e1ci\u00ed o tomto samoobslu\u017enom stroji n\u00e1jdete v prilo\u017eenom let\u00e1ku TU      Video k zhliadnutiu   [...]Read More...","og_url":"https:\/\/omega-bakery.com\/sk\/produkt\/mhs-ideal-sb-kotucova-rezacka\/","og_site_name":"Omega Bakery","article_modified_time":"2024-10-31T13:11:34+00:00","og_image":[{"width":533,"height":700,"url":"http:\/\/omega-bakery.com\/sk\/wp-content\/uploads\/2021\/04\/MHS-Ideal-SB.png","path":"\/data\/web\/virtuals\/278194\/virtual\/www\/domains\/omega-bakery.com\/sk\/wp-content\/uploads\/2021\/04\/MHS-Ideal-SB.png","size":"full","id":592,"alt":"","pixels":373100,"type":"image\/png"}],"twitter_card":"summary_large_image","schema":{"@context":"https:\/\/schema.org","@graph":[{"@type":"WebSite","@id":"https:\/\/omega-bakery.com\/sk\/#website","url":"https:\/\/omega-bakery.com\/sk\/","name":"Omega Bakery","description":"Dodavatel stroj\u016f a za\u0159\u00edzen\u00ed pro pek\u00e1rny","potentialAction":[{"@type":"SearchAction","target":{"@type":"EntryPoint","urlTemplate":"https:\/\/omega-bakery.com\/sk\/?s={search_term_string}"},"query-input":"required name=search_term_string"}],"inLanguage":"sk-SK"},{"@type":"ImageObject","@id":"https:\/\/omega-bakery.com\/sk\/produkt\/mhs-ideal-sb-kotucova-rezacka\/#primaryimage","inLanguage":"sk-SK","url":"https:\/\/omega-bakery.com\/sk\/wp-content\/uploads\/2021\/04\/MHS-Ideal-SB.png","contentUrl":"https:\/\/omega-bakery.com\/sk\/wp-content\/uploads\/2021\/04\/MHS-Ideal-SB.png","width":533,"height":700},{"@type":"WebPage","@id":"https:\/\/omega-bakery.com\/sk\/produkt\/mhs-ideal-sb-kotucova-rezacka\/#webpage","url":"https:\/\/omega-bakery.com\/sk\/produkt\/mhs-ideal-sb-kotucova-rezacka\/","name":"MHS Ideal SB - kot\u00fa\u010dov\u00e1 reza\u010dka - Omega Bakery","isPartOf":{"@id":"https:\/\/omega-bakery.com\/sk\/#website"},"primaryImageOfPage":{"@id":"https:\/\/omega-bakery.com\/sk\/produkt\/mhs-ideal-sb-kotucova-rezacka\/#primaryimage"},"datePublished":"2021-04-23T14:17:01+00:00","dateModified":"2024-10-31T13:11:34+00:00","breadcrumb":{"@id":"https:\/\/omega-bakery.com\/sk\/produkt\/mhs-ideal-sb-kotucova-rezacka\/#breadcrumb"},"inLanguage":"sk-SK","potentialAction":[{"@type":"ReadAction","target":["https:\/\/omega-bakery.com\/sk\/produkt\/mhs-ideal-sb-kotucova-rezacka\/"]}]},{"@type":"BreadcrumbList","@id":"https:\/\/omega-bakery.com\/sk\/produkt\/mhs-ideal-sb-kotucova-rezacka\/#breadcrumb","itemListElement":[{"@type":"ListItem","position":1,"name":"Dom\u016f","item":"https:\/\/omega-bakery.com\/sk\/"},{"@type":"ListItem","position":2,"name":"Stroje a zariadenia","item":"https:\/\/omega-bakery.com\/sk\/stroje-a-zariadenia\/"},{"@type":"ListItem","position":3,"name":"Rezacie a baliace stroje","item":"https:\/\/omega-bakery.com\/sk\/stroje-a-zarizeni\/rezacie-a-baliace-stroje\/"},{"@type":"ListItem","position":4,"name":"Samoobslu\u017en\u00e9 reza\u010dky","item":"https:\/\/omega-bakery.com\/sk\/stroje-a-zarizeni\/rezacie-a-baliace-stroje\/samoobsluzne-rezacky\/"},{"@type":"ListItem","position":5,"name":"MHS Ideal SB &#8211; kot\u00fa\u010dov\u00e1 reza\u010dka"}]}]}},"_links":{"self":[{"href":"https:\/\/omega-bakery.com\/sk\/wp-json\/wp\/v2\/product\/302"}],"collection":[{"href":"https:\/\/omega-bakery.com\/sk\/wp-json\/wp\/v2\/product"}],"about":[{"href":"https:\/\/omega-bakery.com\/sk\/wp-json\/wp\/v2\/types\/product"}],"wp:featuredmedia":[{"embeddable":true,"href":"https:\/\/omega-bakery.com\/sk\/wp-json\/wp\/v2\/media\/592"}],"wp:attachment":[{"href":"https:\/\/omega-bakery.com\/sk\/wp-json\/wp\/v2\/media?parent=302"}],"curies":[{"name":"wp","href":"https:\/\/api.w.org\/{rel}","templated":true}]}}