{"id":304,"date":"2021-04-23T16:17:21","date_gmt":"2021-04-23T14:17:21","guid":{"rendered":"http:\/\/omega-bakery.com\/sk\/?post_type=product&#038;p=304"},"modified":"2024-10-31T14:58:01","modified_gmt":"2024-10-31T12:58:01","slug":"mhs-basic","status":"publish","type":"product","link":"https:\/\/omega-bakery.com\/sk\/produkt\/mhs-basic\/","title":{"rendered":"MHS Basic"},"content":{"rendered":"","protected":false},"excerpt":{"rendered":"<p>Kr\u00e1ja\u010dka chleba do z\u00e1zem\u00ed obchodov lebo expedicie pek\u00e1rn\u00ed pre obsluhu kvalifikovan\u00fdm pracovn\u00edkom<\/p>\n<p><strong>Popis stroja:<\/strong><\/p>\n<ul>\n<li>bezpe\u010dnostn\u00fd kryt vo vstupnej oblasti<\/li>\n<li>pevn\u011b nastaven\u00e1 \u0161\u00edrka pl\u00e1tkov (dle zad\u00e1n\u00ed pri objedn\u00e1vke stroja)<\/li>\n<\/ul>\n<div>\n<div>\n<div><strong>Maxim\u00e1lne rozmery chleba: \u00a0 <\/strong>45 x 14 x 34\u00a0cm<\/div>\n<div><strong>Pr\u00edkon:<\/strong>\u00a0 \u00a01,2\u00a0kW<\/div>\n<div><strong>Rozmery (\u0161 x d x v)<\/strong><strong>: \u00a0\u00a0<\/strong>595 x 1140 x 730\u00a0mm<\/div>\n<div><strong>Hmotnos\u0165: <\/strong>\u00a0 180\u00a0kg<\/div>\n<\/div>\n<p>&nbsp;<\/p>\n<div>\n<p>Viac inform\u00e1ci\u00ed o tomto obslu\u017enom stroji n\u00e1jdete v prilo\u017eenom let\u00e1ku <a href=\"http:\/\/omega-bakery.com\/sk\/wp-content\/uploads\/2021\/04\/MHS-Basic-rezacka-chleba-obsluzna-0823.pdf\" target=\"_blank\" rel=\"noopener\">TU<\/a><\/p>\n<\/div>\n<\/div>\n<div>\n<p><a href=\"https:\/\/www.youtube.com\/watch?v=EAtsMMQIefE&amp;list=PLLmO2eJtBqgzCKC9AbLU_yyPTewaFXOwg\" target=\"_blank\" rel=\"noopener\">Video k zhliadnutiu<\/a><\/p>\n<\/div>\n<p> [&#8230;]<\/p>\n<p><a class=\"btn btn-secondary understrap-read-more-link\" href=\"https:\/\/omega-bakery.com\/sk\/produkt\/mhs-basic\/\">Read More&#8230;<\/a><\/p>\n","protected":false},"featured_media":960,"template":"","meta":[],"yoast_head":"<!-- This site is optimized with the Yoast SEO plugin v17.1 - https:\/\/yoast.com\/wordpress\/plugins\/seo\/ -->\n<title>MHS Basic - Omega Bakery<\/title>\n<meta name=\"robots\" content=\"index, follow, max-snippet:-1, max-image-preview:large, max-video-preview:-1\" \/>\n<link rel=\"canonical\" href=\"https:\/\/omega-bakery.com\/sk\/produkt\/mhs-basic\/\" \/>\n<meta property=\"og:locale\" content=\"sk_SK\" \/>\n<meta property=\"og:type\" content=\"article\" \/>\n<meta property=\"og:title\" content=\"MHS Basic - Omega Bakery\" \/>\n<meta property=\"og:description\" content=\"Kr\u00e1ja\u010dka chleba do z\u00e1zem\u00ed obchodov lebo expedicie pek\u00e1rn\u00ed pre obsluhu kvalifikovan\u00fdm pracovn\u00edkom  Popis stroja:   bezpe\u010dnostn\u00fd kryt vo vstupnej oblasti  pevn\u011b nastaven\u00e1 \u0161\u00edrka pl\u00e1tkov (dle zad\u00e1n\u00ed pri objedn\u00e1vke stroja)    Maxim\u00e1lne rozmery chleba: \u00a0 45 x 14 x 34\u00a0cm Pr\u00edkon:\u00a0 \u00a01,2\u00a0kW Rozmery (\u0161 x d x v): \u00a0\u00a0595 x 1140 x 730\u00a0mm Hmotnos\u0165: \u00a0 180\u00a0kg  &nbsp;   Viac inform\u00e1ci\u00ed o tomto obslu\u017enom stroji n\u00e1jdete v prilo\u017eenom let\u00e1ku TU      Video k zhliadnutiu   [...]Read More...\" \/>\n<meta property=\"og:url\" content=\"https:\/\/omega-bakery.com\/sk\/produkt\/mhs-basic\/\" \/>\n<meta property=\"og:site_name\" content=\"Omega Bakery\" \/>\n<meta property=\"article:modified_time\" content=\"2024-10-31T12:58:01+00:00\" \/>\n<meta property=\"og:image\" content=\"http:\/\/omega-bakery.com\/sk\/wp-content\/uploads\/2021\/04\/MHS-Basic-1.png\" \/>\n\t<meta property=\"og:image:width\" content=\"533\" \/>\n\t<meta property=\"og:image:height\" content=\"700\" \/>\n<meta name=\"twitter:card\" content=\"summary_large_image\" \/>\n<script type=\"application\/ld+json\" class=\"yoast-schema-graph\">{\"@context\":\"https:\/\/schema.org\",\"@graph\":[{\"@type\":\"WebSite\",\"@id\":\"https:\/\/omega-bakery.com\/sk\/#website\",\"url\":\"https:\/\/omega-bakery.com\/sk\/\",\"name\":\"Omega Bakery\",\"description\":\"Dodavatel stroj\\u016f a za\\u0159\\u00edzen\\u00ed pro pek\\u00e1rny\",\"potentialAction\":[{\"@type\":\"SearchAction\",\"target\":{\"@type\":\"EntryPoint\",\"urlTemplate\":\"https:\/\/omega-bakery.com\/sk\/?s={search_term_string}\"},\"query-input\":\"required name=search_term_string\"}],\"inLanguage\":\"sk-SK\"},{\"@type\":\"ImageObject\",\"@id\":\"https:\/\/omega-bakery.com\/sk\/produkt\/mhs-basic\/#primaryimage\",\"inLanguage\":\"sk-SK\",\"url\":\"https:\/\/omega-bakery.com\/sk\/wp-content\/uploads\/2021\/04\/MHS-Basic-1.png\",\"contentUrl\":\"https:\/\/omega-bakery.com\/sk\/wp-content\/uploads\/2021\/04\/MHS-Basic-1.png\",\"width\":533,\"height\":700},{\"@type\":\"WebPage\",\"@id\":\"https:\/\/omega-bakery.com\/sk\/produkt\/mhs-basic\/#webpage\",\"url\":\"https:\/\/omega-bakery.com\/sk\/produkt\/mhs-basic\/\",\"name\":\"MHS Basic - Omega Bakery\",\"isPartOf\":{\"@id\":\"https:\/\/omega-bakery.com\/sk\/#website\"},\"primaryImageOfPage\":{\"@id\":\"https:\/\/omega-bakery.com\/sk\/produkt\/mhs-basic\/#primaryimage\"},\"datePublished\":\"2021-04-23T14:17:21+00:00\",\"dateModified\":\"2024-10-31T12:58:01+00:00\",\"breadcrumb\":{\"@id\":\"https:\/\/omega-bakery.com\/sk\/produkt\/mhs-basic\/#breadcrumb\"},\"inLanguage\":\"sk-SK\",\"potentialAction\":[{\"@type\":\"ReadAction\",\"target\":[\"https:\/\/omega-bakery.com\/sk\/produkt\/mhs-basic\/\"]}]},{\"@type\":\"BreadcrumbList\",\"@id\":\"https:\/\/omega-bakery.com\/sk\/produkt\/mhs-basic\/#breadcrumb\",\"itemListElement\":[{\"@type\":\"ListItem\",\"position\":1,\"name\":\"Dom\\u016f\",\"item\":\"https:\/\/omega-bakery.com\/sk\/\"},{\"@type\":\"ListItem\",\"position\":2,\"name\":\"Stroje a zariadenia\",\"item\":\"https:\/\/omega-bakery.com\/sk\/stroje-a-zariadenia\/\"},{\"@type\":\"ListItem\",\"position\":3,\"name\":\"Rezacie a baliace stroje\",\"item\":\"https:\/\/omega-bakery.com\/sk\/stroje-a-zarizeni\/rezacie-a-baliace-stroje\/\"},{\"@type\":\"ListItem\",\"position\":4,\"name\":\"Obslu\\u017en\\u00e9 reza\\u010dky\",\"item\":\"https:\/\/omega-bakery.com\/sk\/stroje-a-zarizeni\/rezacie-a-baliace-stroje\/obsluzne-rezacky\/\"},{\"@type\":\"ListItem\",\"position\":5,\"name\":\"MHS Basic\"}]}]}<\/script>\n<!-- \/ Yoast SEO plugin. -->","yoast_head_json":{"title":"MHS Basic - Omega Bakery","robots":{"index":"index","follow":"follow","max-snippet":"max-snippet:-1","max-image-preview":"max-image-preview:large","max-video-preview":"max-video-preview:-1"},"canonical":"https:\/\/omega-bakery.com\/sk\/produkt\/mhs-basic\/","og_locale":"sk_SK","og_type":"article","og_title":"MHS Basic - Omega Bakery","og_description":"Kr\u00e1ja\u010dka chleba do z\u00e1zem\u00ed obchodov lebo expedicie pek\u00e1rn\u00ed pre obsluhu kvalifikovan\u00fdm pracovn\u00edkom  Popis stroja:   bezpe\u010dnostn\u00fd kryt vo vstupnej oblasti  pevn\u011b nastaven\u00e1 \u0161\u00edrka pl\u00e1tkov (dle zad\u00e1n\u00ed pri objedn\u00e1vke stroja)    Maxim\u00e1lne rozmery chleba: \u00a0 45 x 14 x 34\u00a0cm Pr\u00edkon:\u00a0 \u00a01,2\u00a0kW Rozmery (\u0161 x d x v): \u00a0\u00a0595 x 1140 x 730\u00a0mm Hmotnos\u0165: \u00a0 180\u00a0kg  &nbsp;   Viac inform\u00e1ci\u00ed o tomto obslu\u017enom stroji n\u00e1jdete v prilo\u017eenom let\u00e1ku TU      Video k zhliadnutiu   [...]Read More...","og_url":"https:\/\/omega-bakery.com\/sk\/produkt\/mhs-basic\/","og_site_name":"Omega Bakery","article_modified_time":"2024-10-31T12:58:01+00:00","og_image":[{"width":533,"height":700,"url":"http:\/\/omega-bakery.com\/sk\/wp-content\/uploads\/2021\/04\/MHS-Basic-1.png","path":"\/data\/web\/virtuals\/278194\/virtual\/www\/domains\/omega-bakery.com\/sk\/wp-content\/uploads\/2021\/04\/MHS-Basic-1.png","size":"full","id":960,"alt":"","pixels":373100,"type":"image\/png"}],"twitter_card":"summary_large_image","schema":{"@context":"https:\/\/schema.org","@graph":[{"@type":"WebSite","@id":"https:\/\/omega-bakery.com\/sk\/#website","url":"https:\/\/omega-bakery.com\/sk\/","name":"Omega Bakery","description":"Dodavatel stroj\u016f a za\u0159\u00edzen\u00ed pro pek\u00e1rny","potentialAction":[{"@type":"SearchAction","target":{"@type":"EntryPoint","urlTemplate":"https:\/\/omega-bakery.com\/sk\/?s={search_term_string}"},"query-input":"required name=search_term_string"}],"inLanguage":"sk-SK"},{"@type":"ImageObject","@id":"https:\/\/omega-bakery.com\/sk\/produkt\/mhs-basic\/#primaryimage","inLanguage":"sk-SK","url":"https:\/\/omega-bakery.com\/sk\/wp-content\/uploads\/2021\/04\/MHS-Basic-1.png","contentUrl":"https:\/\/omega-bakery.com\/sk\/wp-content\/uploads\/2021\/04\/MHS-Basic-1.png","width":533,"height":700},{"@type":"WebPage","@id":"https:\/\/omega-bakery.com\/sk\/produkt\/mhs-basic\/#webpage","url":"https:\/\/omega-bakery.com\/sk\/produkt\/mhs-basic\/","name":"MHS Basic - Omega Bakery","isPartOf":{"@id":"https:\/\/omega-bakery.com\/sk\/#website"},"primaryImageOfPage":{"@id":"https:\/\/omega-bakery.com\/sk\/produkt\/mhs-basic\/#primaryimage"},"datePublished":"2021-04-23T14:17:21+00:00","dateModified":"2024-10-31T12:58:01+00:00","breadcrumb":{"@id":"https:\/\/omega-bakery.com\/sk\/produkt\/mhs-basic\/#breadcrumb"},"inLanguage":"sk-SK","potentialAction":[{"@type":"ReadAction","target":["https:\/\/omega-bakery.com\/sk\/produkt\/mhs-basic\/"]}]},{"@type":"BreadcrumbList","@id":"https:\/\/omega-bakery.com\/sk\/produkt\/mhs-basic\/#breadcrumb","itemListElement":[{"@type":"ListItem","position":1,"name":"Dom\u016f","item":"https:\/\/omega-bakery.com\/sk\/"},{"@type":"ListItem","position":2,"name":"Stroje a zariadenia","item":"https:\/\/omega-bakery.com\/sk\/stroje-a-zariadenia\/"},{"@type":"ListItem","position":3,"name":"Rezacie a baliace stroje","item":"https:\/\/omega-bakery.com\/sk\/stroje-a-zarizeni\/rezacie-a-baliace-stroje\/"},{"@type":"ListItem","position":4,"name":"Obslu\u017en\u00e9 reza\u010dky","item":"https:\/\/omega-bakery.com\/sk\/stroje-a-zarizeni\/rezacie-a-baliace-stroje\/obsluzne-rezacky\/"},{"@type":"ListItem","position":5,"name":"MHS Basic"}]}]}},"_links":{"self":[{"href":"https:\/\/omega-bakery.com\/sk\/wp-json\/wp\/v2\/product\/304"}],"collection":[{"href":"https:\/\/omega-bakery.com\/sk\/wp-json\/wp\/v2\/product"}],"about":[{"href":"https:\/\/omega-bakery.com\/sk\/wp-json\/wp\/v2\/types\/product"}],"wp:featuredmedia":[{"embeddable":true,"href":"https:\/\/omega-bakery.com\/sk\/wp-json\/wp\/v2\/media\/960"}],"wp:attachment":[{"href":"https:\/\/omega-bakery.com\/sk\/wp-json\/wp\/v2\/media?parent=304"}],"curies":[{"name":"wp","href":"https:\/\/api.w.org\/{rel}","templated":true}]}}