{"id":305,"date":"2021-04-23T16:17:42","date_gmt":"2021-04-23T14:17:42","guid":{"rendered":"http:\/\/omega-bakery.com\/sk\/?post_type=product&#038;p=305"},"modified":"2024-10-31T14:56:00","modified_gmt":"2024-10-31T12:56:00","slug":"mhs-ideal-s-ideal-m-ideal-l","status":"publish","type":"product","link":"https:\/\/omega-bakery.com\/sk\/produkt\/mhs-ideal-s-ideal-m-ideal-l\/","title":{"rendered":"MHS Ideal S\/ Ideal M \/ Ideal L"},"content":{"rendered":"","protected":false},"excerpt":{"rendered":"<p>Obslu\u017en\u00e1 kot\u00fa\u010dov\u00e1 kr\u00e1ja\u010dka do z\u00e1zem\u00ed obchodov alebo pek\u00e1rn\u00ed. Na dlh\u0161ie produkty s\u00fa typy Ideal M a Ideal L.<\/p>\n<p><strong>Hlavn\u00e9 znaky:<\/strong><\/p>\n<ul>\n<li>3 nastaven\u00e9 predvo\u013eby hr\u00fabky krajcov<\/li>\n<li>funkcia \u201epolenia\u201c chleba<\/li>\n<li>kvalitn\u00fd rez v\u010faka kot\u00fa\u010dov\u00e9mu no\u017eu<\/li>\n<li>bez potreby olejovania<\/li>\n<\/ul>\n<div>\n<div>\n<div><strong>Maxim\u00e1lne rozmery chleba: \u00a0 <\/strong>350 \/ 400 \/ 450 x 160 x 360 mm<\/div>\n<div><strong>Pr\u00edkon:<\/strong>\u00a0 \u00a01,2 kW \/ 400 V (volite\u013ene 230 V)<\/div>\n<div><strong>Rozmery (\u0161 x d x v)<\/strong><strong>: \u00a0 <\/strong>pod\u013ea typu<\/div>\n<\/div>\n<\/div>\n<div>\n<div>\n<p>&nbsp;<\/p>\n<p>Viac informaci\u00ed o tomto obslu\u017enom stroji n\u00e1jdete v prilo\u017eenom let\u00e1ku <a href=\"http:\/\/omega-bakery.com\/sk\/wp-content\/uploads\/2021\/04\/MHS-Ideal-rezacka-chleba-kotoucova-obsluzna-0823.pdf\" target=\"_blank\" rel=\"noopener\">TU<\/a><\/p>\n<\/div>\n<\/div>\n<div>\n<p><a href=\"https:\/\/www.youtube.com\/watch?v=Wh_NBpj_9M8&amp;list=PLLmO2eJtBqgzCKC9AbLU_yyPTewaFXOwg&amp;index=3\" target=\"_blank\" rel=\"noopener\">Video k zhliadnutiu<\/a><\/p>\n<\/div>\n<p> [&#8230;]<\/p>\n<p><a class=\"btn btn-secondary understrap-read-more-link\" href=\"https:\/\/omega-bakery.com\/sk\/produkt\/mhs-ideal-s-ideal-m-ideal-l\/\">Read More&#8230;<\/a><\/p>\n","protected":false},"featured_media":584,"template":"","meta":[],"yoast_head":"<!-- This site is optimized with the Yoast SEO plugin v17.1 - https:\/\/yoast.com\/wordpress\/plugins\/seo\/ -->\n<title>MHS Ideal S\/ Ideal M \/ Ideal L - Omega Bakery<\/title>\n<meta name=\"robots\" content=\"index, follow, max-snippet:-1, max-image-preview:large, max-video-preview:-1\" \/>\n<link rel=\"canonical\" href=\"https:\/\/omega-bakery.com\/sk\/produkt\/mhs-ideal-s-ideal-m-ideal-l\/\" \/>\n<meta property=\"og:locale\" content=\"sk_SK\" \/>\n<meta property=\"og:type\" content=\"article\" \/>\n<meta property=\"og:title\" content=\"MHS Ideal S\/ Ideal M \/ Ideal L - Omega Bakery\" \/>\n<meta property=\"og:description\" content=\"Obslu\u017en\u00e1 kot\u00fa\u010dov\u00e1 kr\u00e1ja\u010dka do z\u00e1zem\u00ed obchodov alebo pek\u00e1rn\u00ed. Na dlh\u0161ie produkty s\u00fa typy Ideal M a Ideal L.  Hlavn\u00e9 znaky:   3 nastaven\u00e9 predvo\u013eby hr\u00fabky krajcov  funkcia \u201epolenia\u201c chleba  kvalitn\u00fd rez v\u010faka kot\u00fa\u010dov\u00e9mu no\u017eu  bez potreby olejovania    Maxim\u00e1lne rozmery chleba: \u00a0 350 \/ 400 \/ 450 x 160 x 360 mm Pr\u00edkon:\u00a0 \u00a01,2 kW \/ 400 V (volite\u013ene 230 V) Rozmery (\u0161 x d x v): \u00a0 pod\u013ea typu      &nbsp;  Viac informaci\u00ed o tomto obslu\u017enom stroji n\u00e1jdete v prilo\u017eenom let\u00e1ku TU      Video k zhliadnutiu   [...]Read More...\" \/>\n<meta property=\"og:url\" content=\"https:\/\/omega-bakery.com\/sk\/produkt\/mhs-ideal-s-ideal-m-ideal-l\/\" \/>\n<meta property=\"og:site_name\" content=\"Omega Bakery\" \/>\n<meta property=\"article:modified_time\" content=\"2024-10-31T12:56:00+00:00\" \/>\n<meta property=\"og:image\" content=\"http:\/\/omega-bakery.com\/sk\/wp-content\/uploads\/2021\/04\/MHS-Ideal.png\" \/>\n\t<meta property=\"og:image:width\" content=\"533\" \/>\n\t<meta property=\"og:image:height\" content=\"700\" \/>\n<meta name=\"twitter:card\" content=\"summary_large_image\" \/>\n<script type=\"application\/ld+json\" class=\"yoast-schema-graph\">{\"@context\":\"https:\/\/schema.org\",\"@graph\":[{\"@type\":\"WebSite\",\"@id\":\"https:\/\/omega-bakery.com\/sk\/#website\",\"url\":\"https:\/\/omega-bakery.com\/sk\/\",\"name\":\"Omega Bakery\",\"description\":\"Dodavatel stroj\\u016f a za\\u0159\\u00edzen\\u00ed pro pek\\u00e1rny\",\"potentialAction\":[{\"@type\":\"SearchAction\",\"target\":{\"@type\":\"EntryPoint\",\"urlTemplate\":\"https:\/\/omega-bakery.com\/sk\/?s={search_term_string}\"},\"query-input\":\"required name=search_term_string\"}],\"inLanguage\":\"sk-SK\"},{\"@type\":\"ImageObject\",\"@id\":\"https:\/\/omega-bakery.com\/sk\/produkt\/mhs-ideal-s-ideal-m-ideal-l\/#primaryimage\",\"inLanguage\":\"sk-SK\",\"url\":\"https:\/\/omega-bakery.com\/sk\/wp-content\/uploads\/2021\/04\/MHS-Ideal.png\",\"contentUrl\":\"https:\/\/omega-bakery.com\/sk\/wp-content\/uploads\/2021\/04\/MHS-Ideal.png\",\"width\":533,\"height\":700},{\"@type\":\"WebPage\",\"@id\":\"https:\/\/omega-bakery.com\/sk\/produkt\/mhs-ideal-s-ideal-m-ideal-l\/#webpage\",\"url\":\"https:\/\/omega-bakery.com\/sk\/produkt\/mhs-ideal-s-ideal-m-ideal-l\/\",\"name\":\"MHS Ideal S\/ Ideal M \/ Ideal L - Omega Bakery\",\"isPartOf\":{\"@id\":\"https:\/\/omega-bakery.com\/sk\/#website\"},\"primaryImageOfPage\":{\"@id\":\"https:\/\/omega-bakery.com\/sk\/produkt\/mhs-ideal-s-ideal-m-ideal-l\/#primaryimage\"},\"datePublished\":\"2021-04-23T14:17:42+00:00\",\"dateModified\":\"2024-10-31T12:56:00+00:00\",\"breadcrumb\":{\"@id\":\"https:\/\/omega-bakery.com\/sk\/produkt\/mhs-ideal-s-ideal-m-ideal-l\/#breadcrumb\"},\"inLanguage\":\"sk-SK\",\"potentialAction\":[{\"@type\":\"ReadAction\",\"target\":[\"https:\/\/omega-bakery.com\/sk\/produkt\/mhs-ideal-s-ideal-m-ideal-l\/\"]}]},{\"@type\":\"BreadcrumbList\",\"@id\":\"https:\/\/omega-bakery.com\/sk\/produkt\/mhs-ideal-s-ideal-m-ideal-l\/#breadcrumb\",\"itemListElement\":[{\"@type\":\"ListItem\",\"position\":1,\"name\":\"Dom\\u016f\",\"item\":\"https:\/\/omega-bakery.com\/sk\/\"},{\"@type\":\"ListItem\",\"position\":2,\"name\":\"Stroje a zariadenia\",\"item\":\"https:\/\/omega-bakery.com\/sk\/stroje-a-zariadenia\/\"},{\"@type\":\"ListItem\",\"position\":3,\"name\":\"Rezacie a baliace stroje\",\"item\":\"https:\/\/omega-bakery.com\/sk\/stroje-a-zarizeni\/rezacie-a-baliace-stroje\/\"},{\"@type\":\"ListItem\",\"position\":4,\"name\":\"Obslu\\u017en\\u00e9 reza\\u010dky\",\"item\":\"https:\/\/omega-bakery.com\/sk\/stroje-a-zarizeni\/rezacie-a-baliace-stroje\/obsluzne-rezacky\/\"},{\"@type\":\"ListItem\",\"position\":5,\"name\":\"MHS Ideal S\/ Ideal M \/ Ideal L\"}]}]}<\/script>\n<!-- \/ Yoast SEO plugin. -->","yoast_head_json":{"title":"MHS Ideal S\/ Ideal M \/ Ideal L - Omega Bakery","robots":{"index":"index","follow":"follow","max-snippet":"max-snippet:-1","max-image-preview":"max-image-preview:large","max-video-preview":"max-video-preview:-1"},"canonical":"https:\/\/omega-bakery.com\/sk\/produkt\/mhs-ideal-s-ideal-m-ideal-l\/","og_locale":"sk_SK","og_type":"article","og_title":"MHS Ideal S\/ Ideal M \/ Ideal L - Omega Bakery","og_description":"Obslu\u017en\u00e1 kot\u00fa\u010dov\u00e1 kr\u00e1ja\u010dka do z\u00e1zem\u00ed obchodov alebo pek\u00e1rn\u00ed. Na dlh\u0161ie produkty s\u00fa typy Ideal M a Ideal L.  Hlavn\u00e9 znaky:   3 nastaven\u00e9 predvo\u013eby hr\u00fabky krajcov  funkcia \u201epolenia\u201c chleba  kvalitn\u00fd rez v\u010faka kot\u00fa\u010dov\u00e9mu no\u017eu  bez potreby olejovania    Maxim\u00e1lne rozmery chleba: \u00a0 350 \/ 400 \/ 450 x 160 x 360 mm Pr\u00edkon:\u00a0 \u00a01,2 kW \/ 400 V (volite\u013ene 230 V) Rozmery (\u0161 x d x v): \u00a0 pod\u013ea typu      &nbsp;  Viac informaci\u00ed o tomto obslu\u017enom stroji n\u00e1jdete v prilo\u017eenom let\u00e1ku TU      Video k zhliadnutiu   [...]Read More...","og_url":"https:\/\/omega-bakery.com\/sk\/produkt\/mhs-ideal-s-ideal-m-ideal-l\/","og_site_name":"Omega Bakery","article_modified_time":"2024-10-31T12:56:00+00:00","og_image":[{"width":533,"height":700,"url":"http:\/\/omega-bakery.com\/sk\/wp-content\/uploads\/2021\/04\/MHS-Ideal.png","path":"\/data\/web\/virtuals\/278194\/virtual\/www\/domains\/omega-bakery.com\/sk\/wp-content\/uploads\/2021\/04\/MHS-Ideal.png","size":"full","id":584,"alt":"","pixels":373100,"type":"image\/png"}],"twitter_card":"summary_large_image","schema":{"@context":"https:\/\/schema.org","@graph":[{"@type":"WebSite","@id":"https:\/\/omega-bakery.com\/sk\/#website","url":"https:\/\/omega-bakery.com\/sk\/","name":"Omega Bakery","description":"Dodavatel stroj\u016f a za\u0159\u00edzen\u00ed pro pek\u00e1rny","potentialAction":[{"@type":"SearchAction","target":{"@type":"EntryPoint","urlTemplate":"https:\/\/omega-bakery.com\/sk\/?s={search_term_string}"},"query-input":"required name=search_term_string"}],"inLanguage":"sk-SK"},{"@type":"ImageObject","@id":"https:\/\/omega-bakery.com\/sk\/produkt\/mhs-ideal-s-ideal-m-ideal-l\/#primaryimage","inLanguage":"sk-SK","url":"https:\/\/omega-bakery.com\/sk\/wp-content\/uploads\/2021\/04\/MHS-Ideal.png","contentUrl":"https:\/\/omega-bakery.com\/sk\/wp-content\/uploads\/2021\/04\/MHS-Ideal.png","width":533,"height":700},{"@type":"WebPage","@id":"https:\/\/omega-bakery.com\/sk\/produkt\/mhs-ideal-s-ideal-m-ideal-l\/#webpage","url":"https:\/\/omega-bakery.com\/sk\/produkt\/mhs-ideal-s-ideal-m-ideal-l\/","name":"MHS Ideal S\/ Ideal M \/ Ideal L - Omega Bakery","isPartOf":{"@id":"https:\/\/omega-bakery.com\/sk\/#website"},"primaryImageOfPage":{"@id":"https:\/\/omega-bakery.com\/sk\/produkt\/mhs-ideal-s-ideal-m-ideal-l\/#primaryimage"},"datePublished":"2021-04-23T14:17:42+00:00","dateModified":"2024-10-31T12:56:00+00:00","breadcrumb":{"@id":"https:\/\/omega-bakery.com\/sk\/produkt\/mhs-ideal-s-ideal-m-ideal-l\/#breadcrumb"},"inLanguage":"sk-SK","potentialAction":[{"@type":"ReadAction","target":["https:\/\/omega-bakery.com\/sk\/produkt\/mhs-ideal-s-ideal-m-ideal-l\/"]}]},{"@type":"BreadcrumbList","@id":"https:\/\/omega-bakery.com\/sk\/produkt\/mhs-ideal-s-ideal-m-ideal-l\/#breadcrumb","itemListElement":[{"@type":"ListItem","position":1,"name":"Dom\u016f","item":"https:\/\/omega-bakery.com\/sk\/"},{"@type":"ListItem","position":2,"name":"Stroje a zariadenia","item":"https:\/\/omega-bakery.com\/sk\/stroje-a-zariadenia\/"},{"@type":"ListItem","position":3,"name":"Rezacie a baliace stroje","item":"https:\/\/omega-bakery.com\/sk\/stroje-a-zarizeni\/rezacie-a-baliace-stroje\/"},{"@type":"ListItem","position":4,"name":"Obslu\u017en\u00e9 reza\u010dky","item":"https:\/\/omega-bakery.com\/sk\/stroje-a-zarizeni\/rezacie-a-baliace-stroje\/obsluzne-rezacky\/"},{"@type":"ListItem","position":5,"name":"MHS Ideal S\/ Ideal M \/ Ideal L"}]}]}},"_links":{"self":[{"href":"https:\/\/omega-bakery.com\/sk\/wp-json\/wp\/v2\/product\/305"}],"collection":[{"href":"https:\/\/omega-bakery.com\/sk\/wp-json\/wp\/v2\/product"}],"about":[{"href":"https:\/\/omega-bakery.com\/sk\/wp-json\/wp\/v2\/types\/product"}],"wp:featuredmedia":[{"embeddable":true,"href":"https:\/\/omega-bakery.com\/sk\/wp-json\/wp\/v2\/media\/584"}],"wp:attachment":[{"href":"https:\/\/omega-bakery.com\/sk\/wp-json\/wp\/v2\/media?parent=305"}],"curies":[{"name":"wp","href":"https:\/\/api.w.org\/{rel}","templated":true}]}}