{"id":306,"date":"2021-04-23T16:17:59","date_gmt":"2021-04-23T14:17:59","guid":{"rendered":"http:\/\/omega-bakery.com\/sk\/?post_type=product&#038;p=306"},"modified":"2024-10-31T14:59:45","modified_gmt":"2024-10-31T12:59:45","slug":"mhs-integral-touch","status":"publish","type":"product","link":"https:\/\/omega-bakery.com\/sk\/produkt\/mhs-integral-touch\/","title":{"rendered":"MHS Integral Touch"},"content":{"rendered":"","protected":false},"excerpt":{"rendered":"<p>Obslu\u017en\u00e1 kot\u00fa\u010dov\u00e1 reza\u010dka chleba do predejn\u00ed zabudovan\u00e1 do predajn\u00e9ho pultu.<\/p>\n<p><strong>Hlavn\u00e9 znaky:<\/strong><\/p>\n<ul>\n<li>naklonen\u00fd displej pre jednoduch\u00fa obsluhu<\/li>\n<li>hr\u00fabku krajcov je mo\u017en\u00e9 \u013eubovo\u013ene meni\u0165 po 1 mm pomocou displeja<\/li>\n<li>funkcie polenia chleba<\/li>\n<li>kr\u00e1janie bez oleje<\/li>\n<\/ul>\n<div>\n<div>\n<div><strong>Maxim\u00e1lne rozmery chleba: \u00a0 <\/strong>390 x 145 x 320 mm<\/div>\n<div><strong>R\u00fdchlost\u00b4kr\u00e1jania:<\/strong>\u00a0 \u00a0130\u00a0 resp. 220 platkov \/ min.<\/div>\n<div><strong>Rozmery (\u0161 x v x hl)<\/strong><strong>:\u00a0 \u00a0<\/strong>980 x 820 x 740 mm<\/div>\n<div><strong>Hmotnos\u0165: <\/strong>\u00a0 250 kg<\/div>\n<div><strong>Pr\u00edkon:<\/strong> 1,6 kW \/ 230 V<\/div>\n<\/div>\n<\/div>\n<p>&nbsp;<\/p>\n<div>\n<div>\n<p>Viac inform\u00e1ci\u00ed o tomto obslu\u017enom stroji n\u00e1jdete v prilo\u017eenom let\u00e1ku <a href=\"http:\/\/omega-bakery.com\/sk\/wp-content\/uploads\/2021\/04\/MHS-Integral-Touch-rezacka-chleba-kotoucova-obsluzna-0823.pdf\" target=\"_blank\" rel=\"noopener\">TU<\/a><\/p>\n<\/div>\n<\/div>\n<div>\n<p><a href=\"https:\/\/youtu.be\/_JahmzwGVWc\" target=\"_blank\" rel=\"noopener\">Video k zhliadnutiu<\/a><\/p>\n<\/div>\n<p> [&#8230;]<\/p>\n<p><a class=\"btn btn-secondary understrap-read-more-link\" href=\"https:\/\/omega-bakery.com\/sk\/produkt\/mhs-integral-touch\/\">Read More&#8230;<\/a><\/p>\n","protected":false},"featured_media":2033,"template":"","meta":[],"yoast_head":"<!-- This site is optimized with the Yoast SEO plugin v17.1 - https:\/\/yoast.com\/wordpress\/plugins\/seo\/ -->\n<title>MHS Integral Touch - Omega Bakery<\/title>\n<meta name=\"robots\" content=\"index, follow, max-snippet:-1, max-image-preview:large, max-video-preview:-1\" \/>\n<link rel=\"canonical\" href=\"https:\/\/omega-bakery.com\/sk\/produkt\/mhs-integral-touch\/\" \/>\n<meta property=\"og:locale\" content=\"sk_SK\" \/>\n<meta property=\"og:type\" content=\"article\" \/>\n<meta property=\"og:title\" content=\"MHS Integral Touch - Omega Bakery\" \/>\n<meta property=\"og:description\" content=\"Obslu\u017en\u00e1 kot\u00fa\u010dov\u00e1 reza\u010dka chleba do predejn\u00ed zabudovan\u00e1 do predajn\u00e9ho pultu.  Hlavn\u00e9 znaky:   naklonen\u00fd displej pre jednoduch\u00fa obsluhu  hr\u00fabku krajcov je mo\u017en\u00e9 \u013eubovo\u013ene meni\u0165 po 1 mm pomocou displeja  funkcie polenia chleba  kr\u00e1janie bez oleje    Maxim\u00e1lne rozmery chleba: \u00a0 390 x 145 x 320 mm R\u00fdchlost\u00b4kr\u00e1jania:\u00a0 \u00a0130\u00a0 resp. 220 platkov \/ min. Rozmery (\u0161 x v x hl):\u00a0 \u00a0980 x 820 x 740 mm Hmotnos\u0165: \u00a0 250 kg Pr\u00edkon: 1,6 kW \/ 230 V   &nbsp;    Viac inform\u00e1ci\u00ed o tomto obslu\u017enom stroji n\u00e1jdete v prilo\u017eenom let\u00e1ku TU      Video k zhliadnutiu   [...]Read More...\" \/>\n<meta property=\"og:url\" content=\"https:\/\/omega-bakery.com\/sk\/produkt\/mhs-integral-touch\/\" \/>\n<meta property=\"og:site_name\" content=\"Omega Bakery\" \/>\n<meta property=\"article:modified_time\" content=\"2024-10-31T12:59:45+00:00\" \/>\n<meta property=\"og:image\" content=\"http:\/\/omega-bakery.com\/sk\/wp-content\/uploads\/2021\/04\/MHS_Integral_Touch_02-e1663311027908.jpg\" \/>\n\t<meta property=\"og:image:width\" content=\"319\" \/>\n\t<meta property=\"og:image:height\" content=\"246\" \/>\n<meta name=\"twitter:card\" content=\"summary_large_image\" \/>\n<script type=\"application\/ld+json\" class=\"yoast-schema-graph\">{\"@context\":\"https:\/\/schema.org\",\"@graph\":[{\"@type\":\"WebSite\",\"@id\":\"https:\/\/omega-bakery.com\/sk\/#website\",\"url\":\"https:\/\/omega-bakery.com\/sk\/\",\"name\":\"Omega Bakery\",\"description\":\"Dodavatel stroj\\u016f a za\\u0159\\u00edzen\\u00ed pro pek\\u00e1rny\",\"potentialAction\":[{\"@type\":\"SearchAction\",\"target\":{\"@type\":\"EntryPoint\",\"urlTemplate\":\"https:\/\/omega-bakery.com\/sk\/?s={search_term_string}\"},\"query-input\":\"required name=search_term_string\"}],\"inLanguage\":\"sk-SK\"},{\"@type\":\"ImageObject\",\"@id\":\"https:\/\/omega-bakery.com\/sk\/produkt\/mhs-integral-touch\/#primaryimage\",\"inLanguage\":\"sk-SK\",\"url\":\"https:\/\/omega-bakery.com\/sk\/wp-content\/uploads\/2021\/04\/MHS_Integral_Touch_02-e1663311027908.jpg\",\"contentUrl\":\"https:\/\/omega-bakery.com\/sk\/wp-content\/uploads\/2021\/04\/MHS_Integral_Touch_02-e1663311027908.jpg\",\"width\":319,\"height\":246},{\"@type\":\"WebPage\",\"@id\":\"https:\/\/omega-bakery.com\/sk\/produkt\/mhs-integral-touch\/#webpage\",\"url\":\"https:\/\/omega-bakery.com\/sk\/produkt\/mhs-integral-touch\/\",\"name\":\"MHS Integral Touch - Omega Bakery\",\"isPartOf\":{\"@id\":\"https:\/\/omega-bakery.com\/sk\/#website\"},\"primaryImageOfPage\":{\"@id\":\"https:\/\/omega-bakery.com\/sk\/produkt\/mhs-integral-touch\/#primaryimage\"},\"datePublished\":\"2021-04-23T14:17:59+00:00\",\"dateModified\":\"2024-10-31T12:59:45+00:00\",\"breadcrumb\":{\"@id\":\"https:\/\/omega-bakery.com\/sk\/produkt\/mhs-integral-touch\/#breadcrumb\"},\"inLanguage\":\"sk-SK\",\"potentialAction\":[{\"@type\":\"ReadAction\",\"target\":[\"https:\/\/omega-bakery.com\/sk\/produkt\/mhs-integral-touch\/\"]}]},{\"@type\":\"BreadcrumbList\",\"@id\":\"https:\/\/omega-bakery.com\/sk\/produkt\/mhs-integral-touch\/#breadcrumb\",\"itemListElement\":[{\"@type\":\"ListItem\",\"position\":1,\"name\":\"Dom\\u016f\",\"item\":\"https:\/\/omega-bakery.com\/sk\/\"},{\"@type\":\"ListItem\",\"position\":2,\"name\":\"Stroje a zariadenia\",\"item\":\"https:\/\/omega-bakery.com\/sk\/stroje-a-zariadenia\/\"},{\"@type\":\"ListItem\",\"position\":3,\"name\":\"Rezacie a baliace stroje\",\"item\":\"https:\/\/omega-bakery.com\/sk\/stroje-a-zarizeni\/rezacie-a-baliace-stroje\/\"},{\"@type\":\"ListItem\",\"position\":4,\"name\":\"Obslu\\u017en\\u00e9 reza\\u010dky\",\"item\":\"https:\/\/omega-bakery.com\/sk\/stroje-a-zarizeni\/rezacie-a-baliace-stroje\/obsluzne-rezacky\/\"},{\"@type\":\"ListItem\",\"position\":5,\"name\":\"MHS Integral Touch\"}]}]}<\/script>\n<!-- \/ Yoast SEO plugin. -->","yoast_head_json":{"title":"MHS Integral Touch - Omega Bakery","robots":{"index":"index","follow":"follow","max-snippet":"max-snippet:-1","max-image-preview":"max-image-preview:large","max-video-preview":"max-video-preview:-1"},"canonical":"https:\/\/omega-bakery.com\/sk\/produkt\/mhs-integral-touch\/","og_locale":"sk_SK","og_type":"article","og_title":"MHS Integral Touch - Omega Bakery","og_description":"Obslu\u017en\u00e1 kot\u00fa\u010dov\u00e1 reza\u010dka chleba do predejn\u00ed zabudovan\u00e1 do predajn\u00e9ho pultu.  Hlavn\u00e9 znaky:   naklonen\u00fd displej pre jednoduch\u00fa obsluhu  hr\u00fabku krajcov je mo\u017en\u00e9 \u013eubovo\u013ene meni\u0165 po 1 mm pomocou displeja  funkcie polenia chleba  kr\u00e1janie bez oleje    Maxim\u00e1lne rozmery chleba: \u00a0 390 x 145 x 320 mm R\u00fdchlost\u00b4kr\u00e1jania:\u00a0 \u00a0130\u00a0 resp. 220 platkov \/ min. Rozmery (\u0161 x v x hl):\u00a0 \u00a0980 x 820 x 740 mm Hmotnos\u0165: \u00a0 250 kg Pr\u00edkon: 1,6 kW \/ 230 V   &nbsp;    Viac inform\u00e1ci\u00ed o tomto obslu\u017enom stroji n\u00e1jdete v prilo\u017eenom let\u00e1ku TU      Video k zhliadnutiu   [...]Read More...","og_url":"https:\/\/omega-bakery.com\/sk\/produkt\/mhs-integral-touch\/","og_site_name":"Omega Bakery","article_modified_time":"2024-10-31T12:59:45+00:00","og_image":[{"width":319,"height":246,"url":"http:\/\/omega-bakery.com\/sk\/wp-content\/uploads\/2021\/04\/MHS_Integral_Touch_02-e1663311027908.jpg","path":"\/data\/web\/virtuals\/278194\/virtual\/www\/domains\/omega-bakery.com\/sk\/wp-content\/uploads\/2021\/04\/MHS_Integral_Touch_02-e1663311027908.jpg","size":"full","id":2033,"alt":"","pixels":78474,"type":"image\/jpeg"}],"twitter_card":"summary_large_image","schema":{"@context":"https:\/\/schema.org","@graph":[{"@type":"WebSite","@id":"https:\/\/omega-bakery.com\/sk\/#website","url":"https:\/\/omega-bakery.com\/sk\/","name":"Omega Bakery","description":"Dodavatel stroj\u016f a za\u0159\u00edzen\u00ed pro pek\u00e1rny","potentialAction":[{"@type":"SearchAction","target":{"@type":"EntryPoint","urlTemplate":"https:\/\/omega-bakery.com\/sk\/?s={search_term_string}"},"query-input":"required name=search_term_string"}],"inLanguage":"sk-SK"},{"@type":"ImageObject","@id":"https:\/\/omega-bakery.com\/sk\/produkt\/mhs-integral-touch\/#primaryimage","inLanguage":"sk-SK","url":"https:\/\/omega-bakery.com\/sk\/wp-content\/uploads\/2021\/04\/MHS_Integral_Touch_02-e1663311027908.jpg","contentUrl":"https:\/\/omega-bakery.com\/sk\/wp-content\/uploads\/2021\/04\/MHS_Integral_Touch_02-e1663311027908.jpg","width":319,"height":246},{"@type":"WebPage","@id":"https:\/\/omega-bakery.com\/sk\/produkt\/mhs-integral-touch\/#webpage","url":"https:\/\/omega-bakery.com\/sk\/produkt\/mhs-integral-touch\/","name":"MHS Integral Touch - Omega Bakery","isPartOf":{"@id":"https:\/\/omega-bakery.com\/sk\/#website"},"primaryImageOfPage":{"@id":"https:\/\/omega-bakery.com\/sk\/produkt\/mhs-integral-touch\/#primaryimage"},"datePublished":"2021-04-23T14:17:59+00:00","dateModified":"2024-10-31T12:59:45+00:00","breadcrumb":{"@id":"https:\/\/omega-bakery.com\/sk\/produkt\/mhs-integral-touch\/#breadcrumb"},"inLanguage":"sk-SK","potentialAction":[{"@type":"ReadAction","target":["https:\/\/omega-bakery.com\/sk\/produkt\/mhs-integral-touch\/"]}]},{"@type":"BreadcrumbList","@id":"https:\/\/omega-bakery.com\/sk\/produkt\/mhs-integral-touch\/#breadcrumb","itemListElement":[{"@type":"ListItem","position":1,"name":"Dom\u016f","item":"https:\/\/omega-bakery.com\/sk\/"},{"@type":"ListItem","position":2,"name":"Stroje a zariadenia","item":"https:\/\/omega-bakery.com\/sk\/stroje-a-zariadenia\/"},{"@type":"ListItem","position":3,"name":"Rezacie a baliace stroje","item":"https:\/\/omega-bakery.com\/sk\/stroje-a-zarizeni\/rezacie-a-baliace-stroje\/"},{"@type":"ListItem","position":4,"name":"Obslu\u017en\u00e9 reza\u010dky","item":"https:\/\/omega-bakery.com\/sk\/stroje-a-zarizeni\/rezacie-a-baliace-stroje\/obsluzne-rezacky\/"},{"@type":"ListItem","position":5,"name":"MHS Integral Touch"}]}]}},"_links":{"self":[{"href":"https:\/\/omega-bakery.com\/sk\/wp-json\/wp\/v2\/product\/306"}],"collection":[{"href":"https:\/\/omega-bakery.com\/sk\/wp-json\/wp\/v2\/product"}],"about":[{"href":"https:\/\/omega-bakery.com\/sk\/wp-json\/wp\/v2\/types\/product"}],"wp:featuredmedia":[{"embeddable":true,"href":"https:\/\/omega-bakery.com\/sk\/wp-json\/wp\/v2\/media\/2033"}],"wp:attachment":[{"href":"https:\/\/omega-bakery.com\/sk\/wp-json\/wp\/v2\/media?parent=306"}],"curies":[{"name":"wp","href":"https:\/\/api.w.org\/{rel}","templated":true}]}}