{"id":309,"date":"2021-04-23T16:18:28","date_gmt":"2021-04-23T14:18:28","guid":{"rendered":"http:\/\/omega-bakery.com\/sk\/?post_type=product&#038;p=309"},"modified":"2024-10-31T14:42:18","modified_gmt":"2024-10-31T12:42:18","slug":"ipeka-masterslicer-1w","status":"publish","type":"product","link":"https:\/\/omega-bakery.com\/sk\/produkt\/ipeka-masterslicer-1w\/","title":{"rendered":"Ipeka Masterslicer 1W"},"content":{"rendered":"","protected":false},"excerpt":{"rendered":"<p>Automatick\u00e1 priemyseln\u00e1 reza\u010dka pre v\u0161etky druhy chlebov s vysokou r\u00fdchlos\u0165ou kr\u00e1jenia.<\/p>\n<p><strong>Hlavn\u00e9 znaky:<\/strong><\/p>\n<ul>\n<li>18 p\u00e1sov\u00fdch no\u017eov d\u013a\u017eky 163\u201c, r\u00fdchlos\u0165 p\u00e1su 400 m\/min.<\/li>\n<li>tvrdochr\u00f3mom upraven\u00e9 valce so \u0161peci\u00e1lnymi bo\u010dn\u00fdmi dielmi, ktor\u00e9 zabezpe\u010duj\u00fa cirkul\u00e1ciu chladiaceho vzduchu<\/li>\n<li>automatick\u00e9 nap\u00ednanie no\u017eov<\/li>\n<li>automatick\u00e9 vypnutie stroja pri prasknut\u00ed no\u017ea<\/li>\n<li>ulo\u017eenie valcov a ulo\u017eenie vodiaceho mechanizmu umo\u017e\u0148uje jednoduch\u00fa v\u00fdmenu no\u017eov<\/li>\n<li>pr\u00edsun bochn\u00edkov zabezpe\u010den\u00fd\u00a0 spodn\u00fdm, horn\u00fdm a dvoma bo\u010dn\u00fdmi dopravn\u00edkmi<\/li>\n<\/ul>\n<p>Volitelne:<\/p>\n<ul>\n<li>jednoducho v\u00fdmenn\u00e9 vodiace elementy no\u017eov umo\u017e\u0148uj\u016f v\u00fdmenu \u0161\u00edrky kr\u00e1jania od 8 do 15 mm s odstupom 0,5 mm<\/li>\n<li>olejovanie no\u017eov<\/li>\n<\/ul>\n<div>\n<div>\n<div><strong>Kapacita: \u00a0\u00a0<\/strong>max. 4200ks\/ hod v z\u00e1vislosti na kr\u00e1janom produktu<\/div>\n<div><strong>Pr\u00edkon:<\/strong>\u00a0 \u00a05,5\u00a0kW<\/div>\n<div><strong>Stla\u010den\u00fd vzduch<\/strong><strong>: \u00a0\u00a0<\/strong>min. 4,5 bar<\/div>\n<\/div>\n<p>Viac inform\u00e1ci\u00ed o tomto obslu\u017enom stroji n\u00e1jdete v prilo\u017eenom let\u00e1ku <a href=\"http:\/\/omega-bakery.com\/sk\/wp-content\/uploads\/2021\/04\/Ipeka-Masterslicer-1W-prumyslova-rezacka-chleba-prubezna-0823.pdf\" target=\"_blank\" rel=\"noopener\">TU<\/a><\/p>\n<\/div>\n<p> [&#8230;]<\/p>\n<p><a class=\"btn btn-secondary understrap-read-more-link\" href=\"https:\/\/omega-bakery.com\/sk\/produkt\/ipeka-masterslicer-1w\/\">Read More&#8230;<\/a><\/p>\n","protected":false},"featured_media":957,"template":"","meta":[],"yoast_head":"<!-- This site is optimized with the Yoast SEO plugin v17.1 - https:\/\/yoast.com\/wordpress\/plugins\/seo\/ -->\n<title>Ipeka Masterslicer 1W - Omega Bakery<\/title>\n<meta name=\"robots\" content=\"index, follow, max-snippet:-1, max-image-preview:large, max-video-preview:-1\" \/>\n<link rel=\"canonical\" href=\"https:\/\/omega-bakery.com\/sk\/produkt\/ipeka-masterslicer-1w\/\" \/>\n<meta property=\"og:locale\" content=\"sk_SK\" \/>\n<meta property=\"og:type\" content=\"article\" \/>\n<meta property=\"og:title\" content=\"Ipeka Masterslicer 1W - Omega Bakery\" \/>\n<meta property=\"og:description\" content=\"Automatick\u00e1 priemyseln\u00e1 reza\u010dka pre v\u0161etky druhy chlebov s vysokou r\u00fdchlos\u0165ou kr\u00e1jenia.  Hlavn\u00e9 znaky:   18 p\u00e1sov\u00fdch no\u017eov d\u013a\u017eky 163\u201c, r\u00fdchlos\u0165 p\u00e1su 400 m\/min.  tvrdochr\u00f3mom upraven\u00e9 valce so \u0161peci\u00e1lnymi bo\u010dn\u00fdmi dielmi, ktor\u00e9 zabezpe\u010duj\u00fa cirkul\u00e1ciu chladiaceho vzduchu  automatick\u00e9 nap\u00ednanie no\u017eov  automatick\u00e9 vypnutie stroja pri prasknut\u00ed no\u017ea  ulo\u017eenie valcov a ulo\u017eenie vodiaceho mechanizmu umo\u017e\u0148uje jednoduch\u00fa v\u00fdmenu no\u017eov  pr\u00edsun bochn\u00edkov zabezpe\u010den\u00fd\u00a0 spodn\u00fdm, horn\u00fdm a dvoma bo\u010dn\u00fdmi dopravn\u00edkmi  Volitelne:   jednoducho v\u00fdmenn\u00e9 vodiace elementy no\u017eov umo\u017e\u0148uj\u016f v\u00fdmenu \u0161\u00edrky kr\u00e1jania od 8 do 15 mm s odstupom 0,5 mm  olejovanie no\u017eov    Kapacita: \u00a0\u00a0max. 4200ks\/ hod v z\u00e1vislosti na kr\u00e1janom produktu Pr\u00edkon:\u00a0 \u00a05,5\u00a0kW Stla\u010den\u00fd vzduch: \u00a0\u00a0min. 4,5 bar  Viac inform\u00e1ci\u00ed o tomto obslu\u017enom stroji n\u00e1jdete v prilo\u017eenom let\u00e1ku TU   [...]Read More...\" \/>\n<meta property=\"og:url\" content=\"https:\/\/omega-bakery.com\/sk\/produkt\/ipeka-masterslicer-1w\/\" \/>\n<meta property=\"og:site_name\" content=\"Omega Bakery\" \/>\n<meta property=\"article:modified_time\" content=\"2024-10-31T12:42:18+00:00\" \/>\n<meta property=\"og:image\" content=\"http:\/\/omega-bakery.com\/sk\/wp-content\/uploads\/2021\/04\/Ipeka-Masterslicer-1W-1.png\" \/>\n\t<meta property=\"og:image:width\" content=\"533\" \/>\n\t<meta property=\"og:image:height\" content=\"700\" \/>\n<meta name=\"twitter:card\" content=\"summary_large_image\" \/>\n<script type=\"application\/ld+json\" class=\"yoast-schema-graph\">{\"@context\":\"https:\/\/schema.org\",\"@graph\":[{\"@type\":\"WebSite\",\"@id\":\"https:\/\/omega-bakery.com\/sk\/#website\",\"url\":\"https:\/\/omega-bakery.com\/sk\/\",\"name\":\"Omega Bakery\",\"description\":\"Dodavatel stroj\\u016f a za\\u0159\\u00edzen\\u00ed pro pek\\u00e1rny\",\"potentialAction\":[{\"@type\":\"SearchAction\",\"target\":{\"@type\":\"EntryPoint\",\"urlTemplate\":\"https:\/\/omega-bakery.com\/sk\/?s={search_term_string}\"},\"query-input\":\"required name=search_term_string\"}],\"inLanguage\":\"sk-SK\"},{\"@type\":\"ImageObject\",\"@id\":\"https:\/\/omega-bakery.com\/sk\/produkt\/ipeka-masterslicer-1w\/#primaryimage\",\"inLanguage\":\"sk-SK\",\"url\":\"https:\/\/omega-bakery.com\/sk\/wp-content\/uploads\/2021\/04\/Ipeka-Masterslicer-1W-1.png\",\"contentUrl\":\"https:\/\/omega-bakery.com\/sk\/wp-content\/uploads\/2021\/04\/Ipeka-Masterslicer-1W-1.png\",\"width\":533,\"height\":700},{\"@type\":\"WebPage\",\"@id\":\"https:\/\/omega-bakery.com\/sk\/produkt\/ipeka-masterslicer-1w\/#webpage\",\"url\":\"https:\/\/omega-bakery.com\/sk\/produkt\/ipeka-masterslicer-1w\/\",\"name\":\"Ipeka Masterslicer 1W - Omega Bakery\",\"isPartOf\":{\"@id\":\"https:\/\/omega-bakery.com\/sk\/#website\"},\"primaryImageOfPage\":{\"@id\":\"https:\/\/omega-bakery.com\/sk\/produkt\/ipeka-masterslicer-1w\/#primaryimage\"},\"datePublished\":\"2021-04-23T14:18:28+00:00\",\"dateModified\":\"2024-10-31T12:42:18+00:00\",\"breadcrumb\":{\"@id\":\"https:\/\/omega-bakery.com\/sk\/produkt\/ipeka-masterslicer-1w\/#breadcrumb\"},\"inLanguage\":\"sk-SK\",\"potentialAction\":[{\"@type\":\"ReadAction\",\"target\":[\"https:\/\/omega-bakery.com\/sk\/produkt\/ipeka-masterslicer-1w\/\"]}]},{\"@type\":\"BreadcrumbList\",\"@id\":\"https:\/\/omega-bakery.com\/sk\/produkt\/ipeka-masterslicer-1w\/#breadcrumb\",\"itemListElement\":[{\"@type\":\"ListItem\",\"position\":1,\"name\":\"Dom\\u016f\",\"item\":\"https:\/\/omega-bakery.com\/sk\/\"},{\"@type\":\"ListItem\",\"position\":2,\"name\":\"Stroje a zariadenia\",\"item\":\"https:\/\/omega-bakery.com\/sk\/stroje-a-zariadenia\/\"},{\"@type\":\"ListItem\",\"position\":3,\"name\":\"Rezacie a baliace stroje\",\"item\":\"https:\/\/omega-bakery.com\/sk\/stroje-a-zarizeni\/rezacie-a-baliace-stroje\/\"},{\"@type\":\"ListItem\",\"position\":4,\"name\":\"Obslu\\u017en\\u00e9 reza\\u010dky\",\"item\":\"https:\/\/omega-bakery.com\/sk\/stroje-a-zarizeni\/rezacie-a-baliace-stroje\/obsluzne-rezacky\/\"},{\"@type\":\"ListItem\",\"position\":5,\"name\":\"Ipeka Masterslicer 1W\"}]}]}<\/script>\n<!-- \/ Yoast SEO plugin. -->","yoast_head_json":{"title":"Ipeka Masterslicer 1W - Omega Bakery","robots":{"index":"index","follow":"follow","max-snippet":"max-snippet:-1","max-image-preview":"max-image-preview:large","max-video-preview":"max-video-preview:-1"},"canonical":"https:\/\/omega-bakery.com\/sk\/produkt\/ipeka-masterslicer-1w\/","og_locale":"sk_SK","og_type":"article","og_title":"Ipeka Masterslicer 1W - Omega Bakery","og_description":"Automatick\u00e1 priemyseln\u00e1 reza\u010dka pre v\u0161etky druhy chlebov s vysokou r\u00fdchlos\u0165ou kr\u00e1jenia.  Hlavn\u00e9 znaky:   18 p\u00e1sov\u00fdch no\u017eov d\u013a\u017eky 163\u201c, r\u00fdchlos\u0165 p\u00e1su 400 m\/min.  tvrdochr\u00f3mom upraven\u00e9 valce so \u0161peci\u00e1lnymi bo\u010dn\u00fdmi dielmi, ktor\u00e9 zabezpe\u010duj\u00fa cirkul\u00e1ciu chladiaceho vzduchu  automatick\u00e9 nap\u00ednanie no\u017eov  automatick\u00e9 vypnutie stroja pri prasknut\u00ed no\u017ea  ulo\u017eenie valcov a ulo\u017eenie vodiaceho mechanizmu umo\u017e\u0148uje jednoduch\u00fa v\u00fdmenu no\u017eov  pr\u00edsun bochn\u00edkov zabezpe\u010den\u00fd\u00a0 spodn\u00fdm, horn\u00fdm a dvoma bo\u010dn\u00fdmi dopravn\u00edkmi  Volitelne:   jednoducho v\u00fdmenn\u00e9 vodiace elementy no\u017eov umo\u017e\u0148uj\u016f v\u00fdmenu \u0161\u00edrky kr\u00e1jania od 8 do 15 mm s odstupom 0,5 mm  olejovanie no\u017eov    Kapacita: \u00a0\u00a0max. 4200ks\/ hod v z\u00e1vislosti na kr\u00e1janom produktu Pr\u00edkon:\u00a0 \u00a05,5\u00a0kW Stla\u010den\u00fd vzduch: \u00a0\u00a0min. 4,5 bar  Viac inform\u00e1ci\u00ed o tomto obslu\u017enom stroji n\u00e1jdete v prilo\u017eenom let\u00e1ku TU   [...]Read More...","og_url":"https:\/\/omega-bakery.com\/sk\/produkt\/ipeka-masterslicer-1w\/","og_site_name":"Omega Bakery","article_modified_time":"2024-10-31T12:42:18+00:00","og_image":[{"width":533,"height":700,"url":"http:\/\/omega-bakery.com\/sk\/wp-content\/uploads\/2021\/04\/Ipeka-Masterslicer-1W-1.png","path":"\/data\/web\/virtuals\/278194\/virtual\/www\/domains\/omega-bakery.com\/sk\/wp-content\/uploads\/2021\/04\/Ipeka-Masterslicer-1W-1.png","size":"full","id":957,"alt":"","pixels":373100,"type":"image\/png"}],"twitter_card":"summary_large_image","schema":{"@context":"https:\/\/schema.org","@graph":[{"@type":"WebSite","@id":"https:\/\/omega-bakery.com\/sk\/#website","url":"https:\/\/omega-bakery.com\/sk\/","name":"Omega Bakery","description":"Dodavatel stroj\u016f a za\u0159\u00edzen\u00ed pro pek\u00e1rny","potentialAction":[{"@type":"SearchAction","target":{"@type":"EntryPoint","urlTemplate":"https:\/\/omega-bakery.com\/sk\/?s={search_term_string}"},"query-input":"required name=search_term_string"}],"inLanguage":"sk-SK"},{"@type":"ImageObject","@id":"https:\/\/omega-bakery.com\/sk\/produkt\/ipeka-masterslicer-1w\/#primaryimage","inLanguage":"sk-SK","url":"https:\/\/omega-bakery.com\/sk\/wp-content\/uploads\/2021\/04\/Ipeka-Masterslicer-1W-1.png","contentUrl":"https:\/\/omega-bakery.com\/sk\/wp-content\/uploads\/2021\/04\/Ipeka-Masterslicer-1W-1.png","width":533,"height":700},{"@type":"WebPage","@id":"https:\/\/omega-bakery.com\/sk\/produkt\/ipeka-masterslicer-1w\/#webpage","url":"https:\/\/omega-bakery.com\/sk\/produkt\/ipeka-masterslicer-1w\/","name":"Ipeka Masterslicer 1W - Omega Bakery","isPartOf":{"@id":"https:\/\/omega-bakery.com\/sk\/#website"},"primaryImageOfPage":{"@id":"https:\/\/omega-bakery.com\/sk\/produkt\/ipeka-masterslicer-1w\/#primaryimage"},"datePublished":"2021-04-23T14:18:28+00:00","dateModified":"2024-10-31T12:42:18+00:00","breadcrumb":{"@id":"https:\/\/omega-bakery.com\/sk\/produkt\/ipeka-masterslicer-1w\/#breadcrumb"},"inLanguage":"sk-SK","potentialAction":[{"@type":"ReadAction","target":["https:\/\/omega-bakery.com\/sk\/produkt\/ipeka-masterslicer-1w\/"]}]},{"@type":"BreadcrumbList","@id":"https:\/\/omega-bakery.com\/sk\/produkt\/ipeka-masterslicer-1w\/#breadcrumb","itemListElement":[{"@type":"ListItem","position":1,"name":"Dom\u016f","item":"https:\/\/omega-bakery.com\/sk\/"},{"@type":"ListItem","position":2,"name":"Stroje a zariadenia","item":"https:\/\/omega-bakery.com\/sk\/stroje-a-zariadenia\/"},{"@type":"ListItem","position":3,"name":"Rezacie a baliace stroje","item":"https:\/\/omega-bakery.com\/sk\/stroje-a-zarizeni\/rezacie-a-baliace-stroje\/"},{"@type":"ListItem","position":4,"name":"Obslu\u017en\u00e9 reza\u010dky","item":"https:\/\/omega-bakery.com\/sk\/stroje-a-zarizeni\/rezacie-a-baliace-stroje\/obsluzne-rezacky\/"},{"@type":"ListItem","position":5,"name":"Ipeka Masterslicer 1W"}]}]}},"_links":{"self":[{"href":"https:\/\/omega-bakery.com\/sk\/wp-json\/wp\/v2\/product\/309"}],"collection":[{"href":"https:\/\/omega-bakery.com\/sk\/wp-json\/wp\/v2\/product"}],"about":[{"href":"https:\/\/omega-bakery.com\/sk\/wp-json\/wp\/v2\/types\/product"}],"wp:featuredmedia":[{"embeddable":true,"href":"https:\/\/omega-bakery.com\/sk\/wp-json\/wp\/v2\/media\/957"}],"wp:attachment":[{"href":"https:\/\/omega-bakery.com\/sk\/wp-json\/wp\/v2\/media?parent=309"}],"curies":[{"name":"wp","href":"https:\/\/api.w.org\/{rel}","templated":true}]}}