{"id":311,"date":"2021-04-23T16:18:40","date_gmt":"2021-04-23T14:18:40","guid":{"rendered":"http:\/\/omega-bakery.com\/sk\/?post_type=product&#038;p=311"},"modified":"2024-10-31T15:06:29","modified_gmt":"2024-10-31T13:06:29","slug":"rucny-krajac-chleba","status":"publish","type":"product","link":"https:\/\/omega-bakery.com\/sk\/produkt\/rucny-krajac-chleba\/","title":{"rendered":"Ru\u010dn\u00fd kr\u00e1ja\u010d chleba"},"content":{"rendered":"","protected":false},"excerpt":{"rendered":"<p><strong>Hlavn\u00e9 znaky:<\/strong><\/p>\n<ul>\n<li>n\u00f4\u017e s podstavcom na polen\u00e9 bochn\u00edky chleba<\/li>\n<li>varianta s dreven\u00fdm alebo nerezov\u00fdm podstavcom<\/li>\n<\/ul>\n<div>\n<div>\n<div><\/div>\n<div>D\u013a\u017eka no\u017ea 35 cm<\/div>\n<\/div>\n<p>&nbsp;<\/p>\n<div>\n<p>Viac inform\u00e1ci\u00ed n\u00e1jdete v prilo\u017eenom let\u00e1ku <a href=\"http:\/\/omega-bakery.com\/sk\/wp-content\/uploads\/2021\/04\/Rucni-krajec-chleba-0823.pdf\" target=\"_blank\" rel=\"noopener\">TU<\/a><\/p>\n<\/div>\n<\/div>\n<p> [&#8230;]<\/p>\n<p><a class=\"btn btn-secondary understrap-read-more-link\" href=\"https:\/\/omega-bakery.com\/sk\/produkt\/rucny-krajac-chleba\/\">Read More&#8230;<\/a><\/p>\n","protected":false},"featured_media":590,"template":"","meta":[],"yoast_head":"<!-- This site is optimized with the Yoast SEO plugin v17.1 - https:\/\/yoast.com\/wordpress\/plugins\/seo\/ -->\n<title>Ru\u010dn\u00fd kr\u00e1ja\u010d chleba - Omega Bakery<\/title>\n<meta name=\"robots\" content=\"index, follow, max-snippet:-1, max-image-preview:large, max-video-preview:-1\" \/>\n<link rel=\"canonical\" href=\"https:\/\/omega-bakery.com\/sk\/produkt\/rucny-krajac-chleba\/\" \/>\n<meta property=\"og:locale\" content=\"sk_SK\" \/>\n<meta property=\"og:type\" content=\"article\" \/>\n<meta property=\"og:title\" content=\"Ru\u010dn\u00fd kr\u00e1ja\u010d chleba - Omega Bakery\" \/>\n<meta property=\"og:description\" content=\"Hlavn\u00e9 znaky:   n\u00f4\u017e s podstavcom na polen\u00e9 bochn\u00edky chleba  varianta s dreven\u00fdm alebo nerezov\u00fdm podstavcom     D\u013a\u017eka no\u017ea 35 cm  &nbsp;   Viac inform\u00e1ci\u00ed n\u00e1jdete v prilo\u017eenom let\u00e1ku TU    [...]Read More...\" \/>\n<meta property=\"og:url\" content=\"https:\/\/omega-bakery.com\/sk\/produkt\/rucny-krajac-chleba\/\" \/>\n<meta property=\"og:site_name\" content=\"Omega Bakery\" \/>\n<meta property=\"article:modified_time\" content=\"2024-10-31T13:06:29+00:00\" \/>\n<meta property=\"og:image\" content=\"http:\/\/omega-bakery.com\/sk\/wp-content\/uploads\/2021\/04\/Ruc\u030cni\u0301-kra\u0301jec\u030c-chleba.png\" \/>\n\t<meta property=\"og:image:width\" content=\"533\" \/>\n\t<meta property=\"og:image:height\" content=\"700\" \/>\n<meta name=\"twitter:card\" content=\"summary_large_image\" \/>\n<script type=\"application\/ld+json\" class=\"yoast-schema-graph\">{\"@context\":\"https:\/\/schema.org\",\"@graph\":[{\"@type\":\"WebSite\",\"@id\":\"https:\/\/omega-bakery.com\/sk\/#website\",\"url\":\"https:\/\/omega-bakery.com\/sk\/\",\"name\":\"Omega Bakery\",\"description\":\"Dodavatel stroj\\u016f a za\\u0159\\u00edzen\\u00ed pro pek\\u00e1rny\",\"potentialAction\":[{\"@type\":\"SearchAction\",\"target\":{\"@type\":\"EntryPoint\",\"urlTemplate\":\"https:\/\/omega-bakery.com\/sk\/?s={search_term_string}\"},\"query-input\":\"required name=search_term_string\"}],\"inLanguage\":\"sk-SK\"},{\"@type\":\"ImageObject\",\"@id\":\"https:\/\/omega-bakery.com\/sk\/produkt\/rucny-krajac-chleba\/#primaryimage\",\"inLanguage\":\"sk-SK\",\"url\":\"https:\/\/omega-bakery.com\/sk\/wp-content\/uploads\/2021\/04\/Ruc\\u030cni\\u0301-kra\\u0301jec\\u030c-chleba.png\",\"contentUrl\":\"https:\/\/omega-bakery.com\/sk\/wp-content\/uploads\/2021\/04\/Ruc\\u030cni\\u0301-kra\\u0301jec\\u030c-chleba.png\",\"width\":533,\"height\":700},{\"@type\":\"WebPage\",\"@id\":\"https:\/\/omega-bakery.com\/sk\/produkt\/rucny-krajac-chleba\/#webpage\",\"url\":\"https:\/\/omega-bakery.com\/sk\/produkt\/rucny-krajac-chleba\/\",\"name\":\"Ru\\u010dn\\u00fd kr\\u00e1ja\\u010d chleba - Omega Bakery\",\"isPartOf\":{\"@id\":\"https:\/\/omega-bakery.com\/sk\/#website\"},\"primaryImageOfPage\":{\"@id\":\"https:\/\/omega-bakery.com\/sk\/produkt\/rucny-krajac-chleba\/#primaryimage\"},\"datePublished\":\"2021-04-23T14:18:40+00:00\",\"dateModified\":\"2024-10-31T13:06:29+00:00\",\"breadcrumb\":{\"@id\":\"https:\/\/omega-bakery.com\/sk\/produkt\/rucny-krajac-chleba\/#breadcrumb\"},\"inLanguage\":\"sk-SK\",\"potentialAction\":[{\"@type\":\"ReadAction\",\"target\":[\"https:\/\/omega-bakery.com\/sk\/produkt\/rucny-krajac-chleba\/\"]}]},{\"@type\":\"BreadcrumbList\",\"@id\":\"https:\/\/omega-bakery.com\/sk\/produkt\/rucny-krajac-chleba\/#breadcrumb\",\"itemListElement\":[{\"@type\":\"ListItem\",\"position\":1,\"name\":\"Dom\\u016f\",\"item\":\"https:\/\/omega-bakery.com\/sk\/\"},{\"@type\":\"ListItem\",\"position\":2,\"name\":\"Stroje a zariadenia\",\"item\":\"https:\/\/omega-bakery.com\/sk\/stroje-a-zariadenia\/\"},{\"@type\":\"ListItem\",\"position\":3,\"name\":\"Rezacie a baliace stroje\",\"item\":\"https:\/\/omega-bakery.com\/sk\/stroje-a-zarizeni\/rezacie-a-baliace-stroje\/\"},{\"@type\":\"ListItem\",\"position\":4,\"name\":\"Obslu\\u017en\\u00e9 reza\\u010dky\",\"item\":\"https:\/\/omega-bakery.com\/sk\/stroje-a-zarizeni\/rezacie-a-baliace-stroje\/obsluzne-rezacky\/\"},{\"@type\":\"ListItem\",\"position\":5,\"name\":\"Ru\\u010dn\\u00fd kr\\u00e1ja\\u010d chleba\"}]}]}<\/script>\n<!-- \/ Yoast SEO plugin. -->","yoast_head_json":{"title":"Ru\u010dn\u00fd kr\u00e1ja\u010d chleba - Omega Bakery","robots":{"index":"index","follow":"follow","max-snippet":"max-snippet:-1","max-image-preview":"max-image-preview:large","max-video-preview":"max-video-preview:-1"},"canonical":"https:\/\/omega-bakery.com\/sk\/produkt\/rucny-krajac-chleba\/","og_locale":"sk_SK","og_type":"article","og_title":"Ru\u010dn\u00fd kr\u00e1ja\u010d chleba - Omega Bakery","og_description":"Hlavn\u00e9 znaky:   n\u00f4\u017e s podstavcom na polen\u00e9 bochn\u00edky chleba  varianta s dreven\u00fdm alebo nerezov\u00fdm podstavcom     D\u013a\u017eka no\u017ea 35 cm  &nbsp;   Viac inform\u00e1ci\u00ed n\u00e1jdete v prilo\u017eenom let\u00e1ku TU    [...]Read More...","og_url":"https:\/\/omega-bakery.com\/sk\/produkt\/rucny-krajac-chleba\/","og_site_name":"Omega Bakery","article_modified_time":"2024-10-31T13:06:29+00:00","og_image":[{"width":533,"height":700,"url":"http:\/\/omega-bakery.com\/sk\/wp-content\/uploads\/2021\/04\/Ruc\u030cni\u0301-kra\u0301jec\u030c-chleba.png","path":"\/data\/web\/virtuals\/278194\/virtual\/www\/domains\/omega-bakery.com\/sk\/wp-content\/uploads\/2021\/04\/Ruc\u030cni\u0301-kra\u0301jec\u030c-chleba.png","size":"full","id":590,"alt":"","pixels":373100,"type":"image\/png"}],"twitter_card":"summary_large_image","schema":{"@context":"https:\/\/schema.org","@graph":[{"@type":"WebSite","@id":"https:\/\/omega-bakery.com\/sk\/#website","url":"https:\/\/omega-bakery.com\/sk\/","name":"Omega Bakery","description":"Dodavatel stroj\u016f a za\u0159\u00edzen\u00ed pro pek\u00e1rny","potentialAction":[{"@type":"SearchAction","target":{"@type":"EntryPoint","urlTemplate":"https:\/\/omega-bakery.com\/sk\/?s={search_term_string}"},"query-input":"required name=search_term_string"}],"inLanguage":"sk-SK"},{"@type":"ImageObject","@id":"https:\/\/omega-bakery.com\/sk\/produkt\/rucny-krajac-chleba\/#primaryimage","inLanguage":"sk-SK","url":"https:\/\/omega-bakery.com\/sk\/wp-content\/uploads\/2021\/04\/Ruc\u030cni\u0301-kra\u0301jec\u030c-chleba.png","contentUrl":"https:\/\/omega-bakery.com\/sk\/wp-content\/uploads\/2021\/04\/Ruc\u030cni\u0301-kra\u0301jec\u030c-chleba.png","width":533,"height":700},{"@type":"WebPage","@id":"https:\/\/omega-bakery.com\/sk\/produkt\/rucny-krajac-chleba\/#webpage","url":"https:\/\/omega-bakery.com\/sk\/produkt\/rucny-krajac-chleba\/","name":"Ru\u010dn\u00fd kr\u00e1ja\u010d chleba - Omega Bakery","isPartOf":{"@id":"https:\/\/omega-bakery.com\/sk\/#website"},"primaryImageOfPage":{"@id":"https:\/\/omega-bakery.com\/sk\/produkt\/rucny-krajac-chleba\/#primaryimage"},"datePublished":"2021-04-23T14:18:40+00:00","dateModified":"2024-10-31T13:06:29+00:00","breadcrumb":{"@id":"https:\/\/omega-bakery.com\/sk\/produkt\/rucny-krajac-chleba\/#breadcrumb"},"inLanguage":"sk-SK","potentialAction":[{"@type":"ReadAction","target":["https:\/\/omega-bakery.com\/sk\/produkt\/rucny-krajac-chleba\/"]}]},{"@type":"BreadcrumbList","@id":"https:\/\/omega-bakery.com\/sk\/produkt\/rucny-krajac-chleba\/#breadcrumb","itemListElement":[{"@type":"ListItem","position":1,"name":"Dom\u016f","item":"https:\/\/omega-bakery.com\/sk\/"},{"@type":"ListItem","position":2,"name":"Stroje a zariadenia","item":"https:\/\/omega-bakery.com\/sk\/stroje-a-zariadenia\/"},{"@type":"ListItem","position":3,"name":"Rezacie a baliace stroje","item":"https:\/\/omega-bakery.com\/sk\/stroje-a-zarizeni\/rezacie-a-baliace-stroje\/"},{"@type":"ListItem","position":4,"name":"Obslu\u017en\u00e9 reza\u010dky","item":"https:\/\/omega-bakery.com\/sk\/stroje-a-zarizeni\/rezacie-a-baliace-stroje\/obsluzne-rezacky\/"},{"@type":"ListItem","position":5,"name":"Ru\u010dn\u00fd kr\u00e1ja\u010d chleba"}]}]}},"_links":{"self":[{"href":"https:\/\/omega-bakery.com\/sk\/wp-json\/wp\/v2\/product\/311"}],"collection":[{"href":"https:\/\/omega-bakery.com\/sk\/wp-json\/wp\/v2\/product"}],"about":[{"href":"https:\/\/omega-bakery.com\/sk\/wp-json\/wp\/v2\/types\/product"}],"wp:featuredmedia":[{"embeddable":true,"href":"https:\/\/omega-bakery.com\/sk\/wp-json\/wp\/v2\/media\/590"}],"wp:attachment":[{"href":"https:\/\/omega-bakery.com\/sk\/wp-json\/wp\/v2\/media?parent=311"}],"curies":[{"name":"wp","href":"https:\/\/api.w.org\/{rel}","templated":true}]}}