{"id":315,"date":"2021-04-23T16:19:04","date_gmt":"2021-04-23T14:19:04","guid":{"rendered":"http:\/\/omega-bakery.com\/sk\/?post_type=product&#038;p=315"},"modified":"2024-10-31T14:21:53","modified_gmt":"2024-10-31T12:21:53","slug":"ipeka-packmaster-klipovaci-stroj","status":"publish","type":"product","link":"https:\/\/omega-bakery.com\/sk\/produkt\/ipeka-packmaster-klipovaci-stroj\/","title":{"rendered":"Ipeka PackMaster &#8211; klipovac\u00ed stroj"},"content":{"rendered":"","protected":false},"excerpt":{"rendered":"<p>Baliace zariadenie s jedn\u00fdm alebo dvoma predfukovac\u00edmi stanicami s\u00e1\u010dkov a jedn\u00fdm, v pravom uhle zaraden\u00fdm, horizont\u00e1lnym klipovac\u00edm zariaden\u00edm s dopravn\u00edkom<\/p>\n<p><strong>Popis stroja:<\/strong><\/p>\n<p>Nakr\u00e1jan\u00e9 produkty sa ru\u010dne vkladaj\u00fa do naf\u00faknut\u00fdch s\u00e1\u010dkov a n\u00e1sledne sa posun\u00fa na dopravn\u00edk ku klipovacej stanici. Narovn\u00e1vacie kefy upravia vo\u013en\u00e9 konce s\u00e1\u010dkov pred uzavret\u00edm. Po\u010das klipovania sa z obalu ods\u00e1va prebyto\u010dn\u00fd vzduch, aby bol produkt jemne obalom obtiahnut\u00fd.<\/p>\n<div>\n<div>\n<div><strong>Pr\u00edkon:<\/strong>\u00a0\u00a0 2 kW<\/div>\n<div><strong>Stla\u010den\u00fd vzduch: <\/strong>\u00a0 min. 5 bar<\/div>\n<\/div>\n<p>&nbsp;<\/p>\n<div>\n<p>Viac inform\u00e1ci\u00ed o tomto baliacom stroji n\u00e1jdete v prilo\u017eenom let\u00e1ku <a href=\"http:\/\/omega-bakery.com\/sk\/wp-content\/uploads\/2021\/04\/Ipeka-Packmaster-0823.pdf\" target=\"_blank\" rel=\"noopener\">TU<\/a><\/p>\n<\/div>\n<\/div>\n<div>\n<p><a href=\"https:\/\/www.youtube.com\/watch?v=JRsbelLRUa4&amp;index=4&amp;list=PLLmO2eJtBqgypW6kNwlS7pjd8K3iy2xTo\" target=\"_blank\" rel=\"noopener\">Video k zhliadnutiu<\/a><\/p>\n<\/div>\n<p> [&#8230;]<\/p>\n<p><a class=\"btn btn-secondary understrap-read-more-link\" href=\"https:\/\/omega-bakery.com\/sk\/produkt\/ipeka-packmaster-klipovaci-stroj\/\">Read More&#8230;<\/a><\/p>\n","protected":false},"featured_media":987,"template":"","meta":[],"yoast_head":"<!-- This site is optimized with the Yoast SEO plugin v17.1 - https:\/\/yoast.com\/wordpress\/plugins\/seo\/ -->\n<title>Ipeka PackMaster - klipovac\u00ed stroj - Omega Bakery<\/title>\n<meta name=\"robots\" content=\"index, follow, max-snippet:-1, max-image-preview:large, max-video-preview:-1\" \/>\n<link rel=\"canonical\" href=\"https:\/\/omega-bakery.com\/sk\/produkt\/ipeka-packmaster-klipovaci-stroj\/\" \/>\n<meta property=\"og:locale\" content=\"sk_SK\" \/>\n<meta property=\"og:type\" content=\"article\" \/>\n<meta property=\"og:title\" content=\"Ipeka PackMaster - klipovac\u00ed stroj - Omega Bakery\" \/>\n<meta property=\"og:description\" content=\"Baliace zariadenie s jedn\u00fdm alebo dvoma predfukovac\u00edmi stanicami s\u00e1\u010dkov a jedn\u00fdm, v pravom uhle zaraden\u00fdm, horizont\u00e1lnym klipovac\u00edm zariaden\u00edm s dopravn\u00edkom  Popis stroja:  Nakr\u00e1jan\u00e9 produkty sa ru\u010dne vkladaj\u00fa do naf\u00faknut\u00fdch s\u00e1\u010dkov a n\u00e1sledne sa posun\u00fa na dopravn\u00edk ku klipovacej stanici. Narovn\u00e1vacie kefy upravia vo\u013en\u00e9 konce s\u00e1\u010dkov pred uzavret\u00edm. Po\u010das klipovania sa z obalu ods\u00e1va prebyto\u010dn\u00fd vzduch, aby bol produkt jemne obalom obtiahnut\u00fd.   Pr\u00edkon:\u00a0\u00a0 2 kW Stla\u010den\u00fd vzduch: \u00a0 min. 5 bar  &nbsp;   Viac inform\u00e1ci\u00ed o tomto baliacom stroji n\u00e1jdete v prilo\u017eenom let\u00e1ku TU      Video k zhliadnutiu   [...]Read More...\" \/>\n<meta property=\"og:url\" content=\"https:\/\/omega-bakery.com\/sk\/produkt\/ipeka-packmaster-klipovaci-stroj\/\" \/>\n<meta property=\"og:site_name\" content=\"Omega Bakery\" \/>\n<meta property=\"article:modified_time\" content=\"2024-10-31T12:21:53+00:00\" \/>\n<meta property=\"og:image\" content=\"http:\/\/omega-bakery.com\/sk\/wp-content\/uploads\/2021\/04\/Ipeka-PackMaster-1.png\" \/>\n\t<meta property=\"og:image:width\" content=\"533\" \/>\n\t<meta property=\"og:image:height\" content=\"700\" \/>\n<meta name=\"twitter:card\" content=\"summary_large_image\" \/>\n<script type=\"application\/ld+json\" class=\"yoast-schema-graph\">{\"@context\":\"https:\/\/schema.org\",\"@graph\":[{\"@type\":\"WebSite\",\"@id\":\"https:\/\/omega-bakery.com\/sk\/#website\",\"url\":\"https:\/\/omega-bakery.com\/sk\/\",\"name\":\"Omega Bakery\",\"description\":\"Dodavatel stroj\\u016f a za\\u0159\\u00edzen\\u00ed pro pek\\u00e1rny\",\"potentialAction\":[{\"@type\":\"SearchAction\",\"target\":{\"@type\":\"EntryPoint\",\"urlTemplate\":\"https:\/\/omega-bakery.com\/sk\/?s={search_term_string}\"},\"query-input\":\"required name=search_term_string\"}],\"inLanguage\":\"sk-SK\"},{\"@type\":\"ImageObject\",\"@id\":\"https:\/\/omega-bakery.com\/sk\/produkt\/ipeka-packmaster-klipovaci-stroj\/#primaryimage\",\"inLanguage\":\"sk-SK\",\"url\":\"https:\/\/omega-bakery.com\/sk\/wp-content\/uploads\/2021\/04\/Ipeka-PackMaster-1.png\",\"contentUrl\":\"https:\/\/omega-bakery.com\/sk\/wp-content\/uploads\/2021\/04\/Ipeka-PackMaster-1.png\",\"width\":533,\"height\":700},{\"@type\":\"WebPage\",\"@id\":\"https:\/\/omega-bakery.com\/sk\/produkt\/ipeka-packmaster-klipovaci-stroj\/#webpage\",\"url\":\"https:\/\/omega-bakery.com\/sk\/produkt\/ipeka-packmaster-klipovaci-stroj\/\",\"name\":\"Ipeka PackMaster - klipovac\\u00ed stroj - Omega Bakery\",\"isPartOf\":{\"@id\":\"https:\/\/omega-bakery.com\/sk\/#website\"},\"primaryImageOfPage\":{\"@id\":\"https:\/\/omega-bakery.com\/sk\/produkt\/ipeka-packmaster-klipovaci-stroj\/#primaryimage\"},\"datePublished\":\"2021-04-23T14:19:04+00:00\",\"dateModified\":\"2024-10-31T12:21:53+00:00\",\"breadcrumb\":{\"@id\":\"https:\/\/omega-bakery.com\/sk\/produkt\/ipeka-packmaster-klipovaci-stroj\/#breadcrumb\"},\"inLanguage\":\"sk-SK\",\"potentialAction\":[{\"@type\":\"ReadAction\",\"target\":[\"https:\/\/omega-bakery.com\/sk\/produkt\/ipeka-packmaster-klipovaci-stroj\/\"]}]},{\"@type\":\"BreadcrumbList\",\"@id\":\"https:\/\/omega-bakery.com\/sk\/produkt\/ipeka-packmaster-klipovaci-stroj\/#breadcrumb\",\"itemListElement\":[{\"@type\":\"ListItem\",\"position\":1,\"name\":\"Dom\\u016f\",\"item\":\"https:\/\/omega-bakery.com\/sk\/\"},{\"@type\":\"ListItem\",\"position\":2,\"name\":\"Stroje a zariadenia\",\"item\":\"https:\/\/omega-bakery.com\/sk\/stroje-a-zariadenia\/\"},{\"@type\":\"ListItem\",\"position\":3,\"name\":\"Rezacie a baliace stroje\",\"item\":\"https:\/\/omega-bakery.com\/sk\/stroje-a-zarizeni\/rezacie-a-baliace-stroje\/\"},{\"@type\":\"ListItem\",\"position\":4,\"name\":\"Baliace stroje\",\"item\":\"https:\/\/omega-bakery.com\/sk\/stroje-a-zarizeni\/rezacie-a-baliace-stroje\/baliace-stroje\/\"},{\"@type\":\"ListItem\",\"position\":5,\"name\":\"Ipeka PackMaster &#8211; klipovac\\u00ed stroj\"}]}]}<\/script>\n<!-- \/ Yoast SEO plugin. -->","yoast_head_json":{"title":"Ipeka PackMaster - klipovac\u00ed stroj - Omega Bakery","robots":{"index":"index","follow":"follow","max-snippet":"max-snippet:-1","max-image-preview":"max-image-preview:large","max-video-preview":"max-video-preview:-1"},"canonical":"https:\/\/omega-bakery.com\/sk\/produkt\/ipeka-packmaster-klipovaci-stroj\/","og_locale":"sk_SK","og_type":"article","og_title":"Ipeka PackMaster - klipovac\u00ed stroj - Omega Bakery","og_description":"Baliace zariadenie s jedn\u00fdm alebo dvoma predfukovac\u00edmi stanicami s\u00e1\u010dkov a jedn\u00fdm, v pravom uhle zaraden\u00fdm, horizont\u00e1lnym klipovac\u00edm zariaden\u00edm s dopravn\u00edkom  Popis stroja:  Nakr\u00e1jan\u00e9 produkty sa ru\u010dne vkladaj\u00fa do naf\u00faknut\u00fdch s\u00e1\u010dkov a n\u00e1sledne sa posun\u00fa na dopravn\u00edk ku klipovacej stanici. Narovn\u00e1vacie kefy upravia vo\u013en\u00e9 konce s\u00e1\u010dkov pred uzavret\u00edm. Po\u010das klipovania sa z obalu ods\u00e1va prebyto\u010dn\u00fd vzduch, aby bol produkt jemne obalom obtiahnut\u00fd.   Pr\u00edkon:\u00a0\u00a0 2 kW Stla\u010den\u00fd vzduch: \u00a0 min. 5 bar  &nbsp;   Viac inform\u00e1ci\u00ed o tomto baliacom stroji n\u00e1jdete v prilo\u017eenom let\u00e1ku TU      Video k zhliadnutiu   [...]Read More...","og_url":"https:\/\/omega-bakery.com\/sk\/produkt\/ipeka-packmaster-klipovaci-stroj\/","og_site_name":"Omega Bakery","article_modified_time":"2024-10-31T12:21:53+00:00","og_image":[{"width":533,"height":700,"url":"http:\/\/omega-bakery.com\/sk\/wp-content\/uploads\/2021\/04\/Ipeka-PackMaster-1.png","path":"\/data\/web\/virtuals\/278194\/virtual\/www\/domains\/omega-bakery.com\/sk\/wp-content\/uploads\/2021\/04\/Ipeka-PackMaster-1.png","size":"full","id":987,"alt":"","pixels":373100,"type":"image\/png"}],"twitter_card":"summary_large_image","schema":{"@context":"https:\/\/schema.org","@graph":[{"@type":"WebSite","@id":"https:\/\/omega-bakery.com\/sk\/#website","url":"https:\/\/omega-bakery.com\/sk\/","name":"Omega Bakery","description":"Dodavatel stroj\u016f a za\u0159\u00edzen\u00ed pro pek\u00e1rny","potentialAction":[{"@type":"SearchAction","target":{"@type":"EntryPoint","urlTemplate":"https:\/\/omega-bakery.com\/sk\/?s={search_term_string}"},"query-input":"required name=search_term_string"}],"inLanguage":"sk-SK"},{"@type":"ImageObject","@id":"https:\/\/omega-bakery.com\/sk\/produkt\/ipeka-packmaster-klipovaci-stroj\/#primaryimage","inLanguage":"sk-SK","url":"https:\/\/omega-bakery.com\/sk\/wp-content\/uploads\/2021\/04\/Ipeka-PackMaster-1.png","contentUrl":"https:\/\/omega-bakery.com\/sk\/wp-content\/uploads\/2021\/04\/Ipeka-PackMaster-1.png","width":533,"height":700},{"@type":"WebPage","@id":"https:\/\/omega-bakery.com\/sk\/produkt\/ipeka-packmaster-klipovaci-stroj\/#webpage","url":"https:\/\/omega-bakery.com\/sk\/produkt\/ipeka-packmaster-klipovaci-stroj\/","name":"Ipeka PackMaster - klipovac\u00ed stroj - Omega Bakery","isPartOf":{"@id":"https:\/\/omega-bakery.com\/sk\/#website"},"primaryImageOfPage":{"@id":"https:\/\/omega-bakery.com\/sk\/produkt\/ipeka-packmaster-klipovaci-stroj\/#primaryimage"},"datePublished":"2021-04-23T14:19:04+00:00","dateModified":"2024-10-31T12:21:53+00:00","breadcrumb":{"@id":"https:\/\/omega-bakery.com\/sk\/produkt\/ipeka-packmaster-klipovaci-stroj\/#breadcrumb"},"inLanguage":"sk-SK","potentialAction":[{"@type":"ReadAction","target":["https:\/\/omega-bakery.com\/sk\/produkt\/ipeka-packmaster-klipovaci-stroj\/"]}]},{"@type":"BreadcrumbList","@id":"https:\/\/omega-bakery.com\/sk\/produkt\/ipeka-packmaster-klipovaci-stroj\/#breadcrumb","itemListElement":[{"@type":"ListItem","position":1,"name":"Dom\u016f","item":"https:\/\/omega-bakery.com\/sk\/"},{"@type":"ListItem","position":2,"name":"Stroje a zariadenia","item":"https:\/\/omega-bakery.com\/sk\/stroje-a-zariadenia\/"},{"@type":"ListItem","position":3,"name":"Rezacie a baliace stroje","item":"https:\/\/omega-bakery.com\/sk\/stroje-a-zarizeni\/rezacie-a-baliace-stroje\/"},{"@type":"ListItem","position":4,"name":"Baliace stroje","item":"https:\/\/omega-bakery.com\/sk\/stroje-a-zarizeni\/rezacie-a-baliace-stroje\/baliace-stroje\/"},{"@type":"ListItem","position":5,"name":"Ipeka PackMaster &#8211; klipovac\u00ed stroj"}]}]}},"_links":{"self":[{"href":"https:\/\/omega-bakery.com\/sk\/wp-json\/wp\/v2\/product\/315"}],"collection":[{"href":"https:\/\/omega-bakery.com\/sk\/wp-json\/wp\/v2\/product"}],"about":[{"href":"https:\/\/omega-bakery.com\/sk\/wp-json\/wp\/v2\/types\/product"}],"wp:featuredmedia":[{"embeddable":true,"href":"https:\/\/omega-bakery.com\/sk\/wp-json\/wp\/v2\/media\/987"}],"wp:attachment":[{"href":"https:\/\/omega-bakery.com\/sk\/wp-json\/wp\/v2\/media?parent=315"}],"curies":[{"name":"wp","href":"https:\/\/api.w.org\/{rel}","templated":true}]}}