{"id":321,"date":"2021-04-23T16:20:07","date_gmt":"2021-04-23T14:20:07","guid":{"rendered":"http:\/\/omega-bakery.com\/sk\/?post_type=product&#038;p=321"},"modified":"2024-10-31T12:52:19","modified_gmt":"2024-10-31T10:52:19","slug":"koenig-passat-oh","status":"publish","type":"product","link":"https:\/\/omega-bakery.com\/sk\/produkt\/koenig-passat-oh\/","title":{"rendered":"K\u00f6nig Passat OH"},"content":{"rendered":"","protected":false},"excerpt":{"rendered":"<p>Voz\u00edkov\u00e1 plynov\u00e1 nerota\u010dn\u00e1 pec K\u00f6nig Passat OH je jedna z naju\u017e\u0161\u00edch pec\u00ed \u2013 vonkaj\u0161ia \u0161\u00edrka len 1,2 m. Voz\u00edk \u0161peci\u00e1lnej kon\u0161trukcie je zaveden\u00fd do pece a usaden\u00fd v pevnej polohe, neto\u010d\u00ed sa. Hor\u00faci vzduch cirkuluje pecou v 30 sekundov\u00fdch intervaloch striedavo z\u013eava a sprava.<\/p>\n<p><strong>Hlavn\u00e9 znaky:<\/strong><\/p>\n<ul>\n<li>vyhrievanie nad pe\u010dnou komorou.<\/li>\n<li>kr\u00e1tka doba in\u0161tal\u00e1cie, pec sa priv\u00e1\u017ea na miesto zmontovan\u00e1<\/li>\n<li>ovl\u00e1danie dotykovou obrazovkou,<\/li>\n<li>mo\u017enos\u0165 vo\u013eby a\u017e 50 programov v nieko\u013ek\u00fdch pe\u010dn\u00fdch krivk\u00e1ch pre dokonal\u00fd priebeh pe\u010denia<\/li>\n<\/ul>\n<div><strong>Ve\u013ekos\u0165 pe\u010dnej plochy: \u00a0 <\/strong>10,2 m<sup>2<\/sup><\/div>\n<div><strong>Rozmery \u0161 x hl x v<\/strong><strong>:<\/strong> \u00a0 1200 x 1650 ( 2377 s digestorom) x 2530 mm<\/div>\n<div>\n<p>&nbsp;<\/p>\n<p>Viac inform\u00e1ci\u00ed o tejto nerota\u010dnej peci n\u00e1jdete v prilo\u017eenom let\u00e1ku <a href=\"http:\/\/omega-bakery.com\/sk\/wp-content\/uploads\/2021\/04\/Konig-Passat-OH-0823-a.pdf\" target=\"_blank\" rel=\"noopener\">TU<\/a><\/p>\n<\/div>\n<p> [&#8230;]<\/p>\n<p><a class=\"btn btn-secondary understrap-read-more-link\" href=\"https:\/\/omega-bakery.com\/sk\/produkt\/koenig-passat-oh\/\">Read More&#8230;<\/a><\/p>\n","protected":false},"featured_media":568,"template":"","meta":[],"yoast_head":"<!-- This site is optimized with the Yoast SEO plugin v17.1 - https:\/\/yoast.com\/wordpress\/plugins\/seo\/ -->\n<title>K\u00f6nig Passat OH - Omega Bakery<\/title>\n<meta name=\"robots\" content=\"index, follow, max-snippet:-1, max-image-preview:large, max-video-preview:-1\" \/>\n<link rel=\"canonical\" href=\"https:\/\/omega-bakery.com\/sk\/produkt\/koenig-passat-oh\/\" \/>\n<meta property=\"og:locale\" content=\"sk_SK\" \/>\n<meta property=\"og:type\" content=\"article\" \/>\n<meta property=\"og:title\" content=\"K\u00f6nig Passat OH - Omega Bakery\" \/>\n<meta property=\"og:description\" content=\"Voz\u00edkov\u00e1 plynov\u00e1 nerota\u010dn\u00e1 pec K\u00f6nig Passat OH je jedna z naju\u017e\u0161\u00edch pec\u00ed \u2013 vonkaj\u0161ia \u0161\u00edrka len 1,2 m. Voz\u00edk \u0161peci\u00e1lnej kon\u0161trukcie je zaveden\u00fd do pece a usaden\u00fd v pevnej polohe, neto\u010d\u00ed sa. Hor\u00faci vzduch cirkuluje pecou v 30 sekundov\u00fdch intervaloch striedavo z\u013eava a sprava.  Hlavn\u00e9 znaky:   vyhrievanie nad pe\u010dnou komorou.  kr\u00e1tka doba in\u0161tal\u00e1cie, pec sa priv\u00e1\u017ea na miesto zmontovan\u00e1  ovl\u00e1danie dotykovou obrazovkou,  mo\u017enos\u0165 vo\u013eby a\u017e 50 programov v nieko\u013ek\u00fdch pe\u010dn\u00fdch krivk\u00e1ch pre dokonal\u00fd priebeh pe\u010denia  Ve\u013ekos\u0165 pe\u010dnej plochy: \u00a0 10,2 m2 Rozmery \u0161 x hl x v: \u00a0 1200 x 1650 ( 2377 s digestorom) x 2530 mm   &nbsp;  Viac inform\u00e1ci\u00ed o tejto nerota\u010dnej peci n\u00e1jdete v prilo\u017eenom let\u00e1ku TU   [...]Read More...\" \/>\n<meta property=\"og:url\" content=\"https:\/\/omega-bakery.com\/sk\/produkt\/koenig-passat-oh\/\" \/>\n<meta property=\"og:site_name\" content=\"Omega Bakery\" \/>\n<meta property=\"article:modified_time\" content=\"2024-10-31T10:52:19+00:00\" \/>\n<meta property=\"og:image\" content=\"http:\/\/omega-bakery.com\/sk\/wp-content\/uploads\/2021\/04\/Koenig-Passat-OH.png\" \/>\n\t<meta property=\"og:image:width\" content=\"533\" \/>\n\t<meta property=\"og:image:height\" content=\"700\" \/>\n<meta name=\"twitter:card\" content=\"summary_large_image\" \/>\n<script type=\"application\/ld+json\" class=\"yoast-schema-graph\">{\"@context\":\"https:\/\/schema.org\",\"@graph\":[{\"@type\":\"WebSite\",\"@id\":\"https:\/\/omega-bakery.com\/sk\/#website\",\"url\":\"https:\/\/omega-bakery.com\/sk\/\",\"name\":\"Omega Bakery\",\"description\":\"Dodavatel stroj\\u016f a za\\u0159\\u00edzen\\u00ed pro pek\\u00e1rny\",\"potentialAction\":[{\"@type\":\"SearchAction\",\"target\":{\"@type\":\"EntryPoint\",\"urlTemplate\":\"https:\/\/omega-bakery.com\/sk\/?s={search_term_string}\"},\"query-input\":\"required name=search_term_string\"}],\"inLanguage\":\"sk-SK\"},{\"@type\":\"ImageObject\",\"@id\":\"https:\/\/omega-bakery.com\/sk\/produkt\/koenig-passat-oh\/#primaryimage\",\"inLanguage\":\"sk-SK\",\"url\":\"https:\/\/omega-bakery.com\/sk\/wp-content\/uploads\/2021\/04\/Koenig-Passat-OH.png\",\"contentUrl\":\"https:\/\/omega-bakery.com\/sk\/wp-content\/uploads\/2021\/04\/Koenig-Passat-OH.png\",\"width\":533,\"height\":700},{\"@type\":\"WebPage\",\"@id\":\"https:\/\/omega-bakery.com\/sk\/produkt\/koenig-passat-oh\/#webpage\",\"url\":\"https:\/\/omega-bakery.com\/sk\/produkt\/koenig-passat-oh\/\",\"name\":\"K\\u00f6nig Passat OH - Omega Bakery\",\"isPartOf\":{\"@id\":\"https:\/\/omega-bakery.com\/sk\/#website\"},\"primaryImageOfPage\":{\"@id\":\"https:\/\/omega-bakery.com\/sk\/produkt\/koenig-passat-oh\/#primaryimage\"},\"datePublished\":\"2021-04-23T14:20:07+00:00\",\"dateModified\":\"2024-10-31T10:52:19+00:00\",\"breadcrumb\":{\"@id\":\"https:\/\/omega-bakery.com\/sk\/produkt\/koenig-passat-oh\/#breadcrumb\"},\"inLanguage\":\"sk-SK\",\"potentialAction\":[{\"@type\":\"ReadAction\",\"target\":[\"https:\/\/omega-bakery.com\/sk\/produkt\/koenig-passat-oh\/\"]}]},{\"@type\":\"BreadcrumbList\",\"@id\":\"https:\/\/omega-bakery.com\/sk\/produkt\/koenig-passat-oh\/#breadcrumb\",\"itemListElement\":[{\"@type\":\"ListItem\",\"position\":1,\"name\":\"Dom\\u016f\",\"item\":\"https:\/\/omega-bakery.com\/sk\/\"},{\"@type\":\"ListItem\",\"position\":2,\"name\":\"Stroje a zariadenia\",\"item\":\"https:\/\/omega-bakery.com\/sk\/stroje-a-zariadenia\/\"},{\"@type\":\"ListItem\",\"position\":3,\"name\":\"Pece\",\"item\":\"https:\/\/omega-bakery.com\/sk\/stroje-a-zarizeni\/pece\/\"},{\"@type\":\"ListItem\",\"position\":4,\"name\":\"Pece boxov\\u00e9 nerota\\u010dn\\u00e9\",\"item\":\"https:\/\/omega-bakery.com\/sk\/stroje-a-zarizeni\/pece\/pece-boxove-nerotacne\/\"},{\"@type\":\"ListItem\",\"position\":5,\"name\":\"K\\u00f6nig Passat OH\"}]}]}<\/script>\n<!-- \/ Yoast SEO plugin. -->","yoast_head_json":{"title":"K\u00f6nig Passat OH - Omega Bakery","robots":{"index":"index","follow":"follow","max-snippet":"max-snippet:-1","max-image-preview":"max-image-preview:large","max-video-preview":"max-video-preview:-1"},"canonical":"https:\/\/omega-bakery.com\/sk\/produkt\/koenig-passat-oh\/","og_locale":"sk_SK","og_type":"article","og_title":"K\u00f6nig Passat OH - Omega Bakery","og_description":"Voz\u00edkov\u00e1 plynov\u00e1 nerota\u010dn\u00e1 pec K\u00f6nig Passat OH je jedna z naju\u017e\u0161\u00edch pec\u00ed \u2013 vonkaj\u0161ia \u0161\u00edrka len 1,2 m. Voz\u00edk \u0161peci\u00e1lnej kon\u0161trukcie je zaveden\u00fd do pece a usaden\u00fd v pevnej polohe, neto\u010d\u00ed sa. Hor\u00faci vzduch cirkuluje pecou v 30 sekundov\u00fdch intervaloch striedavo z\u013eava a sprava.  Hlavn\u00e9 znaky:   vyhrievanie nad pe\u010dnou komorou.  kr\u00e1tka doba in\u0161tal\u00e1cie, pec sa priv\u00e1\u017ea na miesto zmontovan\u00e1  ovl\u00e1danie dotykovou obrazovkou,  mo\u017enos\u0165 vo\u013eby a\u017e 50 programov v nieko\u013ek\u00fdch pe\u010dn\u00fdch krivk\u00e1ch pre dokonal\u00fd priebeh pe\u010denia  Ve\u013ekos\u0165 pe\u010dnej plochy: \u00a0 10,2 m2 Rozmery \u0161 x hl x v: \u00a0 1200 x 1650 ( 2377 s digestorom) x 2530 mm   &nbsp;  Viac inform\u00e1ci\u00ed o tejto nerota\u010dnej peci n\u00e1jdete v prilo\u017eenom let\u00e1ku TU   [...]Read More...","og_url":"https:\/\/omega-bakery.com\/sk\/produkt\/koenig-passat-oh\/","og_site_name":"Omega Bakery","article_modified_time":"2024-10-31T10:52:19+00:00","og_image":[{"width":533,"height":700,"url":"http:\/\/omega-bakery.com\/sk\/wp-content\/uploads\/2021\/04\/Koenig-Passat-OH.png","path":"\/data\/web\/virtuals\/278194\/virtual\/www\/domains\/omega-bakery.com\/sk\/wp-content\/uploads\/2021\/04\/Koenig-Passat-OH.png","size":"full","id":568,"alt":"","pixels":373100,"type":"image\/png"}],"twitter_card":"summary_large_image","schema":{"@context":"https:\/\/schema.org","@graph":[{"@type":"WebSite","@id":"https:\/\/omega-bakery.com\/sk\/#website","url":"https:\/\/omega-bakery.com\/sk\/","name":"Omega Bakery","description":"Dodavatel stroj\u016f a za\u0159\u00edzen\u00ed pro pek\u00e1rny","potentialAction":[{"@type":"SearchAction","target":{"@type":"EntryPoint","urlTemplate":"https:\/\/omega-bakery.com\/sk\/?s={search_term_string}"},"query-input":"required name=search_term_string"}],"inLanguage":"sk-SK"},{"@type":"ImageObject","@id":"https:\/\/omega-bakery.com\/sk\/produkt\/koenig-passat-oh\/#primaryimage","inLanguage":"sk-SK","url":"https:\/\/omega-bakery.com\/sk\/wp-content\/uploads\/2021\/04\/Koenig-Passat-OH.png","contentUrl":"https:\/\/omega-bakery.com\/sk\/wp-content\/uploads\/2021\/04\/Koenig-Passat-OH.png","width":533,"height":700},{"@type":"WebPage","@id":"https:\/\/omega-bakery.com\/sk\/produkt\/koenig-passat-oh\/#webpage","url":"https:\/\/omega-bakery.com\/sk\/produkt\/koenig-passat-oh\/","name":"K\u00f6nig Passat OH - Omega Bakery","isPartOf":{"@id":"https:\/\/omega-bakery.com\/sk\/#website"},"primaryImageOfPage":{"@id":"https:\/\/omega-bakery.com\/sk\/produkt\/koenig-passat-oh\/#primaryimage"},"datePublished":"2021-04-23T14:20:07+00:00","dateModified":"2024-10-31T10:52:19+00:00","breadcrumb":{"@id":"https:\/\/omega-bakery.com\/sk\/produkt\/koenig-passat-oh\/#breadcrumb"},"inLanguage":"sk-SK","potentialAction":[{"@type":"ReadAction","target":["https:\/\/omega-bakery.com\/sk\/produkt\/koenig-passat-oh\/"]}]},{"@type":"BreadcrumbList","@id":"https:\/\/omega-bakery.com\/sk\/produkt\/koenig-passat-oh\/#breadcrumb","itemListElement":[{"@type":"ListItem","position":1,"name":"Dom\u016f","item":"https:\/\/omega-bakery.com\/sk\/"},{"@type":"ListItem","position":2,"name":"Stroje a zariadenia","item":"https:\/\/omega-bakery.com\/sk\/stroje-a-zariadenia\/"},{"@type":"ListItem","position":3,"name":"Pece","item":"https:\/\/omega-bakery.com\/sk\/stroje-a-zarizeni\/pece\/"},{"@type":"ListItem","position":4,"name":"Pece boxov\u00e9 nerota\u010dn\u00e9","item":"https:\/\/omega-bakery.com\/sk\/stroje-a-zarizeni\/pece\/pece-boxove-nerotacne\/"},{"@type":"ListItem","position":5,"name":"K\u00f6nig Passat OH"}]}]}},"_links":{"self":[{"href":"https:\/\/omega-bakery.com\/sk\/wp-json\/wp\/v2\/product\/321"}],"collection":[{"href":"https:\/\/omega-bakery.com\/sk\/wp-json\/wp\/v2\/product"}],"about":[{"href":"https:\/\/omega-bakery.com\/sk\/wp-json\/wp\/v2\/types\/product"}],"wp:featuredmedia":[{"embeddable":true,"href":"https:\/\/omega-bakery.com\/sk\/wp-json\/wp\/v2\/media\/568"}],"wp:attachment":[{"href":"https:\/\/omega-bakery.com\/sk\/wp-json\/wp\/v2\/media?parent=321"}],"curies":[{"name":"wp","href":"https:\/\/api.w.org\/{rel}","templated":true}]}}