{"id":322,"date":"2021-04-23T16:20:26","date_gmt":"2021-04-23T14:20:26","guid":{"rendered":"http:\/\/omega-bakery.com\/sk\/?post_type=product&#038;p=322"},"modified":"2024-10-31T13:45:49","modified_gmt":"2024-10-31T11:45:49","slug":"wachtel-columbus","status":"publish","type":"product","link":"https:\/\/omega-bakery.com\/sk\/produkt\/wachtel-columbus\/","title":{"rendered":"Wachtel Columbus"},"content":{"rendered":"","protected":false},"excerpt":{"rendered":"<p>Mas\u00edvna et\u00e1\u017eov\u00e1 pec, s plynov\u00fdm alebo olejov\u00fdm hor\u00e1kom. Poskytuje rovnomern\u00e9 rozlo\u017eenie a distrib\u00faciu tepla do v\u0161etk\u00fdch et\u00e1\u017e\u00ed. Prevedenie Variomat \u2013 dve skupiny et\u00e1\u017e\u00ed s rozdielnou teplotou, alebo Triomat \u2013 tri skupiny et\u00e1\u017e\u00ed s rozdielnou teplotou. Vo viacer\u00fdch variant\u00e1ch ve\u013ekost\u00ed et\u00e1\u017e\u00ed.<\/p>\n<p><strong>Rozmry (\u0161 x d x v)<\/strong><strong>:<\/strong> \u00a0 z\u00e1visia od typu, vi\u010f. prilo\u017een\u00fd let\u00e1k<\/p>\n<div>\n<p>&nbsp;<\/p>\n<p>Viac inform\u00e1ci\u00ed o tejto et\u00e1\u017eovej peci n\u00e1jdete v prilo\u017eenom let\u00e1ku <a href=\"http:\/\/omega-bakery.com\/sk\/wp-content\/uploads\/2024\/01\/Wachtel-Columbus-0823.pdf\" target=\"_blank\" rel=\"noopener\">TU<\/a><\/p>\n<\/div>\n<p> [&#8230;]<\/p>\n<p><a class=\"btn btn-secondary understrap-read-more-link\" href=\"https:\/\/omega-bakery.com\/sk\/produkt\/wachtel-columbus\/\">Read More&#8230;<\/a><\/p>\n","protected":false},"featured_media":572,"template":"","meta":[],"yoast_head":"<!-- This site is optimized with the Yoast SEO plugin v17.1 - https:\/\/yoast.com\/wordpress\/plugins\/seo\/ -->\n<title>Wachtel Columbus - Omega Bakery<\/title>\n<meta name=\"robots\" content=\"index, follow, max-snippet:-1, max-image-preview:large, max-video-preview:-1\" \/>\n<link rel=\"canonical\" href=\"https:\/\/omega-bakery.com\/sk\/produkt\/wachtel-columbus\/\" \/>\n<meta property=\"og:locale\" content=\"sk_SK\" \/>\n<meta property=\"og:type\" content=\"article\" \/>\n<meta property=\"og:title\" content=\"Wachtel Columbus - Omega Bakery\" \/>\n<meta property=\"og:description\" content=\"Mas\u00edvna et\u00e1\u017eov\u00e1 pec, s plynov\u00fdm alebo olejov\u00fdm hor\u00e1kom. Poskytuje rovnomern\u00e9 rozlo\u017eenie a distrib\u00faciu tepla do v\u0161etk\u00fdch et\u00e1\u017e\u00ed. Prevedenie Variomat \u2013 dve skupiny et\u00e1\u017e\u00ed s rozdielnou teplotou, alebo Triomat \u2013 tri skupiny et\u00e1\u017e\u00ed s rozdielnou teplotou. Vo viacer\u00fdch variant\u00e1ch ve\u013ekost\u00ed et\u00e1\u017e\u00ed.  Rozmry (\u0161 x d x v): \u00a0 z\u00e1visia od typu, vi\u010f. prilo\u017een\u00fd let\u00e1k   &nbsp;  Viac inform\u00e1ci\u00ed o tejto et\u00e1\u017eovej peci n\u00e1jdete v prilo\u017eenom let\u00e1ku TU   [...]Read More...\" \/>\n<meta property=\"og:url\" content=\"https:\/\/omega-bakery.com\/sk\/produkt\/wachtel-columbus\/\" \/>\n<meta property=\"og:site_name\" content=\"Omega Bakery\" \/>\n<meta property=\"article:modified_time\" content=\"2024-10-31T11:45:49+00:00\" \/>\n<meta property=\"og:image\" content=\"http:\/\/omega-bakery.com\/sk\/wp-content\/uploads\/2021\/04\/Wachtel-Columbus.png\" \/>\n\t<meta property=\"og:image:width\" content=\"533\" \/>\n\t<meta property=\"og:image:height\" content=\"700\" \/>\n<meta name=\"twitter:card\" content=\"summary_large_image\" \/>\n<script type=\"application\/ld+json\" class=\"yoast-schema-graph\">{\"@context\":\"https:\/\/schema.org\",\"@graph\":[{\"@type\":\"WebSite\",\"@id\":\"https:\/\/omega-bakery.com\/sk\/#website\",\"url\":\"https:\/\/omega-bakery.com\/sk\/\",\"name\":\"Omega Bakery\",\"description\":\"Dodavatel stroj\\u016f a za\\u0159\\u00edzen\\u00ed pro pek\\u00e1rny\",\"potentialAction\":[{\"@type\":\"SearchAction\",\"target\":{\"@type\":\"EntryPoint\",\"urlTemplate\":\"https:\/\/omega-bakery.com\/sk\/?s={search_term_string}\"},\"query-input\":\"required name=search_term_string\"}],\"inLanguage\":\"sk-SK\"},{\"@type\":\"ImageObject\",\"@id\":\"https:\/\/omega-bakery.com\/sk\/produkt\/wachtel-columbus\/#primaryimage\",\"inLanguage\":\"sk-SK\",\"url\":\"https:\/\/omega-bakery.com\/sk\/wp-content\/uploads\/2021\/04\/Wachtel-Columbus.png\",\"contentUrl\":\"https:\/\/omega-bakery.com\/sk\/wp-content\/uploads\/2021\/04\/Wachtel-Columbus.png\",\"width\":533,\"height\":700},{\"@type\":\"WebPage\",\"@id\":\"https:\/\/omega-bakery.com\/sk\/produkt\/wachtel-columbus\/#webpage\",\"url\":\"https:\/\/omega-bakery.com\/sk\/produkt\/wachtel-columbus\/\",\"name\":\"Wachtel Columbus - Omega Bakery\",\"isPartOf\":{\"@id\":\"https:\/\/omega-bakery.com\/sk\/#website\"},\"primaryImageOfPage\":{\"@id\":\"https:\/\/omega-bakery.com\/sk\/produkt\/wachtel-columbus\/#primaryimage\"},\"datePublished\":\"2021-04-23T14:20:26+00:00\",\"dateModified\":\"2024-10-31T11:45:49+00:00\",\"breadcrumb\":{\"@id\":\"https:\/\/omega-bakery.com\/sk\/produkt\/wachtel-columbus\/#breadcrumb\"},\"inLanguage\":\"sk-SK\",\"potentialAction\":[{\"@type\":\"ReadAction\",\"target\":[\"https:\/\/omega-bakery.com\/sk\/produkt\/wachtel-columbus\/\"]}]},{\"@type\":\"BreadcrumbList\",\"@id\":\"https:\/\/omega-bakery.com\/sk\/produkt\/wachtel-columbus\/#breadcrumb\",\"itemListElement\":[{\"@type\":\"ListItem\",\"position\":1,\"name\":\"Dom\\u016f\",\"item\":\"https:\/\/omega-bakery.com\/sk\/\"},{\"@type\":\"ListItem\",\"position\":2,\"name\":\"Stroje a zariadenia\",\"item\":\"https:\/\/omega-bakery.com\/sk\/stroje-a-zariadenia\/\"},{\"@type\":\"ListItem\",\"position\":3,\"name\":\"Pece\",\"item\":\"https:\/\/omega-bakery.com\/sk\/stroje-a-zarizeni\/pece\/\"},{\"@type\":\"ListItem\",\"position\":4,\"name\":\"Pece et\\u00e1\\u017eov\\u00e9\",\"item\":\"https:\/\/omega-bakery.com\/sk\/stroje-a-zarizeni\/pece\/pece-etazove\/\"},{\"@type\":\"ListItem\",\"position\":5,\"name\":\"Wachtel Columbus\"}]}]}<\/script>\n<!-- \/ Yoast SEO plugin. -->","yoast_head_json":{"title":"Wachtel Columbus - Omega Bakery","robots":{"index":"index","follow":"follow","max-snippet":"max-snippet:-1","max-image-preview":"max-image-preview:large","max-video-preview":"max-video-preview:-1"},"canonical":"https:\/\/omega-bakery.com\/sk\/produkt\/wachtel-columbus\/","og_locale":"sk_SK","og_type":"article","og_title":"Wachtel Columbus - Omega Bakery","og_description":"Mas\u00edvna et\u00e1\u017eov\u00e1 pec, s plynov\u00fdm alebo olejov\u00fdm hor\u00e1kom. Poskytuje rovnomern\u00e9 rozlo\u017eenie a distrib\u00faciu tepla do v\u0161etk\u00fdch et\u00e1\u017e\u00ed. Prevedenie Variomat \u2013 dve skupiny et\u00e1\u017e\u00ed s rozdielnou teplotou, alebo Triomat \u2013 tri skupiny et\u00e1\u017e\u00ed s rozdielnou teplotou. Vo viacer\u00fdch variant\u00e1ch ve\u013ekost\u00ed et\u00e1\u017e\u00ed.  Rozmry (\u0161 x d x v): \u00a0 z\u00e1visia od typu, vi\u010f. prilo\u017een\u00fd let\u00e1k   &nbsp;  Viac inform\u00e1ci\u00ed o tejto et\u00e1\u017eovej peci n\u00e1jdete v prilo\u017eenom let\u00e1ku TU   [...]Read More...","og_url":"https:\/\/omega-bakery.com\/sk\/produkt\/wachtel-columbus\/","og_site_name":"Omega Bakery","article_modified_time":"2024-10-31T11:45:49+00:00","og_image":[{"width":533,"height":700,"url":"http:\/\/omega-bakery.com\/sk\/wp-content\/uploads\/2021\/04\/Wachtel-Columbus.png","path":"\/data\/web\/virtuals\/278194\/virtual\/www\/domains\/omega-bakery.com\/sk\/wp-content\/uploads\/2021\/04\/Wachtel-Columbus.png","size":"full","id":572,"alt":"","pixels":373100,"type":"image\/png"}],"twitter_card":"summary_large_image","schema":{"@context":"https:\/\/schema.org","@graph":[{"@type":"WebSite","@id":"https:\/\/omega-bakery.com\/sk\/#website","url":"https:\/\/omega-bakery.com\/sk\/","name":"Omega Bakery","description":"Dodavatel stroj\u016f a za\u0159\u00edzen\u00ed pro pek\u00e1rny","potentialAction":[{"@type":"SearchAction","target":{"@type":"EntryPoint","urlTemplate":"https:\/\/omega-bakery.com\/sk\/?s={search_term_string}"},"query-input":"required name=search_term_string"}],"inLanguage":"sk-SK"},{"@type":"ImageObject","@id":"https:\/\/omega-bakery.com\/sk\/produkt\/wachtel-columbus\/#primaryimage","inLanguage":"sk-SK","url":"https:\/\/omega-bakery.com\/sk\/wp-content\/uploads\/2021\/04\/Wachtel-Columbus.png","contentUrl":"https:\/\/omega-bakery.com\/sk\/wp-content\/uploads\/2021\/04\/Wachtel-Columbus.png","width":533,"height":700},{"@type":"WebPage","@id":"https:\/\/omega-bakery.com\/sk\/produkt\/wachtel-columbus\/#webpage","url":"https:\/\/omega-bakery.com\/sk\/produkt\/wachtel-columbus\/","name":"Wachtel Columbus - Omega Bakery","isPartOf":{"@id":"https:\/\/omega-bakery.com\/sk\/#website"},"primaryImageOfPage":{"@id":"https:\/\/omega-bakery.com\/sk\/produkt\/wachtel-columbus\/#primaryimage"},"datePublished":"2021-04-23T14:20:26+00:00","dateModified":"2024-10-31T11:45:49+00:00","breadcrumb":{"@id":"https:\/\/omega-bakery.com\/sk\/produkt\/wachtel-columbus\/#breadcrumb"},"inLanguage":"sk-SK","potentialAction":[{"@type":"ReadAction","target":["https:\/\/omega-bakery.com\/sk\/produkt\/wachtel-columbus\/"]}]},{"@type":"BreadcrumbList","@id":"https:\/\/omega-bakery.com\/sk\/produkt\/wachtel-columbus\/#breadcrumb","itemListElement":[{"@type":"ListItem","position":1,"name":"Dom\u016f","item":"https:\/\/omega-bakery.com\/sk\/"},{"@type":"ListItem","position":2,"name":"Stroje a zariadenia","item":"https:\/\/omega-bakery.com\/sk\/stroje-a-zariadenia\/"},{"@type":"ListItem","position":3,"name":"Pece","item":"https:\/\/omega-bakery.com\/sk\/stroje-a-zarizeni\/pece\/"},{"@type":"ListItem","position":4,"name":"Pece et\u00e1\u017eov\u00e9","item":"https:\/\/omega-bakery.com\/sk\/stroje-a-zarizeni\/pece\/pece-etazove\/"},{"@type":"ListItem","position":5,"name":"Wachtel Columbus"}]}]}},"_links":{"self":[{"href":"https:\/\/omega-bakery.com\/sk\/wp-json\/wp\/v2\/product\/322"}],"collection":[{"href":"https:\/\/omega-bakery.com\/sk\/wp-json\/wp\/v2\/product"}],"about":[{"href":"https:\/\/omega-bakery.com\/sk\/wp-json\/wp\/v2\/types\/product"}],"wp:featuredmedia":[{"embeddable":true,"href":"https:\/\/omega-bakery.com\/sk\/wp-json\/wp\/v2\/media\/572"}],"wp:attachment":[{"href":"https:\/\/omega-bakery.com\/sk\/wp-json\/wp\/v2\/media?parent=322"}],"curies":[{"name":"wp","href":"https:\/\/api.w.org\/{rel}","templated":true}]}}