{"id":324,"date":"2021-04-23T16:20:44","date_gmt":"2021-04-23T14:20:44","guid":{"rendered":"http:\/\/omega-bakery.com\/sk\/?post_type=product&#038;p=324"},"modified":"2026-02-19T12:06:57","modified_gmt":"2026-02-19T10:06:57","slug":"wachtel-infra","status":"publish","type":"product","link":"https:\/\/omega-bakery.com\/sk\/produkt\/wachtel-infra\/","title":{"rendered":"Wachtel Infra elektrick\u00e1 pec"},"content":{"rendered":"","protected":false},"excerpt":{"rendered":"<div>\n<div>\n<div>\n<p>Et\u00e1\u017eov\u00e1 pec s elektrick\u00fdm ohrevom. Ka\u017ed\u00e1 et\u00e1\u017e je samostatne ovl\u00e1dan\u00e1 panelom IQ Touch a m\u00e1 samostatne oddelen\u00fd spodn\u00e1 ohrev, horn\u00e1 ohrev a ohrev vyv\u00edja\u010de pary. Mo\u017enos\u0165 doplnenia automatick\u00fdm osadzovac\u00edm zariaden\u00edm.<\/p>\n<p>&nbsp;<\/p>\n<div>\n<div>\n<div><strong>\u0160\u00edrka et\u00e1\u017ee:<\/strong>\u00a0 \u00a0600,\u00a0 1200 alebo 1800 mm<\/div>\n<div><strong>H\u013abka et\u00e1\u017ee:\u00a0 \u00a0<\/strong>800 \u2013 2000 mm, prevedenie Comfort 2400 mm<\/div>\n<div><strong>Rozmery pece<\/strong><strong>:<\/strong> \u00a0 z\u00e1vis\u00ed od typu, vi\u010f. prilo\u017een\u00fd let\u00e1k<\/div>\n<div><strong>Maxim\u00e1lny po\u010det et\u00e1\u017e\u00ed:\u00a0<\/strong> 5, u prevedenia Comfort 6<\/div>\n<\/div>\n<\/div>\n<\/div>\n<\/div>\n<p>&nbsp;<\/p>\n<div>\n<p>Viac inform\u00e1ci\u00ed o tejto et\u00e1\u017eovej peci n\u00e1jdete v prilo\u017eenom let\u00e1ku <a href=\"http:\/\/omega-bakery.com\/sk\/wp-content\/uploads\/2023\/12\/Wachtel-Infra-0823.pdf\" target=\"_blank\" rel=\"noopener\">TU<\/a><\/p>\n<\/div>\n<\/div>\n<p> [&#8230;]<\/p>\n<p><a class=\"btn btn-secondary understrap-read-more-link\" href=\"https:\/\/omega-bakery.com\/sk\/produkt\/wachtel-infra\/\">Read More&#8230;<\/a><\/p>\n","protected":false},"featured_media":570,"template":"","meta":[],"yoast_head":"<!-- This site is optimized with the Yoast SEO plugin v17.1 - https:\/\/yoast.com\/wordpress\/plugins\/seo\/ -->\n<title>Wachtel Infra elektrick\u00e1 pec - Omega Bakery<\/title>\n<meta name=\"robots\" content=\"index, follow, max-snippet:-1, max-image-preview:large, max-video-preview:-1\" \/>\n<link rel=\"canonical\" href=\"https:\/\/omega-bakery.com\/sk\/produkt\/wachtel-infra\/\" \/>\n<meta property=\"og:locale\" content=\"sk_SK\" \/>\n<meta property=\"og:type\" content=\"article\" \/>\n<meta property=\"og:title\" content=\"Wachtel Infra elektrick\u00e1 pec - Omega Bakery\" \/>\n<meta property=\"og:description\" content=\"Et\u00e1\u017eov\u00e1 pec s elektrick\u00fdm ohrevom. Ka\u017ed\u00e1 et\u00e1\u017e je samostatne ovl\u00e1dan\u00e1 panelom IQ Touch a m\u00e1 samostatne oddelen\u00fd spodn\u00e1 ohrev, horn\u00e1 ohrev a ohrev vyv\u00edja\u010de pary. Mo\u017enos\u0165 doplnenia automatick\u00fdm osadzovac\u00edm zariaden\u00edm.  &nbsp;   \u0160\u00edrka et\u00e1\u017ee:\u00a0 \u00a0600,\u00a0 1200 alebo 1800 mm H\u013abka et\u00e1\u017ee:\u00a0 \u00a0800 \u2013 2000 mm, prevedenie Comfort 2400 mm Rozmery pece: \u00a0 z\u00e1vis\u00ed od typu, vi\u010f. prilo\u017een\u00fd let\u00e1k Maxim\u00e1lny po\u010det et\u00e1\u017e\u00ed:\u00a0 5, u prevedenia Comfort 6     &nbsp;   Viac inform\u00e1ci\u00ed o tejto et\u00e1\u017eovej peci n\u00e1jdete v prilo\u017eenom let\u00e1ku TU    [...]Read More...\" \/>\n<meta property=\"og:url\" content=\"https:\/\/omega-bakery.com\/sk\/produkt\/wachtel-infra\/\" \/>\n<meta property=\"og:site_name\" content=\"Omega Bakery\" \/>\n<meta property=\"article:modified_time\" content=\"2026-02-19T10:06:57+00:00\" \/>\n<meta property=\"og:image\" content=\"http:\/\/omega-bakery.com\/sk\/wp-content\/uploads\/2021\/04\/Wachtel-Infra.png\" \/>\n\t<meta property=\"og:image:width\" content=\"533\" \/>\n\t<meta property=\"og:image:height\" content=\"700\" \/>\n<meta name=\"twitter:card\" content=\"summary_large_image\" \/>\n<script type=\"application\/ld+json\" class=\"yoast-schema-graph\">{\"@context\":\"https:\/\/schema.org\",\"@graph\":[{\"@type\":\"WebSite\",\"@id\":\"https:\/\/omega-bakery.com\/sk\/#website\",\"url\":\"https:\/\/omega-bakery.com\/sk\/\",\"name\":\"Omega Bakery\",\"description\":\"Dodavatel stroj\\u016f a za\\u0159\\u00edzen\\u00ed pro pek\\u00e1rny\",\"potentialAction\":[{\"@type\":\"SearchAction\",\"target\":{\"@type\":\"EntryPoint\",\"urlTemplate\":\"https:\/\/omega-bakery.com\/sk\/?s={search_term_string}\"},\"query-input\":\"required name=search_term_string\"}],\"inLanguage\":\"sk-SK\"},{\"@type\":\"ImageObject\",\"@id\":\"https:\/\/omega-bakery.com\/sk\/produkt\/wachtel-infra\/#primaryimage\",\"inLanguage\":\"sk-SK\",\"url\":\"https:\/\/omega-bakery.com\/sk\/wp-content\/uploads\/2021\/04\/Wachtel-Infra.png\",\"contentUrl\":\"https:\/\/omega-bakery.com\/sk\/wp-content\/uploads\/2021\/04\/Wachtel-Infra.png\",\"width\":533,\"height\":700},{\"@type\":\"WebPage\",\"@id\":\"https:\/\/omega-bakery.com\/sk\/produkt\/wachtel-infra\/#webpage\",\"url\":\"https:\/\/omega-bakery.com\/sk\/produkt\/wachtel-infra\/\",\"name\":\"Wachtel Infra elektrick\\u00e1 pec - Omega Bakery\",\"isPartOf\":{\"@id\":\"https:\/\/omega-bakery.com\/sk\/#website\"},\"primaryImageOfPage\":{\"@id\":\"https:\/\/omega-bakery.com\/sk\/produkt\/wachtel-infra\/#primaryimage\"},\"datePublished\":\"2021-04-23T14:20:44+00:00\",\"dateModified\":\"2026-02-19T10:06:57+00:00\",\"breadcrumb\":{\"@id\":\"https:\/\/omega-bakery.com\/sk\/produkt\/wachtel-infra\/#breadcrumb\"},\"inLanguage\":\"sk-SK\",\"potentialAction\":[{\"@type\":\"ReadAction\",\"target\":[\"https:\/\/omega-bakery.com\/sk\/produkt\/wachtel-infra\/\"]}]},{\"@type\":\"BreadcrumbList\",\"@id\":\"https:\/\/omega-bakery.com\/sk\/produkt\/wachtel-infra\/#breadcrumb\",\"itemListElement\":[{\"@type\":\"ListItem\",\"position\":1,\"name\":\"Dom\\u016f\",\"item\":\"https:\/\/omega-bakery.com\/sk\/\"},{\"@type\":\"ListItem\",\"position\":2,\"name\":\"Stroje a zariadenia\",\"item\":\"https:\/\/omega-bakery.com\/sk\/stroje-a-zariadenia\/\"},{\"@type\":\"ListItem\",\"position\":3,\"name\":\"Pece\",\"item\":\"https:\/\/omega-bakery.com\/sk\/stroje-a-zarizeni\/pece\/\"},{\"@type\":\"ListItem\",\"position\":4,\"name\":\"Pece et\\u00e1\\u017eov\\u00e9\",\"item\":\"https:\/\/omega-bakery.com\/sk\/stroje-a-zarizeni\/pece\/pece-etazove\/\"},{\"@type\":\"ListItem\",\"position\":5,\"name\":\"Wachtel Infra elektrick\\u00e1 pec\"}]}]}<\/script>\n<!-- \/ Yoast SEO plugin. -->","yoast_head_json":{"title":"Wachtel Infra elektrick\u00e1 pec - Omega Bakery","robots":{"index":"index","follow":"follow","max-snippet":"max-snippet:-1","max-image-preview":"max-image-preview:large","max-video-preview":"max-video-preview:-1"},"canonical":"https:\/\/omega-bakery.com\/sk\/produkt\/wachtel-infra\/","og_locale":"sk_SK","og_type":"article","og_title":"Wachtel Infra elektrick\u00e1 pec - Omega Bakery","og_description":"Et\u00e1\u017eov\u00e1 pec s elektrick\u00fdm ohrevom. Ka\u017ed\u00e1 et\u00e1\u017e je samostatne ovl\u00e1dan\u00e1 panelom IQ Touch a m\u00e1 samostatne oddelen\u00fd spodn\u00e1 ohrev, horn\u00e1 ohrev a ohrev vyv\u00edja\u010de pary. Mo\u017enos\u0165 doplnenia automatick\u00fdm osadzovac\u00edm zariaden\u00edm.  &nbsp;   \u0160\u00edrka et\u00e1\u017ee:\u00a0 \u00a0600,\u00a0 1200 alebo 1800 mm H\u013abka et\u00e1\u017ee:\u00a0 \u00a0800 \u2013 2000 mm, prevedenie Comfort 2400 mm Rozmery pece: \u00a0 z\u00e1vis\u00ed od typu, vi\u010f. prilo\u017een\u00fd let\u00e1k Maxim\u00e1lny po\u010det et\u00e1\u017e\u00ed:\u00a0 5, u prevedenia Comfort 6     &nbsp;   Viac inform\u00e1ci\u00ed o tejto et\u00e1\u017eovej peci n\u00e1jdete v prilo\u017eenom let\u00e1ku TU    [...]Read More...","og_url":"https:\/\/omega-bakery.com\/sk\/produkt\/wachtel-infra\/","og_site_name":"Omega Bakery","article_modified_time":"2026-02-19T10:06:57+00:00","og_image":[{"width":533,"height":700,"url":"http:\/\/omega-bakery.com\/sk\/wp-content\/uploads\/2021\/04\/Wachtel-Infra.png","path":"\/data\/web\/virtuals\/278194\/virtual\/www\/domains\/omega-bakery.com\/sk\/wp-content\/uploads\/2021\/04\/Wachtel-Infra.png","size":"full","id":570,"alt":"","pixels":373100,"type":"image\/png"}],"twitter_card":"summary_large_image","schema":{"@context":"https:\/\/schema.org","@graph":[{"@type":"WebSite","@id":"https:\/\/omega-bakery.com\/sk\/#website","url":"https:\/\/omega-bakery.com\/sk\/","name":"Omega Bakery","description":"Dodavatel stroj\u016f a za\u0159\u00edzen\u00ed pro pek\u00e1rny","potentialAction":[{"@type":"SearchAction","target":{"@type":"EntryPoint","urlTemplate":"https:\/\/omega-bakery.com\/sk\/?s={search_term_string}"},"query-input":"required name=search_term_string"}],"inLanguage":"sk-SK"},{"@type":"ImageObject","@id":"https:\/\/omega-bakery.com\/sk\/produkt\/wachtel-infra\/#primaryimage","inLanguage":"sk-SK","url":"https:\/\/omega-bakery.com\/sk\/wp-content\/uploads\/2021\/04\/Wachtel-Infra.png","contentUrl":"https:\/\/omega-bakery.com\/sk\/wp-content\/uploads\/2021\/04\/Wachtel-Infra.png","width":533,"height":700},{"@type":"WebPage","@id":"https:\/\/omega-bakery.com\/sk\/produkt\/wachtel-infra\/#webpage","url":"https:\/\/omega-bakery.com\/sk\/produkt\/wachtel-infra\/","name":"Wachtel Infra elektrick\u00e1 pec - Omega Bakery","isPartOf":{"@id":"https:\/\/omega-bakery.com\/sk\/#website"},"primaryImageOfPage":{"@id":"https:\/\/omega-bakery.com\/sk\/produkt\/wachtel-infra\/#primaryimage"},"datePublished":"2021-04-23T14:20:44+00:00","dateModified":"2026-02-19T10:06:57+00:00","breadcrumb":{"@id":"https:\/\/omega-bakery.com\/sk\/produkt\/wachtel-infra\/#breadcrumb"},"inLanguage":"sk-SK","potentialAction":[{"@type":"ReadAction","target":["https:\/\/omega-bakery.com\/sk\/produkt\/wachtel-infra\/"]}]},{"@type":"BreadcrumbList","@id":"https:\/\/omega-bakery.com\/sk\/produkt\/wachtel-infra\/#breadcrumb","itemListElement":[{"@type":"ListItem","position":1,"name":"Dom\u016f","item":"https:\/\/omega-bakery.com\/sk\/"},{"@type":"ListItem","position":2,"name":"Stroje a zariadenia","item":"https:\/\/omega-bakery.com\/sk\/stroje-a-zariadenia\/"},{"@type":"ListItem","position":3,"name":"Pece","item":"https:\/\/omega-bakery.com\/sk\/stroje-a-zarizeni\/pece\/"},{"@type":"ListItem","position":4,"name":"Pece et\u00e1\u017eov\u00e9","item":"https:\/\/omega-bakery.com\/sk\/stroje-a-zarizeni\/pece\/pece-etazove\/"},{"@type":"ListItem","position":5,"name":"Wachtel Infra elektrick\u00e1 pec"}]}]}},"_links":{"self":[{"href":"https:\/\/omega-bakery.com\/sk\/wp-json\/wp\/v2\/product\/324"}],"collection":[{"href":"https:\/\/omega-bakery.com\/sk\/wp-json\/wp\/v2\/product"}],"about":[{"href":"https:\/\/omega-bakery.com\/sk\/wp-json\/wp\/v2\/types\/product"}],"wp:featuredmedia":[{"embeddable":true,"href":"https:\/\/omega-bakery.com\/sk\/wp-json\/wp\/v2\/media\/570"}],"wp:attachment":[{"href":"https:\/\/omega-bakery.com\/sk\/wp-json\/wp\/v2\/media?parent=324"}],"curies":[{"name":"wp","href":"https:\/\/api.w.org\/{rel}","templated":true}]}}