{"id":326,"date":"2021-04-23T16:21:26","date_gmt":"2021-04-23T14:21:26","guid":{"rendered":"http:\/\/omega-bakery.com\/sk\/?post_type=product&#038;p=326"},"modified":"2024-10-31T13:42:58","modified_gmt":"2024-10-31T11:42:58","slug":"sveba-tp-priebezna-pec-na-pizzu","status":"publish","type":"product","link":"https:\/\/omega-bakery.com\/sk\/produkt\/sveba-tp-priebezna-pec-na-pizzu\/","title":{"rendered":"Sveba TP &#8211; priebe\u017en\u00e1 pec na pizzu"},"content":{"rendered":"","protected":false},"excerpt":{"rendered":"<p>Priebe\u017en\u00e9 prevedenie pece s dr\u00f4ten\u00fdm dopravn\u00edkom. Sk\u013abenie modern\u00fdch technol\u00f3gi\u00ed, vysok\u00e9ho pe\u010dn\u00e9ho v\u00fdkonu a n\u00edzkej spotreby. Maxim\u00e1lna teplota a\u017e 400\u00b0C, v\u010faka ktorej je pizza upe\u010den\u00e1 r\u00fdchlo s chrumkavou k\u00f4rkou a bez vysu\u0161enia.<\/p>\n<ul>\n<li>intuit\u00edvne dotykov\u00e9 ovl\u00e1danie s mo\u017enos\u0165ou nastavenia 5 programov, \u00fasporn\u00e9ho re\u017eimu a programovania \u010dasu \u0161tartu po cel\u00fd t\u00fd\u017ede\u0148<\/li>\n<li>3 \u0161\u00edrky p\u00e1su a mo\u017enos\u0165 nasklada\u0165 a\u017e 3 poschodia<\/li>\n<\/ul>\n<div>\n<div>\n<div><strong>\u00a0\u00a0<\/strong><\/div>\n<div><strong>Rozmery (\u0161 x d x v)<\/strong><strong>:<\/strong>\u00a0 \u00a0z\u00e1visia od typu, vi\u010f. prilo\u017een\u00fd let\u00e1k<\/div>\n<div><strong>Po\u010det et\u00e1\u017e\u00ed: <\/strong>\u00a0 1\u00a0\u2013 3\u00a0m<\/div>\n<\/div>\n<\/div>\n<div>\n<p>&nbsp;<\/p>\n<div>Viac inform\u00e1ci\u00ed o tejto et\u00e1\u017eovej peci n\u00e1jdete v prilo\u017eenom let\u00e1ku <a href=\"http:\/\/omega-bakery.com\/sk\/wp-content\/uploads\/2021\/04\/Sveba-Dahlen-TP-prubezna-pizza-pec-0823.pdf\" target=\"_blank\" rel=\"noopener\">TU<\/a><\/div>\n<\/div>\n<p> [&#8230;]<\/p>\n<p><a class=\"btn btn-secondary understrap-read-more-link\" href=\"https:\/\/omega-bakery.com\/sk\/produkt\/sveba-tp-priebezna-pec-na-pizzu\/\">Read More&#8230;<\/a><\/p>\n","protected":false},"featured_media":711,"template":"","meta":[],"yoast_head":"<!-- This site is optimized with the Yoast SEO plugin v17.1 - https:\/\/yoast.com\/wordpress\/plugins\/seo\/ -->\n<title>Sveba TP - priebe\u017en\u00e1 pec na pizzu - Omega Bakery<\/title>\n<meta name=\"robots\" content=\"index, follow, max-snippet:-1, max-image-preview:large, max-video-preview:-1\" \/>\n<link rel=\"canonical\" href=\"https:\/\/omega-bakery.com\/sk\/produkt\/sveba-tp-priebezna-pec-na-pizzu\/\" \/>\n<meta property=\"og:locale\" content=\"sk_SK\" \/>\n<meta property=\"og:type\" content=\"article\" \/>\n<meta property=\"og:title\" content=\"Sveba TP - priebe\u017en\u00e1 pec na pizzu - Omega Bakery\" \/>\n<meta property=\"og:description\" content=\"Priebe\u017en\u00e9 prevedenie pece s dr\u00f4ten\u00fdm dopravn\u00edkom. Sk\u013abenie modern\u00fdch technol\u00f3gi\u00ed, vysok\u00e9ho pe\u010dn\u00e9ho v\u00fdkonu a n\u00edzkej spotreby. Maxim\u00e1lna teplota a\u017e 400\u00b0C, v\u010faka ktorej je pizza upe\u010den\u00e1 r\u00fdchlo s chrumkavou k\u00f4rkou a bez vysu\u0161enia.   intuit\u00edvne dotykov\u00e9 ovl\u00e1danie s mo\u017enos\u0165ou nastavenia 5 programov, \u00fasporn\u00e9ho re\u017eimu a programovania \u010dasu \u0161tartu po cel\u00fd t\u00fd\u017ede\u0148  3 \u0161\u00edrky p\u00e1su a mo\u017enos\u0165 nasklada\u0165 a\u017e 3 poschodia    \u00a0\u00a0 Rozmery (\u0161 x d x v):\u00a0 \u00a0z\u00e1visia od typu, vi\u010f. prilo\u017een\u00fd let\u00e1k Po\u010det et\u00e1\u017e\u00ed: \u00a0 1\u00a0\u2013 3\u00a0m     &nbsp; Viac inform\u00e1ci\u00ed o tejto et\u00e1\u017eovej peci n\u00e1jdete v prilo\u017eenom let\u00e1ku TU  [...]Read More...\" \/>\n<meta property=\"og:url\" content=\"https:\/\/omega-bakery.com\/sk\/produkt\/sveba-tp-priebezna-pec-na-pizzu\/\" \/>\n<meta property=\"og:site_name\" content=\"Omega Bakery\" \/>\n<meta property=\"article:modified_time\" content=\"2024-10-31T11:42:58+00:00\" \/>\n<meta property=\"og:image\" content=\"http:\/\/omega-bakery.com\/sk\/wp-content\/uploads\/2021\/04\/Sveba-TP.png\" \/>\n\t<meta property=\"og:image:width\" content=\"533\" \/>\n\t<meta property=\"og:image:height\" content=\"700\" \/>\n<meta name=\"twitter:card\" content=\"summary_large_image\" \/>\n<script type=\"application\/ld+json\" class=\"yoast-schema-graph\">{\"@context\":\"https:\/\/schema.org\",\"@graph\":[{\"@type\":\"WebSite\",\"@id\":\"https:\/\/omega-bakery.com\/sk\/#website\",\"url\":\"https:\/\/omega-bakery.com\/sk\/\",\"name\":\"Omega Bakery\",\"description\":\"Dodavatel stroj\\u016f a za\\u0159\\u00edzen\\u00ed pro pek\\u00e1rny\",\"potentialAction\":[{\"@type\":\"SearchAction\",\"target\":{\"@type\":\"EntryPoint\",\"urlTemplate\":\"https:\/\/omega-bakery.com\/sk\/?s={search_term_string}\"},\"query-input\":\"required name=search_term_string\"}],\"inLanguage\":\"sk-SK\"},{\"@type\":\"ImageObject\",\"@id\":\"https:\/\/omega-bakery.com\/sk\/produkt\/sveba-tp-priebezna-pec-na-pizzu\/#primaryimage\",\"inLanguage\":\"sk-SK\",\"url\":\"https:\/\/omega-bakery.com\/sk\/wp-content\/uploads\/2021\/04\/Sveba-TP.png\",\"contentUrl\":\"https:\/\/omega-bakery.com\/sk\/wp-content\/uploads\/2021\/04\/Sveba-TP.png\",\"width\":533,\"height\":700},{\"@type\":\"WebPage\",\"@id\":\"https:\/\/omega-bakery.com\/sk\/produkt\/sveba-tp-priebezna-pec-na-pizzu\/#webpage\",\"url\":\"https:\/\/omega-bakery.com\/sk\/produkt\/sveba-tp-priebezna-pec-na-pizzu\/\",\"name\":\"Sveba TP - priebe\\u017en\\u00e1 pec na pizzu - Omega Bakery\",\"isPartOf\":{\"@id\":\"https:\/\/omega-bakery.com\/sk\/#website\"},\"primaryImageOfPage\":{\"@id\":\"https:\/\/omega-bakery.com\/sk\/produkt\/sveba-tp-priebezna-pec-na-pizzu\/#primaryimage\"},\"datePublished\":\"2021-04-23T14:21:26+00:00\",\"dateModified\":\"2024-10-31T11:42:58+00:00\",\"breadcrumb\":{\"@id\":\"https:\/\/omega-bakery.com\/sk\/produkt\/sveba-tp-priebezna-pec-na-pizzu\/#breadcrumb\"},\"inLanguage\":\"sk-SK\",\"potentialAction\":[{\"@type\":\"ReadAction\",\"target\":[\"https:\/\/omega-bakery.com\/sk\/produkt\/sveba-tp-priebezna-pec-na-pizzu\/\"]}]},{\"@type\":\"BreadcrumbList\",\"@id\":\"https:\/\/omega-bakery.com\/sk\/produkt\/sveba-tp-priebezna-pec-na-pizzu\/#breadcrumb\",\"itemListElement\":[{\"@type\":\"ListItem\",\"position\":1,\"name\":\"Dom\\u016f\",\"item\":\"https:\/\/omega-bakery.com\/sk\/\"},{\"@type\":\"ListItem\",\"position\":2,\"name\":\"Stroje a zariadenia\",\"item\":\"https:\/\/omega-bakery.com\/sk\/stroje-a-zariadenia\/\"},{\"@type\":\"ListItem\",\"position\":3,\"name\":\"Pece\",\"item\":\"https:\/\/omega-bakery.com\/sk\/stroje-a-zarizeni\/pece\/\"},{\"@type\":\"ListItem\",\"position\":4,\"name\":\"Pece et\\u00e1\\u017eov\\u00e9\",\"item\":\"https:\/\/omega-bakery.com\/sk\/stroje-a-zarizeni\/pece\/pece-etazove\/\"},{\"@type\":\"ListItem\",\"position\":5,\"name\":\"Sveba TP &#8211; priebe\\u017en\\u00e1 pec na pizzu\"}]}]}<\/script>\n<!-- \/ Yoast SEO plugin. -->","yoast_head_json":{"title":"Sveba TP - priebe\u017en\u00e1 pec na pizzu - Omega Bakery","robots":{"index":"index","follow":"follow","max-snippet":"max-snippet:-1","max-image-preview":"max-image-preview:large","max-video-preview":"max-video-preview:-1"},"canonical":"https:\/\/omega-bakery.com\/sk\/produkt\/sveba-tp-priebezna-pec-na-pizzu\/","og_locale":"sk_SK","og_type":"article","og_title":"Sveba TP - priebe\u017en\u00e1 pec na pizzu - Omega Bakery","og_description":"Priebe\u017en\u00e9 prevedenie pece s dr\u00f4ten\u00fdm dopravn\u00edkom. Sk\u013abenie modern\u00fdch technol\u00f3gi\u00ed, vysok\u00e9ho pe\u010dn\u00e9ho v\u00fdkonu a n\u00edzkej spotreby. Maxim\u00e1lna teplota a\u017e 400\u00b0C, v\u010faka ktorej je pizza upe\u010den\u00e1 r\u00fdchlo s chrumkavou k\u00f4rkou a bez vysu\u0161enia.   intuit\u00edvne dotykov\u00e9 ovl\u00e1danie s mo\u017enos\u0165ou nastavenia 5 programov, \u00fasporn\u00e9ho re\u017eimu a programovania \u010dasu \u0161tartu po cel\u00fd t\u00fd\u017ede\u0148  3 \u0161\u00edrky p\u00e1su a mo\u017enos\u0165 nasklada\u0165 a\u017e 3 poschodia    \u00a0\u00a0 Rozmery (\u0161 x d x v):\u00a0 \u00a0z\u00e1visia od typu, vi\u010f. prilo\u017een\u00fd let\u00e1k Po\u010det et\u00e1\u017e\u00ed: \u00a0 1\u00a0\u2013 3\u00a0m     &nbsp; Viac inform\u00e1ci\u00ed o tejto et\u00e1\u017eovej peci n\u00e1jdete v prilo\u017eenom let\u00e1ku TU  [...]Read More...","og_url":"https:\/\/omega-bakery.com\/sk\/produkt\/sveba-tp-priebezna-pec-na-pizzu\/","og_site_name":"Omega Bakery","article_modified_time":"2024-10-31T11:42:58+00:00","og_image":[{"width":533,"height":700,"url":"http:\/\/omega-bakery.com\/sk\/wp-content\/uploads\/2021\/04\/Sveba-TP.png","path":"\/data\/web\/virtuals\/278194\/virtual\/www\/domains\/omega-bakery.com\/sk\/wp-content\/uploads\/2021\/04\/Sveba-TP.png","size":"full","id":711,"alt":"","pixels":373100,"type":"image\/png"}],"twitter_card":"summary_large_image","schema":{"@context":"https:\/\/schema.org","@graph":[{"@type":"WebSite","@id":"https:\/\/omega-bakery.com\/sk\/#website","url":"https:\/\/omega-bakery.com\/sk\/","name":"Omega Bakery","description":"Dodavatel stroj\u016f a za\u0159\u00edzen\u00ed pro pek\u00e1rny","potentialAction":[{"@type":"SearchAction","target":{"@type":"EntryPoint","urlTemplate":"https:\/\/omega-bakery.com\/sk\/?s={search_term_string}"},"query-input":"required name=search_term_string"}],"inLanguage":"sk-SK"},{"@type":"ImageObject","@id":"https:\/\/omega-bakery.com\/sk\/produkt\/sveba-tp-priebezna-pec-na-pizzu\/#primaryimage","inLanguage":"sk-SK","url":"https:\/\/omega-bakery.com\/sk\/wp-content\/uploads\/2021\/04\/Sveba-TP.png","contentUrl":"https:\/\/omega-bakery.com\/sk\/wp-content\/uploads\/2021\/04\/Sveba-TP.png","width":533,"height":700},{"@type":"WebPage","@id":"https:\/\/omega-bakery.com\/sk\/produkt\/sveba-tp-priebezna-pec-na-pizzu\/#webpage","url":"https:\/\/omega-bakery.com\/sk\/produkt\/sveba-tp-priebezna-pec-na-pizzu\/","name":"Sveba TP - priebe\u017en\u00e1 pec na pizzu - Omega Bakery","isPartOf":{"@id":"https:\/\/omega-bakery.com\/sk\/#website"},"primaryImageOfPage":{"@id":"https:\/\/omega-bakery.com\/sk\/produkt\/sveba-tp-priebezna-pec-na-pizzu\/#primaryimage"},"datePublished":"2021-04-23T14:21:26+00:00","dateModified":"2024-10-31T11:42:58+00:00","breadcrumb":{"@id":"https:\/\/omega-bakery.com\/sk\/produkt\/sveba-tp-priebezna-pec-na-pizzu\/#breadcrumb"},"inLanguage":"sk-SK","potentialAction":[{"@type":"ReadAction","target":["https:\/\/omega-bakery.com\/sk\/produkt\/sveba-tp-priebezna-pec-na-pizzu\/"]}]},{"@type":"BreadcrumbList","@id":"https:\/\/omega-bakery.com\/sk\/produkt\/sveba-tp-priebezna-pec-na-pizzu\/#breadcrumb","itemListElement":[{"@type":"ListItem","position":1,"name":"Dom\u016f","item":"https:\/\/omega-bakery.com\/sk\/"},{"@type":"ListItem","position":2,"name":"Stroje a zariadenia","item":"https:\/\/omega-bakery.com\/sk\/stroje-a-zariadenia\/"},{"@type":"ListItem","position":3,"name":"Pece","item":"https:\/\/omega-bakery.com\/sk\/stroje-a-zarizeni\/pece\/"},{"@type":"ListItem","position":4,"name":"Pece et\u00e1\u017eov\u00e9","item":"https:\/\/omega-bakery.com\/sk\/stroje-a-zarizeni\/pece\/pece-etazove\/"},{"@type":"ListItem","position":5,"name":"Sveba TP &#8211; priebe\u017en\u00e1 pec na pizzu"}]}]}},"_links":{"self":[{"href":"https:\/\/omega-bakery.com\/sk\/wp-json\/wp\/v2\/product\/326"}],"collection":[{"href":"https:\/\/omega-bakery.com\/sk\/wp-json\/wp\/v2\/product"}],"about":[{"href":"https:\/\/omega-bakery.com\/sk\/wp-json\/wp\/v2\/types\/product"}],"wp:featuredmedia":[{"embeddable":true,"href":"https:\/\/omega-bakery.com\/sk\/wp-json\/wp\/v2\/media\/711"}],"wp:attachment":[{"href":"https:\/\/omega-bakery.com\/sk\/wp-json\/wp\/v2\/media?parent=326"}],"curies":[{"name":"wp","href":"https:\/\/api.w.org\/{rel}","templated":true}]}}