{"id":327,"date":"2021-04-23T16:21:42","date_gmt":"2021-04-23T14:21:42","guid":{"rendered":"http:\/\/omega-bakery.com\/sk\/?post_type=product&#038;p=327"},"modified":"2024-03-28T13:00:39","modified_gmt":"2024-03-28T11:00:39","slug":"baktec-b1-ceres-ii-a-b2-resp-b3-univers","status":"publish","type":"product","link":"https:\/\/omega-bakery.com\/sk\/produkt\/baktec-b1-ceres-ii-a-b2-resp-b3-univers\/","title":{"rendered":"Baktec B1 Ceres II a B2 reps B3 Univers"},"content":{"rendered":"","protected":false},"excerpt":{"rendered":"<p>R\u00fdchle a presn\u00e9 zmie\u0161avanie a d\u00e1vkovanie vody v nastaven\u00fdch hodnot\u00e1ch s kapacitou 15 &#8211; 35 L \/ min.<\/p>\n<p>Jednoduch\u00e1 mont\u00e1\u017e a obsluha.<\/p>\n<div><strong>D\u00e1vkovanie: \u00a0 <\/strong>0,1 \u2013 999,9 l<\/div>\n<div><strong>Teplotn\u00fd rozsah zmie\u0161avania:<\/strong>\u00a0 \u00a02 &#8211; 80\u00b0 C<\/div>\n<div><strong>Rozmery (\u0161 x d x v)<\/strong><strong>:<\/strong>\u00a0 \u00a0vi\u010f let\u00e1k<\/div>\n<p>&nbsp;<\/p>\n<div>\n<p>Viac inform\u00e1ci\u00ed o zmie\u0161ava\u010di n\u00e1jdete v prilo\u017eenom let\u00e1ku <a href=\"http:\/\/omega-bakery.com\/sk\/wp-content\/uploads\/2024\/03\/Baktec-Ceres-II-a-Univers-smesovac-a-davkovac-vody-0823-a.pdf\" target=\"_blank\" rel=\"noopener\">TU<\/a><\/p>\n<\/div>\n<p> [&#8230;]<\/p>\n<p><a class=\"btn btn-secondary understrap-read-more-link\" href=\"https:\/\/omega-bakery.com\/sk\/produkt\/baktec-b1-ceres-ii-a-b2-resp-b3-univers\/\">Read More&#8230;<\/a><\/p>\n","protected":false},"featured_media":709,"template":"","meta":[],"yoast_head":"<!-- This site is optimized with the Yoast SEO plugin v17.1 - https:\/\/yoast.com\/wordpress\/plugins\/seo\/ -->\n<title>Baktec B1 Ceres II a B2 reps B3 Univers - Omega Bakery<\/title>\n<meta name=\"robots\" content=\"index, follow, max-snippet:-1, max-image-preview:large, max-video-preview:-1\" \/>\n<link rel=\"canonical\" href=\"https:\/\/omega-bakery.com\/sk\/produkt\/baktec-b1-ceres-ii-a-b2-resp-b3-univers\/\" \/>\n<meta property=\"og:locale\" content=\"sk_SK\" \/>\n<meta property=\"og:type\" content=\"article\" \/>\n<meta property=\"og:title\" content=\"Baktec B1 Ceres II a B2 reps B3 Univers - Omega Bakery\" \/>\n<meta property=\"og:description\" content=\"R\u00fdchle a presn\u00e9 zmie\u0161avanie a d\u00e1vkovanie vody v nastaven\u00fdch hodnot\u00e1ch s kapacitou 15 - 35 L \/ min.  Jednoduch\u00e1 mont\u00e1\u017e a obsluha. D\u00e1vkovanie: \u00a0 0,1 \u2013 999,9 l Teplotn\u00fd rozsah zmie\u0161avania:\u00a0 \u00a02 - 80\u00b0 C Rozmery (\u0161 x d x v):\u00a0 \u00a0vi\u010f let\u00e1k &nbsp;   Viac inform\u00e1ci\u00ed o zmie\u0161ava\u010di n\u00e1jdete v prilo\u017eenom let\u00e1ku TU   [...]Read More...\" \/>\n<meta property=\"og:url\" content=\"https:\/\/omega-bakery.com\/sk\/produkt\/baktec-b1-ceres-ii-a-b2-resp-b3-univers\/\" \/>\n<meta property=\"og:site_name\" content=\"Omega Bakery\" \/>\n<meta property=\"article:modified_time\" content=\"2024-03-28T11:00:39+00:00\" \/>\n<meta property=\"og:image\" content=\"http:\/\/omega-bakery.com\/sk\/wp-content\/uploads\/2021\/04\/Baktec-B1-Ceres-II-a-B3-Univers.png\" \/>\n\t<meta property=\"og:image:width\" content=\"533\" \/>\n\t<meta property=\"og:image:height\" content=\"700\" \/>\n<meta name=\"twitter:card\" content=\"summary_large_image\" \/>\n<script type=\"application\/ld+json\" class=\"yoast-schema-graph\">{\"@context\":\"https:\/\/schema.org\",\"@graph\":[{\"@type\":\"WebSite\",\"@id\":\"https:\/\/omega-bakery.com\/sk\/#website\",\"url\":\"https:\/\/omega-bakery.com\/sk\/\",\"name\":\"Omega Bakery\",\"description\":\"Dodavatel stroj\\u016f a za\\u0159\\u00edzen\\u00ed pro pek\\u00e1rny\",\"potentialAction\":[{\"@type\":\"SearchAction\",\"target\":{\"@type\":\"EntryPoint\",\"urlTemplate\":\"https:\/\/omega-bakery.com\/sk\/?s={search_term_string}\"},\"query-input\":\"required name=search_term_string\"}],\"inLanguage\":\"sk-SK\"},{\"@type\":\"ImageObject\",\"@id\":\"https:\/\/omega-bakery.com\/sk\/produkt\/baktec-b1-ceres-ii-a-b2-resp-b3-univers\/#primaryimage\",\"inLanguage\":\"sk-SK\",\"url\":\"https:\/\/omega-bakery.com\/sk\/wp-content\/uploads\/2021\/04\/Baktec-B1-Ceres-II-a-B3-Univers.png\",\"contentUrl\":\"https:\/\/omega-bakery.com\/sk\/wp-content\/uploads\/2021\/04\/Baktec-B1-Ceres-II-a-B3-Univers.png\",\"width\":533,\"height\":700},{\"@type\":\"WebPage\",\"@id\":\"https:\/\/omega-bakery.com\/sk\/produkt\/baktec-b1-ceres-ii-a-b2-resp-b3-univers\/#webpage\",\"url\":\"https:\/\/omega-bakery.com\/sk\/produkt\/baktec-b1-ceres-ii-a-b2-resp-b3-univers\/\",\"name\":\"Baktec B1 Ceres II a B2 reps B3 Univers - Omega Bakery\",\"isPartOf\":{\"@id\":\"https:\/\/omega-bakery.com\/sk\/#website\"},\"primaryImageOfPage\":{\"@id\":\"https:\/\/omega-bakery.com\/sk\/produkt\/baktec-b1-ceres-ii-a-b2-resp-b3-univers\/#primaryimage\"},\"datePublished\":\"2021-04-23T14:21:42+00:00\",\"dateModified\":\"2024-03-28T11:00:39+00:00\",\"breadcrumb\":{\"@id\":\"https:\/\/omega-bakery.com\/sk\/produkt\/baktec-b1-ceres-ii-a-b2-resp-b3-univers\/#breadcrumb\"},\"inLanguage\":\"sk-SK\",\"potentialAction\":[{\"@type\":\"ReadAction\",\"target\":[\"https:\/\/omega-bakery.com\/sk\/produkt\/baktec-b1-ceres-ii-a-b2-resp-b3-univers\/\"]}]},{\"@type\":\"BreadcrumbList\",\"@id\":\"https:\/\/omega-bakery.com\/sk\/produkt\/baktec-b1-ceres-ii-a-b2-resp-b3-univers\/#breadcrumb\",\"itemListElement\":[{\"@type\":\"ListItem\",\"position\":1,\"name\":\"Dom\\u016f\",\"item\":\"https:\/\/omega-bakery.com\/sk\/\"},{\"@type\":\"ListItem\",\"position\":2,\"name\":\"Stroje a zariadenia\",\"item\":\"https:\/\/omega-bakery.com\/sk\/stroje-a-zariadenia\/\"},{\"@type\":\"ListItem\",\"position\":3,\"name\":\"Ostatn\\u00e9 stroje\",\"item\":\"https:\/\/omega-bakery.com\/sk\/stroje-a-zarizeni\/ostatne-stroje\/\"},{\"@type\":\"ListItem\",\"position\":4,\"name\":\"D\\u00e1vkovanie a chladenie vody\",\"item\":\"https:\/\/omega-bakery.com\/sk\/stroje-a-zarizeni\/ostatne-stroje\/davkovanie-a-chladenie-vody\/\"},{\"@type\":\"ListItem\",\"position\":5,\"name\":\"Zmie\\u0161ava\\u010de a d\\u00e1vkova\\u010de vody\",\"item\":\"https:\/\/omega-bakery.com\/sk\/stroje-a-zarizeni\/ostatne-stroje\/davkovanie-a-chladenie-vody\/zmiesavace-a-davkovace-vody\/\"},{\"@type\":\"ListItem\",\"position\":6,\"name\":\"Baktec B1 Ceres II a B2 reps B3 Univers\"}]}]}<\/script>\n<!-- \/ Yoast SEO plugin. -->","yoast_head_json":{"title":"Baktec B1 Ceres II a B2 reps B3 Univers - Omega Bakery","robots":{"index":"index","follow":"follow","max-snippet":"max-snippet:-1","max-image-preview":"max-image-preview:large","max-video-preview":"max-video-preview:-1"},"canonical":"https:\/\/omega-bakery.com\/sk\/produkt\/baktec-b1-ceres-ii-a-b2-resp-b3-univers\/","og_locale":"sk_SK","og_type":"article","og_title":"Baktec B1 Ceres II a B2 reps B3 Univers - Omega Bakery","og_description":"R\u00fdchle a presn\u00e9 zmie\u0161avanie a d\u00e1vkovanie vody v nastaven\u00fdch hodnot\u00e1ch s kapacitou 15 - 35 L \/ min.  Jednoduch\u00e1 mont\u00e1\u017e a obsluha. D\u00e1vkovanie: \u00a0 0,1 \u2013 999,9 l Teplotn\u00fd rozsah zmie\u0161avania:\u00a0 \u00a02 - 80\u00b0 C Rozmery (\u0161 x d x v):\u00a0 \u00a0vi\u010f let\u00e1k &nbsp;   Viac inform\u00e1ci\u00ed o zmie\u0161ava\u010di n\u00e1jdete v prilo\u017eenom let\u00e1ku TU   [...]Read More...","og_url":"https:\/\/omega-bakery.com\/sk\/produkt\/baktec-b1-ceres-ii-a-b2-resp-b3-univers\/","og_site_name":"Omega Bakery","article_modified_time":"2024-03-28T11:00:39+00:00","og_image":[{"width":533,"height":700,"url":"http:\/\/omega-bakery.com\/sk\/wp-content\/uploads\/2021\/04\/Baktec-B1-Ceres-II-a-B3-Univers.png","path":"\/data\/web\/virtuals\/278194\/virtual\/www\/domains\/omega-bakery.com\/sk\/wp-content\/uploads\/2021\/04\/Baktec-B1-Ceres-II-a-B3-Univers.png","size":"full","id":709,"alt":"","pixels":373100,"type":"image\/png"}],"twitter_card":"summary_large_image","schema":{"@context":"https:\/\/schema.org","@graph":[{"@type":"WebSite","@id":"https:\/\/omega-bakery.com\/sk\/#website","url":"https:\/\/omega-bakery.com\/sk\/","name":"Omega Bakery","description":"Dodavatel stroj\u016f a za\u0159\u00edzen\u00ed pro pek\u00e1rny","potentialAction":[{"@type":"SearchAction","target":{"@type":"EntryPoint","urlTemplate":"https:\/\/omega-bakery.com\/sk\/?s={search_term_string}"},"query-input":"required name=search_term_string"}],"inLanguage":"sk-SK"},{"@type":"ImageObject","@id":"https:\/\/omega-bakery.com\/sk\/produkt\/baktec-b1-ceres-ii-a-b2-resp-b3-univers\/#primaryimage","inLanguage":"sk-SK","url":"https:\/\/omega-bakery.com\/sk\/wp-content\/uploads\/2021\/04\/Baktec-B1-Ceres-II-a-B3-Univers.png","contentUrl":"https:\/\/omega-bakery.com\/sk\/wp-content\/uploads\/2021\/04\/Baktec-B1-Ceres-II-a-B3-Univers.png","width":533,"height":700},{"@type":"WebPage","@id":"https:\/\/omega-bakery.com\/sk\/produkt\/baktec-b1-ceres-ii-a-b2-resp-b3-univers\/#webpage","url":"https:\/\/omega-bakery.com\/sk\/produkt\/baktec-b1-ceres-ii-a-b2-resp-b3-univers\/","name":"Baktec B1 Ceres II a B2 reps B3 Univers - Omega Bakery","isPartOf":{"@id":"https:\/\/omega-bakery.com\/sk\/#website"},"primaryImageOfPage":{"@id":"https:\/\/omega-bakery.com\/sk\/produkt\/baktec-b1-ceres-ii-a-b2-resp-b3-univers\/#primaryimage"},"datePublished":"2021-04-23T14:21:42+00:00","dateModified":"2024-03-28T11:00:39+00:00","breadcrumb":{"@id":"https:\/\/omega-bakery.com\/sk\/produkt\/baktec-b1-ceres-ii-a-b2-resp-b3-univers\/#breadcrumb"},"inLanguage":"sk-SK","potentialAction":[{"@type":"ReadAction","target":["https:\/\/omega-bakery.com\/sk\/produkt\/baktec-b1-ceres-ii-a-b2-resp-b3-univers\/"]}]},{"@type":"BreadcrumbList","@id":"https:\/\/omega-bakery.com\/sk\/produkt\/baktec-b1-ceres-ii-a-b2-resp-b3-univers\/#breadcrumb","itemListElement":[{"@type":"ListItem","position":1,"name":"Dom\u016f","item":"https:\/\/omega-bakery.com\/sk\/"},{"@type":"ListItem","position":2,"name":"Stroje a zariadenia","item":"https:\/\/omega-bakery.com\/sk\/stroje-a-zariadenia\/"},{"@type":"ListItem","position":3,"name":"Ostatn\u00e9 stroje","item":"https:\/\/omega-bakery.com\/sk\/stroje-a-zarizeni\/ostatne-stroje\/"},{"@type":"ListItem","position":4,"name":"D\u00e1vkovanie a chladenie vody","item":"https:\/\/omega-bakery.com\/sk\/stroje-a-zarizeni\/ostatne-stroje\/davkovanie-a-chladenie-vody\/"},{"@type":"ListItem","position":5,"name":"Zmie\u0161ava\u010de a d\u00e1vkova\u010de vody","item":"https:\/\/omega-bakery.com\/sk\/stroje-a-zarizeni\/ostatne-stroje\/davkovanie-a-chladenie-vody\/zmiesavace-a-davkovace-vody\/"},{"@type":"ListItem","position":6,"name":"Baktec B1 Ceres II a B2 reps B3 Univers"}]}]}},"_links":{"self":[{"href":"https:\/\/omega-bakery.com\/sk\/wp-json\/wp\/v2\/product\/327"}],"collection":[{"href":"https:\/\/omega-bakery.com\/sk\/wp-json\/wp\/v2\/product"}],"about":[{"href":"https:\/\/omega-bakery.com\/sk\/wp-json\/wp\/v2\/types\/product"}],"wp:featuredmedia":[{"embeddable":true,"href":"https:\/\/omega-bakery.com\/sk\/wp-json\/wp\/v2\/media\/709"}],"wp:attachment":[{"href":"https:\/\/omega-bakery.com\/sk\/wp-json\/wp\/v2\/media?parent=327"}],"curies":[{"name":"wp","href":"https:\/\/api.w.org\/{rel}","templated":true}]}}