{"id":328,"date":"2021-04-23T16:22:33","date_gmt":"2021-04-23T14:22:33","guid":{"rendered":"http:\/\/omega-bakery.com\/sk\/?post_type=product&#038;p=328"},"modified":"2021-07-09T15:19:51","modified_gmt":"2021-07-09T13:19:51","slug":"baktec-bkl-200-ice","status":"publish","type":"product","link":"https:\/\/omega-bakery.com\/sk\/produkt\/baktec-bkl-200-ice\/","title":{"rendered":"Baktec BKL 200 ICE"},"content":{"rendered":"","protected":false},"excerpt":{"rendered":"<p>Chladi\u010d vody do men\u0161\u00edch a stredn\u00fdch prev\u00e1dzok s kapacitou 40 &#8211; 400 L \/ hod pod\u013ea typu a zapojenia.<\/p>\n<p><strong>Hlavn\u00e9 znaky:<\/strong><\/p>\n<ul>\n<li>produkuje ve\u013ek\u00e9 mno\u017estvo chladenej vody na malom priestore<\/li>\n<li>pri vypnut\u00ed funguje taktie\u017e ako z\u00e1sob\u00e1re\u0148 chladenej vody<\/li>\n<li>mo\u017enos\u0165 in\u0161tal\u00e1cie na stenu pre \u00fasporu pracovnej plochy<\/li>\n<li>pre vy\u0161\u0161iu produkciu je mo\u017en\u00e9 pripoji\u0165 viac jednotiek<\/li>\n<\/ul>\n<div>\n<div>\n<div><\/div>\n<div><strong>Technick\u00e1 \u0161pecifik\u00e1cia<\/strong><strong>:<\/strong> \u00a0\u00a0vi\u010f let\u00e1k<\/div>\n<\/div>\n<p>&nbsp;<\/p>\n<div>\n<p>Viac inform\u00e1ci\u00ed o tomto chladi\u010di vody n\u00e1jdete v prilo\u017eenom let\u00e1ku <a href=\"http:\/\/omega-bakery.com\/sk\/wp-content\/uploads\/2021\/05\/chladic\u030c-vody-Baktec-BKL-200-Ice-0321.pdf\" target=\"newtab\" rel=\"noopener\">TU<\/a><\/p>\n<\/div>\n<\/div>\n<p> [&#8230;]<\/p>\n<p><a class=\"btn btn-secondary understrap-read-more-link\" href=\"https:\/\/omega-bakery.com\/sk\/produkt\/baktec-bkl-200-ice\/\">Read More&#8230;<\/a><\/p>\n","protected":false},"featured_media":707,"template":"","meta":[],"yoast_head":"<!-- This site is optimized with the Yoast SEO plugin v17.1 - https:\/\/yoast.com\/wordpress\/plugins\/seo\/ -->\n<title>Baktec BKL 200 ICE - Omega Bakery<\/title>\n<meta name=\"robots\" content=\"index, follow, max-snippet:-1, max-image-preview:large, max-video-preview:-1\" \/>\n<link rel=\"canonical\" href=\"https:\/\/omega-bakery.com\/sk\/produkt\/baktec-bkl-200-ice\/\" \/>\n<meta property=\"og:locale\" content=\"sk_SK\" \/>\n<meta property=\"og:type\" content=\"article\" \/>\n<meta property=\"og:title\" content=\"Baktec BKL 200 ICE - Omega Bakery\" \/>\n<meta property=\"og:description\" content=\"Chladi\u010d vody do men\u0161\u00edch a stredn\u00fdch prev\u00e1dzok s kapacitou 40 - 400 L \/ hod pod\u013ea typu a zapojenia.  Hlavn\u00e9 znaky:   produkuje ve\u013ek\u00e9 mno\u017estvo chladenej vody na malom priestore  pri vypnut\u00ed funguje taktie\u017e ako z\u00e1sob\u00e1re\u0148 chladenej vody  mo\u017enos\u0165 in\u0161tal\u00e1cie na stenu pre \u00fasporu pracovnej plochy  pre vy\u0161\u0161iu produkciu je mo\u017en\u00e9 pripoji\u0165 viac jednotiek     Technick\u00e1 \u0161pecifik\u00e1cia: \u00a0\u00a0vi\u010f let\u00e1k  &nbsp;   Viac inform\u00e1ci\u00ed o tomto chladi\u010di vody n\u00e1jdete v prilo\u017eenom let\u00e1ku TU    [...]Read More...\" \/>\n<meta property=\"og:url\" content=\"https:\/\/omega-bakery.com\/sk\/produkt\/baktec-bkl-200-ice\/\" \/>\n<meta property=\"og:site_name\" content=\"Omega Bakery\" \/>\n<meta property=\"article:modified_time\" content=\"2021-07-09T13:19:51+00:00\" \/>\n<meta property=\"og:image\" content=\"http:\/\/omega-bakery.com\/sk\/wp-content\/uploads\/2021\/04\/Baktec-BKL-200-ICE.png\" \/>\n\t<meta property=\"og:image:width\" content=\"533\" \/>\n\t<meta property=\"og:image:height\" content=\"700\" \/>\n<meta name=\"twitter:card\" content=\"summary_large_image\" \/>\n<script type=\"application\/ld+json\" class=\"yoast-schema-graph\">{\"@context\":\"https:\/\/schema.org\",\"@graph\":[{\"@type\":\"WebSite\",\"@id\":\"https:\/\/omega-bakery.com\/sk\/#website\",\"url\":\"https:\/\/omega-bakery.com\/sk\/\",\"name\":\"Omega Bakery\",\"description\":\"Dodavatel stroj\\u016f a za\\u0159\\u00edzen\\u00ed pro pek\\u00e1rny\",\"potentialAction\":[{\"@type\":\"SearchAction\",\"target\":{\"@type\":\"EntryPoint\",\"urlTemplate\":\"https:\/\/omega-bakery.com\/sk\/?s={search_term_string}\"},\"query-input\":\"required name=search_term_string\"}],\"inLanguage\":\"sk-SK\"},{\"@type\":\"ImageObject\",\"@id\":\"https:\/\/omega-bakery.com\/sk\/produkt\/baktec-bkl-200-ice\/#primaryimage\",\"inLanguage\":\"sk-SK\",\"url\":\"https:\/\/omega-bakery.com\/sk\/wp-content\/uploads\/2021\/04\/Baktec-BKL-200-ICE.png\",\"contentUrl\":\"https:\/\/omega-bakery.com\/sk\/wp-content\/uploads\/2021\/04\/Baktec-BKL-200-ICE.png\",\"width\":533,\"height\":700},{\"@type\":\"WebPage\",\"@id\":\"https:\/\/omega-bakery.com\/sk\/produkt\/baktec-bkl-200-ice\/#webpage\",\"url\":\"https:\/\/omega-bakery.com\/sk\/produkt\/baktec-bkl-200-ice\/\",\"name\":\"Baktec BKL 200 ICE - Omega Bakery\",\"isPartOf\":{\"@id\":\"https:\/\/omega-bakery.com\/sk\/#website\"},\"primaryImageOfPage\":{\"@id\":\"https:\/\/omega-bakery.com\/sk\/produkt\/baktec-bkl-200-ice\/#primaryimage\"},\"datePublished\":\"2021-04-23T14:22:33+00:00\",\"dateModified\":\"2021-07-09T13:19:51+00:00\",\"breadcrumb\":{\"@id\":\"https:\/\/omega-bakery.com\/sk\/produkt\/baktec-bkl-200-ice\/#breadcrumb\"},\"inLanguage\":\"sk-SK\",\"potentialAction\":[{\"@type\":\"ReadAction\",\"target\":[\"https:\/\/omega-bakery.com\/sk\/produkt\/baktec-bkl-200-ice\/\"]}]},{\"@type\":\"BreadcrumbList\",\"@id\":\"https:\/\/omega-bakery.com\/sk\/produkt\/baktec-bkl-200-ice\/#breadcrumb\",\"itemListElement\":[{\"@type\":\"ListItem\",\"position\":1,\"name\":\"Dom\\u016f\",\"item\":\"https:\/\/omega-bakery.com\/sk\/\"},{\"@type\":\"ListItem\",\"position\":2,\"name\":\"Stroje a zariadenia\",\"item\":\"https:\/\/omega-bakery.com\/sk\/stroje-a-zariadenia\/\"},{\"@type\":\"ListItem\",\"position\":3,\"name\":\"Ostatn\\u00e9 stroje\",\"item\":\"https:\/\/omega-bakery.com\/sk\/stroje-a-zarizeni\/ostatne-stroje\/\"},{\"@type\":\"ListItem\",\"position\":4,\"name\":\"D\\u00e1vkovanie a chladenie vody\",\"item\":\"https:\/\/omega-bakery.com\/sk\/stroje-a-zarizeni\/ostatne-stroje\/davkovanie-a-chladenie-vody\/\"},{\"@type\":\"ListItem\",\"position\":5,\"name\":\"Chladi\\u010de vody\",\"item\":\"https:\/\/omega-bakery.com\/sk\/stroje-a-zarizeni\/ostatne-stroje\/davkovanie-a-chladenie-vody\/chladice-vody\/\"},{\"@type\":\"ListItem\",\"position\":6,\"name\":\"Baktec BKL 200 ICE\"}]}]}<\/script>\n<!-- \/ Yoast SEO plugin. -->","yoast_head_json":{"title":"Baktec BKL 200 ICE - Omega Bakery","robots":{"index":"index","follow":"follow","max-snippet":"max-snippet:-1","max-image-preview":"max-image-preview:large","max-video-preview":"max-video-preview:-1"},"canonical":"https:\/\/omega-bakery.com\/sk\/produkt\/baktec-bkl-200-ice\/","og_locale":"sk_SK","og_type":"article","og_title":"Baktec BKL 200 ICE - Omega Bakery","og_description":"Chladi\u010d vody do men\u0161\u00edch a stredn\u00fdch prev\u00e1dzok s kapacitou 40 - 400 L \/ hod pod\u013ea typu a zapojenia.  Hlavn\u00e9 znaky:   produkuje ve\u013ek\u00e9 mno\u017estvo chladenej vody na malom priestore  pri vypnut\u00ed funguje taktie\u017e ako z\u00e1sob\u00e1re\u0148 chladenej vody  mo\u017enos\u0165 in\u0161tal\u00e1cie na stenu pre \u00fasporu pracovnej plochy  pre vy\u0161\u0161iu produkciu je mo\u017en\u00e9 pripoji\u0165 viac jednotiek     Technick\u00e1 \u0161pecifik\u00e1cia: \u00a0\u00a0vi\u010f let\u00e1k  &nbsp;   Viac inform\u00e1ci\u00ed o tomto chladi\u010di vody n\u00e1jdete v prilo\u017eenom let\u00e1ku TU    [...]Read More...","og_url":"https:\/\/omega-bakery.com\/sk\/produkt\/baktec-bkl-200-ice\/","og_site_name":"Omega Bakery","article_modified_time":"2021-07-09T13:19:51+00:00","og_image":[{"width":533,"height":700,"url":"http:\/\/omega-bakery.com\/sk\/wp-content\/uploads\/2021\/04\/Baktec-BKL-200-ICE.png","path":"\/data\/web\/virtuals\/278194\/virtual\/www\/domains\/omega-bakery.com\/sk\/wp-content\/uploads\/2021\/04\/Baktec-BKL-200-ICE.png","size":"full","id":707,"alt":"","pixels":373100,"type":"image\/png"}],"twitter_card":"summary_large_image","schema":{"@context":"https:\/\/schema.org","@graph":[{"@type":"WebSite","@id":"https:\/\/omega-bakery.com\/sk\/#website","url":"https:\/\/omega-bakery.com\/sk\/","name":"Omega Bakery","description":"Dodavatel stroj\u016f a za\u0159\u00edzen\u00ed pro pek\u00e1rny","potentialAction":[{"@type":"SearchAction","target":{"@type":"EntryPoint","urlTemplate":"https:\/\/omega-bakery.com\/sk\/?s={search_term_string}"},"query-input":"required name=search_term_string"}],"inLanguage":"sk-SK"},{"@type":"ImageObject","@id":"https:\/\/omega-bakery.com\/sk\/produkt\/baktec-bkl-200-ice\/#primaryimage","inLanguage":"sk-SK","url":"https:\/\/omega-bakery.com\/sk\/wp-content\/uploads\/2021\/04\/Baktec-BKL-200-ICE.png","contentUrl":"https:\/\/omega-bakery.com\/sk\/wp-content\/uploads\/2021\/04\/Baktec-BKL-200-ICE.png","width":533,"height":700},{"@type":"WebPage","@id":"https:\/\/omega-bakery.com\/sk\/produkt\/baktec-bkl-200-ice\/#webpage","url":"https:\/\/omega-bakery.com\/sk\/produkt\/baktec-bkl-200-ice\/","name":"Baktec BKL 200 ICE - Omega Bakery","isPartOf":{"@id":"https:\/\/omega-bakery.com\/sk\/#website"},"primaryImageOfPage":{"@id":"https:\/\/omega-bakery.com\/sk\/produkt\/baktec-bkl-200-ice\/#primaryimage"},"datePublished":"2021-04-23T14:22:33+00:00","dateModified":"2021-07-09T13:19:51+00:00","breadcrumb":{"@id":"https:\/\/omega-bakery.com\/sk\/produkt\/baktec-bkl-200-ice\/#breadcrumb"},"inLanguage":"sk-SK","potentialAction":[{"@type":"ReadAction","target":["https:\/\/omega-bakery.com\/sk\/produkt\/baktec-bkl-200-ice\/"]}]},{"@type":"BreadcrumbList","@id":"https:\/\/omega-bakery.com\/sk\/produkt\/baktec-bkl-200-ice\/#breadcrumb","itemListElement":[{"@type":"ListItem","position":1,"name":"Dom\u016f","item":"https:\/\/omega-bakery.com\/sk\/"},{"@type":"ListItem","position":2,"name":"Stroje a zariadenia","item":"https:\/\/omega-bakery.com\/sk\/stroje-a-zariadenia\/"},{"@type":"ListItem","position":3,"name":"Ostatn\u00e9 stroje","item":"https:\/\/omega-bakery.com\/sk\/stroje-a-zarizeni\/ostatne-stroje\/"},{"@type":"ListItem","position":4,"name":"D\u00e1vkovanie a chladenie vody","item":"https:\/\/omega-bakery.com\/sk\/stroje-a-zarizeni\/ostatne-stroje\/davkovanie-a-chladenie-vody\/"},{"@type":"ListItem","position":5,"name":"Chladi\u010de vody","item":"https:\/\/omega-bakery.com\/sk\/stroje-a-zarizeni\/ostatne-stroje\/davkovanie-a-chladenie-vody\/chladice-vody\/"},{"@type":"ListItem","position":6,"name":"Baktec BKL 200 ICE"}]}]}},"_links":{"self":[{"href":"https:\/\/omega-bakery.com\/sk\/wp-json\/wp\/v2\/product\/328"}],"collection":[{"href":"https:\/\/omega-bakery.com\/sk\/wp-json\/wp\/v2\/product"}],"about":[{"href":"https:\/\/omega-bakery.com\/sk\/wp-json\/wp\/v2\/types\/product"}],"wp:featuredmedia":[{"embeddable":true,"href":"https:\/\/omega-bakery.com\/sk\/wp-json\/wp\/v2\/media\/707"}],"wp:attachment":[{"href":"https:\/\/omega-bakery.com\/sk\/wp-json\/wp\/v2\/media?parent=328"}],"curies":[{"name":"wp","href":"https:\/\/api.w.org\/{rel}","templated":true}]}}